{"id":2000,"date":"2025-09-26T09:45:28","date_gmt":"2025-09-26T09:45:28","guid":{"rendered":"https:\/\/www.shouyasanitary.com\/?post_type=product&#038;p=2000"},"modified":"2025-09-26T09:45:30","modified_gmt":"2025-09-26T09:45:30","slug":"wholesale-vanity-bathroom-cabinets","status":"publish","type":"product","link":"https:\/\/www.shouyasanitary.com\/de\/produkt\/wholesale-vanity-bathroom-cabinets\/","title":{"rendered":"Gro\u00dfhandel Eitelkeit Bad Schr\u00e4nke, wei\u00dfes Kabinett Bad mit Spiegel Sperrholz Lieferant"},"content":{"rendered":"<div class=\"wp-block-columns is-layout-flex wp-container-core-columns-is-layout-9d6595d7 wp-block-columns-is-layout-flex\">\n<div class=\"wp-block-column is-layout-flow wp-block-column-is-layout-flow\">\n<h2 class=\"wp-block-heading\">Gro\u00dfhandel Eitelkeit Badezimmer Schr\u00e4nke Eigenschaften\uff1a<\/h2>\n\n\n\n<p><strong>Starkes Design<\/strong>: Durch die Wandmontage entsteht ein transparenter Boden, der dem Bad ein Gef\u00fchl von Raum und Modernit\u00e4t verleiht.<\/p>\n\n\n\n<p><strong>Reiche Speicherkapazit\u00e4t: <\/strong>Der Innenraum des Schranks ist sinnvoll genutzt und bietet reichlich Stauraum f\u00fcr Artikel wie Toilettenartikel und Handt\u00fccher, die kategorisiert und gelagert werden k\u00f6nnen. <\/p>\n\n\n\n<p><strong>Hochwertige Materialeigenschaften: <\/strong>Das aus Sperrholz gefertigte Regal hat gute wasserdichte Eigenschaften und kann sich an die feuchte Umgebung im Badezimmer anpassen, so dass es nicht so leicht durch Feuchtigkeit besch\u00e4digt werden kann. Gleichzeitig ist Sperrholz relativ stabil und hat eine gute Tragf\u00e4higkeit, so dass es keinen Druck gibt, t\u00e4gliche Toilettenartikel und andere Gegenst\u00e4nde darauf abzustellen. <\/p>\n\n\n\n<p><strong>Leicht zu reinigen<\/strong>: Das integrierte Keramikwaschbecken und die glatte Oberfl\u00e4che sind leicht zu reinigen und zu pflegen, so dass der Schrank einfach sauber zu halten ist.<\/p>\n\n\n\n<p><strong>Funktionelle Merkmale: <\/strong>Der Schrank verf\u00fcgt \u00fcber hervorragende Staubschutzfunktionen. Sein geschlossenes Design verhindert effektiv das Eindringen von Staub und reduziert die H\u00e4ufigkeit der Reinigung. Au\u00dferdem wird der Innenraum des Schranks effizient genutzt und bietet reichlich Stauraum f\u00fcr verschiedene Toilettenartikel, Hautpflegeprodukte und mehr. Auf diese Weise ist sichergestellt, dass die Badartikel ordentlich und \u00fcbersichtlich angeordnet sind, so dass der t\u00e4gliche Bedarf an Aufbewahrung gedeckt ist und eine saubere und komfortable Badumgebung f\u00fcr die Benutzer geschaffen wird.<\/p>\n\n\n\n<p><strong>Anpassungsdienst<\/strong>: Wir bieten anpassbare Materialien, Farben, Gr\u00f6\u00dfen und Spiegelschrankkombinationen, um eine einzigartige Produktlinie zu schaffen, die auf Ihre Marktbed\u00fcrfnisse zugeschnitten ist.<\/p>\n<\/div>\n\n\n\n<div class=\"wp-block-column is-layout-flow wp-block-column-is-layout-flow\"><div class=\"wp-block-image\">\n<figure class=\"aligncenter size-full\"><img decoding=\"async\" width=\"700\" height=\"700\" src=\"https:\/\/www.shouyasanitary.com\/wp-content\/uploads\/2025\/09\/Custom-Solutions-Cabinet-with-White-Color.webp\" alt=\"Individuelle L\u00f6sungen Schrank mit wei\u00dfer Farbe\" class=\"wp-image-2004\" style=\"object-fit:cover\" srcset=\"https:\/\/www.shouyasanitary.com\/wp-content\/uploads\/2025\/09\/Custom-Solutions-Cabinet-with-White-Color.webp 700w, https:\/\/www.shouyasanitary.com\/wp-content\/uploads\/2025\/09\/Custom-Solutions-Cabinet-with-White-Color-300x300.webp 300w, https:\/\/www.shouyasanitary.com\/wp-content\/uploads\/2025\/09\/Custom-Solutions-Cabinet-with-White-Color-150x150.webp 150w, https:\/\/www.shouyasanitary.com\/wp-content\/uploads\/2025\/09\/Custom-Solutions-Cabinet-with-White-Color-12x12.webp 12w, https:\/\/www.shouyasanitary.com\/wp-content\/uploads\/2025\/09\/Custom-Solutions-Cabinet-with-White-Color-600x600.webp 600w, https:\/\/www.shouyasanitary.com\/wp-content\/uploads\/2025\/09\/Custom-Solutions-Cabinet-with-White-Color-100x100.webp 100w\" sizes=\"(max-width: 700px) 100vw, 700px\" \/><\/figure>\n<\/div><\/div>\n<\/div>","protected":false},"excerpt":{"rendered":"<p>Gro\u00dfhandels-Eitelkeit Bad Schr\u00e4nke, mit einer wandmontierten Struktur aus strapazierf\u00e4higem Sperrholz gefertigt, umfassen einen gro\u00dfen quadratischen Spiegel, eine integrierte Keramik-Waschbecken, und eine geometrische Textur Hauptschrank f\u00fcr reichlich Stauraum und einfache Reinigung. Wir bieten Gro\u00dfhandels- und kundenspezifische Optionen an. Kontaktieren Sie uns f\u00fcr eine individuelle L\u00f6sung!<\/p>\n<h2>Gro\u00dfhandel Eitelkeit Bad Schr\u00e4nke Attribute\uff1a<\/h2>\n<p><strong>Artikel Nr.<\/strong>: SYY250903<br \/><strong>Material des Geh\u00e4uses:<\/strong>\u00a0Sperrholz<br \/><strong>Farbe des Geh\u00e4uses: <\/strong>Wei\u00df<br \/><strong>Spiegel:<\/strong> LED-Spiegel (3,5 mm\/3,8 mm), dreifarbige Beleuchtung, One-Touch-Entfogging, gesichert mit mehrlagiger Schaumstoffverpackung<br \/><strong>Installationsart:<\/strong>\u00a0Wandbefestigung<br \/><strong>Abmessungen (L\u00d7B\u00d7H):<\/strong> 100x50x47 cm<br \/><strong>Bruttogewicht:<\/strong> 38 kg\/Satz<\/p>\n<h2>Anpassung &amp; Dienstleistungen:<\/h2>\n<p><strong>OEM &amp; ODM<\/strong>: Unterst\u00fctzt<br \/><strong>Gestaltung<\/strong>: Frei<br \/><strong>Zubeh\u00f6r<\/strong>: Waschbecken, Spiegel, Armaturen und anderes Badzubeh\u00f6r<br \/><strong>Verpacken<\/strong>: Einbaufertig<\/p>","protected":false},"featured_media":2004,"comment_status":"closed","ping_status":"closed","template":"","meta":{"_acf_changed":false},"product_brand":[],"product_cat":[20],"product_tag":[],"class_list":{"0":"post-2000","1":"product","2":"type-product","3":"status-publish","4":"has-post-thumbnail","6":"product_cat-wholesale-plywood-bathroom-vanity-cabinets","8":"first","9":"instock","10":"shipping-taxable","11":"product-type-simple"},"acf":[],"_links":{"self":[{"href":"https:\/\/www.shouyasanitary.com\/de\/wp-json\/wp\/v2\/product\/2000","targetHints":{"allow":["GET"]}}],"collection":[{"href":"https:\/\/www.shouyasanitary.com\/de\/wp-json\/wp\/v2\/product"}],"about":[{"href":"https:\/\/www.shouyasanitary.com\/de\/wp-json\/wp\/v2\/types\/product"}],"replies":[{"embeddable":true,"href":"https:\/\/www.shouyasanitary.com\/de\/wp-json\/wp\/v2\/comments?post=2000"}],"wp:featuredmedia":[{"embeddable":true,"href":"https:\/\/www.shouyasanitary.com\/de\/wp-json\/wp\/v2\/media\/2004"}],"wp:attachment":[{"href":"https:\/\/www.shouyasanitary.com\/de\/wp-json\/wp\/v2\/media?parent=2000"}],"wp:term":[{"taxonomy":"product_brand","embeddable":true,"href":"https:\/\/www.shouyasanitary.com\/de\/wp-json\/wp\/v2\/product_brand?post=2000"},{"taxonomy":"product_cat","embeddable":true,"href":"https:\/\/www.shouyasanitary.com\/de\/wp-json\/wp\/v2\/product_cat?post=2000"},{"taxonomy":"product_tag","embeddable":true,"href":"https:\/\/www.shouyasanitary.com\/de\/wp-json\/wp\/v2\/product_tag?post=2000"}],"curies":[{"name":"wp","href":"https:\/\/api.w.org\/{rel}","templated":true}]}}