{"id":2007,"date":"2025-09-26T09:45:26","date_gmt":"2025-09-26T09:45:26","guid":{"rendered":"https:\/\/www.shouyasanitary.com\/?post_type=product&#038;p=2007"},"modified":"2025-09-26T09:45:28","modified_gmt":"2025-09-26T09:45:28","slug":"wholesale-wall-mounted-cabinets-bathroom","status":"publish","type":"product","link":"https:\/\/www.shouyasanitary.com\/de\/produkt\/wholesale-wall-mounted-cabinets-bathroom\/","title":{"rendered":"Gro\u00dfhandel Wandschr\u00e4nke Badezimmer, Braun Aluminium Badezimmer Eitelkeit mit Keramik Waschbecken Custom"},"content":{"rendered":"<div class=\"wp-block-columns is-layout-flex wp-container-core-columns-is-layout-9d6595d7 wp-block-columns-is-layout-flex\">\n<div class=\"wp-block-column is-layout-flow wp-block-column-is-layout-flow\">\n<h2 class=\"wp-block-heading\">Wandh\u00e4ngeschr\u00e4nke Badezimmerausstattung\uff1a<\/h2>\n\n\n\n<p><strong>Modernes Aussehen: <\/strong>Das Design zeichnet sich durch einen wandmontierten, doppelschichtigen Hauptschrank aus, der h\u00e4ngend installiert ist, um tote Winkel bei der Reinigung zu minimieren und die Sauberkeit des Badezimmers zu verbessern. Der runde Glasspiegel mit seiner eleganten und \u00e4sthetischen Form sorgt f\u00fcr eine klare Reflexion. Das wei\u00dfe Waschbecken, schlicht und sauber, verleiht dem Bad einen Hauch von Frische und harmoniert mit dem Gesamtstil.<\/p>\n\n\n\n<p><strong>Langlebiges Material: <\/strong>Der Schrankkorpus besteht aus Aluminium, das korrosionsbest\u00e4ndig und feuchtigkeitsbest\u00e4ndig ist und sich daher besonders gut f\u00fcr die feuchte Umgebung im Badezimmer eignet und langlebig ist. Die Oberfl\u00e4chenbehandlung ist empfindlich, mit einem glatten Gef\u00fchl, und es kann leicht gereinigt werden, um den Schrankk\u00f6rper sauber zu halten<strong>.<\/strong><\/p>\n\n\n\n<p><strong>Reichlich Speicherkapazit\u00e4t: <\/strong>Die zweischichtige Struktur bietet reichlich Stauraum. In der unteren Schicht k\u00f6nnen Handt\u00fccher, Toilettenartikel und andere Gegenst\u00e4nde untergebracht werden, w\u00e4hrend die obere Schicht f\u00fcr die Aufbewahrung der t\u00e4glichen Pflegeartikel geeignet ist. Diese Anordnung sorgt f\u00fcr eine geordnete Aufbewahrung und einen leichten Zugang im Badezimmer, erf\u00fcllt den t\u00e4glichen Aufbewahrungsbedarf der Familie und h\u00e4lt das Badezimmer jederzeit sauber und ordentlich.<\/p>\n\n\n\n<p><strong>Shouya Fabrik direkt liefern<\/strong>: Wir bieten Badezimmerschr\u00e4nke im Gro\u00dfhandel in verschiedenen Gr\u00f6\u00dfen und Ausf\u00fchrungen an, um den Bedarf von Hotels, Wohnungen, Bauprojekten und Einzelh\u00e4ndlern an gro\u00dfen Mengen zu decken.<\/p>\n<\/div>\n\n\n\n<div class=\"wp-block-column is-layout-flow wp-block-column-is-layout-flow\"><div class=\"wp-block-image\">\n<figure class=\"aligncenter size-full\"><img decoding=\"async\" width=\"700\" height=\"700\" src=\"https:\/\/www.shouyasanitary.com\/wp-content\/uploads\/2025\/09\/Custom-Wall-Mount-Cabinet.webp\" alt=\"Kundenspezifischer Schrank f\u00fcr die Wandmontage\" class=\"wp-image-2009\" style=\"object-fit:cover\" srcset=\"https:\/\/www.shouyasanitary.com\/wp-content\/uploads\/2025\/09\/Custom-Wall-Mount-Cabinet.webp 700w, https:\/\/www.shouyasanitary.com\/wp-content\/uploads\/2025\/09\/Custom-Wall-Mount-Cabinet-300x300.webp 300w, https:\/\/www.shouyasanitary.com\/wp-content\/uploads\/2025\/09\/Custom-Wall-Mount-Cabinet-150x150.webp 150w, https:\/\/www.shouyasanitary.com\/wp-content\/uploads\/2025\/09\/Custom-Wall-Mount-Cabinet-12x12.webp 12w, https:\/\/www.shouyasanitary.com\/wp-content\/uploads\/2025\/09\/Custom-Wall-Mount-Cabinet-600x600.webp 600w, https:\/\/www.shouyasanitary.com\/wp-content\/uploads\/2025\/09\/Custom-Wall-Mount-Cabinet-100x100.webp 100w\" sizes=\"(max-width: 700px) 100vw, 700px\" \/><\/figure>\n<\/div><\/div>\n<\/div>","protected":false},"excerpt":{"rendered":"<p>Gro\u00dfhandel Wandschr\u00e4nke Bad mit einem zweischichtigen Design, aus strapazierf\u00e4higem Aluminium-Legierung, mit einem runden Spiegel und \u00fcber-Counter-Becken, f\u00fcr eine sch\u00f6ne und praktische Design. Erh\u00e4ltlich in verschiedenen Gr\u00f6\u00dfen f\u00fcr benutzerdefinierte und Gro\u00dfhandel, geeignet f\u00fcr Hotels, Wohnungen, und Bauprojekte. Kontaktieren Sie uns f\u00fcr ein Angebot!<\/p>\n<h2>\u00a0Wandh\u00e4ngeschr\u00e4nke Bad Attribute\uff1a<\/h2>\n<p><strong>Artikel Nr.: <\/strong>2506YZ-80A<strong><br \/>Material des Geh\u00e4uses:<\/strong> Aluminium<br \/><strong>Farbe des Geh\u00e4uses:<\/strong> Braun<br \/><strong>Spiegel:<\/strong> LED-Spiegel (3,5 mm\/3,8 mm), dreifarbige Beleuchtung, One-Touch-Entfogging, gesichert mit mehrlagiger Schaumstoffverpackung<br \/><strong>Installationsart:<\/strong>\u00a0Wandbefestigung<br \/><strong>Abmessungen (L\u00d7B\u00d7H):<\/strong> 80x47x40 cm<br \/><strong>Bruttogewicht:<\/strong> 30kg\/Satz<\/p>\n<h2>Anpassung &amp; Dienstleistungen:<\/h2>\n<p><strong>OEM &amp; ODM<\/strong>: Unterst\u00fctzt<br \/><strong>Gestaltung<\/strong>: Frei<br \/><strong>Zubeh\u00f6r<\/strong>: Waschbecken, Spiegel, Armaturen und anderes Badzubeh\u00f6r<br \/><strong>Verpacken<\/strong>: Einbaufertig<\/p>","protected":false},"featured_media":2009,"comment_status":"closed","ping_status":"closed","template":"","meta":{"_acf_changed":true},"product_brand":[],"product_cat":[23],"product_tag":[],"class_list":{"0":"post-2007","1":"product","2":"type-product","3":"status-publish","4":"has-post-thumbnail","6":"product_cat-wholesale-aluminum-bathroom-vanity-cabinets","8":"first","9":"instock","10":"shipping-taxable","11":"product-type-simple"},"acf":[],"_links":{"self":[{"href":"https:\/\/www.shouyasanitary.com\/de\/wp-json\/wp\/v2\/product\/2007","targetHints":{"allow":["GET"]}}],"collection":[{"href":"https:\/\/www.shouyasanitary.com\/de\/wp-json\/wp\/v2\/product"}],"about":[{"href":"https:\/\/www.shouyasanitary.com\/de\/wp-json\/wp\/v2\/types\/product"}],"replies":[{"embeddable":true,"href":"https:\/\/www.shouyasanitary.com\/de\/wp-json\/wp\/v2\/comments?post=2007"}],"wp:featuredmedia":[{"embeddable":true,"href":"https:\/\/www.shouyasanitary.com\/de\/wp-json\/wp\/v2\/media\/2009"}],"wp:attachment":[{"href":"https:\/\/www.shouyasanitary.com\/de\/wp-json\/wp\/v2\/media?parent=2007"}],"wp:term":[{"taxonomy":"product_brand","embeddable":true,"href":"https:\/\/www.shouyasanitary.com\/de\/wp-json\/wp\/v2\/product_brand?post=2007"},{"taxonomy":"product_cat","embeddable":true,"href":"https:\/\/www.shouyasanitary.com\/de\/wp-json\/wp\/v2\/product_cat?post=2007"},{"taxonomy":"product_tag","embeddable":true,"href":"https:\/\/www.shouyasanitary.com\/de\/wp-json\/wp\/v2\/product_tag?post=2007"}],"curies":[{"name":"wp","href":"https:\/\/api.w.org\/{rel}","templated":true}]}}