{"id":2008,"date":"2025-09-26T09:45:24","date_gmt":"2025-09-26T09:45:24","guid":{"rendered":"https:\/\/www.shouyasanitary.com\/?post_type=product&#038;p=2008"},"modified":"2025-09-26T09:45:26","modified_gmt":"2025-09-26T09:45:26","slug":"wholesale-small-bathroom-vanities","status":"publish","type":"product","link":"https:\/\/www.shouyasanitary.com\/de\/produkt\/wholesale-small-bathroom-vanities\/","title":{"rendered":"Gro\u00dfhandel kleine Badezimmer Eitelkeiten, Wand montiert braun Badezimmer Spiegel Schrank Set Bulk"},"content":{"rendered":"<div class=\"wp-block-columns is-layout-flex wp-container-core-columns-is-layout-9d6595d7 wp-block-columns-is-layout-flex\">\n<div class=\"wp-block-column is-layout-flow wp-block-column-is-layout-flow\">\n<h2 class=\"wp-block-heading\">Kleine Badezimmer-Eitelkeiten Merkmale\uff1a<\/h2>\n\n\n\n<p><strong>Wandmontierte Ausf\u00fchrung<\/strong>: Der Hauptschrank scheint an der Wand zu h\u00e4ngen, was den Raum im Bad offener und transparenter erscheinen l\u00e4sst.<\/p>\n\n\n\n<p><strong>Praktischer Spiegel: <\/strong>Der rechteckige Glasspiegel mit seinen scharfen Linien, gepaart mit der Beleuchtung an den R\u00e4ndern, erleichtert nicht nur die Betrachtung des Spiegels, sondern unterstreicht auch die modische Ausstrahlung des Raumes. <\/p>\n\n\n\n<p>Wei\u00dfes Keramik-Waschbecken: Es ist schlicht und elegant, f\u00fcgt sich in den Gesamtstil ein und verleiht dem Bad eine saubere und erfrischende Atmosph\u00e4re.<\/p>\n\n\n\n<p><strong>Vorteile des Werkstoffs Aluminium: <\/strong>Es ist aus Aluminium gefertigt, das sich durch hervorragende wasser- und rostfreie Eigenschaften auszeichnet, wodurch es sich gut f\u00fcr die feuchte Badezimmerumgebung eignet und eine lange Lebensdauer gew\u00e4hrleistet. Au\u00dferdem ist Aluminium leicht und dennoch robust und langlebig, was eine einfache Installation und regelm\u00e4\u00dfige Wartung erm\u00f6glicht.<\/p>\n\n\n\n<p><strong>Speicherfunktion: <\/strong>In der ersten Ebene befinden sich Schubladen, in denen private oder kleine Toilettenartikel aufbewahrt werden k\u00f6nnen, so dass die Gegenst\u00e4nde nicht sichtbar sind. In den Regalen der zweiten Ebene lassen sich h\u00e4ufig verwendete Gegenst\u00e4nde wie Handt\u00fccher und Badek\u00f6rbe bequem unterbringen, so dass sie leicht wiedergefunden werden k\u00f6nnen. Dieses Design sorgt f\u00fcr Ordnung im Bad, erf\u00fcllt verschiedene t\u00e4gliche Aufbewahrungsbed\u00fcrfnisse und sorgt f\u00fcr ein sauberes und geordnetes Badezimmer zu jeder Zeit.<\/p>\n<\/div>\n\n\n\n<div class=\"wp-block-column is-layout-flow wp-block-column-is-layout-flow\"><div class=\"wp-block-image\">\n<figure class=\"aligncenter size-full\"><img decoding=\"async\" width=\"700\" height=\"700\" src=\"https:\/\/www.shouyasanitary.com\/wp-content\/uploads\/2025\/09\/wholesale-Bathroom-Cabinet-with-Mirror.webp\" alt=\"Gro\u00dfhandel Badezimmerschrank mit Spiegel\" class=\"wp-image-2012\" style=\"object-fit:cover\" srcset=\"https:\/\/www.shouyasanitary.com\/wp-content\/uploads\/2025\/09\/wholesale-Bathroom-Cabinet-with-Mirror.webp 700w, https:\/\/www.shouyasanitary.com\/wp-content\/uploads\/2025\/09\/wholesale-Bathroom-Cabinet-with-Mirror-300x300.webp 300w, https:\/\/www.shouyasanitary.com\/wp-content\/uploads\/2025\/09\/wholesale-Bathroom-Cabinet-with-Mirror-150x150.webp 150w, https:\/\/www.shouyasanitary.com\/wp-content\/uploads\/2025\/09\/wholesale-Bathroom-Cabinet-with-Mirror-12x12.webp 12w, https:\/\/www.shouyasanitary.com\/wp-content\/uploads\/2025\/09\/wholesale-Bathroom-Cabinet-with-Mirror-600x600.webp 600w, https:\/\/www.shouyasanitary.com\/wp-content\/uploads\/2025\/09\/wholesale-Bathroom-Cabinet-with-Mirror-100x100.webp 100w\" sizes=\"(max-width: 700px) 100vw, 700px\" \/><\/figure>\n<\/div><\/div>\n<\/div>","protected":false},"excerpt":{"rendered":"<p>Dieser Aluminium-Badeschrank ist mit Holzfarbe entworfen, kombiniert \u00c4sthetik und Funktionalit\u00e4t. bitte kontaktieren Sie uns f\u00fcr ein Angebot und Produktkatalog.<\/p>\n<h2>Badezimmerschrank-Set Attribute\uff1a<\/h2>\n<p><strong>Artikel Nr.:<\/strong>2509FZ-60A<strong><br \/>Material des Geh\u00e4uses:<\/strong> Aluminium<br \/><strong>Farbe des Geh\u00e4uses:<\/strong> Braun<br \/><strong>Spiegel:<\/strong> LED-Spiegel (3,5 mm\/3,8 mm), dreifarbige Beleuchtung, One-Touch-Entfogging, gesichert mit mehrlagiger Schaumstoffverpackung<br \/><strong>Installationsart:<\/strong>\u00a0Wandbefestigung<br \/><strong>Abmessungen (L\u00d7B\u00d7H):<\/strong> 60*47*42 cm<br \/><strong>Bruttogewicht:<\/strong> 30kg\/Satz<\/p>\n<h2>Anpassung &amp; Dienstleistungen:<\/h2>\n<p><strong>OEM &amp; ODM<\/strong>: Unterst\u00fctzt<br \/><strong>Gestaltung<\/strong>: Frei<br \/><strong>Zubeh\u00f6r<\/strong>: Waschbecken, Spiegel, Armaturen und anderes Badzubeh\u00f6r<br \/><strong>Verpacken<\/strong>: Einbaufertig<\/p>","protected":false},"featured_media":2012,"comment_status":"closed","ping_status":"closed","template":"","meta":{"_acf_changed":true},"product_brand":[],"product_cat":[23],"product_tag":[],"class_list":{"0":"post-2008","1":"product","2":"type-product","3":"status-publish","4":"has-post-thumbnail","6":"product_cat-wholesale-aluminum-bathroom-vanity-cabinets","8":"first","9":"instock","10":"shipping-taxable","11":"product-type-simple"},"acf":[],"_links":{"self":[{"href":"https:\/\/www.shouyasanitary.com\/de\/wp-json\/wp\/v2\/product\/2008","targetHints":{"allow":["GET"]}}],"collection":[{"href":"https:\/\/www.shouyasanitary.com\/de\/wp-json\/wp\/v2\/product"}],"about":[{"href":"https:\/\/www.shouyasanitary.com\/de\/wp-json\/wp\/v2\/types\/product"}],"replies":[{"embeddable":true,"href":"https:\/\/www.shouyasanitary.com\/de\/wp-json\/wp\/v2\/comments?post=2008"}],"wp:featuredmedia":[{"embeddable":true,"href":"https:\/\/www.shouyasanitary.com\/de\/wp-json\/wp\/v2\/media\/2012"}],"wp:attachment":[{"href":"https:\/\/www.shouyasanitary.com\/de\/wp-json\/wp\/v2\/media?parent=2008"}],"wp:term":[{"taxonomy":"product_brand","embeddable":true,"href":"https:\/\/www.shouyasanitary.com\/de\/wp-json\/wp\/v2\/product_brand?post=2008"},{"taxonomy":"product_cat","embeddable":true,"href":"https:\/\/www.shouyasanitary.com\/de\/wp-json\/wp\/v2\/product_cat?post=2008"},{"taxonomy":"product_tag","embeddable":true,"href":"https:\/\/www.shouyasanitary.com\/de\/wp-json\/wp\/v2\/product_tag?post=2008"}],"curies":[{"name":"wp","href":"https:\/\/api.w.org\/{rel}","templated":true}]}}