{"id":2016,"date":"2025-09-26T09:45:21","date_gmt":"2025-09-26T09:45:21","guid":{"rendered":"https:\/\/www.shouyasanitary.com\/?post_type=product&#038;p=2016"},"modified":"2025-09-26T09:45:24","modified_gmt":"2025-09-26T09:45:24","slug":"wholesale-bathroom-vanity-mirror-cabinet","status":"publish","type":"product","link":"https:\/\/www.shouyasanitary.com\/de\/produkt\/wholesale-bathroom-vanity-mirror-cabinet\/","title":{"rendered":"Gro\u00dfhandel Badezimmer Eitelkeit Spiegel Schrank, Aluminium Holz-Maserung Badezimmer Schrank Set"},"content":{"rendered":"<div class=\"wp-block-columns is-layout-flex wp-container-core-columns-is-layout-9d6595d7 wp-block-columns-is-layout-flex\">\n<div class=\"wp-block-column is-layout-flow wp-block-column-is-layout-flow\">\n<h2 class=\"wp-block-heading\">Eigenschaften des Badezimmer-Spiegelschrankes\uff1a<\/h2>\n\n\n\n<p><strong>Moderner minimalistischer Stil<\/strong>: Dieser Waschbeckenschrank besteht aus einem Aluminiumrahmen und seine Oberfl\u00e4che ist mit einem Holzmaserungseffekt behandelt, der eine nat\u00fcrliche und warme Textur aufweist. Die Gr\u00f6\u00dfe des Badezimmerschranks betr\u00e4gt 80 cm. Er kann sowohl in gro\u00dfen als auch in kleinen Badezimmern aufgestellt werden. Das wandmontierte Design spart Platz und ist die ideale Wahl, um ein gem\u00fctliches Badezimmer zu schaffen.<\/p>\n\n\n\n<p><strong>Intelligente Spiegeloberfl\u00e4che: <\/strong>Ausgestattet mit einer intelligenten Spiegeloberfl\u00e4che, bietet die Hintergrundbeleuchtung drei Lichtfarben. Es bietet ausreichend Licht f\u00fcr den t\u00e4glichen Gebrauch, mit gleichm\u00e4\u00dfigem und weichem Licht, die Verbesserung der Gesamthelligkeit und visuelle Wirkung des Badezimmers.<\/p>\n\n\n\n<p><strong>Multifunktionaler Stauraum: <\/strong>Es ist mit praktischen Schubladen und offenen F\u00e4chern ausgestattet, die reichlich Stauraum bieten und die Organisation und Aufbewahrung von Toilettenartikeln, Handt\u00fcchern usw. erleichtern. Die Schubladen sind mit hochwertigen Gleitschienen ausgestattet, die sich leichtg\u00e4ngig \u00f6ffnen und schlie\u00dfen lassen und bequem zu bedienen sind.<\/p>\n\n\n\n<p><strong>Stabile Installation: <\/strong>Das Produkt ist mit professionellem Installationszubeh\u00f6r und einer ausf\u00fchrlichen Installationsanleitung ausgestattet, die eine einfache und schnelle Installation gew\u00e4hrleisten. Nach der Installation des Schranks ist er stabil und zuverl\u00e4ssig. <\/p>\n\n\n\n<p><strong>Ausgezeichneter Kundendienst<\/strong>: Wir bieten einen umfassenden Kundendienst. Wenn es irgendwelche Qualit\u00e4tsprobleme oder Fragen zur Verwendung gibt, k\u00f6nnen Sie uns sofort kontaktieren, so dass Sie sich um nichts k\u00fcmmern m\u00fcssen.<\/p>\n<\/div>\n\n\n\n<div class=\"wp-block-column is-layout-flow wp-block-column-is-layout-flow\"><div class=\"wp-block-image\">\n<figure class=\"aligncenter size-full\"><img decoding=\"async\" width=\"700\" height=\"700\" src=\"https:\/\/www.shouyasanitary.com\/wp-content\/uploads\/2025\/09\/OEM-aluminium-Bathroom-Vanity-Cabinet.webp\" alt=\"OEM-Aluminium-Badezimmerschrank\" class=\"wp-image-2017\" style=\"object-fit:cover\" srcset=\"https:\/\/www.shouyasanitary.com\/wp-content\/uploads\/2025\/09\/OEM-aluminium-Bathroom-Vanity-Cabinet.webp 700w, https:\/\/www.shouyasanitary.com\/wp-content\/uploads\/2025\/09\/OEM-aluminium-Bathroom-Vanity-Cabinet-300x300.webp 300w, https:\/\/www.shouyasanitary.com\/wp-content\/uploads\/2025\/09\/OEM-aluminium-Bathroom-Vanity-Cabinet-150x150.webp 150w, https:\/\/www.shouyasanitary.com\/wp-content\/uploads\/2025\/09\/OEM-aluminium-Bathroom-Vanity-Cabinet-12x12.webp 12w, https:\/\/www.shouyasanitary.com\/wp-content\/uploads\/2025\/09\/OEM-aluminium-Bathroom-Vanity-Cabinet-600x600.webp 600w, https:\/\/www.shouyasanitary.com\/wp-content\/uploads\/2025\/09\/OEM-aluminium-Bathroom-Vanity-Cabinet-100x100.webp 100w\" sizes=\"(max-width: 700px) 100vw, 700px\" \/><\/figure>\n<\/div><\/div>\n<\/div>","protected":false},"excerpt":{"rendered":"<p>Gro\u00dfhandel Badezimmer Eitelkeit Spiegelschrank, Aluminium-Material mit einem Marmor-\u00e4hnliche Textur, ist f\u00fcr die meisten Badezimmer geeignet. Es kommt mit einem LED-Spiegel und einem Keramik-Becken, wobei sowohl praktisch und \u00e4sthetisch ansprechend. Bitte z\u00f6gern Sie nicht, uns zu kontaktieren, um eine ma\u00dfgeschneiderte L\u00f6sung zu jeder Zeit zu erhalten!<\/p>\n<h2>Badezimmer-Spiegelschrank Attribute\uff1a<\/h2>\n<p><strong>Artikel Nr.:<\/strong>2509FZ-80F<strong><br \/>Material des Geh\u00e4uses:<\/strong> Aluminium<br \/><strong>Farbe des Geh\u00e4uses:<\/strong> Khaki<br \/><strong>Spiegel:<\/strong> LED-Spiegel (3,5 mm\/3,8 mm), dreifarbige Beleuchtung, One-Touch-Entfogging, gesichert mit mehrlagiger Schaumstoffverpackung<br \/><strong>Installationsart:<\/strong>\u00a0Wandbefestigung<br \/><strong>Abmessungen (L\u00d7B\u00d7H):<\/strong> 80*47*28 cm<br \/><strong>Bruttogewicht:<\/strong> 28kg\/Satz<\/p>\n<h2>Anpassung &amp; Dienstleistungen:<\/h2>\n<p><strong>OEM &amp; ODM<\/strong>: Unterst\u00fctzt<br \/><strong>Gestaltung<\/strong>: Frei<br \/><strong>Zubeh\u00f6r<\/strong>: Waschbecken, Spiegel, Armaturen und anderes Badzubeh\u00f6r<br \/><strong>Verpacken<\/strong>: Einbaufertig<\/p>","protected":false},"featured_media":2017,"comment_status":"closed","ping_status":"closed","template":"","meta":{"_acf_changed":true},"product_brand":[],"product_cat":[23],"product_tag":[],"class_list":{"0":"post-2016","1":"product","2":"type-product","3":"status-publish","4":"has-post-thumbnail","6":"product_cat-wholesale-aluminum-bathroom-vanity-cabinets","8":"first","9":"instock","10":"shipping-taxable","11":"product-type-simple"},"acf":[],"_links":{"self":[{"href":"https:\/\/www.shouyasanitary.com\/de\/wp-json\/wp\/v2\/product\/2016","targetHints":{"allow":["GET"]}}],"collection":[{"href":"https:\/\/www.shouyasanitary.com\/de\/wp-json\/wp\/v2\/product"}],"about":[{"href":"https:\/\/www.shouyasanitary.com\/de\/wp-json\/wp\/v2\/types\/product"}],"replies":[{"embeddable":true,"href":"https:\/\/www.shouyasanitary.com\/de\/wp-json\/wp\/v2\/comments?post=2016"}],"wp:featuredmedia":[{"embeddable":true,"href":"https:\/\/www.shouyasanitary.com\/de\/wp-json\/wp\/v2\/media\/2017"}],"wp:attachment":[{"href":"https:\/\/www.shouyasanitary.com\/de\/wp-json\/wp\/v2\/media?parent=2016"}],"wp:term":[{"taxonomy":"product_brand","embeddable":true,"href":"https:\/\/www.shouyasanitary.com\/de\/wp-json\/wp\/v2\/product_brand?post=2016"},{"taxonomy":"product_cat","embeddable":true,"href":"https:\/\/www.shouyasanitary.com\/de\/wp-json\/wp\/v2\/product_cat?post=2016"},{"taxonomy":"product_tag","embeddable":true,"href":"https:\/\/www.shouyasanitary.com\/de\/wp-json\/wp\/v2\/product_tag?post=2016"}],"curies":[{"name":"wp","href":"https:\/\/api.w.org\/{rel}","templated":true}]}}