{"id":2043,"date":"2025-09-26T09:45:19","date_gmt":"2025-09-26T09:45:19","guid":{"rendered":"https:\/\/www.shouyasanitary.com\/?post_type=product&#038;p=2043"},"modified":"2025-09-26T09:45:21","modified_gmt":"2025-09-26T09:45:21","slug":"custom-green-bathroom-cabinets","status":"publish","type":"product","link":"https:\/\/www.shouyasanitary.com\/de\/produkt\/custom-green-bathroom-cabinets\/","title":{"rendered":"Benutzerdefinierte gr\u00fcne Badezimmer Schr\u00e4nke, Fabrik Gro\u00dfhandel PVC Badezimmer Eitelkeit vertikal-gestreiften Schrank-Set"},"content":{"rendered":"<div class=\"wp-block-columns is-layout-flex wp-container-core-columns-is-layout-9d6595d7 wp-block-columns-is-layout-flex\">\n<div class=\"wp-block-column is-layout-flow wp-block-column-is-layout-flow\">\n<h2 class=\"wp-block-heading\">Gr\u00fcne Badezimmerschr\u00e4nke Merkmale\uff1a<\/h2>\n\n\n\n<p><strong>Exquisite Gr\u00f6\u00dfe Design: <\/strong>Dieser Badezimmerschrank ist mit einer Gr\u00f6\u00dfe von 80 cm konzipiert. Er nimmt weder zu viel Platz ein noch mangelt es ihm an ausreichender Arbeitsfl\u00e4che und Stauraum. Er eignet sich hervorragend f\u00fcr kleine und mittelgro\u00dfe B\u00e4der und maximiert die Raumnutzung.<\/p>\n\n\n\n<p><strong>Umweltfreundliches PVC-Material:<\/strong> Aus umweltfreundlichem PVC-Material hergestellt, ist es ungiftig und geruchlos und gew\u00e4hrleistet Sicherheit und Gesundheit. Das Material hat ausgezeichnete wasser- und feuchtigkeitsbest\u00e4ndige Eigenschaften. Selbst in einer feuchten Badezimmerumgebung kann es lange Zeit stabil bleiben, ohne sich zu verformen oder zu schimmeln.<\/p>\n\n\n\n<p><strong>Granit-Arbeitsplatten-Kombination: <\/strong>Ausgestattet mit einer hochwertigen Granitarbeitsplatte, die sich durch ihre nat\u00fcrliche Struktur und harte Beschaffenheit auszeichnet, wertet sie nicht nur das Gesamtbild des Badezimmerschranks auf, sondern ist auch leicht zu reinigen und t\u00e4glich zu pflegen, so dass die Arbeitsplatte lange wie neu bleibt.<\/p>\n\n\n\n<p><strong>Die \u00c4sthetik des vertikalen Musters: <\/strong>Die Schrankt\u00fcren sind mit einem vertikalen Muster versehen, das einen Hauch von moderner und minimalistischer \u00c4sthetik verleiht. <\/p>\n\n\n\n<p><strong>Praktische Aufbewahrungsfunktion<\/strong>: Die sinnvolle Innenaufteilung sorgt daf\u00fcr, dass Artikel wie Toilettenartikel und Handt\u00fccher ordentlich an ihren jeweiligen Platz gestellt werden, wodurch das Bad sauberer und organisierter wird.<\/p>\n\n\n\n<p><strong>Rabatt bei Gro\u00dfbestellungen:\u00a0<\/strong>Wir liefern direkt vom Shouya-Lieferanten und bieten wettbewerbsf\u00e4hige Gro\u00dfhandelspreise und kundenspezifische Dienstleistungen, ideal f\u00fcr H\u00e4ndler, Distributoren und gro\u00dfe Dekorationsfirmen, die langfristig zusammenarbeiten.<\/p>\n<\/div>\n\n\n\n<div class=\"wp-block-column is-layout-flow wp-block-column-is-layout-flow\"><div class=\"wp-block-image\">\n<figure class=\"aligncenter size-full\"><img decoding=\"async\" width=\"700\" height=\"700\" src=\"https:\/\/www.shouyasanitary.com\/wp-content\/uploads\/2025\/09\/Wholesale-supply-of-PVC-bathroom-cabinet-vanity.webp\" alt=\"Gro\u00dfhandel Lieferung von PVC Bad Schrank Eitelkeit\" class=\"wp-image-2045\" style=\"object-fit:cover\" srcset=\"https:\/\/www.shouyasanitary.com\/wp-content\/uploads\/2025\/09\/Wholesale-supply-of-PVC-bathroom-cabinet-vanity.webp 700w, https:\/\/www.shouyasanitary.com\/wp-content\/uploads\/2025\/09\/Wholesale-supply-of-PVC-bathroom-cabinet-vanity-300x300.webp 300w, https:\/\/www.shouyasanitary.com\/wp-content\/uploads\/2025\/09\/Wholesale-supply-of-PVC-bathroom-cabinet-vanity-150x150.webp 150w, https:\/\/www.shouyasanitary.com\/wp-content\/uploads\/2025\/09\/Wholesale-supply-of-PVC-bathroom-cabinet-vanity-12x12.webp 12w, https:\/\/www.shouyasanitary.com\/wp-content\/uploads\/2025\/09\/Wholesale-supply-of-PVC-bathroom-cabinet-vanity-600x600.webp 600w, https:\/\/www.shouyasanitary.com\/wp-content\/uploads\/2025\/09\/Wholesale-supply-of-PVC-bathroom-cabinet-vanity-100x100.webp 100w\" sizes=\"(max-width: 700px) 100vw, 700px\" \/><\/figure>\n<\/div><\/div>\n<\/div>","protected":false},"excerpt":{"rendered":"<p>Ma\u00dfgeschneiderte gr\u00fcne Badezimmerschr\u00e4nke, 80CM PVC Badezimmer Waschtisch mit einer montierten Struktur, die speziell f\u00fcr kleine Badezimmer konzipiert ist. Die vertikal gemusterten Schrankt\u00fcren f\u00fcgen eine k\u00fcnstlerische Note hinzu, und der einfache Spiegel erf\u00fcllt die t\u00e4glichen Bed\u00fcrfnisse. Shouya liefert direkt ab Werk mit Rabatten bei Gro\u00dfbestellungen. Willkommen zu erkundigen!<\/p>\n<h2>Gr\u00fcne Badezimmerschr\u00e4nke Attribute\uff1a<\/h2>\n<p><strong>Artikel Nr.: <\/strong>6084-80GN<strong><br \/>Material des Geh\u00e4uses:<\/strong> PVC<br \/><strong>Farbe des Geh\u00e4uses:\u00a0<\/strong>Gr\u00fcn<br \/><strong>Spiegel:<\/strong> LED-Spiegel (3,5 mm\/3,8 mm), dreifarbige Beleuchtung, One-Touch-Entfogging, gesichert mit mehrlagiger Schaumstoffverpackung<br \/><strong>Installationsart:<\/strong>\u00a0Wandbefestigung<br \/><strong>Abmessungen (L\u00d7B\u00d7H):<\/strong> 80*50*47 cm<br \/><strong>Bruttogewicht:<\/strong> 30kg\/Satz<\/p>\n<h2>Anpassung &amp; Dienstleistungen:<\/h2>\n<p><strong>OEM &amp; ODM<\/strong>: Unterst\u00fctzt<br \/><strong>Gestaltung<\/strong>: Frei<br \/><strong>Zubeh\u00f6r<\/strong>: Waschbecken, Spiegel, Armaturen und anderes Badzubeh\u00f6r<br \/><strong>Verpacken<\/strong>: Einbaufertig<\/p>","protected":false},"featured_media":2045,"comment_status":"closed","ping_status":"closed","template":"","meta":{"_acf_changed":true},"product_brand":[],"product_cat":[24],"product_tag":[],"class_list":{"0":"post-2043","1":"product","2":"type-product","3":"status-publish","4":"has-post-thumbnail","6":"product_cat-wholesale-pvc-bathroom-vanity-cabinets","8":"first","9":"instock","10":"shipping-taxable","11":"product-type-simple"},"acf":[],"_links":{"self":[{"href":"https:\/\/www.shouyasanitary.com\/de\/wp-json\/wp\/v2\/product\/2043","targetHints":{"allow":["GET"]}}],"collection":[{"href":"https:\/\/www.shouyasanitary.com\/de\/wp-json\/wp\/v2\/product"}],"about":[{"href":"https:\/\/www.shouyasanitary.com\/de\/wp-json\/wp\/v2\/types\/product"}],"replies":[{"embeddable":true,"href":"https:\/\/www.shouyasanitary.com\/de\/wp-json\/wp\/v2\/comments?post=2043"}],"wp:featuredmedia":[{"embeddable":true,"href":"https:\/\/www.shouyasanitary.com\/de\/wp-json\/wp\/v2\/media\/2045"}],"wp:attachment":[{"href":"https:\/\/www.shouyasanitary.com\/de\/wp-json\/wp\/v2\/media?parent=2043"}],"wp:term":[{"taxonomy":"product_brand","embeddable":true,"href":"https:\/\/www.shouyasanitary.com\/de\/wp-json\/wp\/v2\/product_brand?post=2043"},{"taxonomy":"product_cat","embeddable":true,"href":"https:\/\/www.shouyasanitary.com\/de\/wp-json\/wp\/v2\/product_cat?post=2043"},{"taxonomy":"product_tag","embeddable":true,"href":"https:\/\/www.shouyasanitary.com\/de\/wp-json\/wp\/v2\/product_tag?post=2043"}],"curies":[{"name":"wp","href":"https:\/\/api.w.org\/{rel}","templated":true}]}}