{"id":2044,"date":"2025-09-26T09:45:17","date_gmt":"2025-09-26T09:45:17","guid":{"rendered":"https:\/\/www.shouyasanitary.com\/?post_type=product&#038;p=2044"},"modified":"2025-09-26T09:45:19","modified_gmt":"2025-09-26T09:45:19","slug":"wholesale-wall-mounted-bathroom-vanity","status":"publish","type":"product","link":"https:\/\/www.shouyasanitary.com\/de\/produkt\/wholesale-wall-mounted-bathroom-vanity\/","title":{"rendered":"Gro\u00dfhandel Wand montiert Badezimmer Eitelkeit, grau Badezimmer Schrank mit Granit-Arbeitsplatte Waschbecken"},"content":{"rendered":"<div class=\"wp-block-columns is-layout-flex wp-container-core-columns-is-layout-9d6595d7 wp-block-columns-is-layout-flex\">\n<div class=\"wp-block-column is-layout-flow wp-block-column-is-layout-flow\">\n<h2 class=\"wp-block-heading\">Eigenschaften der wandmontierten Badezimmer-Eitelkeit\uff1a<\/h2>\n\n\n\n<p><strong>Klassische Gr\u00f6\u00dfe, breit einsetzbar: <\/strong>Die Gr\u00f6\u00dfe des Badschranks von 80 cm entspricht nicht nur dem Platzbedarf der meisten Badezimmer, sondern auch den Erwartungen der Menschen an die Funktionalit\u00e4t von Badm\u00f6beln. Die graue Farbe mit ihrem dezenten und zur\u00fcckhaltenden Stil verleiht dem Badezimmer ein Gef\u00fchl von Stabilit\u00e4t und Eleganz.<\/p>\n\n\n\n<p><strong>Umweltfreundliches und langlebiges PVC: <\/strong>Ausgew\u00e4hltes umweltfreundliches PVC-Material gew\u00e4hrleistet die Umweltvertr\u00e4glichkeit und die langfristige Nutzung des Badezimmerschranks. Dank seiner ausgezeichneten wasser- und feuchtigkeitsbest\u00e4ndigen Eigenschaften bleibt der Badezimmerschrank auch in feuchter Umgebung wie neu und hat eine hervorragende Haltbarkeit.<\/p>\n\n\n\n<p><strong>Integrierte Granitplatte, minimalistischer Stil: <\/strong>Das integrierte Design der Arbeitsplatte aus Granit und des Waschbeckens unterstreicht den minimalistischen, aber stilvollen Stil des Badezimmerschranks. Die kalte und feste Textur des Granits verbindet sich mit den sanften Linien des Badezimmerschranks und schafft eine einzigartige moderne \u00c4sthetik.<\/p>\n\n\n\n<p><strong>LED-Spiegel und Aufbewahrungsfunktion perfekt kombiniert: <\/strong>Neben der intelligenten Funktion des LED-Spiegels ber\u00fccksichtigt dieser Badezimmerschrank auch den Stauraumbedarf in vollem Umfang. Der Schrankkorpus darunter bietet ebenfalls ausreichend Stauraum, so dass Ihre Badutensilien ordentlich untergebracht werden k\u00f6nnen. Die perfekte Kombination aus LED-Spiegel und Ablagefunktion macht diesen Badschrank zu einem praktischen und \u00e4sthetischen Meisterwerk im Bad.<\/p>\n\n\n\n<p><strong>Wandmontierte Struktur<\/strong>: Der offene Raum unter den Schr\u00e4nken beseitigt das beklemmende Gef\u00fchl traditioneller Badezimmerschr\u00e4nke und schafft eine ger\u00e4umigere Badumgebung, die sich f\u00fcr kleinere B\u00e4der oder f\u00fcr diejenigen eignet, die eine moderne, minimalistische \u00c4sthetik anstreben.<\/p>\n\n\n\n<p><strong>Stabile Versorgungskapazit\u00e4t<\/strong>: Als Gro\u00dfh\u00e4ndler verf\u00fcgt Shouya \u00fcber effiziente und konsistente Produktions- und Lieferkapazit\u00e4ten, die die rechtzeitige Lieferung von Gro\u00dfauftr\u00e4gen gew\u00e4hrleisten und eine stabile Versorgung f\u00fcr den Bedarf langfristiger Partner sicherstellen.<\/p>\n<\/div>\n\n\n\n<div class=\"wp-block-column is-layout-flow wp-block-column-is-layout-flow\"><div class=\"wp-block-image\">\n<figure class=\"aligncenter size-full\"><img decoding=\"async\" width=\"700\" height=\"700\" src=\"https:\/\/www.shouyasanitary.com\/wp-content\/uploads\/2025\/09\/OEM-80CM-bathroom-cabinet-vanity.webp\" alt=\"OEM 80CM Badezimmerschrank Eitelkeit\" class=\"wp-image-2048\" style=\"object-fit:cover\" srcset=\"https:\/\/www.shouyasanitary.com\/wp-content\/uploads\/2025\/09\/OEM-80CM-bathroom-cabinet-vanity.webp 700w, https:\/\/www.shouyasanitary.com\/wp-content\/uploads\/2025\/09\/OEM-80CM-bathroom-cabinet-vanity-300x300.webp 300w, https:\/\/www.shouyasanitary.com\/wp-content\/uploads\/2025\/09\/OEM-80CM-bathroom-cabinet-vanity-150x150.webp 150w, https:\/\/www.shouyasanitary.com\/wp-content\/uploads\/2025\/09\/OEM-80CM-bathroom-cabinet-vanity-12x12.webp 12w, https:\/\/www.shouyasanitary.com\/wp-content\/uploads\/2025\/09\/OEM-80CM-bathroom-cabinet-vanity-600x600.webp 600w, https:\/\/www.shouyasanitary.com\/wp-content\/uploads\/2025\/09\/OEM-80CM-bathroom-cabinet-vanity-100x100.webp 100w\" sizes=\"(max-width: 700px) 100vw, 700px\" \/><\/figure>\n<\/div><\/div>\n<\/div>\n\n\n\n<p><\/p>","protected":false},"excerpt":{"rendered":"<p>Gro\u00dfhandel graue Badezimmerschr\u00e4nke, 80CM Badezimmerschrank, integrierte intelligente LED-Spiegel, die klare Beleuchtung und eine warme Atmosph\u00e4re. Hergestellt aus umweltfreundlichem PVC-Material, ist es wasserdicht, feuchtigkeitsbest\u00e4ndig und leicht zu reinigen. Einfach und doch stilvoll. Dieser Badezimmerschrank verbindet perfekt Technik und \u00c4sthetik. Wir laden Sie ein, sich sofort zu erkundigen.<\/p>\n<h2>Graue Badezimmerschr\u00e4nke Attribute\uff1a<\/h2>\n<p><strong>Artikel Nr.:<\/strong>6085-80<strong><br \/>Material des Geh\u00e4uses:<\/strong> PVC<br \/><strong>Farbe des Geh\u00e4uses:<\/strong> Grau<br \/><strong>Spiegel:<\/strong> LED-Spiegel (3,5 mm\/3,8 mm), dreifarbige Beleuchtung, One-Touch-Entfogging, gesichert mit mehrlagiger Schaumstoffverpackung<br \/><strong>Installationsart:<\/strong>\u00a0Wandbefestigung<br \/><strong>Abmessungen (L\u00d7B\u00d7H):<\/strong> 80*47*47 cm<br \/><strong>Bruttogewicht:<\/strong> 30kg\/Satz<\/p>\n<h2>Anpassung &amp; Dienstleistungen:<\/h2>\n<p><strong>OEM &amp; ODM<\/strong>: Unterst\u00fctzt<br \/><strong>Gestaltung<\/strong>: Frei<br \/><strong>Zubeh\u00f6r<\/strong>: Waschbecken, Spiegel, Armaturen und anderes Badzubeh\u00f6r<br \/><strong>Verpacken<\/strong>: Einbaufertig<\/p>","protected":false},"featured_media":2048,"comment_status":"closed","ping_status":"closed","template":"","meta":{"_acf_changed":true},"product_brand":[],"product_cat":[24],"product_tag":[],"class_list":{"0":"post-2044","1":"product","2":"type-product","3":"status-publish","4":"has-post-thumbnail","6":"product_cat-wholesale-pvc-bathroom-vanity-cabinets","8":"first","9":"instock","10":"shipping-taxable","11":"product-type-simple"},"acf":[],"_links":{"self":[{"href":"https:\/\/www.shouyasanitary.com\/de\/wp-json\/wp\/v2\/product\/2044","targetHints":{"allow":["GET"]}}],"collection":[{"href":"https:\/\/www.shouyasanitary.com\/de\/wp-json\/wp\/v2\/product"}],"about":[{"href":"https:\/\/www.shouyasanitary.com\/de\/wp-json\/wp\/v2\/types\/product"}],"replies":[{"embeddable":true,"href":"https:\/\/www.shouyasanitary.com\/de\/wp-json\/wp\/v2\/comments?post=2044"}],"wp:featuredmedia":[{"embeddable":true,"href":"https:\/\/www.shouyasanitary.com\/de\/wp-json\/wp\/v2\/media\/2048"}],"wp:attachment":[{"href":"https:\/\/www.shouyasanitary.com\/de\/wp-json\/wp\/v2\/media?parent=2044"}],"wp:term":[{"taxonomy":"product_brand","embeddable":true,"href":"https:\/\/www.shouyasanitary.com\/de\/wp-json\/wp\/v2\/product_brand?post=2044"},{"taxonomy":"product_cat","embeddable":true,"href":"https:\/\/www.shouyasanitary.com\/de\/wp-json\/wp\/v2\/product_cat?post=2044"},{"taxonomy":"product_tag","embeddable":true,"href":"https:\/\/www.shouyasanitary.com\/de\/wp-json\/wp\/v2\/product_tag?post=2044"}],"curies":[{"name":"wp","href":"https:\/\/api.w.org\/{rel}","templated":true}]}}