{"id":2051,"date":"2025-09-26T09:45:15","date_gmt":"2025-09-26T09:45:15","guid":{"rendered":"https:\/\/www.shouyasanitary.com\/?post_type=product&#038;p=2051"},"modified":"2025-09-26T09:45:17","modified_gmt":"2025-09-26T09:45:17","slug":"custom-modern-vanity-bathroom","status":"publish","type":"product","link":"https:\/\/www.shouyasanitary.com\/de\/produkt\/custom-modern-vanity-bathroom\/","title":{"rendered":"Custom Modern Vanity Badezimmer, Premium Sperrholz Badezimmerschrank mit beleuchtetem Spiegel in Bulk"},"content":{"rendered":"<div class=\"wp-block-columns is-layout-flex wp-container-core-columns-is-layout-9d6595d7 wp-block-columns-is-layout-flex\">\n<div class=\"wp-block-column is-layout-flow wp-block-column-is-layout-flow\">\n<h2 class=\"wp-block-heading\">Moderner Waschtisch f\u00fcr das Badezimmer\uff1a<\/h2>\n\n\n\n<p><strong>Hochwertige Materialien:<\/strong>\u00a0F\u00fcr diesen Badezimmerschrank wird hochwertiges Sperrholz verwendet, das f\u00fcr sein hervorragendes Verh\u00e4ltnis von Festigkeit zu Gewicht und seine Kr\u00fcmmungsbest\u00e4ndigkeit bekannt ist. In Kombination mit einem glatten und leicht zu reinigenden Keramikbecken gew\u00e4hrleistet er eine langfristige Nutzung in einer stark frequentierten Badezimmerumgebung. Die Kombination dieser Materialien bietet eine solide und zuverl\u00e4ssige Grundlage f\u00fcr die t\u00e4glichen Hygienegewohnheiten.<\/p>\n\n\n\n<p><strong>Elegantes Aussehen:<\/strong>\u00a0Dieser Badezimmerschrank ist 60 cm gro\u00df und eignet sich perfekt f\u00fcr kleinere B\u00e4der oder Ankleidezimmer. Die nat\u00fcrliche Holzmaserung des Sperrholzes verleiht dem Raum W\u00e4rme und ein nat\u00fcrliches Gef\u00fchl, w\u00e4hrend das glatte Keramikbecken ihn mit einem modernen und schlichten Aussehen erg\u00e4nzt. Das Gesamtdesign ist eine harmonische Mischung aus Landhausstil und modernem Stil.<\/p>\n\n\n\n<p><strong>Intelligente Integration: <\/strong>Er ist mit einem integrierten beleuchteten Spiegel ausgestattet, der nicht nur die Sicht bei der K\u00f6rperpflege verbessert, sondern auch einen Hauch von Eleganz in das Badezimmer bringt. Die Beleuchtung kann je nach Tageszeit eingestellt werden und schafft eine angenehme Atmosph\u00e4re.<\/p>\n\n\n\n<p><strong>Detailliertes und praktisches Design:<\/strong>\u00a0Es ist mit einem Seitenschrank f\u00fcr zus\u00e4tzlichen Stauraum ausgestattet, in dem Sie Ihre Toilettenartikel und Handt\u00fccher \u00fcbersichtlich unterbringen k\u00f6nnen. Das Keramikbecken hat ein leichtes Gef\u00e4lle, um einen effektiven Abfluss zu erm\u00f6glichen und Wasseransammlungen zu vermeiden. <\/p>\n<\/div>\n\n\n\n<div class=\"wp-block-column is-layout-flow wp-block-column-is-layout-flow\"><div class=\"wp-block-image\">\n<figure class=\"aligncenter size-full\"><img decoding=\"async\" width=\"700\" height=\"700\" src=\"https:\/\/www.shouyasanitary.com\/wp-content\/uploads\/2025\/09\/Bulk-Purchases-60CM-bathroom-cabinet-vanity.webp\" alt=\"Bulk Purchases 60CM Badezimmerschrank Eitelkeit\" class=\"wp-image-2053\" style=\"object-fit:cover\" srcset=\"https:\/\/www.shouyasanitary.com\/wp-content\/uploads\/2025\/09\/Bulk-Purchases-60CM-bathroom-cabinet-vanity.webp 700w, https:\/\/www.shouyasanitary.com\/wp-content\/uploads\/2025\/09\/Bulk-Purchases-60CM-bathroom-cabinet-vanity-300x300.webp 300w, https:\/\/www.shouyasanitary.com\/wp-content\/uploads\/2025\/09\/Bulk-Purchases-60CM-bathroom-cabinet-vanity-150x150.webp 150w, https:\/\/www.shouyasanitary.com\/wp-content\/uploads\/2025\/09\/Bulk-Purchases-60CM-bathroom-cabinet-vanity-12x12.webp 12w, https:\/\/www.shouyasanitary.com\/wp-content\/uploads\/2025\/09\/Bulk-Purchases-60CM-bathroom-cabinet-vanity-600x600.webp 600w, https:\/\/www.shouyasanitary.com\/wp-content\/uploads\/2025\/09\/Bulk-Purchases-60CM-bathroom-cabinet-vanity-100x100.webp 100w\" sizes=\"(max-width: 700px) 100vw, 700px\" \/><\/figure>\n<\/div><\/div>\n<\/div>\n\n\n\n<p><\/p>","protected":false},"excerpt":{"rendered":"<p>Shouya benutzerdefinierte moderne Waschtisch Bad, 60cm Gr\u00f6\u00dfe, aus hochwertigem Sperrholz, kombiniert mit einem leicht zu reinigen Keramikbecken, langlebig und zuverl\u00e4ssig. Die \u00e4u\u00dfere Holzmaserung erg\u00e4nzt die Keramik, und der intelligente Spiegel f\u00fcgt Eleganz hinzu. Wir laden Gro\u00dfh\u00e4ndler herzlich ein, sich mit uns in Verbindung zu setzen, um Preise zu erfragen und zu verhandeln!<\/p>\n<h2>Moderne Eitelkeit Badezimmer Attribute:<\/h2>\n<p><strong>Artikel Nr.<\/strong>: 6089-60<br \/><strong>Material des Geh\u00e4uses:<\/strong>\u00a0Sperrholz<br \/><strong>Farbe des Geh\u00e4uses: <\/strong>Braun<\/p>\n<p><strong>Spiegel:<\/strong> LED-Spiegel (3,5 mm\/3,8 mm), dreifarbige Beleuchtung, One-Touch-Entfogging, gesichert mit mehrlagiger Schaumstoffverpackung<br \/><strong>Installationsart:<\/strong>\u00a0Wandbefestigung<br \/><strong>Abmessungen (L\u00d7B\u00d7H):<\/strong> 60x 47 x 42cm<br \/><strong>Bruttogewicht:<\/strong> 32 kg\/Satz<\/p>\n<h2>Anpassung &amp; Dienstleistungen:<\/h2>\n<p><strong>OEM &amp; ODM<\/strong>: Unterst\u00fctzt<br \/><strong>Gestaltung<\/strong>: Frei<br \/><strong>Zubeh\u00f6r<\/strong>: Waschbecken, Spiegel, Armaturen und anderes Badzubeh\u00f6r<br \/><strong>Verpacken<\/strong>: Einbaufertig<\/p>","protected":false},"featured_media":2053,"comment_status":"closed","ping_status":"closed","template":"","meta":{"_acf_changed":true},"product_brand":[],"product_cat":[20],"product_tag":[],"class_list":{"0":"post-2051","1":"product","2":"type-product","3":"status-publish","4":"has-post-thumbnail","6":"product_cat-wholesale-plywood-bathroom-vanity-cabinets","8":"first","9":"instock","10":"shipping-taxable","11":"product-type-simple"},"acf":[],"_links":{"self":[{"href":"https:\/\/www.shouyasanitary.com\/de\/wp-json\/wp\/v2\/product\/2051","targetHints":{"allow":["GET"]}}],"collection":[{"href":"https:\/\/www.shouyasanitary.com\/de\/wp-json\/wp\/v2\/product"}],"about":[{"href":"https:\/\/www.shouyasanitary.com\/de\/wp-json\/wp\/v2\/types\/product"}],"replies":[{"embeddable":true,"href":"https:\/\/www.shouyasanitary.com\/de\/wp-json\/wp\/v2\/comments?post=2051"}],"wp:featuredmedia":[{"embeddable":true,"href":"https:\/\/www.shouyasanitary.com\/de\/wp-json\/wp\/v2\/media\/2053"}],"wp:attachment":[{"href":"https:\/\/www.shouyasanitary.com\/de\/wp-json\/wp\/v2\/media?parent=2051"}],"wp:term":[{"taxonomy":"product_brand","embeddable":true,"href":"https:\/\/www.shouyasanitary.com\/de\/wp-json\/wp\/v2\/product_brand?post=2051"},{"taxonomy":"product_cat","embeddable":true,"href":"https:\/\/www.shouyasanitary.com\/de\/wp-json\/wp\/v2\/product_cat?post=2051"},{"taxonomy":"product_tag","embeddable":true,"href":"https:\/\/www.shouyasanitary.com\/de\/wp-json\/wp\/v2\/product_tag?post=2051"}],"curies":[{"name":"wp","href":"https:\/\/api.w.org\/{rel}","templated":true}]}}