{"id":2052,"date":"2025-09-26T09:45:12","date_gmt":"2025-09-26T09:45:12","guid":{"rendered":"https:\/\/www.shouyasanitary.com\/?post_type=product&#038;p=2052"},"modified":"2025-09-26T09:45:15","modified_gmt":"2025-09-26T09:45:15","slug":"wholesale-wall-mount-bathroom-cabinets","status":"publish","type":"product","link":"https:\/\/www.shouyasanitary.com\/de\/produkt\/wholesale-wall-mount-bathroom-cabinets\/","title":{"rendered":"Gro\u00dfhandel Wandmontage Badezimmer Schr\u00e4nke, moderne Badezimmer Eitelkeit Set mit hintergrundbeleuchteten Spiegel Lieferant"},"content":{"rendered":"<div class=\"wp-block-columns is-layout-flex wp-container-core-columns-is-layout-9d6595d7 wp-block-columns-is-layout-flex\">\n<div class=\"wp-block-column is-layout-flow wp-block-column-is-layout-flow\">\n<h2 class=\"wp-block-heading\">Merkmale der wandmontierten Badezimmerschr\u00e4nke\uff1a<\/h2>\n\n\n\n<p><strong>\u00dcberlegene Materialien: <\/strong>Es ist aus hochwertigem Sperrholz gefertigt und zeichnet sich durch eine hervorragende Haltbarkeit und Stabilit\u00e4t aus. Das Sperrholz wurde sorgf\u00e4ltig ausgew\u00e4hlt und verf\u00fcgt \u00fcber feuchtigkeitsbest\u00e4ndige und verschlei\u00dffeste Eigenschaften, die es ideal f\u00fcr ein feuchtes Badezimmerumfeld machen. Das Keramikbecken wird bei hohen Temperaturen gebrannt und hat eine harte und porenfreie Oberfl\u00e4che, die resistent gegen Flecken und Kratzer ist.<\/p>\n\n\n\n<p><strong>Wandmontierte Ausf\u00fchrung<\/strong>: H\u00e4lt den Boden des Badezimmerschranks stets trocken, was die Feuchtigkeit und Schimmelbildung verhindert und das Badezimmer sauber h\u00e4lt.<\/p>\n\n\n\n<p><strong>Attraktives Aussehen: <\/strong>Die Gr\u00f6\u00dfe von 100 cm bietet reichlich Platz auf der Arbeitsplatte und macht sie zum Mittelpunkt eines gr\u00f6\u00dferen Badezimmers. Die nat\u00fcrliche Maserung des Sperrholzes und das reine Wei\u00df des Keramikbeckens bilden einen optisch ansprechenden Kontrast. Der von oben beleuchtete Spiegel setzt einen modernen und luxuri\u00f6sen Akzent. Er beleuchtet den gesamten Bereich des Badezimmerschranks und unterstreicht die Gesamt\u00e4sthetik.<\/p>\n\n\n\n<p><strong>Minimalistischer Stil: <\/strong>Dieser Badezimmerschrank zeichnet sich durch ein minimalistisches Design mit einfachen Linien und einer minimalistischen Form aus. Die Oberfl\u00e4che aus Sperrholz ist glatt, und das Keramikbecken f\u00fcgt sich nahtlos in die Arbeitsplatte ein. Der hinterleuchtete Spiegel hat einen glatten Rahmen und verleiht dem gesamten Bad ein modernes und aufger\u00e4umtes Aussehen.<\/p>\n\n\n\n<p><strong>Praktische Funktionen: <\/strong>Die ger\u00e4umige Arbeitsplatte bietet reichlich Platz f\u00fcr Toilettenartikel, Kosmetika und andere Badutensilien. Der Unterschrank bietet ausreichend Stauraum f\u00fcr Handt\u00fccher, Reinigungsmittel usw. Der beleuchtete Spiegel hilft nicht nur bei der K\u00f6rperpflege, sondern verst\u00e4rkt auch die Helligkeit des Badezimmers und l\u00e4sst es ger\u00e4umiger erscheinen.<\/p>\n\n\n\n<p><strong>Gro\u00dfhandelspreis<\/strong>: Shouya kann Rabatte und Vorzugspreise f\u00fcr Gro\u00dfeink\u00e4ufe gew\u00e4hren, wodurch die Gesamtbeschaffungskosten der K\u00e4ufer gesenkt und die Wettbewerbsf\u00e4higkeit auf dem Markt verbessert werden.<\/p>\n<\/div>\n\n\n\n<div class=\"wp-block-column is-layout-flow wp-block-column-is-layout-flow\"><div class=\"wp-block-image\">\n<figure class=\"aligncenter size-full\"><img decoding=\"async\" width=\"700\" height=\"700\" src=\"https:\/\/www.shouyasanitary.com\/wp-content\/uploads\/2025\/09\/supplier-direct-plywood-bathroom-cabinet-set.webp\" alt=\"Lieferant direkt Sperrholz Badezimmerschrank Set\" class=\"wp-image-2056\" style=\"object-fit:cover\" srcset=\"https:\/\/www.shouyasanitary.com\/wp-content\/uploads\/2025\/09\/supplier-direct-plywood-bathroom-cabinet-set.webp 700w, https:\/\/www.shouyasanitary.com\/wp-content\/uploads\/2025\/09\/supplier-direct-plywood-bathroom-cabinet-set-300x300.webp 300w, https:\/\/www.shouyasanitary.com\/wp-content\/uploads\/2025\/09\/supplier-direct-plywood-bathroom-cabinet-set-150x150.webp 150w, https:\/\/www.shouyasanitary.com\/wp-content\/uploads\/2025\/09\/supplier-direct-plywood-bathroom-cabinet-set-12x12.webp 12w, https:\/\/www.shouyasanitary.com\/wp-content\/uploads\/2025\/09\/supplier-direct-plywood-bathroom-cabinet-set-600x600.webp 600w, https:\/\/www.shouyasanitary.com\/wp-content\/uploads\/2025\/09\/supplier-direct-plywood-bathroom-cabinet-set-100x100.webp 100w\" sizes=\"(max-width: 700px) 100vw, 700px\" \/><\/figure>\n<\/div><\/div>\n<\/div>","protected":false},"excerpt":{"rendered":"<p>Willkommen im Gro\u00dfhandel Wandmontage Bad Schr\u00e4nke. Hergestellt aus feuchtigkeitsbest\u00e4ndigem und verschlei\u00dffestem Sperrholz, mit einem eleganten Aussehen. Hintergrundbeleuchteter Spiegel f\u00fcgt einen Hauch von Luxus. Minimalistischer Stil, ger\u00e4umiges Design, erf\u00fcllt verschiedene Bed\u00fcrfnisse. Direkte Lieferung vom Lieferanten. Kontaktieren Sie uns heute zu erkundigen und Angebote zu machen!<\/p>\n<h2>Wandmontage Badezimmerschr\u00e4nke Attribute\uff1a<\/h2>\n<p><strong>Artikel Nr.:<\/strong>LT2013-100F<strong><br \/>Material des Geh\u00e4uses:<\/strong>\u00a0Sperrholz<br \/><strong>Farbe des Geh\u00e4uses:<\/strong> Khaki<br \/><strong>Spiegel:<\/strong> LED-Spiegel (3,5 mm\/3,8 mm), dreifarbige Beleuchtung, One-Touch-Entfogging, gesichert mit mehrlagiger Schaumstoffverpackung<br \/><strong>Installationsart:<\/strong>\u00a0Wandbefestigung<br \/><strong>Abmessungen (L\u00d7B\u00d7H):<\/strong> 100x60x48 cm<br \/><strong>Bruttogewicht:<\/strong> 37kg\/Satz<\/p>\n<h2>Anpassung &amp; Dienstleistungen:<\/h2>\n<p><strong>OEM &amp; ODM<\/strong>: Unterst\u00fctzt<br \/><strong>Gestaltung<\/strong>: Frei<br \/><strong>Zubeh\u00f6r<\/strong>: Waschbecken, Spiegel, Armaturen und anderes Badzubeh\u00f6r<br \/><strong>Verpacken<\/strong>: Einbaufertig<\/p>","protected":false},"featured_media":2056,"comment_status":"closed","ping_status":"closed","template":"","meta":{"_acf_changed":true},"product_brand":[],"product_cat":[20],"product_tag":[],"class_list":{"0":"post-2052","1":"product","2":"type-product","3":"status-publish","4":"has-post-thumbnail","6":"product_cat-wholesale-plywood-bathroom-vanity-cabinets","8":"first","9":"instock","10":"shipping-taxable","11":"product-type-simple"},"acf":[],"_links":{"self":[{"href":"https:\/\/www.shouyasanitary.com\/de\/wp-json\/wp\/v2\/product\/2052","targetHints":{"allow":["GET"]}}],"collection":[{"href":"https:\/\/www.shouyasanitary.com\/de\/wp-json\/wp\/v2\/product"}],"about":[{"href":"https:\/\/www.shouyasanitary.com\/de\/wp-json\/wp\/v2\/types\/product"}],"replies":[{"embeddable":true,"href":"https:\/\/www.shouyasanitary.com\/de\/wp-json\/wp\/v2\/comments?post=2052"}],"wp:featuredmedia":[{"embeddable":true,"href":"https:\/\/www.shouyasanitary.com\/de\/wp-json\/wp\/v2\/media\/2056"}],"wp:attachment":[{"href":"https:\/\/www.shouyasanitary.com\/de\/wp-json\/wp\/v2\/media?parent=2052"}],"wp:term":[{"taxonomy":"product_brand","embeddable":true,"href":"https:\/\/www.shouyasanitary.com\/de\/wp-json\/wp\/v2\/product_brand?post=2052"},{"taxonomy":"product_cat","embeddable":true,"href":"https:\/\/www.shouyasanitary.com\/de\/wp-json\/wp\/v2\/product_cat?post=2052"},{"taxonomy":"product_tag","embeddable":true,"href":"https:\/\/www.shouyasanitary.com\/de\/wp-json\/wp\/v2\/product_tag?post=2052"}],"curies":[{"name":"wp","href":"https:\/\/api.w.org\/{rel}","templated":true}]}}