{"id":2078,"date":"2025-09-26T09:45:06","date_gmt":"2025-09-26T09:45:06","guid":{"rendered":"https:\/\/www.shouyasanitary.com\/?post_type=product&#038;p=2078"},"modified":"2025-09-26T09:45:08","modified_gmt":"2025-09-26T09:45:08","slug":"wholesale-brown-bathroom-vanity","status":"publish","type":"product","link":"https:\/\/www.shouyasanitary.com\/de\/produkt\/wholesale-brown-bathroom-vanity\/","title":{"rendered":"Gro\u00dfhandel braun Badezimmer Eitelkeit, OEM moderne Badezimmer Spiegel Schr\u00e4nke mit Schubladen Sperrholz"},"content":{"rendered":"<div class=\"wp-block-columns is-layout-flex wp-container-core-columns-is-layout-9d6595d7 wp-block-columns-is-layout-flex\">\n<div class=\"wp-block-column is-layout-flow wp-block-column-is-layout-flow\">\n<h2 class=\"wp-block-heading\">Braunes Badezimmer Eitelkeit Eigenschaften:<\/h2>\n\n\n\n<p><strong>Eleganter und anspruchsvoller Stil: <\/strong>Der Hauptschrank hat eine dunkelbraune Holzmaserung mit einer nat\u00fcrlichen und zarten Textur, die ein rustikales und warmes Gef\u00fchl vermittelt. Er erg\u00e4nzt den ovalen Spiegel mit goldenem Rahmen, der Eleganz inmitten eines Hauchs von Luxus ausstrahlt und eine ruhige und stilvolle Atmosph\u00e4re f\u00fcr das Badezimmer schafft, die sich f\u00fcr verschiedene Einrichtungsstile eignet.<\/p>\n\n\n\n<p><strong>Durchdachtes Stauraumkonzept:<\/strong>\u00a0Es handelt sich um eine Kombination aus \"Hauptschrank mit gro\u00dfer Schublade und seitlichem Hochschrank\". In der gro\u00dfen Schublade des Hauptschranks k\u00f6nnen gro\u00dfe Gegenst\u00e4nde wie Toilettenartikel und Badet\u00fccher untergebracht werden, w\u00e4hrend der seitliche Hochschrank kleine Gegenst\u00e4nde wie Kosmetika und Zahnputzbecher schichtweise aufnehmen kann. Die klassifizierte Aufbewahrung sorgt f\u00fcr Ordnung im Bad und erf\u00fcllt den t\u00e4glichen Bedarf der ganzen Familie.<\/p>\n\n\n\n<p><strong>Eleganter und praktischer Spiegel: <\/strong>Der ovale LED-Spiegel mit goldenem Rahmen ist exquisit und ein echter Hingucker. Er bietet eine weiche und gleichm\u00e4\u00dfige Beleuchtung, die das Gesicht schattenfrei ausleuchtet, und eignet sich somit f\u00fcr feine Arbeiten wie Make-up und Rasieren. <\/p>\n\n\n\n<p><strong>Leicht zu reinigen und zu pflegen<\/strong>: Das keramische Becken hat eine spiegelglatte, fleckenunempfindliche Oberfl\u00e4che, die sich leicht abwischen l\u00e4sst, und das keramische Material ist korrosionsbest\u00e4ndig, verschlei\u00dffest und hat eine lange Lebensdauer.<\/p>\n\n\n\n<p><strong>Zuverl\u00e4ssige Materialleistung:<\/strong>\u00a0Es besteht aus Sperrholz, das einer speziellen feuchtigkeitsbest\u00e4ndigen Behandlung unterzogen wurde, die der Feuchtigkeit und N\u00e4sse des Badezimmers wirksam widersteht und es weniger anf\u00e4llig f\u00fcr Verformungen und Schimmelbildung macht. <\/p>\n\n\n\n<p><strong>Stabile Brettstruktur:<\/strong> mit hoher Tragf\u00e4higkeit, und es ist weniger wahrscheinlich, dass Risse, Verformungen oder andere Probleme auftreten, selbst nach l\u00e4ngerem Gebrauch, was f\u00fcr eine ausgezeichnete Haltbarkeit spricht.<\/p>\n\n\n\n<p><strong>Umfassendes Angebot an ma\u00dfgeschneiderten Dienstleistungen<\/strong>: Ob Gr\u00f6\u00dfe, Stil oder Material, wir k\u00f6nnen das Design an Ihren Raum und Ihre Bed\u00fcrfnisse anpassen, um Ihr Badezimmer individueller und stilvoller zu gestalten.<\/p>\n<\/div>\n\n\n\n<div class=\"wp-block-column is-layout-flow wp-block-column-is-layout-flow\"><div class=\"wp-block-image\">\n<figure class=\"aligncenter size-full\"><img decoding=\"async\" width=\"700\" height=\"700\" src=\"https:\/\/www.shouyasanitary.com\/wp-content\/uploads\/2025\/09\/Custom-Solutions-Cabinet-with-White-Color-1.webp\" alt=\"\" class=\"wp-image-2079\" style=\"object-fit:cover\" srcset=\"https:\/\/www.shouyasanitary.com\/wp-content\/uploads\/2025\/09\/Custom-Solutions-Cabinet-with-White-Color-1.webp 700w, https:\/\/www.shouyasanitary.com\/wp-content\/uploads\/2025\/09\/Custom-Solutions-Cabinet-with-White-Color-1-300x300.webp 300w, https:\/\/www.shouyasanitary.com\/wp-content\/uploads\/2025\/09\/Custom-Solutions-Cabinet-with-White-Color-1-150x150.webp 150w, https:\/\/www.shouyasanitary.com\/wp-content\/uploads\/2025\/09\/Custom-Solutions-Cabinet-with-White-Color-1-12x12.webp 12w, https:\/\/www.shouyasanitary.com\/wp-content\/uploads\/2025\/09\/Custom-Solutions-Cabinet-with-White-Color-1-600x600.webp 600w, https:\/\/www.shouyasanitary.com\/wp-content\/uploads\/2025\/09\/Custom-Solutions-Cabinet-with-White-Color-1-100x100.webp 100w\" sizes=\"(max-width: 700px) 100vw, 700px\" \/><\/figure>\n<\/div><\/div>\n<\/div>","protected":false},"excerpt":{"rendered":"<p>Bulk benutzerdefinierte Eitelkeiten Bad, mit LED-Spiegel, elegant und sch\u00f6n. Neue Ankunft 2025. Bitte kontaktieren Sie uns f\u00fcr ein Angebot und Produktkatalog.<\/p>\n<h2>Badezimmer Waschbecken Schr\u00e4nke Attribute\uff1a<\/h2>\n<p><strong>Artikel Nr.<\/strong>: 6088-80<br \/><strong>Material des Geh\u00e4uses<\/strong>: Sperrholz<br \/><strong>Farbe des Geh\u00e4uses<\/strong>: Braun<br \/><strong>Spiegel<\/strong>: LED-Spiegel (3,5 mm \/ 3,8 mm), dreifarbige Beleuchtung, One-Touch-Enteisung, mit mehrschichtiger Schaumstoffverpackung gesichert <br \/><strong>Einbauart<\/strong>: Wandbefestigung <br \/><strong>Abmessungen (L \u00d7 B \u00d7 H)<\/strong>: 80 x 47 x 45 cm<br \/><strong>Bruttogewicht<\/strong>: 35kg\/Satz<\/p>\n<h2>Anpassung &amp; Dienstleistungen:<\/h2>\n<p><strong>OEM &amp; ODM<\/strong>: Unterst\u00fctzt<br \/><strong>Gestaltung<\/strong>: Frei<br \/><strong>Zubeh\u00f6r<\/strong>: Waschbecken, Spiegel, Armaturen und anderes Badzubeh\u00f6r<br \/><strong>Verpacken<\/strong>: Einbaufertig<\/p>","protected":false},"featured_media":2079,"comment_status":"closed","ping_status":"closed","template":"","meta":{"_acf_changed":true},"product_brand":[],"product_cat":[20],"product_tag":[],"class_list":{"0":"post-2078","1":"product","2":"type-product","3":"status-publish","4":"has-post-thumbnail","6":"product_cat-wholesale-plywood-bathroom-vanity-cabinets","8":"first","9":"instock","10":"shipping-taxable","11":"product-type-simple"},"acf":[],"_links":{"self":[{"href":"https:\/\/www.shouyasanitary.com\/de\/wp-json\/wp\/v2\/product\/2078","targetHints":{"allow":["GET"]}}],"collection":[{"href":"https:\/\/www.shouyasanitary.com\/de\/wp-json\/wp\/v2\/product"}],"about":[{"href":"https:\/\/www.shouyasanitary.com\/de\/wp-json\/wp\/v2\/types\/product"}],"replies":[{"embeddable":true,"href":"https:\/\/www.shouyasanitary.com\/de\/wp-json\/wp\/v2\/comments?post=2078"}],"wp:featuredmedia":[{"embeddable":true,"href":"https:\/\/www.shouyasanitary.com\/de\/wp-json\/wp\/v2\/media\/2079"}],"wp:attachment":[{"href":"https:\/\/www.shouyasanitary.com\/de\/wp-json\/wp\/v2\/media?parent=2078"}],"wp:term":[{"taxonomy":"product_brand","embeddable":true,"href":"https:\/\/www.shouyasanitary.com\/de\/wp-json\/wp\/v2\/product_brand?post=2078"},{"taxonomy":"product_cat","embeddable":true,"href":"https:\/\/www.shouyasanitary.com\/de\/wp-json\/wp\/v2\/product_cat?post=2078"},{"taxonomy":"product_tag","embeddable":true,"href":"https:\/\/www.shouyasanitary.com\/de\/wp-json\/wp\/v2\/product_tag?post=2078"}],"curies":[{"name":"wp","href":"https:\/\/api.w.org\/{rel}","templated":true}]}}