{"id":2086,"date":"2025-10-09T12:18:35","date_gmt":"2025-10-09T12:18:35","guid":{"rendered":"https:\/\/www.shouyasanitary.com\/?post_type=product&#038;p=2086"},"modified":"2025-10-09T12:18:37","modified_gmt":"2025-10-09T12:18:37","slug":"wholesale-bathroom-countertop-cabinet","status":"publish","type":"product","link":"https:\/\/www.shouyasanitary.com\/de\/produkt\/wholesale-bathroom-countertop-cabinet\/","title":{"rendered":"Gro\u00dfhandel Badezimmer Arbeitsplatte Kabinett, Folating Badezimmer Eitelkeit Doppel Waschbecken Lieferant"},"content":{"rendered":"<div class=\"wp-block-columns is-layout-flex wp-container-core-columns-is-layout-9d6595d7 wp-block-columns-is-layout-flex\">\n<div class=\"wp-block-column is-layout-flow wp-block-column-is-layout-flow\">\n<h2 class=\"wp-block-heading\">Eigenschaften von Badezimmer-Arbeitsplattenschr\u00e4nken\uff1a<\/h2>\n\n\n\n<p><strong>Auff\u00e4lliges Erscheinungsbild: <\/strong>Der Hauptschrank ist in schlichtem Wei\u00df gehalten, gepaart mit einem h\u00fcbschen Schachbrettmuster, das minimalistisch und dennoch designbewusst ist. Er bildet einen scharfen Kontrast zu der dunkelgr\u00fcnen Wand und wird so leicht zum visuellen Mittelpunkt des Badezimmers und schafft eine stilvolle und geschmackvolle Atmosph\u00e4re f\u00fcr das Bad.<\/p>\n\n\n\n<p><strong>Wandmontierter Hauptschrank: <\/strong>Das wandmontierte Design schafft einerseits einen ger\u00e4umigeren Badezimmerboden, der viel Bewegungsfreiheit bietet; andererseits erleichtert diese h\u00e4ngende Konstruktion die Reinigung des Bodens, reduziert sanit\u00e4re Totzonen und erleichtert die Badezimmerreinigung.<\/p>\n\n\n\n<p><strong>Praktischer Spiegel: <\/strong>Der passende LED-Spiegel, der von einer Beleuchtung umgeben ist, sorgt f\u00fcr eine hervorragende Ausleuchtung, die die t\u00e4glichen Aufgaben wie Waschen und Schminken erleichtert und gleichzeitig das technologische und atmosph\u00e4rische Ambiente des Badezimmers aufwertet.<\/p>\n\n\n\n<p><strong>Integriertes Keramik-Waschbecken<\/strong>: Die harte Textur und die glatte Oberfl\u00e4che sind fleckenunempfindlich und leicht zu reinigen, so dass eine langfristige Sauberkeit gew\u00e4hrleistet ist.<\/p>\n\n\n\n<p><strong>Ausgezeichnete Materialleistung: <\/strong>Der Hauptschrank besteht aus PVC-Material, das eine gute Wasserdichtigkeit aufweist und der feuchten Umgebung des Badezimmers standh\u00e4lt, so dass der Schrank nicht durch Feuchtigkeit besch\u00e4digt werden kann. Es hat auch eine gute staubdichte F\u00e4higkeit, reduziert die Staubanhaftung und h\u00e4lt den Schrank jederzeit sauber, so dass die t\u00e4gliche Wartung sehr bequem.<\/p>\n\n\n\n<p><strong>Flexible Anpassungsm\u00f6glichkeiten:<\/strong>\u00a0Shouya bietet einen kundenspezifischen Service, einschlie\u00dflich Gr\u00f6\u00dfe, Farbe, Logoanpassung usw., um Ihre Bed\u00fcrfnisse zu erf\u00fcllen.<\/p>\n<\/div>\n\n\n\n<div class=\"wp-block-column is-layout-flow wp-block-column-is-layout-flow\"><div class=\"wp-block-image\">\n<figure class=\"aligncenter size-full\"><img decoding=\"async\" width=\"700\" height=\"700\" src=\"https:\/\/www.shouyasanitary.com\/wp-content\/uploads\/2025\/09\/wholesale-Bathroom-Cabinet-with-Mirror-1.webp\" alt=\"Gro\u00dfhandel Badezimmerschrank mit Spiegel\" class=\"wp-image-2087\" style=\"object-fit:cover\" srcset=\"https:\/\/www.shouyasanitary.com\/wp-content\/uploads\/2025\/09\/wholesale-Bathroom-Cabinet-with-Mirror-1.webp 700w, https:\/\/www.shouyasanitary.com\/wp-content\/uploads\/2025\/09\/wholesale-Bathroom-Cabinet-with-Mirror-1-300x300.webp 300w, https:\/\/www.shouyasanitary.com\/wp-content\/uploads\/2025\/09\/wholesale-Bathroom-Cabinet-with-Mirror-1-150x150.webp 150w, https:\/\/www.shouyasanitary.com\/wp-content\/uploads\/2025\/09\/wholesale-Bathroom-Cabinet-with-Mirror-1-12x12.webp 12w, https:\/\/www.shouyasanitary.com\/wp-content\/uploads\/2025\/09\/wholesale-Bathroom-Cabinet-with-Mirror-1-600x600.webp 600w, https:\/\/www.shouyasanitary.com\/wp-content\/uploads\/2025\/09\/wholesale-Bathroom-Cabinet-with-Mirror-1-100x100.webp 100w\" sizes=\"(max-width: 700px) 100vw, 700px\" \/><\/figure>\n<\/div><\/div>\n<\/div>","protected":false},"excerpt":{"rendered":"<p>Der Gro\u00dfhandels-Badm\u00f6belschrank aus PVC verf\u00fcgt \u00fcber ein Doppelwaschbecken und ein platzsparendes, wasserfestes und leicht zu reinigendes Wanddesign. Das integrierte Keramikbecken und der LED-Spiegel vereinen Funktionalit\u00e4t und Stil. Die Materialien, Gr\u00f6\u00dfen und Farben k\u00f6nnen individuell angepasst werden, um ein einzigartiges Badezimmer zu gestalten. Kontaktieren Sie uns f\u00fcr die niedrigsten MOQ- und Gro\u00dfhandelspreise!<\/p>\n<h2>Badezimmer-Arbeitsplatte Schrank Attribute\uff1a<\/h2>\n<p><strong>Artikel Nr.: <\/strong>6086-120<strong><br \/>Material des Geh\u00e4uses:<\/strong> PVC<br \/><strong>Farbe des Geh\u00e4uses: <\/strong>Gray<br \/><strong>Spiegel:<\/strong> LED-Spiegel (3,5 mm\/3,8 mm), dreifarbige Beleuchtung, One-Touch-Entfogging, gesichert mit mehrlagiger Schaumstoffverpackung<br \/><strong>Installationsart:<\/strong>\u00a0Wandbefestigung<br \/><strong>Abmessungen (L\u00d7B\u00d7H):<\/strong> 120*47*45 cm<br \/><strong>Bruttogewicht:<\/strong> 40kg\/Satz<\/p>\n<h2>Anpassung &amp; Dienstleistungen:<\/h2>\n<p><strong>OEM &amp; ODM<\/strong>: Unterst\u00fctzt<br \/><strong>Gestaltung<\/strong>: Frei<br \/><strong>Zubeh\u00f6r<\/strong>: Waschbecken, Spiegel, Armaturen und anderes Badzubeh\u00f6r<br \/><strong>Verpacken<\/strong>: Einbaufertig<\/p>","protected":false},"featured_media":2087,"comment_status":"closed","ping_status":"closed","template":"","meta":{"_acf_changed":true},"product_brand":[],"product_cat":[24],"product_tag":[],"class_list":{"0":"post-2086","1":"product","2":"type-product","3":"status-publish","4":"has-post-thumbnail","6":"product_cat-wholesale-pvc-bathroom-vanity-cabinets","8":"first","9":"instock","10":"shipping-taxable","11":"product-type-simple"},"acf":[],"_links":{"self":[{"href":"https:\/\/www.shouyasanitary.com\/de\/wp-json\/wp\/v2\/product\/2086","targetHints":{"allow":["GET"]}}],"collection":[{"href":"https:\/\/www.shouyasanitary.com\/de\/wp-json\/wp\/v2\/product"}],"about":[{"href":"https:\/\/www.shouyasanitary.com\/de\/wp-json\/wp\/v2\/types\/product"}],"replies":[{"embeddable":true,"href":"https:\/\/www.shouyasanitary.com\/de\/wp-json\/wp\/v2\/comments?post=2086"}],"wp:featuredmedia":[{"embeddable":true,"href":"https:\/\/www.shouyasanitary.com\/de\/wp-json\/wp\/v2\/media\/2087"}],"wp:attachment":[{"href":"https:\/\/www.shouyasanitary.com\/de\/wp-json\/wp\/v2\/media?parent=2086"}],"wp:term":[{"taxonomy":"product_brand","embeddable":true,"href":"https:\/\/www.shouyasanitary.com\/de\/wp-json\/wp\/v2\/product_brand?post=2086"},{"taxonomy":"product_cat","embeddable":true,"href":"https:\/\/www.shouyasanitary.com\/de\/wp-json\/wp\/v2\/product_cat?post=2086"},{"taxonomy":"product_tag","embeddable":true,"href":"https:\/\/www.shouyasanitary.com\/de\/wp-json\/wp\/v2\/product_tag?post=2086"}],"curies":[{"name":"wp","href":"https:\/\/api.w.org\/{rel}","templated":true}]}}