{"id":2090,"date":"2025-09-26T09:45:01","date_gmt":"2025-09-26T09:45:01","guid":{"rendered":"https:\/\/www.shouyasanitary.com\/?post_type=product&#038;p=2090"},"modified":"2025-09-26T09:45:06","modified_gmt":"2025-09-26T09:45:06","slug":"wholesale-cabinet-white-bathroom","status":"publish","type":"product","link":"https:\/\/www.shouyasanitary.com\/de\/produkt\/wholesale-cabinet-white-bathroom\/","title":{"rendered":"Gro\u00dfhandel Kabinett wei\u00df Bad, PVC Wall Hung Badezimmer Eitelkeit mit Spiegel Elegant Custom"},"content":{"rendered":"<div class=\"wp-block-columns is-layout-flex wp-container-core-columns-is-layout-9d6595d7 wp-block-columns-is-layout-flex\">\n<div class=\"wp-block-column is-layout-flow wp-block-column-is-layout-flow\">\n<h2 class=\"wp-block-heading\">Wei\u00dfes Kabinett Badezimmer Eigenschaften\uff1a<\/h2>\n\n\n\n<p><strong>Herausragende visuelle Effekte: <\/strong>Der Hauptschrank ist in reinem Wei\u00df gehalten, schlicht und elegant. Die Oberfl\u00e4che des Schranks weist ein einzigartiges dreidimensionales Design auf, das dem Gesamtbild einen Sinn f\u00fcr Design und Raffinesse verleiht. Er f\u00fcgt sich gut in die Umgebung des Badezimmers in warmen T\u00f6nen ein und schafft eine gem\u00fctliche und stilvolle Atmosph\u00e4re, die im Badezimmer leicht ins Auge f\u00e4llt.<\/p>\n\n\n\n<p><strong>Starke Speicherkapazit\u00e4t: <\/strong>Die Kombination aus Schubladen und Schrankt\u00fcren erm\u00f6glicht eine kategorisierte Aufbewahrung von Toilettenartikeln, Handt\u00fcchern und anderen Gegenst\u00e4nden. So bleibt das Badezimmer aufger\u00e4umt, und jede Art von Gegenstand hat ihren eigenen Stauraum, der den t\u00e4glichen Aufbewahrungsbedarf erf\u00fcllt und die Sauberkeit des Badezimmers verbessert.<\/p>\n\n\n\n<p><strong>Eine praktische und \u00e4sthetisch ansprechende Kombination: <\/strong>Der LED-Spiegel, der sowohl praktisch als auch \u00e4sthetisch ansprechend ist, bietet eine weiche und blendfreie Beleuchtung, die das Gesicht deutlich ausleuchtet und Aufgaben wie das Waschen und Auftragen von Make-up erleichtert und gleichzeitig einen Hauch von Technologie in das Badezimmer bringt. <\/p>\n\n\n\n<p><strong>Hochwertige Materialleistung:<\/strong>\u00a0Der Hauptschrank besteht aus PVC-Material, das gute wasser- und feuchtigkeitsbest\u00e4ndige Eigenschaften aufweist, wodurch es sich gut f\u00fcr die feuchte Badezimmerumgebung eignet und weniger anf\u00e4llig f\u00fcr Probleme wie Schimmelbildung und Verformung ist. <\/p>\n\n\n\n<p><strong>Einfach zu installieren:<\/strong> Das PVC-Material ist au\u00dferdem leicht, was die Installation und den Transport erleichtert, und verf\u00fcgt \u00fcber eine gewisse Verschlei\u00dffestigkeit, was die Lebensdauer des Badezimmerschranks verl\u00e4ngert.<\/p>\n\n\n\n<p><strong>Flexible Anpassung<\/strong>: Wir bieten eine gro\u00dfe Auswahl an ma\u00dfgefertigten Badezimmerschr\u00e4nken, die Sie aus einer Vielzahl von Materialien, Farben und Designs ausw\u00e4hlen k\u00f6nnen, die zu Ihrem Projekt passen. Egal, ob Sie einen modernen, minimalistischen Stil, einen Vintage-Klassiker oder ein einzigartiges, funktionales Design suchen, wir k\u00f6nnen Ihren idealen Badezimmerschrank entwerfen.<\/p>\n<\/div>\n\n\n\n<div class=\"wp-block-column is-layout-flow wp-block-column-is-layout-flow\"><div class=\"wp-block-image\">\n<figure class=\"aligncenter size-full\"><img decoding=\"async\" width=\"700\" height=\"700\" src=\"https:\/\/www.shouyasanitary.com\/wp-content\/uploads\/2025\/09\/Custom-Solutions-Vanity-Cabinet-1.webp\" alt=\"Individuelle L\u00f6sungen Waschtischunterschrank\" class=\"wp-image-2091\" style=\"object-fit:cover\" srcset=\"https:\/\/www.shouyasanitary.com\/wp-content\/uploads\/2025\/09\/Custom-Solutions-Vanity-Cabinet-1.webp 700w, https:\/\/www.shouyasanitary.com\/wp-content\/uploads\/2025\/09\/Custom-Solutions-Vanity-Cabinet-1-300x300.webp 300w, https:\/\/www.shouyasanitary.com\/wp-content\/uploads\/2025\/09\/Custom-Solutions-Vanity-Cabinet-1-150x150.webp 150w, https:\/\/www.shouyasanitary.com\/wp-content\/uploads\/2025\/09\/Custom-Solutions-Vanity-Cabinet-1-12x12.webp 12w, https:\/\/www.shouyasanitary.com\/wp-content\/uploads\/2025\/09\/Custom-Solutions-Vanity-Cabinet-1-600x600.webp 600w, https:\/\/www.shouyasanitary.com\/wp-content\/uploads\/2025\/09\/Custom-Solutions-Vanity-Cabinet-1-100x100.webp 100w\" sizes=\"(max-width: 700px) 100vw, 700px\" \/><\/figure>\n<\/div><\/div>\n<\/div>","protected":false},"excerpt":{"rendered":"<p>Gro\u00dfhandel Schrank wei\u00df Bad, mit einem 3D-Grafik-Design, reichlich Stauraum, und wasserdicht PVC-Konstruktion f\u00fcr die Wandmontage, mit einem Keramik-Schrank, ist die ideale Wahl f\u00fcr die Schaffung eines komfortablen und funktionalen Raum Bad. Bitte kontaktieren Sie uns f\u00fcr ein Angebot und Produktkatalog.<\/p>\n<h2>Kabinett Wei\u00df Badezimmer Attribute\uff1a<\/h2>\n<p><strong>Artikel Nr.: <\/strong>6087-80<strong><br \/>Material des Geh\u00e4uses:<\/strong> PVC<br \/><strong>Farbe des Geh\u00e4uses: <\/strong>Khkai<br \/><strong>Spiegel:<\/strong> LED-Spiegel (3,5 mm\/3,8 mm), dreifarbige Beleuchtung, One-Touch-Entfogging, gesichert mit mehrlagiger Schaumstoffverpackung<br \/><strong>Installationsart:<\/strong>\u00a0Wandbefestigung<br \/><strong>Abmessungen (L\u00d7B\u00d7H):<\/strong> 80*50*45 cm<br \/><strong>Bruttogewicht:<\/strong> 32kg\/Satz<\/p>\n<h2>Anpassung &amp; Dienstleistungen:<\/h2>\n<p><strong>OEM &amp; ODM<\/strong>: Unterst\u00fctzt<br \/><strong>Gestaltung<\/strong>: Frei<br \/><strong>Zubeh\u00f6r<\/strong>: Waschbecken, Spiegel, Armaturen und anderes Badzubeh\u00f6r<br \/><strong>Verpacken<\/strong>: Einbaufertig<\/p>","protected":false},"featured_media":2091,"comment_status":"closed","ping_status":"closed","template":"","meta":{"_acf_changed":true},"product_brand":[],"product_cat":[24],"product_tag":[],"class_list":{"0":"post-2090","1":"product","2":"type-product","3":"status-publish","4":"has-post-thumbnail","6":"product_cat-wholesale-pvc-bathroom-vanity-cabinets","8":"first","9":"instock","10":"shipping-taxable","11":"product-type-simple"},"acf":[],"_links":{"self":[{"href":"https:\/\/www.shouyasanitary.com\/de\/wp-json\/wp\/v2\/product\/2090","targetHints":{"allow":["GET"]}}],"collection":[{"href":"https:\/\/www.shouyasanitary.com\/de\/wp-json\/wp\/v2\/product"}],"about":[{"href":"https:\/\/www.shouyasanitary.com\/de\/wp-json\/wp\/v2\/types\/product"}],"replies":[{"embeddable":true,"href":"https:\/\/www.shouyasanitary.com\/de\/wp-json\/wp\/v2\/comments?post=2090"}],"wp:featuredmedia":[{"embeddable":true,"href":"https:\/\/www.shouyasanitary.com\/de\/wp-json\/wp\/v2\/media\/2091"}],"wp:attachment":[{"href":"https:\/\/www.shouyasanitary.com\/de\/wp-json\/wp\/v2\/media?parent=2090"}],"wp:term":[{"taxonomy":"product_brand","embeddable":true,"href":"https:\/\/www.shouyasanitary.com\/de\/wp-json\/wp\/v2\/product_brand?post=2090"},{"taxonomy":"product_cat","embeddable":true,"href":"https:\/\/www.shouyasanitary.com\/de\/wp-json\/wp\/v2\/product_cat?post=2090"},{"taxonomy":"product_tag","embeddable":true,"href":"https:\/\/www.shouyasanitary.com\/de\/wp-json\/wp\/v2\/product_tag?post=2090"}],"curies":[{"name":"wp","href":"https:\/\/api.w.org\/{rel}","templated":true}]}}