{"id":2094,"date":"2025-10-09T12:18:37","date_gmt":"2025-10-09T12:18:37","guid":{"rendered":"https:\/\/www.shouyasanitary.com\/?post_type=product&#038;p=2094"},"modified":"2025-10-20T08:17:56","modified_gmt":"2025-10-20T08:17:56","slug":"wholesale-stainless-steel-bathroom-cabinet","status":"publish","type":"product","link":"https:\/\/www.shouyasanitary.com\/de\/produkt\/wholesale-stainless-steel-bathroom-cabinet\/","title":{"rendered":"Gro\u00dfhandel Edelstahl Badezimmer Kabinett, Boden stehend Badezimmer Eitelkeit Lieferant modernes Design"},"content":{"rendered":"<div class=\"wp-block-columns is-layout-flex wp-container-core-columns-is-layout-9d6595d7 wp-block-columns-is-layout-flex\">\n<div class=\"wp-block-column is-layout-flow wp-block-column-is-layout-flow\">\n<h2 class=\"wp-block-heading\">Eigenschaften von Edelstahl-Badezimmerschr\u00e4nken\uff1a<\/h2>\n\n\n\n<p><strong>Langlebiges Material: <\/strong>Der Korpus ist aus rostfreiem Stahl gefertigt, der korrosionsbest\u00e4ndig und leicht zu reinigen ist. <\/p>\n\n\n\n<p><strong>Warme Textur<\/strong>: Das graue Design mit simulierter Steinstruktur verleiht dem harten Edelstahl einen Hauch von W\u00e4rme und passt somit zu modernen, leicht luxuri\u00f6sen und anderen unterschiedlichen Badezimmerstilen.<\/p>\n\n\n\n<p><strong>Reichlich Stauraum: <\/strong>Ausgestattet mit einer \"Zwei-Schubladen-eine-T\u00fcr\"-Kombination k\u00f6nnen in den Schubladen kleine Toilettenartikel untergebracht werden, w\u00e4hrend der Raum innerhalb der Schrankt\u00fcr f\u00fcr Reinigungsmittel usw. genutzt werden kann. Die kategorisierte Aufbewahrung sorgt f\u00fcr Ordnung im Badezimmer und erf\u00fcllt den t\u00e4glichen Bedarf an Toilettenartikeln.<\/p>\n\n\n\n<p><strong>Passende Details: T<\/strong>er Aufsatz ist mit einem quadratischen Spiegel mit Licht versehen, der die Pflege mit Hilfe von Licht erleichtert. Die Oberfl\u00e4che des Spiegels ist schlicht und elegant. Sie ist mit einem wei\u00dfen Keramikbecken kombiniert, das zart und pflegeleicht ist. In Kombination mit einem wei\u00dfen Wasserhahn ergibt sich ein harmonischer und einheitlicher Farbton, der die visuelle \u00c4sthetik verbessert.<\/p>\n\n\n\n<p><strong>Integration von Funktion und \u00c4sthetik: <\/strong>Die Langlebigkeit des Edelstahls passt perfekt zur feuchten Umgebung des Badezimmers, w\u00e4hrend das strukturierte Design auf der Au\u00dfenseite den kalten Eindruck des Edelstahls aufhebt und so den doppelten Wert von Praktikabilit\u00e4t und \u00c4sthetik erreicht.<\/p>\n<\/div>\n\n\n\n<div class=\"wp-block-column is-layout-flow wp-block-column-is-layout-flow\"><div class=\"wp-block-image\">\n<figure class=\"aligncenter size-full\"><img decoding=\"async\" width=\"700\" height=\"700\" src=\"https:\/\/www.shouyasanitary.com\/wp-content\/uploads\/2025\/09\/Custom-Vanity-with-Wash-Basin-for-Hotel-Bathroom.webp\" alt=\"Ma\u00dfgeschneiderter Waschtisch mit Waschbecken f\u00fcr ein Hotelbad\" class=\"wp-image-2098\" style=\"object-fit:cover\" srcset=\"https:\/\/www.shouyasanitary.com\/wp-content\/uploads\/2025\/09\/Custom-Vanity-with-Wash-Basin-for-Hotel-Bathroom.webp 700w, https:\/\/www.shouyasanitary.com\/wp-content\/uploads\/2025\/09\/Custom-Vanity-with-Wash-Basin-for-Hotel-Bathroom-300x300.webp 300w, https:\/\/www.shouyasanitary.com\/wp-content\/uploads\/2025\/09\/Custom-Vanity-with-Wash-Basin-for-Hotel-Bathroom-150x150.webp 150w, https:\/\/www.shouyasanitary.com\/wp-content\/uploads\/2025\/09\/Custom-Vanity-with-Wash-Basin-for-Hotel-Bathroom-12x12.webp 12w, https:\/\/www.shouyasanitary.com\/wp-content\/uploads\/2025\/09\/Custom-Vanity-with-Wash-Basin-for-Hotel-Bathroom-600x600.webp 600w, https:\/\/www.shouyasanitary.com\/wp-content\/uploads\/2025\/09\/Custom-Vanity-with-Wash-Basin-for-Hotel-Bathroom-100x100.webp 100w\" sizes=\"(max-width: 700px) 100vw, 700px\" \/><\/figure>\n<\/div><\/div>\n<\/div>\n\n\n\n<p><\/p>","protected":false},"excerpt":{"rendered":"<p>Willkommen im Gro\u00dfhandel Edelstahl Badezimmerschrank mit einer grauen Steinimitation Textur und ein wei\u00dfes Becken schafft einen luxuri\u00f6sen Look. Diese bodenstehende Design ist rostfrei und langlebig, und verf\u00fcgt \u00fcber zwei Schubladen f\u00fcr einfache Lagerung. Fabrik direkt von Shouya, wir bieten Gro\u00dfeink\u00e4ufe und kundenspezifische Bestellungen. Kontaktieren Sie uns noch heute f\u00fcr ein Angebot!<\/p>\n<h2 class=\"wp-block wp-block-post-title block-editor-block-list__block editor-post-title editor-post-title__input rich-text is-selected\" role=\"textbox\" aria-label=\"Name des Produkts\">Edelstahl-Badeschrank Attribute\uff1a<\/h2>\n<p><strong>Artikel Nr.: <\/strong>SYS-1-60<strong><br \/>Material des Geh\u00e4uses:<\/strong> Rostfreier Stahl<br \/><strong>Farbe des Geh\u00e4uses: <\/strong>Gray<br \/><strong>Spiegel: <\/strong>LED-Spiegel (3,5 mm\/3,8 mm), dreifarbige Beleuchtung, One-Touch-Entfogging, gesichert mit mehrlagiger Schaumstoffverpackung<strong><br \/>Installationsart: <\/strong>Bodenstehend<br \/><strong>Abmessungen (L\u00d7B\u00d7H):<\/strong> 60*45*62cm<br \/><strong>Bruttogewicht:<\/strong> 30kg\/Satz<\/p>\n<h2>Anpassung &amp; Dienstleistungen:<\/h2>\n<p><strong>OEM &amp; ODM<\/strong>: Unterst\u00fctzt<br \/><strong>Gestaltung<\/strong>: Frei<br \/><strong>Zubeh\u00f6r<\/strong>: Waschbecken, Spiegel, Armaturen und anderes Badzubeh\u00f6r<br \/><strong>Verpacken<\/strong>: Einbaufertig<\/p>","protected":false},"featured_media":2098,"comment_status":"closed","ping_status":"closed","template":"","meta":{"_acf_changed":false},"product_brand":[],"product_cat":[27],"product_tag":[],"class_list":{"0":"post-2094","1":"product","2":"type-product","3":"status-publish","4":"has-post-thumbnail","6":"product_cat-wholesale-stainless-steel-bathroom-vanity-cabinets","8":"first","9":"instock","10":"shipping-taxable","11":"product-type-simple"},"acf":[],"_links":{"self":[{"href":"https:\/\/www.shouyasanitary.com\/de\/wp-json\/wp\/v2\/product\/2094","targetHints":{"allow":["GET"]}}],"collection":[{"href":"https:\/\/www.shouyasanitary.com\/de\/wp-json\/wp\/v2\/product"}],"about":[{"href":"https:\/\/www.shouyasanitary.com\/de\/wp-json\/wp\/v2\/types\/product"}],"replies":[{"embeddable":true,"href":"https:\/\/www.shouyasanitary.com\/de\/wp-json\/wp\/v2\/comments?post=2094"}],"wp:featuredmedia":[{"embeddable":true,"href":"https:\/\/www.shouyasanitary.com\/de\/wp-json\/wp\/v2\/media\/2098"}],"wp:attachment":[{"href":"https:\/\/www.shouyasanitary.com\/de\/wp-json\/wp\/v2\/media?parent=2094"}],"wp:term":[{"taxonomy":"product_brand","embeddable":true,"href":"https:\/\/www.shouyasanitary.com\/de\/wp-json\/wp\/v2\/product_brand?post=2094"},{"taxonomy":"product_cat","embeddable":true,"href":"https:\/\/www.shouyasanitary.com\/de\/wp-json\/wp\/v2\/product_cat?post=2094"},{"taxonomy":"product_tag","embeddable":true,"href":"https:\/\/www.shouyasanitary.com\/de\/wp-json\/wp\/v2\/product_tag?post=2094"}],"curies":[{"name":"wp","href":"https:\/\/api.w.org\/{rel}","templated":true}]}}