{"id":2095,"date":"2025-10-20T08:17:37","date_gmt":"2025-10-20T08:17:37","guid":{"rendered":"https:\/\/www.shouyasanitary.com\/?post_type=product&#038;p=2095"},"modified":"2025-10-20T08:17:40","modified_gmt":"2025-10-20T08:17:40","slug":"wholesale-bathroom-cabinet-free-standing","status":"publish","type":"product","link":"https:\/\/www.shouyasanitary.com\/de\/produkt\/wholesale-bathroom-cabinet-free-standing\/","title":{"rendered":"Gro\u00dfhandel Badezimmer Kabinett frei stehend, Edelstahl Badezimmer Eitelkeit mit Spiegel Lieferant"},"content":{"rendered":"<div class=\"wp-block-columns is-layout-flex wp-container-core-columns-is-layout-9d6595d7 wp-block-columns-is-layout-flex\">\n<div class=\"wp-block-column is-layout-flow wp-block-column-is-layout-flow\">\n<h2 class=\"wp-block-heading\">Badezimmerschrank Freistehend Merkmale\uff1a<\/h2>\n\n\n\n<p><strong>Langlebiges Material und Stil Pr\u00e4sentation: <\/strong>Das Hauptmaterial ist rostfreier Stahl mit einer wei\u00dfen Marmorstruktur auf der Oberfl\u00e4che. Es verbindet die Langlebigkeit von Edelstahl mit dem leichten Luxus und der Eleganz von Marmor und ist somit resistent gegen Rost und Korrosion in der feuchten Badezimmerumgebung. Gleichzeitig verleiht er dem Raum eine hochwertige Qualit\u00e4t, die sich f\u00fcr moderne, minimalistische und andere Einrichtungsstile eignet.<\/p>\n\n\n\n<p><strong>Kollokation und Detailgestaltung: <\/strong>Der obere Teil ist mit einem gro\u00dfen quadratischen Spiegel mit Beleuchtung ausgestattet, der mit seiner Beleuchtungsfunktion den Komfort bei der K\u00f6rperpflege, der Rasur und anderen T\u00e4tigkeiten erh\u00f6ht. Ein wei\u00dfes Keramikbecken, das zart und leicht zu reinigen ist, und ein schlichter wei\u00dfer Wasserhahn bilden ein harmonisches und einheitliches Farbkonzept mit exquisiten Details.<\/p>\n\n\n\n<p><strong>Praktische bodenst\u00e4ndige Struktur:<\/strong>\u00a0Die bodenstehende Struktur, die von Metallf\u00fc\u00dfen getragen wird, erh\u00f6ht die Stabilit\u00e4t des Schranks und erleichtert gleichzeitig die Reinigung des Schrankbodens und vermeidet sanit\u00e4re Totzonen. Die Kombination aus der Langlebigkeit des Edelstahls und dem \u00e4sthetischen Texturdesign erf\u00fcllt nicht nur die funktionalen Anforderungen des t\u00e4glichen Gebrauchs im Bad, sondern verleiht dem Bad durch die visuelle Pr\u00e4sentation auch einen Hauch von Luxus, wodurch ein doppelter Nutzen aus Funktionalit\u00e4t und \u00c4sthetik entsteht.<\/p>\n\n\n\n<p><strong>Ma\u00dfgeschneiderter Service<\/strong>: Die Farbe, das Material, die Funktion des Spiegelschranks, die Form des Beckens usw. k\u00f6nnen je nach Kundenwunsch angepasst werden, um den \u00e4sthetischen und Nutzungsgewohnheiten der verschiedenen Regionen der Welt zu entsprechen.<\/p>\n<\/div>\n\n\n\n<div class=\"wp-block-column is-layout-flow wp-block-column-is-layout-flow\"><div class=\"wp-block-image\">\n<figure class=\"aligncenter size-full\"><img decoding=\"async\" width=\"700\" height=\"700\" src=\"https:\/\/www.shouyasanitary.com\/wp-content\/uploads\/2025\/09\/OEM-Vanity-with-Mirror-Wash-Basin-for-Hotel-Bathroom.webp\" alt=\"OEM Eitelkeit mit Spiegel Waschbecken f\u00fcr Hotel-Badezimmer\" class=\"wp-image-2104\" style=\"object-fit:cover\" srcset=\"https:\/\/www.shouyasanitary.com\/wp-content\/uploads\/2025\/09\/OEM-Vanity-with-Mirror-Wash-Basin-for-Hotel-Bathroom.webp 700w, https:\/\/www.shouyasanitary.com\/wp-content\/uploads\/2025\/09\/OEM-Vanity-with-Mirror-Wash-Basin-for-Hotel-Bathroom-300x300.webp 300w, https:\/\/www.shouyasanitary.com\/wp-content\/uploads\/2025\/09\/OEM-Vanity-with-Mirror-Wash-Basin-for-Hotel-Bathroom-150x150.webp 150w, https:\/\/www.shouyasanitary.com\/wp-content\/uploads\/2025\/09\/OEM-Vanity-with-Mirror-Wash-Basin-for-Hotel-Bathroom-12x12.webp 12w, https:\/\/www.shouyasanitary.com\/wp-content\/uploads\/2025\/09\/OEM-Vanity-with-Mirror-Wash-Basin-for-Hotel-Bathroom-600x600.webp 600w, https:\/\/www.shouyasanitary.com\/wp-content\/uploads\/2025\/09\/OEM-Vanity-with-Mirror-Wash-Basin-for-Hotel-Bathroom-100x100.webp 100w\" sizes=\"(max-width: 700px) 100vw, 700px\" \/><\/figure>\n<\/div><\/div>\n<\/div>","protected":false},"excerpt":{"rendered":"<p>Gro\u00dfhandel Badezimmerschrank freistehend in Edelstahl mit einem Keramik-Waschbecken und Spiegel. Rostbest\u00e4ndig und einfach zu installieren, sind diese Einheiten ideal f\u00fcr Hotel und Haus Renovierungen. Anpassungen sind m\u00f6glich, und wir bieten schnellen weltweiten Versand. Kontaktieren Sie uns f\u00fcr Massenangebote und kundenspezifische Auftr\u00e4ge.<\/p>\n<h2>Badezimmerschrank Freistehend Attribute\uff1a<\/h2>\n<p><strong>Artikel Nr.:<\/strong> SYS-2-60<strong><br \/>Material des Geh\u00e4uses:<\/strong> Rostfreier Stahl<br \/><strong>Farbe des Geh\u00e4uses: <\/strong>Wei\u00df<br \/><strong>Spiegel: <\/strong>LED-Spiegel (3,5 mm\/3,8 mm), dreifarbige Beleuchtung, One-Touch-Entfogging, gesichert mit mehrlagiger Schaumstoffverpackung<strong><br \/>Installationsart: <\/strong>Bodenbelag<br \/><strong>Abmessungen (L\u00d7B\u00d7H): <\/strong>60*42*65 cm<br \/><strong>Bruttogewicht: <\/strong>30kg\/Satz<\/p>\n<h2>Anpassung &amp; Dienstleistungen:<\/h2>\n<p><strong>OEM &amp; ODM<\/strong>: Unterst\u00fctzt<br \/><strong>Gestaltung<\/strong>: Frei<br \/><strong>Zubeh\u00f6r<\/strong>: Waschbecken, Spiegel, Armaturen und anderes Badzubeh\u00f6r<br \/><strong>Verpacken<\/strong>: Einbaufertig<\/p>","protected":false},"featured_media":2104,"comment_status":"closed","ping_status":"closed","template":"","meta":{"_acf_changed":true},"product_brand":[],"product_cat":[27],"product_tag":[],"class_list":{"0":"post-2095","1":"product","2":"type-product","3":"status-publish","4":"has-post-thumbnail","6":"product_cat-wholesale-stainless-steel-bathroom-vanity-cabinets","8":"first","9":"instock","10":"shipping-taxable","11":"product-type-simple"},"acf":[],"_links":{"self":[{"href":"https:\/\/www.shouyasanitary.com\/de\/wp-json\/wp\/v2\/product\/2095","targetHints":{"allow":["GET"]}}],"collection":[{"href":"https:\/\/www.shouyasanitary.com\/de\/wp-json\/wp\/v2\/product"}],"about":[{"href":"https:\/\/www.shouyasanitary.com\/de\/wp-json\/wp\/v2\/types\/product"}],"replies":[{"embeddable":true,"href":"https:\/\/www.shouyasanitary.com\/de\/wp-json\/wp\/v2\/comments?post=2095"}],"wp:featuredmedia":[{"embeddable":true,"href":"https:\/\/www.shouyasanitary.com\/de\/wp-json\/wp\/v2\/media\/2104"}],"wp:attachment":[{"href":"https:\/\/www.shouyasanitary.com\/de\/wp-json\/wp\/v2\/media?parent=2095"}],"wp:term":[{"taxonomy":"product_brand","embeddable":true,"href":"https:\/\/www.shouyasanitary.com\/de\/wp-json\/wp\/v2\/product_brand?post=2095"},{"taxonomy":"product_cat","embeddable":true,"href":"https:\/\/www.shouyasanitary.com\/de\/wp-json\/wp\/v2\/product_cat?post=2095"},{"taxonomy":"product_tag","embeddable":true,"href":"https:\/\/www.shouyasanitary.com\/de\/wp-json\/wp\/v2\/product_tag?post=2095"}],"curies":[{"name":"wp","href":"https:\/\/api.w.org\/{rel}","templated":true}]}}