{"id":2096,"date":"2025-10-09T12:18:31","date_gmt":"2025-10-09T12:18:31","guid":{"rendered":"https:\/\/www.shouyasanitary.com\/?post_type=product&#038;p=2096"},"modified":"2025-10-09T12:18:35","modified_gmt":"2025-10-09T12:18:35","slug":"wholesale-free-standing-bathroom-cabinet","status":"publish","type":"product","link":"https:\/\/www.shouyasanitary.com\/de\/produkt\/wholesale-free-standing-bathroom-cabinet\/","title":{"rendered":"Gro\u00dfhandel freistehende Badezimmer Kabinett, Edelstahl Badezimmer Eitelkeit mit Spiegel benutzerdefinierte"},"content":{"rendered":"<div class=\"wp-block-columns is-layout-flex wp-container-core-columns-is-layout-9d6595d7 wp-block-columns-is-layout-flex\">\n<div class=\"wp-block-column is-layout-flow wp-block-column-is-layout-flow\">\n<h2 class=\"wp-block-heading\">Eigenschaften des freistehenden Badezimmerschranks\uff1a<\/h2>\n\n\n\n<p><strong>Ausdruck von Material und Textur: <\/strong>Der Schrankkorpus ist haupts\u00e4chlich aus Edelstahl gefertigt, mit einer wei\u00dfen Marmorstruktur auf der Oberfl\u00e4che. Er verf\u00fcgt nicht nur \u00fcber die praktischen Eigenschaften von Edelstahl, wie Feuchtigkeits- und Korrosionsbest\u00e4ndigkeit, sondern bietet durch die Textur auch eine leichte und luxuri\u00f6se Optik, die sich leicht in moderne, minimalistische und andere Badr\u00e4ume einf\u00fcgt.<\/p>\n\n\n\n<p><strong>Reichlich Stauraum: <\/strong>Das bodenstehende Layout \"zwei Schubladen mit einer T\u00fcr\" wurde \u00fcbernommen. Die beiden Schubladen k\u00f6nnen f\u00fcr die kategorisierte Aufbewahrung von kleinen Gegenst\u00e4nden wie Pflegeutensilien und Hautpflegeprodukten verwendet werden, w\u00e4hrend die Schrankt\u00fcr Platz f\u00fcr gr\u00f6\u00dfere Gegenst\u00e4nde wie Badezubeh\u00f6r und Reinigungsmittel bietet. Die abgestufte Anordnung der Aufbewahrungsm\u00f6glichkeiten sorgt daf\u00fcr, dass die Badartikel \u00fcbersichtlich und leicht zug\u00e4nglich sind.<\/p>\n\n\n\n<p><strong>Kollokation und funktionale Aufr\u00fcstung: <\/strong>Der quadratische Spiegel mit LED-Beleuchtung sorgt f\u00fcr eine bessere Beleuchtung und erleichtert das Ankleiden; das wei\u00dfe Keramikbecken mit seiner zarten und leicht zu reinigenden Oberfl\u00e4che und der schlichte wei\u00dfe Wasserhahn sorgen f\u00fcr einen harmonischen und einheitlichen Farbton, wobei die Details den Sinn f\u00fcr Qualit\u00e4t unterstreichen.<\/p>\n\n\n\n<p><strong>Bodenst\u00e4ndige Struktur<\/strong>: Er wird von Metallf\u00fc\u00dfen getragen, die die Stabilit\u00e4t des Schranks gew\u00e4hrleisten und gleichzeitig die Reinigung des Schrankbodens erleichtern, so dass keine toten Zonen entstehen. Die Kombination aus der Langlebigkeit des Edelstahls und dem \u00e4sthetischen Design der Textur erf\u00fcllt nicht nur die funktionalen Anforderungen des t\u00e4glichen Gebrauchs im Bad, sondern verleiht dem Bad durch sein einzigartiges Aussehen auch einen Hauch von Luxus und erreicht so den doppelten Wert von Funktionalit\u00e4t und \u00c4sthetik.<\/p>\n<\/div>\n\n\n\n<div class=\"wp-block-column is-layout-flow wp-block-column-is-layout-flow\"><div class=\"wp-block-image\">\n<figure class=\"aligncenter size-full\"><img decoding=\"async\" width=\"700\" height=\"700\" src=\"https:\/\/www.shouyasanitary.com\/wp-content\/uploads\/2025\/09\/Custom-Vanity-with-Mirror-Wash-Basin-for-Hotel-Bathroom.webp\" alt=\"Individueller Waschtisch mit Spiegelwaschbecken f\u00fcr Hotelbadezimmer\" class=\"wp-image-2107\" style=\"object-fit:cover\" srcset=\"https:\/\/www.shouyasanitary.com\/wp-content\/uploads\/2025\/09\/Custom-Vanity-with-Mirror-Wash-Basin-for-Hotel-Bathroom.webp 700w, https:\/\/www.shouyasanitary.com\/wp-content\/uploads\/2025\/09\/Custom-Vanity-with-Mirror-Wash-Basin-for-Hotel-Bathroom-300x300.webp 300w, https:\/\/www.shouyasanitary.com\/wp-content\/uploads\/2025\/09\/Custom-Vanity-with-Mirror-Wash-Basin-for-Hotel-Bathroom-150x150.webp 150w, https:\/\/www.shouyasanitary.com\/wp-content\/uploads\/2025\/09\/Custom-Vanity-with-Mirror-Wash-Basin-for-Hotel-Bathroom-12x12.webp 12w, https:\/\/www.shouyasanitary.com\/wp-content\/uploads\/2025\/09\/Custom-Vanity-with-Mirror-Wash-Basin-for-Hotel-Bathroom-600x600.webp 600w, https:\/\/www.shouyasanitary.com\/wp-content\/uploads\/2025\/09\/Custom-Vanity-with-Mirror-Wash-Basin-for-Hotel-Bathroom-100x100.webp 100w\" sizes=\"(max-width: 700px) 100vw, 700px\" \/><\/figure>\n<\/div><\/div>\n<\/div>\n\n\n\n<p><\/p>","protected":false},"excerpt":{"rendered":"<p>Willkommen im Gro\u00dfhandel Bad Spiegel Eitelkeit, Edelstahl Bad Schrank, mit Keramik-Schrank, ist die ideale Wahl f\u00fcr die Schaffung eines komfortablen und funktionalen Bad Raum. Bitte kontaktieren Sie uns f\u00fcr ein Angebot und Produktkatalog.<\/p>\n<h2>Badezimmer-Spiegel Eitelkeit Attribute\uff1a<\/h2>\n<p><strong>Artikel Nr.: <\/strong>SYS-2-80<strong><br \/>Material des Geh\u00e4uses:<\/strong> Rostfreier Stahl<br \/><strong>Farbe des Geh\u00e4uses:<\/strong>Wei\u00df<br \/><strong>Spiegel: <\/strong>LED-Spiegel (3,5 mm\/3,8 mm), dreifarbige Beleuchtung, One-Touch-Entfogging, gesichert mit mehrlagiger Schaumstoffverpackung<strong><br \/>Installationsart: <\/strong>Bodenstehend<br \/><strong>Abmessungen (L\u00d7B\u00d7H):<\/strong> 80*42*65cm<br \/><strong>Bruttogewicht:<\/strong> 35kg\/Satz<\/p>\n<h2>Anpassung &amp; Dienstleistungen:<\/h2>\n<p><strong>OEM &amp; ODM<\/strong>: Unterst\u00fctzt<br \/><strong>Gestaltung<\/strong>: Frei<br \/><strong>Zubeh\u00f6r<\/strong>: Waschbecken, Spiegel, Armaturen und anderes Badzubeh\u00f6r<br \/><strong>Verpacken<\/strong>: Einbaufertig<\/p>","protected":false},"featured_media":2107,"comment_status":"closed","ping_status":"closed","template":"","meta":{"_acf_changed":true},"product_brand":[],"product_cat":[27],"product_tag":[],"class_list":{"0":"post-2096","1":"product","2":"type-product","3":"status-publish","4":"has-post-thumbnail","6":"product_cat-wholesale-stainless-steel-bathroom-vanity-cabinets","8":"first","9":"instock","10":"shipping-taxable","11":"product-type-simple"},"acf":[],"_links":{"self":[{"href":"https:\/\/www.shouyasanitary.com\/de\/wp-json\/wp\/v2\/product\/2096","targetHints":{"allow":["GET"]}}],"collection":[{"href":"https:\/\/www.shouyasanitary.com\/de\/wp-json\/wp\/v2\/product"}],"about":[{"href":"https:\/\/www.shouyasanitary.com\/de\/wp-json\/wp\/v2\/types\/product"}],"replies":[{"embeddable":true,"href":"https:\/\/www.shouyasanitary.com\/de\/wp-json\/wp\/v2\/comments?post=2096"}],"wp:featuredmedia":[{"embeddable":true,"href":"https:\/\/www.shouyasanitary.com\/de\/wp-json\/wp\/v2\/media\/2107"}],"wp:attachment":[{"href":"https:\/\/www.shouyasanitary.com\/de\/wp-json\/wp\/v2\/media?parent=2096"}],"wp:term":[{"taxonomy":"product_brand","embeddable":true,"href":"https:\/\/www.shouyasanitary.com\/de\/wp-json\/wp\/v2\/product_brand?post=2096"},{"taxonomy":"product_cat","embeddable":true,"href":"https:\/\/www.shouyasanitary.com\/de\/wp-json\/wp\/v2\/product_cat?post=2096"},{"taxonomy":"product_tag","embeddable":true,"href":"https:\/\/www.shouyasanitary.com\/de\/wp-json\/wp\/v2\/product_tag?post=2096"}],"curies":[{"name":"wp","href":"https:\/\/api.w.org\/{rel}","templated":true}]}}