{"id":2097,"date":"2025-10-20T08:17:35","date_gmt":"2025-10-20T08:17:35","guid":{"rendered":"https:\/\/www.shouyasanitary.com\/?post_type=product&#038;p=2097"},"modified":"2025-10-20T08:17:37","modified_gmt":"2025-10-20T08:17:37","slug":"custom-free-standing-bathroom-vanities","status":"publish","type":"product","link":"https:\/\/www.shouyasanitary.com\/de\/produkt\/custom-free-standing-bathroom-vanities\/","title":{"rendered":"Benutzerdefinierte freistehende Badezimmer Eitelkeiten, keramische Waschbecken Set f\u00fcr Engineering-Beschaffung"},"content":{"rendered":"<div class=\"wp-block-columns is-layout-flex wp-container-core-columns-is-layout-9d6595d7 wp-block-columns-is-layout-flex\">\n<div class=\"wp-block-column is-layout-flow wp-block-column-is-layout-flow\">\n<h2 class=\"wp-block-heading\">Eigenschaften von Eitelkeiten f\u00fcr Badezimmer\uff1a<\/h2>\n\n\n\n<p><strong>Hervorragende wasserdichte und rostfreie Leistung:<\/strong> Er ist aus hochwertigem Edelstahl gefertigt und wird sorgf\u00e4ltig verarbeitet, was ihm ausgezeichnete wasser- und rostfreie Eigenschaften verleiht. Selbst wenn er lange Zeit in einer feuchten Badumgebung steht, kann er Wassererosion und Rostbildung wirksam verhindern, was die langfristige stabile Nutzung des Schranks gew\u00e4hrleistet und die Kosten f\u00fcr Wartung und Austausch reduziert.<\/p>\n\n\n\n<p><strong>Intelligenter Spiegelschrank:<\/strong> Es ist ein integriertes, helles Beleuchtungssystem. Die Spiegelfl\u00e4che ist klar und erleichtert dem Benutzer die t\u00e4gliche K\u00f6rperpflege und das Anziehen.<\/p>\n\n\n\n<p><strong>Humanisiertes Detaildesign:<\/strong> Sie ist bis ins kleinste Detail durchdacht und bietet dem Benutzer auf der ger\u00e4umigen Arbeitsfl\u00e4che des Keramikbeckens viel Platz zum Arbeiten. Es ist leicht zu reinigen, und Flecken lassen sich mit einem sanften Wisch mit dem Handtuch entfernen. Die Schrankt\u00fcren und Schubladen sind mit leisen Gleitschienen ausgestattet, die sich ger\u00e4uschlos \u00f6ffnen und schlie\u00dfen.<\/p>\n\n\n\n<p><strong>Umweltfreundliche und gesunde Materialien:<\/strong> Alle Materialien entsprechen streng den Umweltschutznormen, sind ungiftig und geruchlos, sicher und unbedenklich. Das Edelstahlmaterial selbst hat gute antibakterielle Eigenschaften, die das Wachstum von Bakterien wirksam hemmen k\u00f6nnen, wodurch eine gesunde und sichere Badezimmerumgebung f\u00fcr die Benutzer geschaffen und die Gesundheit ihrer Familien gew\u00e4hrleistet wird.<\/p>\n\n\n\n<p><strong>Direktlieferung ab Werk<\/strong>: unterst\u00fctzt Probebestellungen in kleinen Chargen und umfangreiche kundenspezifische Anpassungen, On-Demand-Produktion zur Verringerung des Risikos von Lagerbestandsr\u00fcckst\u00e4nden, gro\u00dfe Mengen an halbindividuellen Lagerbest\u00e4nden und schnelle Lieferung.<\/p>\n<\/div>\n\n\n\n<div class=\"wp-block-column is-layout-flow wp-block-column-is-layout-flow\"><div class=\"wp-block-image\">\n<figure class=\"aligncenter size-full\"><img decoding=\"async\" width=\"700\" height=\"700\" src=\"https:\/\/www.shouyasanitary.com\/wp-content\/uploads\/2025\/09\/engineering-procurement-Floor-mounted-bathroom-cabinet-vanity.webp\" alt=\"Engineering Beschaffung Bodenmontierter Badezimmerschrank Eitelkeit\" class=\"wp-image-2118\" style=\"object-fit:cover\" srcset=\"https:\/\/www.shouyasanitary.com\/wp-content\/uploads\/2025\/09\/engineering-procurement-Floor-mounted-bathroom-cabinet-vanity.webp 700w, https:\/\/www.shouyasanitary.com\/wp-content\/uploads\/2025\/09\/engineering-procurement-Floor-mounted-bathroom-cabinet-vanity-300x300.webp 300w, https:\/\/www.shouyasanitary.com\/wp-content\/uploads\/2025\/09\/engineering-procurement-Floor-mounted-bathroom-cabinet-vanity-150x150.webp 150w, https:\/\/www.shouyasanitary.com\/wp-content\/uploads\/2025\/09\/engineering-procurement-Floor-mounted-bathroom-cabinet-vanity-12x12.webp 12w, https:\/\/www.shouyasanitary.com\/wp-content\/uploads\/2025\/09\/engineering-procurement-Floor-mounted-bathroom-cabinet-vanity-600x600.webp 600w, https:\/\/www.shouyasanitary.com\/wp-content\/uploads\/2025\/09\/engineering-procurement-Floor-mounted-bathroom-cabinet-vanity-100x100.webp 100w\" sizes=\"(max-width: 700px) 100vw, 700px\" \/><\/figure>\n<\/div><\/div>\n<\/div>","protected":false},"excerpt":{"rendered":"<p>Kundenspezifischer Service: Dieser Badezimmerschrank aus rostfreiem Stahl zeichnet sich durch das integrierte Design eines Waschbeckenschranks im minimalistischen Stil aus und ist ein echter Blickfang. Er kann je nach Kundenwunsch angepasst werden und bietet ein raffiniertes Erscheinungsbild, das den Stil des Badezimmers unterstreicht und das individuelle Projekt aufwertet. F\u00fcr Anfragen stehen wir Ihnen jederzeit gerne zur Verf\u00fcgung.<\/p>\n<h2>Attribute von Waschtischen f\u00fcr Badezimmer\uff1a<\/h2>\n<p><strong>Artikel Nr.: <\/strong>SYS-5-80<strong><br \/>Material des Geh\u00e4uses:<\/strong> Rostfreier Stahl<br \/><strong>Farbe des Geh\u00e4uses: <\/strong>Gelb<br \/><strong>Spiegel: <\/strong>LED-Spiegel (3,5 mm\/3,8 mm), dreifarbige Beleuchtung, One-Touch-Entfogging, gesichert mit mehrlagiger Schaumstoffverpackung<strong><br \/>Installationsart: <\/strong>Bodenstehend<br \/><strong>Abmessungen (L\u00d7B\u00d7H):<\/strong> 80*42*65 cm<br \/><strong>Bruttogewicht:<\/strong> 35kg\/Satz<\/p>\n<h2>Anpassung &amp; Dienstleistungen:<\/h2>\n<p><strong>OEM &amp; ODM<\/strong>: Unterst\u00fctzt<br \/><strong>Gestaltung<\/strong>: Frei<br \/><strong>Zubeh\u00f6r<\/strong>: Waschbecken, Spiegel, Armaturen und anderes Badzubeh\u00f6r<br \/><strong>Verpacken<\/strong>: Einbaufertig<\/p>","protected":false},"featured_media":2118,"comment_status":"closed","ping_status":"closed","template":"","meta":{"_acf_changed":true},"product_brand":[],"product_cat":[27],"product_tag":[],"class_list":{"0":"post-2097","1":"product","2":"type-product","3":"status-publish","4":"has-post-thumbnail","6":"product_cat-wholesale-stainless-steel-bathroom-vanity-cabinets","8":"first","9":"instock","10":"shipping-taxable","11":"product-type-simple"},"acf":[],"_links":{"self":[{"href":"https:\/\/www.shouyasanitary.com\/de\/wp-json\/wp\/v2\/product\/2097","targetHints":{"allow":["GET"]}}],"collection":[{"href":"https:\/\/www.shouyasanitary.com\/de\/wp-json\/wp\/v2\/product"}],"about":[{"href":"https:\/\/www.shouyasanitary.com\/de\/wp-json\/wp\/v2\/types\/product"}],"replies":[{"embeddable":true,"href":"https:\/\/www.shouyasanitary.com\/de\/wp-json\/wp\/v2\/comments?post=2097"}],"wp:featuredmedia":[{"embeddable":true,"href":"https:\/\/www.shouyasanitary.com\/de\/wp-json\/wp\/v2\/media\/2118"}],"wp:attachment":[{"href":"https:\/\/www.shouyasanitary.com\/de\/wp-json\/wp\/v2\/media?parent=2097"}],"wp:term":[{"taxonomy":"product_brand","embeddable":true,"href":"https:\/\/www.shouyasanitary.com\/de\/wp-json\/wp\/v2\/product_brand?post=2097"},{"taxonomy":"product_cat","embeddable":true,"href":"https:\/\/www.shouyasanitary.com\/de\/wp-json\/wp\/v2\/product_cat?post=2097"},{"taxonomy":"product_tag","embeddable":true,"href":"https:\/\/www.shouyasanitary.com\/de\/wp-json\/wp\/v2\/product_tag?post=2097"}],"curies":[{"name":"wp","href":"https:\/\/api.w.org\/{rel}","templated":true}]}}