{"id":2110,"date":"2025-10-09T12:18:26","date_gmt":"2025-10-09T12:18:26","guid":{"rendered":"https:\/\/www.shouyasanitary.com\/?post_type=product&#038;p=2110"},"modified":"2025-10-09T12:18:31","modified_gmt":"2025-10-09T12:18:31","slug":"custom-free-standing-bathroom-vanity-black-bathroom-washbasin-set-in-bulk","status":"publish","type":"product","link":"https:\/\/www.shouyasanitary.com\/de\/produkt\/custom-free-standing-bathroom-vanity-black-bathroom-washbasin-set-in-bulk\/","title":{"rendered":"Individuelles freistehendes Badezimmer Waschbecken, schwarzes Badezimmer Waschbecken Set in Bulk"},"content":{"rendered":"<div class=\"wp-block-columns is-layout-flex wp-container-core-columns-is-layout-9d6595d7 wp-block-columns-is-layout-flex\">\n<div class=\"wp-block-column is-layout-flow wp-block-column-is-layout-flow\">\n<h2 class=\"wp-block-heading\">Freistehende Badezimmer-Eitelkeiten\uff1a<\/h2>\n\n\n\n<p><strong>Anpassungsdienst:<\/strong> Basierend auf den unterschiedlichen Bed\u00fcrfnissen der Kunden und den tats\u00e4chlichen Platzverh\u00e4ltnissen im Badezimmer bieten wir einen umfassenden Anpassungsservice an. Von den Gr\u00f6\u00dfenangaben bis hin zum Erscheinungsbild k\u00f6nnen alle Produkte an die pers\u00f6nlichen Vorlieben angepasst werden, so dass verschiedene Dekorationsw\u00fcnsche erf\u00fcllt und ein einzigartiger Badezimmerbereich geschaffen werden kann.<\/p>\n\n\n\n<p><strong>Leichtes, luxuri\u00f6ses Design:<\/strong> Das leichte, luxuri\u00f6se Designkonzept bringt durch exquisite Linien und zarte Texturen einen einzigartigen Geschmack zur Geltung. Das Erscheinungsbild ist modisch und elegant, weder \u00fcberm\u00e4\u00dfig protzig noch ohne edles Temperament. Sie kann verschiedene hochwertige Baddekorationsstile erg\u00e4nzen und dem Bad eine luxuri\u00f6se Atmosph\u00e4re und k\u00fcnstlerische Sch\u00f6nheit verleihen.<\/p>\n\n\n\n<p><strong>Integrierter Strukturentwurf:<\/strong> Das Waschbecken und der Schrank sind integriert. Die Struktur ist kompakt und vern\u00fcnftig und spart viel Platz im Badezimmer. Die nahtlose Verbindung ist nicht nur sch\u00f6n, sondern verhindert auch wirksam das Eindringen von Wasserflecken und sch\u00fctzt den Schrank vor Feuchtigkeitssch\u00e4den. Gleichzeitig macht das integrierte Design die Reinigungsarbeiten einfacher und bequemer und verbessert die Benutzererfahrung.<\/p>\n\n\n\n<p><strong>Hochwertige Hardware-Komponenten:<\/strong> W\u00e4hlen Sie hochwertige Beschlagkomponenten, wie z. B. robuste und langlebige Scharniere und leichtg\u00e4ngige und leise Gleitschienen. Diese Komponenten werden strengen Qualit\u00e4tskontrollen unterzogen und k\u00f6nnen h\u00e4ufigem Gebrauch ohne Besch\u00e4digung standhalten. Sie gew\u00e4hrleisten ein reibungsloses \u00d6ffnen und Schlie\u00dfen der Schrankt\u00fcren und Schubladen, verbessern die Gesamtqualit\u00e4t und Lebensdauer des Badezimmerschranks und bieten den Nutzern ein hervorragendes Nutzungserlebnis.<\/p>\n<\/div>\n\n\n\n<div class=\"wp-block-column is-layout-flow wp-block-column-is-layout-flow\"><div class=\"wp-block-image\">\n<figure class=\"aligncenter size-full\"><img decoding=\"async\" width=\"700\" height=\"700\" src=\"https:\/\/www.shouyasanitary.com\/wp-content\/uploads\/2025\/09\/supplier-direct-supply-bathroom-cabinet-vanity.webp\" alt=\"lieferant direktlieferung badezimmerschrank eitelkeit\" class=\"wp-image-2111\" style=\"object-fit:cover\" srcset=\"https:\/\/www.shouyasanitary.com\/wp-content\/uploads\/2025\/09\/supplier-direct-supply-bathroom-cabinet-vanity.webp 700w, https:\/\/www.shouyasanitary.com\/wp-content\/uploads\/2025\/09\/supplier-direct-supply-bathroom-cabinet-vanity-300x300.webp 300w, https:\/\/www.shouyasanitary.com\/wp-content\/uploads\/2025\/09\/supplier-direct-supply-bathroom-cabinet-vanity-150x150.webp 150w, https:\/\/www.shouyasanitary.com\/wp-content\/uploads\/2025\/09\/supplier-direct-supply-bathroom-cabinet-vanity-12x12.webp 12w, https:\/\/www.shouyasanitary.com\/wp-content\/uploads\/2025\/09\/supplier-direct-supply-bathroom-cabinet-vanity-600x600.webp 600w, https:\/\/www.shouyasanitary.com\/wp-content\/uploads\/2025\/09\/supplier-direct-supply-bathroom-cabinet-vanity-100x100.webp 100w\" sizes=\"(max-width: 700px) 100vw, 700px\" \/><\/figure>\n<\/div><\/div>\n<\/div>","protected":false},"excerpt":{"rendered":"<p>Custom freistehende Badezimmer Eitelkeit nimmt Edelstahl Material und verf\u00fcgt \u00fcber eine minimalistische und modisches Design. Mit reichlich Stauraum erf\u00fcllt er die Anforderungen an die Aufbewahrung von Badezimmerartikeln. Shouya bietet seinen Kunden kosteng\u00fcnstige, \u00e4sthetisch ansprechende und praktische L\u00f6sungen f\u00fcr Badezimmerschr\u00e4nke. Willkommen zu erkundigen.<\/p>\n<h2>Freistehender Badezimmer-Waschtisch Attribute\uff1a<\/h2>\n<p><strong>Artikel Nr.: <\/strong>SYS-3-80<strong><br \/>Material des Geh\u00e4uses:<\/strong> Rostfreier Stahl<br \/><strong>Farbe des Geh\u00e4uses:\u00a0<\/strong>Schwarz<br \/><strong>Spiegel: <\/strong>LED-Spiegel (3,5 mm\/3,8 mm), dreifarbige Beleuchtung, One-Touch-Entfogging, gesichert mit mehrlagiger Schaumstoffverpackung<strong><br \/>Installationsart: <\/strong>Bodenstehend<br \/><strong>Abmessungen (L\u00d7B\u00d7H):<\/strong> 80*42*65 cm<br \/><strong>Bruttogewicht:<\/strong> 35kg\/Satz<\/p>\n<h2>Anpassung &amp; Dienstleistungen:<\/h2>\n<p><strong>OEM &amp; ODM<\/strong>: Unterst\u00fctzt<br \/><strong>Gestaltung<\/strong>: Frei<br \/><strong>Zubeh\u00f6r<\/strong>: Waschbecken, Spiegel, Armaturen und anderes Badzubeh\u00f6r<br \/><strong>Verpacken<\/strong>: Einbaufertig<\/p>","protected":false},"featured_media":2111,"comment_status":"closed","ping_status":"closed","template":"","meta":{"_acf_changed":true},"product_brand":[],"product_cat":[27],"product_tag":[],"class_list":{"0":"post-2110","1":"product","2":"type-product","3":"status-publish","4":"has-post-thumbnail","6":"product_cat-wholesale-stainless-steel-bathroom-vanity-cabinets","8":"first","9":"instock","10":"shipping-taxable","11":"product-type-simple"},"acf":[],"_links":{"self":[{"href":"https:\/\/www.shouyasanitary.com\/de\/wp-json\/wp\/v2\/product\/2110","targetHints":{"allow":["GET"]}}],"collection":[{"href":"https:\/\/www.shouyasanitary.com\/de\/wp-json\/wp\/v2\/product"}],"about":[{"href":"https:\/\/www.shouyasanitary.com\/de\/wp-json\/wp\/v2\/types\/product"}],"replies":[{"embeddable":true,"href":"https:\/\/www.shouyasanitary.com\/de\/wp-json\/wp\/v2\/comments?post=2110"}],"wp:featuredmedia":[{"embeddable":true,"href":"https:\/\/www.shouyasanitary.com\/de\/wp-json\/wp\/v2\/media\/2111"}],"wp:attachment":[{"href":"https:\/\/www.shouyasanitary.com\/de\/wp-json\/wp\/v2\/media?parent=2110"}],"wp:term":[{"taxonomy":"product_brand","embeddable":true,"href":"https:\/\/www.shouyasanitary.com\/de\/wp-json\/wp\/v2\/product_brand?post=2110"},{"taxonomy":"product_cat","embeddable":true,"href":"https:\/\/www.shouyasanitary.com\/de\/wp-json\/wp\/v2\/product_cat?post=2110"},{"taxonomy":"product_tag","embeddable":true,"href":"https:\/\/www.shouyasanitary.com\/de\/wp-json\/wp\/v2\/product_tag?post=2110"}],"curies":[{"name":"wp","href":"https:\/\/api.w.org\/{rel}","templated":true}]}}