{"id":2114,"date":"2025-10-09T12:18:24","date_gmt":"2025-10-09T12:18:24","guid":{"rendered":"https:\/\/www.shouyasanitary.com\/?post_type=product&#038;p=2114"},"modified":"2025-10-09T12:18:26","modified_gmt":"2025-10-09T12:18:26","slug":"custom-brown-bathroom-vanity","status":"publish","type":"product","link":"https:\/\/www.shouyasanitary.com\/de\/produkt\/custom-brown-bathroom-vanity\/","title":{"rendered":"Benutzerdefinierte braune Badezimmer Eitelkeit, Edelstahl Badezimmer Schrank Boden stehend Gro\u00dfhandel"},"content":{"rendered":"<div class=\"wp-block-columns is-layout-flex wp-container-core-columns-is-layout-9d6595d7 wp-block-columns-is-layout-flex\">\n<div class=\"wp-block-column is-layout-flow wp-block-column-is-layout-flow\">\n<h2 class=\"wp-block-heading\">Eigenschaften des braunen Badezimmer-Waschbeckens\uff1a<\/h2>\n\n\n\n<p><strong>Hochwertige Materialkombination:<\/strong> Er besteht aus einer Kombination von hochwertigem Edelstahl und einem Keramikbecken. Der Edelstahlrahmen ist robust und langlebig, feuchtigkeits- und rostbest\u00e4ndig; die Oberfl\u00e4che des Keramikbeckens ist glatt, leicht zu reinigen und sehr widerstandsf\u00e4hig gegen Flecken, so dass es lange wie neu bleibt und f\u00fcr den h\u00e4ufigen Einsatz auf Baustellen geeignet ist.<\/p>\n\n\n\n<p><strong>Moderner und minimalistischer Stil:<\/strong> Mit glatten Linien und einem gro\u00dfz\u00fcgigen Erscheinungsbild. Das bodenstehende Design spart Platz und eignet sich f\u00fcr die Gestaltung von Badezimmern in verschiedenen Bauprojekten. Die schlichte Form l\u00e4sst sich perfekt in verschiedene Einrichtungsstile integrieren und wertet die gesamte Badumgebung auf.<\/p>\n\n\n\n<p><strong>Multifunktionaler Stauraum:<\/strong> Er ist mit einem Schrank und Schubladen mit gro\u00dfem Fassungsverm\u00f6gen ausgestattet und verf\u00fcgt \u00fcber sinnvolle Unterteilungen, um den Aufbewahrungsbedarf verschiedener Badezimmerartikel zu erf\u00fcllen. Das Geh\u00e4use aus rostfreiem Stahl ist mit exquisitem Hardware-Zubeh\u00f6r gepaart, \u00f6ffnet und schlie\u00dft reibungslos, mit starker Haltbarkeit und bietet effiziente und ordentliche Bad Aufbewahrungsl\u00f6sungen f\u00fcr technische Kunden.<\/p>\n\n\n\n<p><strong>Humanisierte Detailbetrachtungen:<\/strong> Die H\u00f6he des Keramikbeckens ist moderat, im Einklang mit der Ergonomie und erm\u00f6glicht eine komfortable Nutzung. Die Schrankkanten sind glatt verarbeitet, um St\u00f6\u00dfe und Verletzungen zu vermeiden. Die Kombination aus Edelstahl und Keramik ist nicht nur sch\u00f6n, sondern auch pflegeleicht, was die Wartungskosten von Bauprojekten in sp\u00e4teren Phasen reduziert.<\/p>\n\n\n\n<p><strong>Direktlieferung ab Werk<\/strong>: Hochwertige Produktionstechnologie, strenge Qualit\u00e4tskontrollen und flexible Lieferzeiten erf\u00fcllen den Bedarf von Hotels, Appartements, Bauprojekten und Einzelh\u00e4ndlern an gro\u00dfen St\u00fcckzahlen.<\/p>\n<\/div>\n\n\n\n<div class=\"wp-block-column is-layout-flow wp-block-column-is-layout-flow\"><div class=\"wp-block-image\">\n<figure class=\"aligncenter size-full\"><img decoding=\"async\" width=\"700\" height=\"700\" src=\"https:\/\/www.shouyasanitary.com\/wp-content\/uploads\/2025\/09\/engineering-optimization-stainless-steel-bathroom-cabinet-vanity.webp\" alt=\"technische optimierung edelstahl badezimmerschrank eitelkeit\" class=\"wp-image-2115\" style=\"object-fit:cover\" srcset=\"https:\/\/www.shouyasanitary.com\/wp-content\/uploads\/2025\/09\/engineering-optimization-stainless-steel-bathroom-cabinet-vanity.webp 700w, https:\/\/www.shouyasanitary.com\/wp-content\/uploads\/2025\/09\/engineering-optimization-stainless-steel-bathroom-cabinet-vanity-300x300.webp 300w, https:\/\/www.shouyasanitary.com\/wp-content\/uploads\/2025\/09\/engineering-optimization-stainless-steel-bathroom-cabinet-vanity-150x150.webp 150w, https:\/\/www.shouyasanitary.com\/wp-content\/uploads\/2025\/09\/engineering-optimization-stainless-steel-bathroom-cabinet-vanity-12x12.webp 12w, https:\/\/www.shouyasanitary.com\/wp-content\/uploads\/2025\/09\/engineering-optimization-stainless-steel-bathroom-cabinet-vanity-600x600.webp 600w, https:\/\/www.shouyasanitary.com\/wp-content\/uploads\/2025\/09\/engineering-optimization-stainless-steel-bathroom-cabinet-vanity-100x100.webp 100w\" sizes=\"(max-width: 700px) 100vw, 700px\" \/><\/figure>\n<\/div><\/div>\n<\/div>","protected":false},"excerpt":{"rendered":"<p>Gro\u00dfhandel Bad Eitelkeit aus hochwertigem 304 Edelstahl, Edelstahl Bad Schrank ist so konzipiert, kombiniert \u00c4sthetik und practicality.Please kontaktieren Sie uns f\u00fcr ein Angebot und Produktkatalog!<\/p>\n<h2>Edelstahl-Badezimmer-Eitelkeiten Attribute\uff1a<\/h2>\n<p><strong>Artikel Nr.:<\/strong> SYS-4-60<strong><br \/>Material des Geh\u00e4uses:<\/strong> Rostfreier Stahl<br \/><strong>Farbe des Geh\u00e4uses: <\/strong>Braun<br \/><strong>Spiegel: <\/strong>LED-Spiegel (3,5 mm\/3,8 mm), dreifarbige Beleuchtung, One-Touch-Entfogging, gesichert mit mehrlagiger Schaumstoffverpackung<strong><br \/>Installationsart: <\/strong>Bodenbelag<br \/><strong>Abmessungen (L\u00d7B\u00d7H): <\/strong>60*42*65 cm<br \/><strong>Bruttogewicht: <\/strong>30kg\/Satz<\/p>\n<h2>Anpassung &amp; Dienstleistungen:<\/h2>\n<p><strong>OEM &amp; ODM<\/strong>: Unterst\u00fctzt<br \/><strong>Gestaltung<\/strong>: Frei<br \/><strong>Zubeh\u00f6r<\/strong>: Waschbecken, Spiegel, Armaturen und anderes Badzubeh\u00f6r<br \/><strong>Verpacken<\/strong>: Einbaufertig<\/p>","protected":false},"featured_media":2115,"comment_status":"closed","ping_status":"closed","template":"","meta":{"_acf_changed":true},"product_brand":[],"product_cat":[27],"product_tag":[],"class_list":{"0":"post-2114","1":"product","2":"type-product","3":"status-publish","4":"has-post-thumbnail","6":"product_cat-wholesale-stainless-steel-bathroom-vanity-cabinets","8":"first","9":"instock","10":"shipping-taxable","11":"product-type-simple"},"acf":[],"_links":{"self":[{"href":"https:\/\/www.shouyasanitary.com\/de\/wp-json\/wp\/v2\/product\/2114","targetHints":{"allow":["GET"]}}],"collection":[{"href":"https:\/\/www.shouyasanitary.com\/de\/wp-json\/wp\/v2\/product"}],"about":[{"href":"https:\/\/www.shouyasanitary.com\/de\/wp-json\/wp\/v2\/types\/product"}],"replies":[{"embeddable":true,"href":"https:\/\/www.shouyasanitary.com\/de\/wp-json\/wp\/v2\/comments?post=2114"}],"wp:featuredmedia":[{"embeddable":true,"href":"https:\/\/www.shouyasanitary.com\/de\/wp-json\/wp\/v2\/media\/2115"}],"wp:attachment":[{"href":"https:\/\/www.shouyasanitary.com\/de\/wp-json\/wp\/v2\/media?parent=2114"}],"wp:term":[{"taxonomy":"product_brand","embeddable":true,"href":"https:\/\/www.shouyasanitary.com\/de\/wp-json\/wp\/v2\/product_brand?post=2114"},{"taxonomy":"product_cat","embeddable":true,"href":"https:\/\/www.shouyasanitary.com\/de\/wp-json\/wp\/v2\/product_cat?post=2114"},{"taxonomy":"product_tag","embeddable":true,"href":"https:\/\/www.shouyasanitary.com\/de\/wp-json\/wp\/v2\/product_tag?post=2114"}],"curies":[{"name":"wp","href":"https:\/\/api.w.org\/{rel}","templated":true}]}}