{"id":2179,"date":"2025-10-20T08:17:34","date_gmt":"2025-10-20T08:17:34","guid":{"rendered":"https:\/\/www.shouyasanitary.com\/?post_type=product&#038;p=2179"},"modified":"2025-10-20T08:17:35","modified_gmt":"2025-10-20T08:17:35","slug":"wholesale-bathroom-cabinet-with-mirror","status":"publish","type":"product","link":"https:\/\/www.shouyasanitary.com\/de\/produkt\/wholesale-bathroom-cabinet-with-mirror\/","title":{"rendered":"Gro\u00dfhandel Badezimmer Schrank mit Spiegel, moderne PVC Badezimmer Eitelkeit einzigen Waschbecken dunkelgrau benutzerdefinierte"},"content":{"rendered":"<div class=\"wp-block-columns is-layout-flex wp-container-core-columns-is-layout-9d6595d7 wp-block-columns-is-layout-flex\">\n<div class=\"wp-block-column is-layout-flow wp-block-column-is-layout-flow\">\n<h2 class=\"wp-block-heading\">Merkmale des Badezimmerschranks mit Spiegel\uff1a<\/h2>\n\n\n\n<p><strong>Modisches Design:<\/strong> Dieser 80CM PVC Schminktisch und Badezimmerschrank, mit seiner Gr\u00f6\u00dfe und seinem stilvollen Design, erf\u00fcllt perfekt die Bed\u00fcrfnisse von kleinen B\u00e4dern oder G\u00e4stezimmern. Das integrierte Design des Spiegelschranks und des Waschbeckens spart nicht nur Platz, sondern verleiht ihm auch einen modernen Touch. Er ist eine ideale Wahl, die Wirtschaftlichkeit und \u00c4sthetik vereint.<\/p>\n\n\n\n<p><strong>Hervorragende Leistung des PVC-Materials<\/strong>: Durch die Verwendung von hochwertigem PVC als Hauptmaterial f\u00fcr das Badezimmerwaschbecken weist dieses Produkt ausgezeichnete wasserdichte und feuchtigkeitsbest\u00e4ndige Eigenschaften auf, die auch in lang anhaltender feuchter Umgebung stabil bleiben. Die leichte Verarbeitbarkeit von PVC erm\u00f6glicht ein flexibleres Produktdesign und sorgt gleichzeitig f\u00fcr eine glatte Oberfl\u00e4che und eine einfache Reinigung, was den Nutzern ein angenehmes Nutzungserlebnis bietet.<\/p>\n\n\n\n<p><strong>Intelligente Spiegelkabinettfunktion<\/strong>: Der Spiegelschrank bietet nicht nur ein klares Spiegelbild, sondern ist auch mit einem LED-Beleuchtungssystem ausgestattet, das dem Badezimmer einen Hauch von Technologie verleiht. Der intelligente Touch-Schalter macht die Bedienung noch komfortabler. Gleichzeitig l\u00f6st der Stauraum im Inneren des Spiegelschranks effektiv das Stauraumproblem im Bad, h\u00e4lt die Waschutensilien in Ordnung und erf\u00fcllt die hohen Anforderungen moderner Familien an die Funktionalit\u00e4t von Badm\u00f6beln.<\/p>\n\n\n\n<p><strong>Einfache Installation<\/strong>: Das Produktdesign ber\u00fccksichtigt die Einfachheit der Installation und erm\u00f6glicht eine schnelle Installation ohne komplizierte Bauverfahren. <\/p>\n\n\n\n<p><strong> Breite Anwendbarkeit<\/strong>: Ob f\u00fcr den Hausgebrauch oder in kommerziellen Einrichtungen wie Hotels, Wohnungen usw., es l\u00e4sst sich perfekt integrieren und wird zu einer beliebten Wahl auf dem Markt f\u00fcr Waschbecken.<\/p>\n<\/div>\n\n\n\n<div class=\"wp-block-column is-layout-flow wp-block-column-is-layout-flow\"><div class=\"wp-block-image\">\n<figure class=\"aligncenter size-full\"><img decoding=\"async\" width=\"700\" height=\"700\" src=\"https:\/\/www.shouyasanitary.com\/wp-content\/uploads\/2025\/09\/wholesale-supply-pvc-bathroom-cabinet-vanity.webp\" alt=\"Gro\u00dfhandel Versorgung pvc Bad Schrank Eitelkeit\" class=\"wp-image-2180\" style=\"object-fit:cover\" srcset=\"https:\/\/www.shouyasanitary.com\/wp-content\/uploads\/2025\/09\/wholesale-supply-pvc-bathroom-cabinet-vanity.webp 700w, https:\/\/www.shouyasanitary.com\/wp-content\/uploads\/2025\/09\/wholesale-supply-pvc-bathroom-cabinet-vanity-300x300.webp 300w, https:\/\/www.shouyasanitary.com\/wp-content\/uploads\/2025\/09\/wholesale-supply-pvc-bathroom-cabinet-vanity-150x150.webp 150w, https:\/\/www.shouyasanitary.com\/wp-content\/uploads\/2025\/09\/wholesale-supply-pvc-bathroom-cabinet-vanity-12x12.webp 12w, https:\/\/www.shouyasanitary.com\/wp-content\/uploads\/2025\/09\/wholesale-supply-pvc-bathroom-cabinet-vanity-600x600.webp 600w, https:\/\/www.shouyasanitary.com\/wp-content\/uploads\/2025\/09\/wholesale-supply-pvc-bathroom-cabinet-vanity-100x100.webp 100w\" sizes=\"(max-width: 700px) 100vw, 700px\" \/><\/figure>\n<\/div><\/div>\n<\/div>","protected":false},"excerpt":{"rendered":"<p>Gro\u00dfhandel Badezimmerschrank mit Spiegel, dunkelgrau Aussehen ist einfach. Hochwertiges PVC-Material ist wasserdicht und langlebig, und das wandmontierte Design spart Platz. Der Spiegelschrank ist mit Lichtern f\u00fcr einfache t\u00e4gliche Waschen und verwenden ausgestattet. Es ist eine kosteng\u00fcnstige Wahl f\u00fcr ein Badezimmerprojekt. Willkommen zu erkundigen!<\/p>\n<h2>Badezimmerschrank mit Spiegel Attribute\uff1a<\/h2>\n<p><strong>Artikel Nr.: <\/strong>SY301-80<strong><br \/>Material des Geh\u00e4uses:<\/strong> PVC<br \/><strong>Farbe des Geh\u00e4uses:\u00a0<\/strong>Dunkelgrau<br \/><strong>Spiegel:<\/strong> LED-Spiegel (3,5 mm\/3,8 mm), dreifarbige Beleuchtung, One-Touch-Entfogging, gesichert mit mehrlagiger Schaumstoffverpackung<br \/><strong>Installationsart:<\/strong>\u00a0Wandbefestigung<br \/><strong>Abmessungen (L\u00d7B\u00d7H):<\/strong> 80*47*47 cm<br \/><strong>Bruttogewicht:<\/strong> 30kg\/Satz<\/p>\n<h2>Anpassung &amp; Dienstleistungen:<\/h2>\n<p><strong>OEM &amp; ODM<\/strong>: Unterst\u00fctzt<br \/><strong>Gestaltung<\/strong>: Frei<br \/><strong>Zubeh\u00f6r<\/strong>: Waschbecken, Spiegel, Armaturen und anderes Badzubeh\u00f6r<br \/><strong>Verpacken<\/strong>: Einbaufertig<\/p>","protected":false},"featured_media":2180,"comment_status":"closed","ping_status":"closed","template":"","meta":{"_acf_changed":true},"product_brand":[],"product_cat":[24],"product_tag":[],"class_list":{"0":"post-2179","1":"product","2":"type-product","3":"status-publish","4":"has-post-thumbnail","6":"product_cat-wholesale-pvc-bathroom-vanity-cabinets","8":"first","9":"instock","10":"shipping-taxable","11":"product-type-simple"},"acf":[],"_links":{"self":[{"href":"https:\/\/www.shouyasanitary.com\/de\/wp-json\/wp\/v2\/product\/2179","targetHints":{"allow":["GET"]}}],"collection":[{"href":"https:\/\/www.shouyasanitary.com\/de\/wp-json\/wp\/v2\/product"}],"about":[{"href":"https:\/\/www.shouyasanitary.com\/de\/wp-json\/wp\/v2\/types\/product"}],"replies":[{"embeddable":true,"href":"https:\/\/www.shouyasanitary.com\/de\/wp-json\/wp\/v2\/comments?post=2179"}],"wp:featuredmedia":[{"embeddable":true,"href":"https:\/\/www.shouyasanitary.com\/de\/wp-json\/wp\/v2\/media\/2180"}],"wp:attachment":[{"href":"https:\/\/www.shouyasanitary.com\/de\/wp-json\/wp\/v2\/media?parent=2179"}],"wp:term":[{"taxonomy":"product_brand","embeddable":true,"href":"https:\/\/www.shouyasanitary.com\/de\/wp-json\/wp\/v2\/product_brand?post=2179"},{"taxonomy":"product_cat","embeddable":true,"href":"https:\/\/www.shouyasanitary.com\/de\/wp-json\/wp\/v2\/product_cat?post=2179"},{"taxonomy":"product_tag","embeddable":true,"href":"https:\/\/www.shouyasanitary.com\/de\/wp-json\/wp\/v2\/product_tag?post=2179"}],"curies":[{"name":"wp","href":"https:\/\/api.w.org\/{rel}","templated":true}]}}