{"id":2187,"date":"2025-11-03T09:16:23","date_gmt":"2025-11-03T09:16:23","guid":{"rendered":"https:\/\/www.shouyasanitary.com\/?post_type=product&#038;p=2187"},"modified":"2025-11-03T09:16:26","modified_gmt":"2025-11-03T09:16:26","slug":"custom-bathroom-cabinet-with-mirror","status":"publish","type":"product","link":"https:\/\/www.shouyasanitary.com\/de\/produkt\/custom-bathroom-cabinet-with-mirror\/","title":{"rendered":"Benutzerdefinierte Badezimmerschrank mit Spiegel 3D-Grafik Finish Wandmontage Design in Bulk"},"content":{"rendered":"<div class=\"wp-block-columns is-layout-flex wp-container-core-columns-is-layout-9d6595d7 wp-block-columns-is-layout-flex\">\n<div class=\"wp-block-column is-layout-flow wp-block-column-is-layout-flow\">\n<h2 class=\"wp-block-heading\">Merkmale des Badezimmerschranks mit Spiegel\uff1a<\/h2>\n\n\n\n<p><strong>Gourmet-Material<\/strong>: Hochentwickeltes PVC-Material ist wasserdicht und feuchtigkeitsbest\u00e4ndig und kann der feuchten Umgebung im Badezimmer direkt standhalten. Es wird nie verformt, verrottet oder rostet auf lange Sicht, mit gr\u00f6\u00dferer Haltbarkeit.<\/p>\n\n\n\n<p><strong>Wandmontiert Stil:<\/strong> Er nimmt den Platz weg, den der herk\u00f6mmliche Badezimmerschrank einnimmt, so dass der Badezimmerboden ger\u00e4umiger und sauberer wird. Au\u00dferdem ist er leichter zu reinigen und bietet weniger Leerraum.<\/p>\n\n\n\n<p><strong>Spiegelschrank mit gro\u00dfem Fassungsverm\u00f6gen:<\/strong> Der breite obere Spiegelschrank verf\u00fcgt \u00fcber einen hellen, sonnigen Spiegel, der sich perfekt f\u00fcr die morgendliche und abendliche K\u00f6rperpflege eignet. Das ger\u00e4umige Innere bietet Platz f\u00fcr eine Sammlung von Toilettenartikeln, Hautpflegeprodukten und Kosmetika und erm\u00f6glicht einen einfachen und geordneten Zugriff.<\/p>\n\n\n\n<p><strong>Eleganter Stil:<\/strong> Mit dem grafischen 3D-Muster, den klaren und sauberen Linien und dem einzigartigen strukturierten Design, das ein Element von Stil und Raffinesse enth\u00e4lt, wird das Gesamterscheinungsbild aufgewertet und passt problemlos zu jedem Badezimmerstil.<\/p>\n\n\n\n<p><strong>Optimale Lagerung:<\/strong> Der untere Schrank umfasst eine Reihe von Ablagef\u00e4chern, in denen sowohl h\u00e4ufig als auch weniger h\u00e4ufig verwendete Gegenst\u00e4nde sicher aufbewahrt werden k\u00f6nnen, je nach den unterschiedlichen Aufbewahrungsanforderungen.<\/p>\n\n\n\n<p><strong>Hochwertige Hardware:<\/strong> Verwenden Sie hochwertige Beschl\u00e4ge wie Scharniere und Griffe, die sich leicht \u00f6ffnen und schlie\u00dfen lassen und langlebig sind, um die Qualit\u00e4t und Benutzerfreundlichkeit des Produkts zu erh\u00f6hen.<\/p>\n<\/div>\n\n\n\n<div class=\"wp-block-column is-layout-flow wp-block-column-is-layout-flow\"><div class=\"wp-block-image\">\n<figure class=\"aligncenter size-full\"><img decoding=\"async\" width=\"700\" height=\"700\" src=\"https:\/\/www.shouyasanitary.com\/wp-content\/uploads\/2025\/09\/Wholesale-of-Bathroom-Cabinet.webp\" alt=\"Gro\u00dfhandel mit Badezimmerschr\u00e4nken\" class=\"wp-image-2192\" style=\"object-fit:cover\" srcset=\"https:\/\/www.shouyasanitary.com\/wp-content\/uploads\/2025\/09\/Wholesale-of-Bathroom-Cabinet.webp 700w, https:\/\/www.shouyasanitary.com\/wp-content\/uploads\/2025\/09\/Wholesale-of-Bathroom-Cabinet-300x300.webp 300w, https:\/\/www.shouyasanitary.com\/wp-content\/uploads\/2025\/09\/Wholesale-of-Bathroom-Cabinet-150x150.webp 150w, https:\/\/www.shouyasanitary.com\/wp-content\/uploads\/2025\/09\/Wholesale-of-Bathroom-Cabinet-12x12.webp 12w, https:\/\/www.shouyasanitary.com\/wp-content\/uploads\/2025\/09\/Wholesale-of-Bathroom-Cabinet-600x600.webp 600w, https:\/\/www.shouyasanitary.com\/wp-content\/uploads\/2025\/09\/Wholesale-of-Bathroom-Cabinet-100x100.webp 100w\" sizes=\"(max-width: 700px) 100vw, 700px\" \/><\/figure>\n<\/div><\/div>\n<\/div>","protected":false},"excerpt":{"rendered":"<p>Ma\u00dfgefertigter Badezimmerschrank mit Spiegel aus wasserdichtem und feuchtigkeitsbest\u00e4ndigem PVC, wandmontiertes Design mit einem ger\u00e4umigen Spiegelschrank und einer praktischen Ablagefl\u00e4che. Sein stilvolles Aussehen erg\u00e4nzt eine Vielzahl von Stilen und ist die ideale Wahl f\u00fcr die Schaffung eines sauberen und sch\u00f6nen Badezimmer. Wir bieten Ihnen eine Sanit\u00e4rl\u00f6sung aus einer Hand. Kontaktieren Sie uns f\u00fcr weitere Informationen!<\/p>\n<h2>Badezimmerschrank mit Spiegel Attribute\uff1a<\/h2>\n<p><strong>Artikel Nr.: <\/strong>SY302-80<strong><br \/>Material des Geh\u00e4uses:<\/strong> PVC<br \/><strong>Farbe des Geh\u00e4uses:\u00a0<\/strong>Hellgr\u00fcn<br \/><strong>Spiegel:<\/strong> LED-Spiegel (3,5 mm\/3,8 mm), dreifarbige Beleuchtung, One-Touch-Entfogging, gesichert mit mehrlagiger Schaumstoffverpackung<br \/><strong>Installationsart:<\/strong>\u00a0Wandbefestigung<br \/><strong>Abmessungen (L\u00d7B\u00d7H):<\/strong> 80*47*45 cm<br \/><strong>Bruttogewicht:<\/strong> 32kg\/Satz<\/p>\n<h2>Anpassung &amp; Dienstleistungen:<\/h2>\n<p><strong>OEM &amp; ODM<\/strong>: Unterst\u00fctzt<br \/><strong>Gestaltung<\/strong>: Frei<br \/><strong>Zubeh\u00f6r<\/strong>: Waschbecken, Spiegel, Armaturen und anderes Badzubeh\u00f6r<br \/><strong>Verpacken<\/strong>: Einbaufertig<\/p>","protected":false},"featured_media":2192,"comment_status":"closed","ping_status":"closed","template":"","meta":{"_acf_changed":true},"product_brand":[],"product_cat":[24],"product_tag":[],"class_list":{"0":"post-2187","1":"product","2":"type-product","3":"status-publish","4":"has-post-thumbnail","6":"product_cat-wholesale-pvc-bathroom-vanity-cabinets","8":"first","9":"instock","10":"shipping-taxable","11":"product-type-simple"},"acf":[],"_links":{"self":[{"href":"https:\/\/www.shouyasanitary.com\/de\/wp-json\/wp\/v2\/product\/2187","targetHints":{"allow":["GET"]}}],"collection":[{"href":"https:\/\/www.shouyasanitary.com\/de\/wp-json\/wp\/v2\/product"}],"about":[{"href":"https:\/\/www.shouyasanitary.com\/de\/wp-json\/wp\/v2\/types\/product"}],"replies":[{"embeddable":true,"href":"https:\/\/www.shouyasanitary.com\/de\/wp-json\/wp\/v2\/comments?post=2187"}],"wp:featuredmedia":[{"embeddable":true,"href":"https:\/\/www.shouyasanitary.com\/de\/wp-json\/wp\/v2\/media\/2192"}],"wp:attachment":[{"href":"https:\/\/www.shouyasanitary.com\/de\/wp-json\/wp\/v2\/media?parent=2187"}],"wp:term":[{"taxonomy":"product_brand","embeddable":true,"href":"https:\/\/www.shouyasanitary.com\/de\/wp-json\/wp\/v2\/product_brand?post=2187"},{"taxonomy":"product_cat","embeddable":true,"href":"https:\/\/www.shouyasanitary.com\/de\/wp-json\/wp\/v2\/product_cat?post=2187"},{"taxonomy":"product_tag","embeddable":true,"href":"https:\/\/www.shouyasanitary.com\/de\/wp-json\/wp\/v2\/product_tag?post=2187"}],"curies":[{"name":"wp","href":"https:\/\/api.w.org\/{rel}","templated":true}]}}