{"id":2188,"date":"2025-11-03T09:16:26","date_gmt":"2025-11-03T09:16:26","guid":{"rendered":"https:\/\/www.shouyasanitary.com\/?post_type=product&#038;p=2188"},"modified":"2025-11-03T09:16:28","modified_gmt":"2025-11-03T09:16:28","slug":"oem-small-bathroom-vanity-with-sink","status":"publish","type":"product","link":"https:\/\/www.shouyasanitary.com\/de\/produkt\/oem-small-bathroom-vanity-with-sink\/","title":{"rendered":"OEM kleine Badezimmer Eitelkeit mit Waschbecken, hellgr\u00fcn PVC Badezimmer Schrank Gro\u00dfhandel"},"content":{"rendered":"<div class=\"wp-block-columns is-layout-flex wp-container-core-columns-is-layout-9d6595d7 wp-block-columns-is-layout-flex\">\n<div class=\"wp-block-column is-layout-flow wp-block-column-is-layout-flow\">\n<h2 class=\"wp-block-heading\">Kleiner Badezimmer-Waschtisch mit Waschbecken\uff1a<\/h2>\n\n\n\n<p><strong>Hochwertiges PVC-Material<\/strong>l: Der schwimmende, schlanke Badezimmerschrank f\u00fcr die Wandmontage ist aus hochwertigem, langlebigem PVC-Material gefertigt und verf\u00fcgt \u00fcber erstklassige wasserdichte und feuchtigkeitsbest\u00e4ndige Eigenschaften, die ideal f\u00fcr feuchte Badezimmerbedingungen sind. Leicht zu reinigen und leicht im Gewicht, h\u00e4lt er jahrelang mit minimaler Wartung.<\/p>\n\n\n\n<p><strong>Intelligentes Design f\u00fcr die Wandmontage<\/strong>: Die schwimmende Wandmontage spart Bodenfl\u00e4che und erleichtert die Reinigung. Sie sorgt f\u00fcr mehr Offenheit im Bad, ohne das schlichte, moderne Aussehen zu beeintr\u00e4chtigen, und eignet sich sowohl f\u00fcr kleine als auch f\u00fcr gro\u00dfe B\u00e4der.<\/p>\n\n\n\n<p><strong>Funktions-Spiegelkabinett<\/strong>: Der eingebaute LED-Spiegelschrank bietet kristallklares Licht f\u00fcr die t\u00e4gliche K\u00f6rperpflege und zus\u00e4tzlichen, verborgenen Stauraum f\u00fcr pers\u00f6nliche Pflegeutensilien.<\/p>\n\n\n\n<p><strong>Eingebautes Keramik-Waschbecken:<\/strong> Leicht zu reinigen, glatt und bequem.<\/p>\n\n\n\n<p><strong>Hellgr\u00fcn Modernes Finish<\/strong>: Der belebende hellgr\u00fcne Farbton verleiht jedem Badezimmer ein Gef\u00fchl von Vitalit\u00e4t und moderner Eleganz und zieht Kunden an, die auf der Suche nach etwas Neuem und modernem Innendesign sind.<\/p>\n\n\n\n<p><strong>OEM\/ODM-Personalisierung<\/strong>: Erh\u00e4ltlich f\u00fcr vollst\u00e4ndige OEM\/ODM-Personalisierung in Farbe, Gr\u00f6\u00dfe, Beleuchtung und Spiegeldesign, um unterschiedlichen Projektanforderungen gerecht zu werden. Ideal f\u00fcr Gro\u00dfh\u00e4ndler, Bauunternehmer und Wohnungs- oder Hotelprojekte, die langlebige, optisch ansprechende und funktionale Badl\u00f6sungen erfordern.<\/p>\n<\/div>\n\n\n\n<div class=\"wp-block-column is-layout-flow wp-block-column-is-layout-flow\"><div class=\"wp-block-image\">\n<figure class=\"aligncenter size-full\"><img decoding=\"async\" width=\"700\" height=\"700\" src=\"https:\/\/www.shouyasanitary.com\/wp-content\/uploads\/2025\/09\/Wholesale-Bathroom-Vanity-Cabinet.webp\" alt=\"Gro\u00dfhandel Badezimmer Eitelkeit Kabinett\" class=\"wp-image-2189\" style=\"object-fit:cover\" srcset=\"https:\/\/www.shouyasanitary.com\/wp-content\/uploads\/2025\/09\/Wholesale-Bathroom-Vanity-Cabinet.webp 700w, https:\/\/www.shouyasanitary.com\/wp-content\/uploads\/2025\/09\/Wholesale-Bathroom-Vanity-Cabinet-300x300.webp 300w, https:\/\/www.shouyasanitary.com\/wp-content\/uploads\/2025\/09\/Wholesale-Bathroom-Vanity-Cabinet-150x150.webp 150w, https:\/\/www.shouyasanitary.com\/wp-content\/uploads\/2025\/09\/Wholesale-Bathroom-Vanity-Cabinet-12x12.webp 12w, https:\/\/www.shouyasanitary.com\/wp-content\/uploads\/2025\/09\/Wholesale-Bathroom-Vanity-Cabinet-600x600.webp 600w, https:\/\/www.shouyasanitary.com\/wp-content\/uploads\/2025\/09\/Wholesale-Bathroom-Vanity-Cabinet-100x100.webp 100w\" sizes=\"(max-width: 700px) 100vw, 700px\" \/><\/figure>\n<\/div><\/div>\n<\/div>","protected":false},"excerpt":{"rendered":"<p>Der kleine OEM-Waschtisch mit Waschbecken verf\u00fcgt \u00fcber ein 3D-Grafikdesign, einen LED-Spiegelschrank, ein Keramikwaschbecken, eine hellgr\u00fcne Oberfl\u00e4che, PVC-Material und ein wandh\u00e4ngendes Design. Wasserdicht, langlebig und platzsparend, ist es ideal f\u00fcr moderne Projekte. Geliefert vom Hersteller Shouya zum Gro\u00dfhandelspreis. Fragen Sie jetzt an!<\/p>\n<h2>Kleiner Badezimmer-Waschtisch mit Waschbecken Attribute\uff1a<\/h2>\n<p><strong>Artikel Nr.:\u00a0<\/strong>SY302-60<strong><br \/>Material des Geh\u00e4uses:<\/strong> PVC<br \/><strong>Farbe des Geh\u00e4uses:\u00a0<\/strong>Hellgr\u00fcn<br \/><strong>Spiegel:<\/strong> LED-Spiegel (3,5 mm\/3,8 mm), dreifarbige Beleuchtung, One-Touch-Entfogging, gesichert mit mehrlagiger Schaumstoffverpackung<br \/><strong>Installationsart:<\/strong>\u00a0Wandbefestigung<br \/><strong>Abmessungen (L\u00d7B\u00d7H):<\/strong> 60*47*45 cm<br \/><strong>Bruttogewicht:<\/strong> 28kg\/Satz<\/p>\n<h2>Anpassung &amp; Dienstleistungen:<\/h2>\n<p><strong>OEM &amp; ODM<\/strong>: Unterst\u00fctzt<br \/><strong>Gestaltung<\/strong>: Frei<br \/><strong>Zubeh\u00f6r<\/strong>: Waschbecken, Spiegel, Armaturen und anderes Badzubeh\u00f6r<br \/><strong>Verpacken<\/strong>: Einbaufertig<\/p>","protected":false},"featured_media":2189,"comment_status":"closed","ping_status":"closed","template":"","meta":{"_acf_changed":true},"product_brand":[],"product_cat":[24],"product_tag":[],"class_list":{"0":"post-2188","1":"product","2":"type-product","3":"status-publish","4":"has-post-thumbnail","6":"product_cat-wholesale-pvc-bathroom-vanity-cabinets","8":"first","9":"instock","10":"shipping-taxable","11":"product-type-simple"},"acf":[],"_links":{"self":[{"href":"https:\/\/www.shouyasanitary.com\/de\/wp-json\/wp\/v2\/product\/2188","targetHints":{"allow":["GET"]}}],"collection":[{"href":"https:\/\/www.shouyasanitary.com\/de\/wp-json\/wp\/v2\/product"}],"about":[{"href":"https:\/\/www.shouyasanitary.com\/de\/wp-json\/wp\/v2\/types\/product"}],"replies":[{"embeddable":true,"href":"https:\/\/www.shouyasanitary.com\/de\/wp-json\/wp\/v2\/comments?post=2188"}],"wp:featuredmedia":[{"embeddable":true,"href":"https:\/\/www.shouyasanitary.com\/de\/wp-json\/wp\/v2\/media\/2189"}],"wp:attachment":[{"href":"https:\/\/www.shouyasanitary.com\/de\/wp-json\/wp\/v2\/media?parent=2188"}],"wp:term":[{"taxonomy":"product_brand","embeddable":true,"href":"https:\/\/www.shouyasanitary.com\/de\/wp-json\/wp\/v2\/product_brand?post=2188"},{"taxonomy":"product_cat","embeddable":true,"href":"https:\/\/www.shouyasanitary.com\/de\/wp-json\/wp\/v2\/product_cat?post=2188"},{"taxonomy":"product_tag","embeddable":true,"href":"https:\/\/www.shouyasanitary.com\/de\/wp-json\/wp\/v2\/product_tag?post=2188"}],"curies":[{"name":"wp","href":"https:\/\/api.w.org\/{rel}","templated":true}]}}