{"id":2195,"date":"2025-11-03T09:16:28","date_gmt":"2025-11-03T09:16:28","guid":{"rendered":"https:\/\/www.shouyasanitary.com\/?post_type=product&#038;p=2195"},"modified":"2025-11-03T09:16:31","modified_gmt":"2025-11-03T09:16:31","slug":"wholesale-bathroom-vanity-floating","status":"publish","type":"product","link":"https:\/\/www.shouyasanitary.com\/de\/produkt\/wholesale-bathroom-vanity-floating\/","title":{"rendered":"Gro\u00dfhandel Badezimmer Eitelkeit schwimmende Rock Schiefer Spiegel Schrank f\u00fcr Hotel"},"content":{"rendered":"<div class=\"wp-block-columns is-layout-flex wp-container-core-columns-is-layout-9d6595d7 wp-block-columns-is-layout-flex\">\n<div class=\"wp-block-column is-layout-flow wp-block-column-is-layout-flow\">\n<h2 class=\"wp-block-heading\">Badezimmer Eitelkeit schwimmende Eigenschaften\uff1a<\/h2>\n\n\n\n<p><strong>Hochwertiges Felsplattenmaterial<\/strong>: Der aus einer hochwertigen Steinplatte gefertigte Waschtisch ist besonders kratz-, schmutz- und hitzebest\u00e4ndig. Der Schwarz-Wei\u00df-Kontrast sorgt f\u00fcr eine moderne, luxuri\u00f6se \u00c4sthetik und garantiert eine lange Lebensdauer f\u00fcr den privaten oder gewerblichen Gebrauch.<\/p>\n\n\n\n<p><strong>Integrierter Spiegel und funktionales Design<\/strong>: Der rahmenlose LED-Spiegel bietet eine klare, weiche Beleuchtung f\u00fcr die t\u00e4gliche Routine. Das wandh\u00e4ngende Design maximiert den Platz auf dem Boden und erleichtert die Reinigung, w\u00e4hrend das glatte Waschbecken aus Steinplatten eine einfache Wartung gew\u00e4hrleistet. Versteckte Ablagem\u00f6glichkeiten sorgen f\u00fcr Ordnung und \u00dcbersichtlichkeit.<\/p>\n\n\n\n<p><strong>Platzsparend und modern ansprechend<\/strong>: Die schwebende Struktur und die offene untere Ablage unterstreichen die Bequemlichkeit und den modernen Minimalismus, perfekt f\u00fcr kompakte B\u00e4der oder hochwertige Inneneinrichtungen.<\/p>\n\n\n\n<p><strong>Ideal f\u00fcr Projekte im Badezimmer<\/strong>: Geeignet f\u00fcr Hotels, Wohnungen und Renovierungsprojekte. Bietet OEM\/ODM-Anpassung in Gr\u00f6\u00dfe, Farbe, Beleuchtung und Spiegeloptionen, um verschiedene Projektanforderungen zu erf\u00fcllen.<\/p>\n<\/div>\n\n\n\n<div class=\"wp-block-column is-layout-flow wp-block-column-is-layout-flow\"><div class=\"wp-block-image\">\n<figure class=\"aligncenter size-full\"><img decoding=\"async\" width=\"700\" height=\"700\" src=\"https:\/\/www.shouyasanitary.com\/wp-content\/uploads\/2025\/09\/Wholesale-Vanity.webp\" alt=\"Gro\u00dfhandel Eitelkeit\" class=\"wp-image-2202\" style=\"object-fit:cover\" srcset=\"https:\/\/www.shouyasanitary.com\/wp-content\/uploads\/2025\/09\/Wholesale-Vanity.webp 700w, https:\/\/www.shouyasanitary.com\/wp-content\/uploads\/2025\/09\/Wholesale-Vanity-300x300.webp 300w, https:\/\/www.shouyasanitary.com\/wp-content\/uploads\/2025\/09\/Wholesale-Vanity-150x150.webp 150w, https:\/\/www.shouyasanitary.com\/wp-content\/uploads\/2025\/09\/Wholesale-Vanity-12x12.webp 12w, https:\/\/www.shouyasanitary.com\/wp-content\/uploads\/2025\/09\/Wholesale-Vanity-600x600.webp 600w, https:\/\/www.shouyasanitary.com\/wp-content\/uploads\/2025\/09\/Wholesale-Vanity-100x100.webp 100w\" sizes=\"(max-width: 700px) 100vw, 700px\" \/><\/figure>\n<\/div><\/div>\n<\/div>","protected":false},"excerpt":{"rendered":"<p>Gro\u00dfhandel Badezimmer Eitelkeit schwimmend, moderne schwarz-wei\u00df Rock Schiefer Design, wandh\u00e4ngende Struktur mit LED-Spiegel. Langlebig, stilvoll und leicht zu reinigen, ideal f\u00fcr private und gewerbliche Projekte mit voller OEM\/ODM-Anpassung. Kontaktieren Sie uns jetzt, um Angebote zu erhalten!<\/p>\n<h2>Badezimmer Eitelkeit schwimmende Attribute\uff1a<\/h2>\n<p><strong>Artikel Nr.<\/strong>: ZJ1301-80<br \/><strong>Material des Geh\u00e4uses<\/strong>: Marmor <br \/><strong>Farbe des Geh\u00e4uses<\/strong>: Schwarz und wei\u00df<br \/><strong>Spiegel<\/strong>: LED-Spiegel (3,5 mm \/ 3,8 mm), dreifarbige Beleuchtung, One-Touch-Enteisung, mit mehrschichtiger Schaumstoffverpackung gesichert <br \/><strong>Einbauart<\/strong>: Wandbefestigung <br \/><strong>Abmessungen (L \u00d7 B \u00d7 H)<\/strong>: 80 \u00d7 47 \u00d7 14,5 cm <br \/><strong>Bruttogewicht<\/strong>: 30 kg\/Satz<\/p>\n<h2>Anpassung &amp; Dienstleistungen:<\/h2>\n<p><strong>OEM &amp; ODM<\/strong>: Unterst\u00fctzt<br \/><strong>Gestaltung<\/strong>: Frei<br \/><strong>Zubeh\u00f6r<\/strong>: Waschbecken, Spiegel, Armaturen und anderes Badzubeh\u00f6r<br \/><strong>Verpacken<\/strong>: Einbaufertig<\/p>","protected":false},"featured_media":2202,"comment_status":"closed","ping_status":"closed","template":"","meta":{"_acf_changed":true},"product_brand":[],"product_cat":[22],"product_tag":[],"class_list":{"0":"post-2195","1":"product","2":"type-product","3":"status-publish","4":"has-post-thumbnail","6":"product_cat-wholesale-marble-bathroom-vanity-cabinets","8":"first","9":"instock","10":"shipping-taxable","11":"product-type-simple"},"acf":[],"_links":{"self":[{"href":"https:\/\/www.shouyasanitary.com\/de\/wp-json\/wp\/v2\/product\/2195","targetHints":{"allow":["GET"]}}],"collection":[{"href":"https:\/\/www.shouyasanitary.com\/de\/wp-json\/wp\/v2\/product"}],"about":[{"href":"https:\/\/www.shouyasanitary.com\/de\/wp-json\/wp\/v2\/types\/product"}],"replies":[{"embeddable":true,"href":"https:\/\/www.shouyasanitary.com\/de\/wp-json\/wp\/v2\/comments?post=2195"}],"wp:featuredmedia":[{"embeddable":true,"href":"https:\/\/www.shouyasanitary.com\/de\/wp-json\/wp\/v2\/media\/2202"}],"wp:attachment":[{"href":"https:\/\/www.shouyasanitary.com\/de\/wp-json\/wp\/v2\/media?parent=2195"}],"wp:term":[{"taxonomy":"product_brand","embeddable":true,"href":"https:\/\/www.shouyasanitary.com\/de\/wp-json\/wp\/v2\/product_brand?post=2195"},{"taxonomy":"product_cat","embeddable":true,"href":"https:\/\/www.shouyasanitary.com\/de\/wp-json\/wp\/v2\/product_cat?post=2195"},{"taxonomy":"product_tag","embeddable":true,"href":"https:\/\/www.shouyasanitary.com\/de\/wp-json\/wp\/v2\/product_tag?post=2195"}],"curies":[{"name":"wp","href":"https:\/\/api.w.org\/{rel}","templated":true}]}}