{"id":2196,"date":"2025-11-03T09:16:20","date_gmt":"2025-11-03T09:16:20","guid":{"rendered":"https:\/\/www.shouyasanitary.com\/?post_type=product&#038;p=2196"},"modified":"2025-11-03T09:16:23","modified_gmt":"2025-11-03T09:16:23","slug":"custom-cabinet-white-bathroom","status":"publish","type":"product","link":"https:\/\/www.shouyasanitary.com\/de\/produkt\/custom-cabinet-white-bathroom\/","title":{"rendered":"Custom Cabinet Wei\u00df Badezimmer Rock Slate Floating Marble Single Cabinet in Bulk"},"content":{"rendered":"<div class=\"wp-block-columns is-layout-flex wp-container-core-columns-is-layout-9d6595d7 wp-block-columns-is-layout-flex\">\n<div class=\"wp-block-column is-layout-flow wp-block-column-is-layout-flow\">\n<h2 class=\"wp-block-heading\">Kabinett Wei\u00df Badezimmer Merkmale:<\/h2>\n\n\n\n<p><strong>Elegant und minimalistisch<\/strong>: Die klaren, geschwungenen Linien sorgen f\u00fcr ein modernes, minimalistisches Erscheinungsbild, das sich m\u00fchelos in jeden Badstil einf\u00fcgt, von rein nordisch \u00fcber industriell bis hin zu schick und luxuri\u00f6s.<\/p>\n\n\n\n<p><strong>Wandbefestigung<\/strong>: Das einzigartige Design zur Wandmontage spart Bodenfl\u00e4che und schafft einen gr\u00f6\u00dferen, aufger\u00e4umten Badezimmerboden, w\u00e4hrend die t\u00e4gliche Reinigung zum Kinderspiel wird.<\/p>\n\n\n\n<p><strong>Hochwertiges Schiefermaterial<\/strong>: Sowohl der Schrank als auch die Arbeitsplatte sind aus hochwertigem Schiefer gefertigt, der sich durch eine hervorragende Verschlei\u00dffestigkeit, Korrosionsbest\u00e4ndigkeit und Fleckenbest\u00e4ndigkeit auszeichnet und eine lang anhaltende, dauerhafte Oberfl\u00e4che aufweist. Die flache, glatte Oberfl\u00e4che ist leicht zu reinigen, Flecken und Wasser lassen sich mit einem Wisch entfernen.<\/p>\n\n\n\n<p><strong>Integrierte Formgebung<\/strong>: Der Schrank und die Arbeitsplatte sind ineinander integriert, was zu einem sch\u00f6nen und eleganten Aussehen f\u00fchrt und gleichzeitig die strukturelle Stabilit\u00e4t erh\u00f6ht und Schmutz und Leckagen wirksam verhindert.<\/p>\n\n\n\n<p><strong>Zierliche Details:<\/strong> Die Kanten sind fein geschliffen und bieten eine abgerundete, glatte Oberfl\u00e4che, die unempfindlich gegen Kratzer und Besch\u00e4digungen ist und von Qualit\u00e4t und Liebe zum Detail zeugt. Ein gut gestaltetes Regal oder ein Spiegelschrank bietet reichlich Platz f\u00fcr Toilettenartikel und Kosmetika und sorgt f\u00fcr Ordnung im Bad.<\/p>\n<\/div>\n\n\n\n<div class=\"wp-block-column is-layout-flow wp-block-column-is-layout-flow\"><div class=\"wp-block-image\">\n<figure class=\"aligncenter size-full\"><img decoding=\"async\" width=\"700\" height=\"700\" src=\"https:\/\/www.shouyasanitary.com\/wp-content\/uploads\/2025\/09\/Bulk-Purchases-Batnroom-Vanity-Cabinet.webp\" alt=\"Bulk Purchases Badezimmer Waschtischunterschrank\" class=\"wp-image-2197\" style=\"object-fit:cover\" srcset=\"https:\/\/www.shouyasanitary.com\/wp-content\/uploads\/2025\/09\/Bulk-Purchases-Batnroom-Vanity-Cabinet.webp 700w, https:\/\/www.shouyasanitary.com\/wp-content\/uploads\/2025\/09\/Bulk-Purchases-Batnroom-Vanity-Cabinet-300x300.webp 300w, https:\/\/www.shouyasanitary.com\/wp-content\/uploads\/2025\/09\/Bulk-Purchases-Batnroom-Vanity-Cabinet-150x150.webp 150w, https:\/\/www.shouyasanitary.com\/wp-content\/uploads\/2025\/09\/Bulk-Purchases-Batnroom-Vanity-Cabinet-12x12.webp 12w, https:\/\/www.shouyasanitary.com\/wp-content\/uploads\/2025\/09\/Bulk-Purchases-Batnroom-Vanity-Cabinet-600x600.webp 600w, https:\/\/www.shouyasanitary.com\/wp-content\/uploads\/2025\/09\/Bulk-Purchases-Batnroom-Vanity-Cabinet-100x100.webp 100w\" sizes=\"(max-width: 700px) 100vw, 700px\" \/><\/figure>\n<\/div><\/div>\n<\/div>","protected":false},"excerpt":{"rendered":"<p>Gro\u00dfhandel Bad Schrank mit Doppel-Waschbecken, ist dieser Stein Schiefer Schrank mit wei\u00dfer Farbe entworfen, kombiniert \u00c4sthetik und practicality.Please kontaktieren Sie uns f\u00fcr ein Angebot und Produktkatalog!<\/p>\n<h2>Badezimmer Waschtisch Attribute\uff1a<\/h2>\n<p><strong>Artikel Nr.<\/strong>: ZJ1101-60<br \/><strong>Material des Geh\u00e4uses<\/strong>: Marmor <br \/><strong>Farbe des Geh\u00e4uses<\/strong>: Wei\u00df <br \/><strong>Spiegel<\/strong>: LED-Spiegel (3,5 mm \/ 3,8 mm), dreifarbige Beleuchtung, One-Touch-Enteisung, mit mehrschichtiger Schaumstoffverpackung gesichert <br \/><strong>Einbauart<\/strong>: Wandbefestigung <br \/><strong>Abmessungen (L \u00d7 B \u00d7 H)<\/strong>: 60 \u00d7 50 \u00d7 14,5 cm <br \/><strong>Bruttogewicht<\/strong>: 31 kg\/Satz<\/p>\n<h2>Anpassung &amp; Dienstleistungen:<\/h2>\n<p><strong>OEM &amp; ODM<\/strong>: Unterst\u00fctzt<br \/><strong>Gestaltung<\/strong>: Frei<br \/><strong>Zubeh\u00f6r<\/strong>: Waschbecken, Spiegel, Armaturen und anderes Badzubeh\u00f6r<br \/><strong>Verpacken<\/strong>: Einbaufertig<\/p>","protected":false},"featured_media":2197,"comment_status":"closed","ping_status":"closed","template":"","meta":{"_acf_changed":false},"product_brand":[],"product_cat":[22],"product_tag":[],"class_list":{"0":"post-2196","1":"product","2":"type-product","3":"status-publish","4":"has-post-thumbnail","6":"product_cat-wholesale-marble-bathroom-vanity-cabinets","8":"first","9":"instock","10":"shipping-taxable","11":"product-type-simple"},"acf":[],"_links":{"self":[{"href":"https:\/\/www.shouyasanitary.com\/de\/wp-json\/wp\/v2\/product\/2196","targetHints":{"allow":["GET"]}}],"collection":[{"href":"https:\/\/www.shouyasanitary.com\/de\/wp-json\/wp\/v2\/product"}],"about":[{"href":"https:\/\/www.shouyasanitary.com\/de\/wp-json\/wp\/v2\/types\/product"}],"replies":[{"embeddable":true,"href":"https:\/\/www.shouyasanitary.com\/de\/wp-json\/wp\/v2\/comments?post=2196"}],"wp:featuredmedia":[{"embeddable":true,"href":"https:\/\/www.shouyasanitary.com\/de\/wp-json\/wp\/v2\/media\/2197"}],"wp:attachment":[{"href":"https:\/\/www.shouyasanitary.com\/de\/wp-json\/wp\/v2\/media?parent=2196"}],"wp:term":[{"taxonomy":"product_brand","embeddable":true,"href":"https:\/\/www.shouyasanitary.com\/de\/wp-json\/wp\/v2\/product_brand?post=2196"},{"taxonomy":"product_cat","embeddable":true,"href":"https:\/\/www.shouyasanitary.com\/de\/wp-json\/wp\/v2\/product_cat?post=2196"},{"taxonomy":"product_tag","embeddable":true,"href":"https:\/\/www.shouyasanitary.com\/de\/wp-json\/wp\/v2\/product_tag?post=2196"}],"curies":[{"name":"wp","href":"https:\/\/api.w.org\/{rel}","templated":true}]}}