{"id":2221,"date":"2025-10-20T08:17:40","date_gmt":"2025-10-20T08:17:40","guid":{"rendered":"https:\/\/www.shouyasanitary.com\/?post_type=product&#038;p=2221"},"modified":"2025-10-20T08:17:42","modified_gmt":"2025-10-20T08:17:42","slug":"custom-bathroom-vanity-with-mirror","status":"publish","type":"product","link":"https:\/\/www.shouyasanitary.com\/de\/produkt\/custom-bathroom-vanity-with-mirror\/","title":{"rendered":"Benutzerdefinierte Badezimmer Eitelkeit mit Spiegel, Wand montiert Badezimmer Schrank wei\u00df Gro\u00dfhandel"},"content":{"rendered":"<div class=\"wp-block-columns is-layout-flex wp-container-core-columns-is-layout-9d6595d7 wp-block-columns-is-layout-flex\">\n<div class=\"wp-block-column is-layout-flow wp-block-column-is-layout-flow\">\n<h2 class=\"wp-block-heading\">Badezimmer Waschtisch mit Spiegel Eigenschaften\uff1a<\/h2>\n\n\n\n<p><strong>Modisch luxuri\u00f6ser Stil:<\/strong> Dieser 100CM Badezimmerschrank ist in einem modischen und luxuri\u00f6sen Stil gestaltet. Der wei\u00dfe Schrankkorpus ist mit einfachen Linien gepaart und stellt eine perfekte Kombination aus Eleganz und Modernit\u00e4t dar. Er eignet sich f\u00fcr Nutzer, die ein hochwertiges Leben anstreben, und wertet die Gesamt\u00e4sthetik des Badezimmers auf.<\/p>\n\n\n\n<p><strong>Effiziente Speicherl\u00f6sung:<\/strong> Der Stauraum ist mit einem Spiegel gestaltet. Das Innere des Spiegelschranks verf\u00fcgt \u00fcber mehrere F\u00e4cher, die die Klassifizierung der Aufbewahrung von Toilettenartikeln und Sch\u00f6nheitsprodukten erleichtern. Die gro\u00dfe Schublade an der Unterseite des Schranks bietet zus\u00e4tzlichen Stauraum, der den t\u00e4glichen Aufbewahrungsbedarf deckt und f\u00fcr Ordnung im Bad sorgt.<\/p>\n\n\n\n<p><strong>Hochwertige Materialien und Handwerkskunst:<\/strong> Der Schrank ist aus hochwertigem Sperrholz gefertigt, wodurch er robust und langlebig ist und ausgezeichnete feuchtigkeitsabweisende und feuchtigkeitsbest\u00e4ndige Eigenschaften aufweist. Die Oberfl\u00e4chenbehandlung ist edel, f\u00fchlt sich angenehm an, ist leicht zu reinigen und zu pflegen und bleibt \u00fcber lange Zeit unver\u00e4ndert, ohne sich zu verformen oder zu verblassen.<\/p>\n\n\n\n<p><strong>Intelligente Spiegelschrank-Kombination:<\/strong> Der Spiegelschrank bietet nicht nur ein klares Spiegelbild, sondern verf\u00fcgt auch \u00fcber eingebaute LED-Lichtleisten, die f\u00fcr eine sanfte und ausreichende Beleuchtung sorgen und das t\u00e4gliche Schminken und Waschen erleichtern. Das Gesamtdesign ist einfach und elegant, kombiniert Funktionalit\u00e4t und Dekoration und unterstreicht die Modernit\u00e4t des Badezimmers.<\/p>\n\n\n\n<p><strong>Werksversorgung<\/strong>: Wir unterst\u00fctzen das Proofing von Kleinserien und die Produktion von Gro\u00dfserien, um unterschiedlichen Beschaffungsanforderungen und Projektgr\u00f6\u00dfen gerecht zu werden.<\/p>\n<\/div>\n\n\n\n<div class=\"wp-block-column is-layout-flow wp-block-column-is-layout-flow\"><div class=\"wp-block-image\">\n<figure class=\"aligncenter size-full\"><img decoding=\"async\" width=\"700\" height=\"700\" src=\"https:\/\/www.shouyasanitary.com\/wp-content\/uploads\/2025\/10\/supplier-direct-supply-plywood-Bathroom-Cabinet-Vanity.webp\" alt=\"Lieferant direkte Versorgung Sperrholz Bad Schrank Eitelkeit\" class=\"wp-image-2224\" style=\"object-fit:cover\" srcset=\"https:\/\/www.shouyasanitary.com\/wp-content\/uploads\/2025\/10\/supplier-direct-supply-plywood-Bathroom-Cabinet-Vanity.webp 700w, https:\/\/www.shouyasanitary.com\/wp-content\/uploads\/2025\/10\/supplier-direct-supply-plywood-Bathroom-Cabinet-Vanity-300x300.webp 300w, https:\/\/www.shouyasanitary.com\/wp-content\/uploads\/2025\/10\/supplier-direct-supply-plywood-Bathroom-Cabinet-Vanity-150x150.webp 150w, https:\/\/www.shouyasanitary.com\/wp-content\/uploads\/2025\/10\/supplier-direct-supply-plywood-Bathroom-Cabinet-Vanity-12x12.webp 12w, https:\/\/www.shouyasanitary.com\/wp-content\/uploads\/2025\/10\/supplier-direct-supply-plywood-Bathroom-Cabinet-Vanity-600x600.webp 600w, https:\/\/www.shouyasanitary.com\/wp-content\/uploads\/2025\/10\/supplier-direct-supply-plywood-Bathroom-Cabinet-Vanity-100x100.webp 100w\" sizes=\"(max-width: 700px) 100vw, 700px\" \/><\/figure>\n<\/div><\/div>\n<\/div>\n\n\n\n<p><\/p>","protected":false},"excerpt":{"rendered":"<p>Benutzerdefinierte Bad Waschtisch mit Spiegel, geeignet f\u00fcr verschiedene Bad Szenarien. Der Spiegelschrank verf\u00fcgt \u00fcber eine eingebaute LED-Beleuchtung, die eine bequeme Aufbewahrung erm\u00f6glicht. Die gro\u00dfe Schublade vergr\u00f6\u00dfert den Stauraum und sorgt f\u00fcr Ordnung im Bad, indem sie Qualit\u00e4t und Zweckm\u00e4\u00dfigkeit kombiniert. Anfragen und Bestellungen sind jederzeit willkommen!<\/p>\n<h2>Badezimmer Waschtisch mit Spiegel Attribute:<\/h2>\n<p><strong>Artikel Nr.<\/strong>: 3208-100<br \/><strong>Material des Geh\u00e4uses:<\/strong>\u00a0Sperrholz<br \/><strong>Farbe des Geh\u00e4uses:<\/strong>Wei\u00df<\/p>\n<p><strong>Spiegel:<\/strong> LED-Spiegel (3,5 mm\/3,8 mm), dreifarbige Beleuchtung, One-Touch-Entfogging, gesichert mit mehrlagiger Schaumstoffverpackung<br \/><strong>Installationsart:<\/strong>\u00a0Wandbefestigung<br \/><strong>Abmessungen (L\u00d7B\u00d7H):<\/strong> 100 x 50 x 47cm<br \/><strong>Bruttogewicht:<\/strong> 32 kg\/Satz<\/p>\n<h2>Anpassung &amp; Dienstleistungen:<\/h2>\n<p><strong>OEM &amp; ODM<\/strong>: Unterst\u00fctzt<br \/><strong>Gestaltung<\/strong>: Frei<br \/><strong>Zubeh\u00f6r<\/strong>: Waschbecken, Spiegel, Armaturen und anderes Badzubeh\u00f6r<br \/><strong>Verpacken<\/strong>: Einbaufertig<\/p>","protected":false},"featured_media":2224,"comment_status":"closed","ping_status":"closed","template":"","meta":{"_acf_changed":true},"product_brand":[],"product_cat":[20],"product_tag":[],"class_list":{"0":"post-2221","1":"product","2":"type-product","3":"status-publish","4":"has-post-thumbnail","6":"product_cat-wholesale-plywood-bathroom-vanity-cabinets","8":"first","9":"instock","10":"shipping-taxable","11":"product-type-simple"},"acf":[],"_links":{"self":[{"href":"https:\/\/www.shouyasanitary.com\/de\/wp-json\/wp\/v2\/product\/2221","targetHints":{"allow":["GET"]}}],"collection":[{"href":"https:\/\/www.shouyasanitary.com\/de\/wp-json\/wp\/v2\/product"}],"about":[{"href":"https:\/\/www.shouyasanitary.com\/de\/wp-json\/wp\/v2\/types\/product"}],"replies":[{"embeddable":true,"href":"https:\/\/www.shouyasanitary.com\/de\/wp-json\/wp\/v2\/comments?post=2221"}],"wp:featuredmedia":[{"embeddable":true,"href":"https:\/\/www.shouyasanitary.com\/de\/wp-json\/wp\/v2\/media\/2224"}],"wp:attachment":[{"href":"https:\/\/www.shouyasanitary.com\/de\/wp-json\/wp\/v2\/media?parent=2221"}],"wp:term":[{"taxonomy":"product_brand","embeddable":true,"href":"https:\/\/www.shouyasanitary.com\/de\/wp-json\/wp\/v2\/product_brand?post=2221"},{"taxonomy":"product_cat","embeddable":true,"href":"https:\/\/www.shouyasanitary.com\/de\/wp-json\/wp\/v2\/product_cat?post=2221"},{"taxonomy":"product_tag","embeddable":true,"href":"https:\/\/www.shouyasanitary.com\/de\/wp-json\/wp\/v2\/product_tag?post=2221"}],"curies":[{"name":"wp","href":"https:\/\/api.w.org\/{rel}","templated":true}]}}