{"id":2222,"date":"2025-10-20T08:17:42","date_gmt":"2025-10-20T08:17:42","guid":{"rendered":"https:\/\/www.shouyasanitary.com\/?post_type=product&#038;p=2222"},"modified":"2025-10-20T08:17:45","modified_gmt":"2025-10-20T08:17:45","slug":"oem-floating-bathroom-vanity-with-sink","status":"publish","type":"product","link":"https:\/\/www.shouyasanitary.com\/de\/produkt\/oem-floating-bathroom-vanity-with-sink\/","title":{"rendered":"OEM schwimmende Badezimmer Eitelkeit mit Waschbecken, Spiegel Schrank mit Schubladen Badezimmer Gro\u00dfhandel"},"content":{"rendered":"<div class=\"wp-block-columns is-layout-flex wp-container-core-columns-is-layout-9d6595d7 wp-block-columns-is-layout-flex\">\n<div class=\"wp-block-column is-layout-flow wp-block-column-is-layout-flow\">\n<h2 class=\"wp-block-heading\">Schwebende Badezimmer-Eitelkeit mit Waschbecken Eigenschaften\uff1a<\/h2>\n\n\n\n<p><strong>Modernes minimalistisches Design:<\/strong> Sie hat ein modernes, minimalistisches Design mit einfachen und klaren Linien. Die Gesamtform ist ordentlich und sauber und f\u00fcgt sich nahtlos in verschiedene Badezimmerdekorationsstile ein. Der elegante hellgraue Farbton sorgt f\u00fcr ein ruhiges und angenehmes visuelles Erlebnis.<\/p>\n\n\n\n<p><strong>Multifunktionaler Stauraum:<\/strong> Er ist mit einem gro\u00dfen Stauschrank und einem Spiegelschrank ausgestattet. Das Innere des Spiegelschranks ist mit mehreren F\u00e4chern und LED-Lichtleisten ausgestattet und eignet sich zur Aufbewahrung und Pr\u00e4sentation verschiedener Toilettenartikel und Dekorationen. Die Schubladen und die T\u00fcr an der Unterseite des Schranks bieten reichlich versteckten Stauraum und sorgen f\u00fcr Ordnung im Badezimmer.<\/p>\n\n\n\n<p><strong>Hochwertiges Material Sperrholz:<\/strong> Es ist aus hochwertigem Sperrholz gefertigt, mit einer robusten und langlebigen Struktur, die resistent gegen Feuchtigkeit und N\u00e4sse ist und sich f\u00fcr die besondere Umgebung des Badezimmers eignet. Die Oberfl\u00e4che ist speziell behandelt, widerstandsf\u00e4hig gegen Abnutzung und Verschlei\u00df, und das Keramikbecken ist leicht zu reinigen, so dass es lange Zeit wie neu bleibt.<\/p>\n\n\n\n<p><strong>Integriertes Spiegelschrank-Design:<\/strong> Der Spiegelschrank und der Aufbewahrungsschrank sind perfekt kombiniert und sparen nicht nur Platz, sondern bieten auch praktische Funktionen. Die T\u00fcr des Spiegelschranks ist mit einem hochwertigen Spiegel mit klarer Abbildung ausgestattet. Die R\u00fcckseite ist mit einer LED-Lichtleiste versehen, die f\u00fcr eine gleichm\u00e4\u00dfige und weiche Beleuchtung sorgt und das Nutzungserlebnis verbessert.<\/p>\n\n\n\n<p><strong>OEM\/ODM-Dienstleistung<\/strong>: Shouya passt die H\u00f6he, Breite, Tiefe, das Zubeh\u00f6r usw. des Schranks an die Anforderungen des Kundenprojekts an, um sich an die verschiedenen Badezimmerr\u00e4ume anzupassen.<\/p>\n<\/div>\n\n\n\n<div class=\"wp-block-column is-layout-flow wp-block-column-is-layout-flow\"><div class=\"wp-block-image\">\n<figure class=\"aligncenter size-full\"><img decoding=\"async\" width=\"700\" height=\"700\" src=\"https:\/\/www.shouyasanitary.com\/wp-content\/uploads\/2025\/10\/wholesale-selection-modern-plywood-material-cabinet-set.webp\" alt=\"Gro\u00dfhandel Auswahl moderner Sperrholz Material Schrank-Set\" class=\"wp-image-2227\" style=\"object-fit:cover\" srcset=\"https:\/\/www.shouyasanitary.com\/wp-content\/uploads\/2025\/10\/wholesale-selection-modern-plywood-material-cabinet-set.webp 700w, https:\/\/www.shouyasanitary.com\/wp-content\/uploads\/2025\/10\/wholesale-selection-modern-plywood-material-cabinet-set-300x300.webp 300w, https:\/\/www.shouyasanitary.com\/wp-content\/uploads\/2025\/10\/wholesale-selection-modern-plywood-material-cabinet-set-150x150.webp 150w, https:\/\/www.shouyasanitary.com\/wp-content\/uploads\/2025\/10\/wholesale-selection-modern-plywood-material-cabinet-set-12x12.webp 12w, https:\/\/www.shouyasanitary.com\/wp-content\/uploads\/2025\/10\/wholesale-selection-modern-plywood-material-cabinet-set-600x600.webp 600w, https:\/\/www.shouyasanitary.com\/wp-content\/uploads\/2025\/10\/wholesale-selection-modern-plywood-material-cabinet-set-100x100.webp 100w\" sizes=\"(max-width: 700px) 100vw, 700px\" \/><\/figure>\n<\/div><\/div>\n<\/div>","protected":false},"excerpt":{"rendered":"<p>Shouya oem schwimmenden Bad Eitelkeit mit Waschbecken, aus hochwertigem Sperrholz, mit einem integrierten LED-Spiegelschrank, die mit LED-Lichtleisten und mehrere Schichten von Regalen ausgestattet ist, bietet sowohl Lagerung und Display-Funktionen. Wir unterst\u00fctzen OEM\/ODM-Anpassung. Kontaktieren Sie uns noch heute f\u00fcr ein Angebot!\u00a0<\/p>\n<h2>Schwimmender Badezimmer-Eitelkeit mit Waschbecken Attribute\uff1a<\/h2>\n<p><strong>Artikel Nr.:<\/strong>3209-100<strong><br \/>Material des Geh\u00e4uses:<\/strong>\u00a0Sperrholz<br \/><strong>Farbe des Geh\u00e4uses:<\/strong> Khaki<br \/><strong>Spiegel:<\/strong> LED-Spiegel (3,5 mm\/3,8 mm), dreifarbige Beleuchtung, One-Touch-Entfogging, gesichert mit mehrlagiger Schaumstoffverpackung<br \/><strong>Installationsart:<\/strong>\u00a0Wandbefestigung<br \/><strong>Abmessungen (L\u00d7B\u00d7H):<\/strong> 100x47x48 cm<br \/><strong>Bruttogewicht:<\/strong> 35kg\/Satz<\/p>\n<h2>Anpassung &amp; Dienstleistungen:<\/h2>\n<p><strong>OEM &amp; ODM<\/strong>: Unterst\u00fctzt<br \/><strong>Gestaltung<\/strong>: Frei<br \/><strong>Zubeh\u00f6r<\/strong>: Waschbecken, Spiegel, Armaturen und anderes Badzubeh\u00f6r<br \/><strong>Verpacken<\/strong>: Einbaufertig<\/p>","protected":false},"featured_media":2227,"comment_status":"closed","ping_status":"closed","template":"","meta":{"_acf_changed":true},"product_brand":[],"product_cat":[20],"product_tag":[],"class_list":{"0":"post-2222","1":"product","2":"type-product","3":"status-publish","4":"has-post-thumbnail","6":"product_cat-wholesale-plywood-bathroom-vanity-cabinets","8":"first","9":"instock","10":"shipping-taxable","11":"product-type-simple"},"acf":[],"_links":{"self":[{"href":"https:\/\/www.shouyasanitary.com\/de\/wp-json\/wp\/v2\/product\/2222","targetHints":{"allow":["GET"]}}],"collection":[{"href":"https:\/\/www.shouyasanitary.com\/de\/wp-json\/wp\/v2\/product"}],"about":[{"href":"https:\/\/www.shouyasanitary.com\/de\/wp-json\/wp\/v2\/types\/product"}],"replies":[{"embeddable":true,"href":"https:\/\/www.shouyasanitary.com\/de\/wp-json\/wp\/v2\/comments?post=2222"}],"wp:featuredmedia":[{"embeddable":true,"href":"https:\/\/www.shouyasanitary.com\/de\/wp-json\/wp\/v2\/media\/2227"}],"wp:attachment":[{"href":"https:\/\/www.shouyasanitary.com\/de\/wp-json\/wp\/v2\/media?parent=2222"}],"wp:term":[{"taxonomy":"product_brand","embeddable":true,"href":"https:\/\/www.shouyasanitary.com\/de\/wp-json\/wp\/v2\/product_brand?post=2222"},{"taxonomy":"product_cat","embeddable":true,"href":"https:\/\/www.shouyasanitary.com\/de\/wp-json\/wp\/v2\/product_cat?post=2222"},{"taxonomy":"product_tag","embeddable":true,"href":"https:\/\/www.shouyasanitary.com\/de\/wp-json\/wp\/v2\/product_tag?post=2222"}],"curies":[{"name":"wp","href":"https:\/\/api.w.org\/{rel}","templated":true}]}}