{"id":2223,"date":"2025-10-20T08:17:45","date_gmt":"2025-10-20T08:17:45","guid":{"rendered":"https:\/\/www.shouyasanitary.com\/?post_type=product&#038;p=2223"},"modified":"2025-10-20T08:17:46","modified_gmt":"2025-10-20T08:17:46","slug":"custom-bathroom-single-vanity","status":"publish","type":"product","link":"https:\/\/www.shouyasanitary.com\/de\/produkt\/custom-bathroom-single-vanity\/","title":{"rendered":"Benutzerdefinierte Badezimmer einzelne Eitelkeit, moderne graue Badezimmer Wandschrank mit Spiegel Hersteller"},"content":{"rendered":"<div class=\"wp-block-columns is-layout-flex wp-container-core-columns-is-layout-9d6595d7 wp-block-columns-is-layout-flex\">\n<div class=\"wp-block-column is-layout-flow wp-block-column-is-layout-flow\">\n<h2 class=\"wp-block-heading\">Badezimmer Einzelne Eitelkeit Eigenschaften\uff1a<\/h2>\n\n\n\n<p><strong>Exquisiter minimalistischer Stil:<\/strong> Er ist im minimalistischen Design gehalten. Der hellgraue Schrankkorpus ist schlicht und elegant und passt nahtlos zu verschiedenen Badstilen, verleiht dem Raum Ruhe und Eleganz und sorgt f\u00fcr einen erfrischenden und aufger\u00e4umten optischen Effekt im Bad.<\/p>\n\n\n\n<p><strong>Smarter Spiegelschrank-Charme:<\/strong> Ein besonderes Highlight ist der einzigartige, beleuchtete Spiegelschrank. Sanfte LED-Leuchten erhellen den Spiegelschrank, schaffen eine warme Atmosph\u00e4re und beleuchten jedes Detail, was die Pflege erleichtert. Das Innere des Spiegelschranks ist raffiniert aufgeteilt, wobei die verschiedenen Gegenst\u00e4nde in ihren jeweiligen Bereichen untergebracht sind, was eine geordnete Aufbewahrung gew\u00e4hrleistet und die Benutzerfreundlichkeit erh\u00f6ht.<\/p>\n\n\n\n<p><strong>Qualit\u00e4tsgarantie f\u00fcr Sperrholz:<\/strong> Der Hauptk\u00f6rper ist aus hochwertigem Sperrholz gefertigt und verf\u00fcgt \u00fcber ausgezeichnete feuchtigkeitsbest\u00e4ndige und verformungsbest\u00e4ndige Eigenschaften. Es kann immer noch eine stabile Leistung in der feuchten Badezimmerumgebung beibehalten. Die handwerkliche Verarbeitung der Oberfl\u00e4che ist exquisit, mit einer zarten Note. Sie ist nicht nur sehr schmutzabweisend, sondern auch m\u00fchelos zu reinigen und beh\u00e4lt auch nach langem Gebrauch ihr gutes Aussehen.<\/p>\n\n\n\n<p><strong>Geeignet f\u00fcr verschiedene Szenarien:<\/strong> Die Gr\u00f6\u00dfe von 80CM macht ihn zu einer ausgezeichneten Wahl f\u00fcr B\u00e4der oder Orte mit besonderen Platzanforderungen. Ob Familien-, Hotel- oder Wohnungsbad, er l\u00e4sst sich perfekt anpassen, bietet praktische Aufbewahrungs- und Waschfunktionen und erf\u00fcllt die Nutzungsanforderungen verschiedener Szenarien.<\/p>\n<\/div>\n\n\n\n<div class=\"wp-block-column is-layout-flow wp-block-column-is-layout-flow\"><div class=\"wp-block-image\">\n<figure class=\"aligncenter size-full\"><img decoding=\"async\" width=\"700\" height=\"700\" src=\"https:\/\/www.shouyasanitary.com\/wp-content\/uploads\/2025\/10\/direct-supply-by-manufacturer-plywood-bathroom-cabinet-vanity.webp\" alt=\"Direktlieferung durch Hersteller Sperrholz Badezimmerschrank Eitelkeit\" class=\"wp-image-2230\" style=\"object-fit:cover\" srcset=\"https:\/\/www.shouyasanitary.com\/wp-content\/uploads\/2025\/10\/direct-supply-by-manufacturer-plywood-bathroom-cabinet-vanity.webp 700w, https:\/\/www.shouyasanitary.com\/wp-content\/uploads\/2025\/10\/direct-supply-by-manufacturer-plywood-bathroom-cabinet-vanity-300x300.webp 300w, https:\/\/www.shouyasanitary.com\/wp-content\/uploads\/2025\/10\/direct-supply-by-manufacturer-plywood-bathroom-cabinet-vanity-150x150.webp 150w, https:\/\/www.shouyasanitary.com\/wp-content\/uploads\/2025\/10\/direct-supply-by-manufacturer-plywood-bathroom-cabinet-vanity-12x12.webp 12w, https:\/\/www.shouyasanitary.com\/wp-content\/uploads\/2025\/10\/direct-supply-by-manufacturer-plywood-bathroom-cabinet-vanity-600x600.webp 600w, https:\/\/www.shouyasanitary.com\/wp-content\/uploads\/2025\/10\/direct-supply-by-manufacturer-plywood-bathroom-cabinet-vanity-100x100.webp 100w\" sizes=\"(max-width: 700px) 100vw, 700px\" \/><\/figure>\n<\/div><\/div>\n<\/div>\n\n\n\n<p><\/p>","protected":false},"excerpt":{"rendered":"<p>Direkte Kontrolle durch den Hersteller: 80CM minimalistischer Verbundwerkstoff-Badeschrank, mit LED-Spiegelschrank hinzugef\u00fcgt. Hochwertiges Kompositmaterial ist feuchtigkeitsbest\u00e4ndig und langlebig, mit exquisitem Raumdesign und leistungsstarker Speicherfunktion, geeignet f\u00fcr verschiedene Bad-Szenarien. Bitte z\u00f6gern Sie nicht, sich nach dem Preis zu erkundigen!<\/p>\n<h2>Moderne Eitelkeit Badezimmer Attribute:<\/h2>\n<p><strong>Artikel Nr.<\/strong>: 3227-80<br \/><strong>Material des Geh\u00e4uses:<\/strong>\u00a0Sperrholz<br \/><strong>Farbe des Geh\u00e4uses:\u00a0<\/strong>Gray<\/p>\n<p><strong>Spiegel:<\/strong> LED-Spiegel (3,5 mm\/3,8 mm), dreifarbige Beleuchtung, One-Touch-Entfogging, gesichert mit mehrlagiger Schaumstoffverpackung<br \/><strong>Installationsart:<\/strong>\u00a0Wandbefestigung<br \/><strong>Abmessungen (L\u00d7B\u00d7H):<\/strong> 80x 50 x 48cm<br \/><strong>Bruttogewicht:<\/strong> 32 kg\/Satz<\/p>\n<h2>Anpassung &amp; Dienstleistungen:<\/h2>\n<p><strong>OEM &amp; ODM<\/strong>: Unterst\u00fctzt<br \/><strong>Gestaltung<\/strong>: Frei<br \/><strong>Zubeh\u00f6r<\/strong>: Waschbecken, Spiegel, Armaturen und anderes Badzubeh\u00f6r<br \/><strong>Verpacken<\/strong>: Einbaufertig<\/p>","protected":false},"featured_media":2230,"comment_status":"closed","ping_status":"closed","template":"","meta":{"_acf_changed":true},"product_brand":[],"product_cat":[20],"product_tag":[],"class_list":{"0":"post-2223","1":"product","2":"type-product","3":"status-publish","4":"has-post-thumbnail","6":"product_cat-wholesale-plywood-bathroom-vanity-cabinets","8":"first","9":"instock","10":"shipping-taxable","11":"product-type-simple"},"acf":[],"_links":{"self":[{"href":"https:\/\/www.shouyasanitary.com\/de\/wp-json\/wp\/v2\/product\/2223","targetHints":{"allow":["GET"]}}],"collection":[{"href":"https:\/\/www.shouyasanitary.com\/de\/wp-json\/wp\/v2\/product"}],"about":[{"href":"https:\/\/www.shouyasanitary.com\/de\/wp-json\/wp\/v2\/types\/product"}],"replies":[{"embeddable":true,"href":"https:\/\/www.shouyasanitary.com\/de\/wp-json\/wp\/v2\/comments?post=2223"}],"wp:featuredmedia":[{"embeddable":true,"href":"https:\/\/www.shouyasanitary.com\/de\/wp-json\/wp\/v2\/media\/2230"}],"wp:attachment":[{"href":"https:\/\/www.shouyasanitary.com\/de\/wp-json\/wp\/v2\/media?parent=2223"}],"wp:term":[{"taxonomy":"product_brand","embeddable":true,"href":"https:\/\/www.shouyasanitary.com\/de\/wp-json\/wp\/v2\/product_brand?post=2223"},{"taxonomy":"product_cat","embeddable":true,"href":"https:\/\/www.shouyasanitary.com\/de\/wp-json\/wp\/v2\/product_cat?post=2223"},{"taxonomy":"product_tag","embeddable":true,"href":"https:\/\/www.shouyasanitary.com\/de\/wp-json\/wp\/v2\/product_tag?post=2223"}],"curies":[{"name":"wp","href":"https:\/\/api.w.org\/{rel}","templated":true}]}}