{"id":2233,"date":"2025-10-20T08:17:47","date_gmt":"2025-10-20T08:17:47","guid":{"rendered":"https:\/\/www.shouyasanitary.com\/?post_type=product&#038;p=2233"},"modified":"2025-10-20T08:17:48","modified_gmt":"2025-10-20T08:17:48","slug":"wholesale-wash-basin-sink-cabinet","status":"publish","type":"product","link":"https:\/\/www.shouyasanitary.com\/de\/produkt\/wholesale-wash-basin-sink-cabinet\/","title":{"rendered":"Gro\u00dfhandel Waschbecken Waschbecken Schrank, Bulk schwimmende Badezimmer Eitelkeit braun"},"content":{"rendered":"<div class=\"wp-block-columns is-layout-flex wp-container-core-columns-is-layout-9d6595d7 wp-block-columns-is-layout-flex\">\n<div class=\"wp-block-column is-layout-flow wp-block-column-is-layout-flow\">\n<h2 class=\"wp-block-heading\">Badezimmer Waschbecken Sp\u00fcle Schrank Merkmale:<\/h2>\n\n\n\n<p><strong>Platzsparendes Design f\u00fcr die Wandmontage: <\/strong>Dieser Waschtisch aus Sperrholz hat eine schlanke, an der Wand befestigte Struktur, die ihn zur idealen Wahl f\u00fcr kompakte B\u00e4der macht. Er maximiert die Stellfl\u00e4che und verleiht Ihrem Bad einen modernen Touch.<\/p>\n\n\n\n<p><strong>Gro\u00dfes Fassungsverm\u00f6gen: <\/strong>Ausgestattet mit einem zweit\u00fcrigen Schrank und einem kombinierten LED-Spiegelschrank (mit einem offenen Regalteil) bietet er reichlich Stauraum f\u00fcr Toilettenartikel, Handt\u00fccher und Kosmetika. Der kategorisierte Stauraum sorgt f\u00fcr Ordnung in Ihrem Badezimmer.<\/p>\n\n\n\n<p><strong>Hochwertige Sperrholzkonstruktion: <\/strong>Der aus hochwertigem Sperrholz gefertigte Waschtisch zeichnet sich durch eine hervorragende Haltbarkeit, Feuchtigkeitsresistenz und Stabilit\u00e4t aus und gew\u00e4hrleistet eine lange Lebensdauer in feuchten Badezimmern.<\/p>\n\n\n\n<p><strong>Integrierter LED-Spiegel und Keramik-Waschbecken:<\/strong>&nbsp;Der LED-Spiegel mit Touch-Bedienung sorgt nicht nur f\u00fcr eine klare Beleuchtung bei der K\u00f6rperpflege, sondern verleiht auch eine technisch versierte Ausstrahlung. Das glatte Keramikwaschbecken ist leicht zu reinigen und beh\u00e4lt mit der Zeit sein makelloses Aussehen.<\/p>\n\n\n\n<p><strong>L\u00f6sung zur Markenanpassung<\/strong>: Shouya unterst\u00fctzt den Druck von LOGOs, Verpackungen und exklusivem Zubeh\u00f6r, um B-End-Kunden beim Aufbau ihrer eigenen Marke zu helfen.<\/p>\n<\/div>\n\n\n\n<div class=\"wp-block-column is-layout-flow wp-block-column-is-layout-flow\"><div class=\"wp-block-image\">\n<figure class=\"aligncenter size-full\"><img decoding=\"async\" width=\"700\" height=\"700\" src=\"https:\/\/www.shouyasanitary.com\/wp-content\/uploads\/2025\/10\/bathroom-cabinet-with-LED-cabinet-and-basin.webp\" alt=\"Badezimmerschrank mit LED-Schrank und Waschbecken\" class=\"wp-image-2236\" style=\"object-fit:cover\" srcset=\"https:\/\/www.shouyasanitary.com\/wp-content\/uploads\/2025\/10\/bathroom-cabinet-with-LED-cabinet-and-basin.webp 700w, https:\/\/www.shouyasanitary.com\/wp-content\/uploads\/2025\/10\/bathroom-cabinet-with-LED-cabinet-and-basin-300x300.webp 300w, https:\/\/www.shouyasanitary.com\/wp-content\/uploads\/2025\/10\/bathroom-cabinet-with-LED-cabinet-and-basin-150x150.webp 150w, https:\/\/www.shouyasanitary.com\/wp-content\/uploads\/2025\/10\/bathroom-cabinet-with-LED-cabinet-and-basin-12x12.webp 12w, https:\/\/www.shouyasanitary.com\/wp-content\/uploads\/2025\/10\/bathroom-cabinet-with-LED-cabinet-and-basin-600x600.webp 600w, https:\/\/www.shouyasanitary.com\/wp-content\/uploads\/2025\/10\/bathroom-cabinet-with-LED-cabinet-and-basin-100x100.webp 100w\" sizes=\"(max-width: 700px) 100vw, 700px\" \/><\/figure>\n<\/div><\/div>\n<\/div>","protected":false},"excerpt":{"rendered":"<p>Gro\u00dfhandel Waschbecken Waschbecken Schrank verf\u00fcgt \u00fcber eine wandmontierte Design und langlebige Sperrholzkonstruktion, eine integrierte LED-Spiegel und ein Keramik-Waschbecken. Seine Doppelt\u00fcr Design und offene Regale bieten organisierte Lagerung, und es unterst\u00fctzt die Anpassung, so dass es eine ideale Wahl f\u00fcr moderne B\u00e4der. Kontaktieren Sie uns f\u00fcr eine individuelle L\u00f6sung!<\/p>\n<h2>Badezimmer Waschbecken Waschbecken Schrank Attribute\uff1a<\/h2>\n<p><strong>Artikel Nr.<\/strong>: J3231-80<br \/><strong>Material des Geh\u00e4uses<\/strong>: Sperrholz<br \/><strong>Farbe des Geh\u00e4uses<\/strong>: Braun<br \/><strong>Spiegel<\/strong>: LED-Spiegel (3,5 mm \/ 3,8 mm), dreifarbige Beleuchtung, One-Touch-Enteisung, mit mehrschichtiger Schaumstoffverpackung gesichert <br \/><strong>Einbauart<\/strong>: Wandbefestigung<br \/><strong>Abmessungen (L \u00d7 B \u00d7 H)<\/strong>: 80 x 50 x 44 cm<br \/><strong>Bruttogewicht<\/strong>: 32kg\/Satz<\/p>\n<h2>Anpassung &amp; Dienstleistungen:<\/h2>\n<p><strong>OEM &amp; ODM<\/strong>: Unterst\u00fctzt<br \/><strong>Gestaltung<\/strong>: Frei<br \/><strong>Zubeh\u00f6r<\/strong>: Waschbecken, Spiegel, Armaturen und anderes Badzubeh\u00f6r<br \/><strong>Verpacken<\/strong>: Einbaufertig<\/p>","protected":false},"featured_media":2236,"comment_status":"closed","ping_status":"closed","template":"","meta":{"_acf_changed":true},"product_brand":[],"product_cat":[20],"product_tag":[],"class_list":{"0":"post-2233","1":"product","2":"type-product","3":"status-publish","4":"has-post-thumbnail","6":"product_cat-wholesale-plywood-bathroom-vanity-cabinets","8":"first","9":"instock","10":"shipping-taxable","11":"product-type-simple"},"acf":[],"_links":{"self":[{"href":"https:\/\/www.shouyasanitary.com\/de\/wp-json\/wp\/v2\/product\/2233","targetHints":{"allow":["GET"]}}],"collection":[{"href":"https:\/\/www.shouyasanitary.com\/de\/wp-json\/wp\/v2\/product"}],"about":[{"href":"https:\/\/www.shouyasanitary.com\/de\/wp-json\/wp\/v2\/types\/product"}],"replies":[{"embeddable":true,"href":"https:\/\/www.shouyasanitary.com\/de\/wp-json\/wp\/v2\/comments?post=2233"}],"wp:featuredmedia":[{"embeddable":true,"href":"https:\/\/www.shouyasanitary.com\/de\/wp-json\/wp\/v2\/media\/2236"}],"wp:attachment":[{"href":"https:\/\/www.shouyasanitary.com\/de\/wp-json\/wp\/v2\/media?parent=2233"}],"wp:term":[{"taxonomy":"product_brand","embeddable":true,"href":"https:\/\/www.shouyasanitary.com\/de\/wp-json\/wp\/v2\/product_brand?post=2233"},{"taxonomy":"product_cat","embeddable":true,"href":"https:\/\/www.shouyasanitary.com\/de\/wp-json\/wp\/v2\/product_cat?post=2233"},{"taxonomy":"product_tag","embeddable":true,"href":"https:\/\/www.shouyasanitary.com\/de\/wp-json\/wp\/v2\/product_tag?post=2233"}],"curies":[{"name":"wp","href":"https:\/\/api.w.org\/{rel}","templated":true}]}}