{"id":2234,"date":"2025-10-20T08:17:51","date_gmt":"2025-10-20T08:17:51","guid":{"rendered":"https:\/\/www.shouyasanitary.com\/?post_type=product&#038;p=2234"},"modified":"2025-10-20T08:17:53","modified_gmt":"2025-10-20T08:17:53","slug":"wholesale-white-bathroom-cabinets","status":"publish","type":"product","link":"https:\/\/www.shouyasanitary.com\/de\/produkt\/wholesale-white-bathroom-cabinets\/","title":{"rendered":"Gro\u00dfhandel wei\u00dfe Badezimmerschr\u00e4nke, OEM Wall Hung Badezimmer Eitelkeit mit Spiegeln"},"content":{"rendered":"<div class=\"wp-block-columns is-layout-flex wp-container-core-columns-is-layout-9d6595d7 wp-block-columns-is-layout-flex\">\n<div class=\"wp-block-column is-layout-flow wp-block-column-is-layout-flow\">\n<h2 class=\"wp-block-heading\">Wei\u00dfe Badezimmerschr\u00e4nke Merkmale\uff1a<\/h2>\n\n\n\n<p><strong>Ma\u00dfgeschneiderte \u00c4sthetik f\u00fcr die Wandmontage: <\/strong>Dieser ma\u00dfgefertigte Badezimmerschrank aus Sperrholz ist ein wandmontiertes Design, das sich in Gr\u00f6\u00dfe und Stil an jede Badezimmereinrichtung anpassen l\u00e4sst. Seine schlanke Silhouette verleiht ihm ein modernes Flair und macht ihn zum Mittelpunkt einer ma\u00dfgeschneiderten Badrenovierung.<\/p>\n\n\n\n<p><strong>Intelligente Speicheranpassung: <\/strong>Der integrierte LED-Spiegelschrank und der Stauraum unter dem Waschbecken bieten anpassbare F\u00e4cher. Ganz gleich, ob Sie mehr offene F\u00e4cher oder versteckte Schubladen ben\u00f6tigen, der Schrank kann so angepasst werden, dass Sie Toilettenartikel, Make-up und Reinigungsmittel genau nach Ihren W\u00fcnschen organisieren k\u00f6nnen.<\/p>\n\n\n\n<p><strong>Langlebiges Sperrholz Handwerkskunst: <\/strong>Der aus hochwertigem Sperrholz gefertigte Schrank widersteht Feuchtigkeit und t\u00e4glicher Beanspruchung. Seine Anpassungsf\u00e4higkeit erstreckt sich auch auf die Oberfl\u00e4chen und Farben, damit er zum einzigartigen Designthema Ihres Badezimmers passt und gleichzeitig eine lange Lebensdauer hat.<\/p>\n\n\n\n<p><strong>Ideal f\u00fcr kundenspezifische Projekte:<\/strong>&nbsp;Dieser ma\u00dfgefertigte Sperrholz-Badschrank ist perfekt f\u00fcr Hausbesitzer und Designer, die nach einzigartigen L\u00f6sungen f\u00fcr ihr Badezimmer suchen. Er vereint Funktionalit\u00e4t, Stil und Individualit\u00e4t. Er erf\u00fcllt die Anforderungen von High-End-Sonderanfertigungen und stellt sicher, dass jedes St\u00fcck so einzigartig ist wie der Raum, in dem es steht.<\/p>\n\n\n\n<p><strong>Einfache Installation und Wartung<\/strong>: Einfache Wandmontage mit stabilen Metallb\u00fcgeln und einer leicht zu reinigenden Oberfl\u00e4che.<\/p>\n<\/div>\n\n\n\n<div class=\"wp-block-column is-layout-flow wp-block-column-is-layout-flow\"><div class=\"wp-block-image\">\n<figure class=\"aligncenter size-full\"><img decoding=\"async\" width=\"700\" height=\"700\" src=\"https:\/\/www.shouyasanitary.com\/wp-content\/uploads\/2025\/10\/high-quality-of-batnroom-cabinet-with-white-basin.webp\" alt=\"Hochwertiger Badezimmerschrank mit wei\u00dfem Waschbecken\" class=\"wp-image-2242\" style=\"object-fit:cover\" srcset=\"https:\/\/www.shouyasanitary.com\/wp-content\/uploads\/2025\/10\/high-quality-of-batnroom-cabinet-with-white-basin.webp 700w, https:\/\/www.shouyasanitary.com\/wp-content\/uploads\/2025\/10\/high-quality-of-batnroom-cabinet-with-white-basin-300x300.webp 300w, https:\/\/www.shouyasanitary.com\/wp-content\/uploads\/2025\/10\/high-quality-of-batnroom-cabinet-with-white-basin-150x150.webp 150w, https:\/\/www.shouyasanitary.com\/wp-content\/uploads\/2025\/10\/high-quality-of-batnroom-cabinet-with-white-basin-12x12.webp 12w, https:\/\/www.shouyasanitary.com\/wp-content\/uploads\/2025\/10\/high-quality-of-batnroom-cabinet-with-white-basin-600x600.webp 600w, https:\/\/www.shouyasanitary.com\/wp-content\/uploads\/2025\/10\/high-quality-of-batnroom-cabinet-with-white-basin-100x100.webp 100w\" sizes=\"(max-width: 700px) 100vw, 700px\" \/><\/figure>\n<\/div><\/div>\n<\/div>","protected":false},"excerpt":{"rendered":"<p data-start=\"1733\" data-end=\"1935\">Gro\u00dfhandel wei\u00dfen Bad Schr\u00e4nke mit LED-Spiegel. Wandmontiertes Design, feuchtigkeitsbest\u00e4ndiges Sperrholz und reichlich Staurauml\u00f6sungen f\u00fcr Innenraumprojekte, ist die ideale Wahl f\u00fcr die Schaffung eines komfortablen und funktionalen Badezimmer Raum. Bitte kontaktieren Sie uns f\u00fcr ein Angebot und Produktkatalog.<\/p>\n<h2>Wei\u00dfe Badezimmerschr\u00e4nke Attribute\uff1a<\/h2>\n<p><strong>Artikel Nr.:<\/strong>J3233-80<strong><br \/>Material des Geh\u00e4uses:<\/strong>\u00a0Sperrholz<br \/><strong>Farbe des Geh\u00e4uses:<\/strong> Wei\u00df<br \/><strong>Spiegel:<\/strong> LED-Spiegel (3,5 mm\/3,8 mm), dreifarbige Beleuchtung, One-Touch-Entfogging, gesichert mit mehrlagiger Schaumstoffverpackung<br \/><strong>Installationsart:<\/strong>\u00a0Wandbefestigung<br \/><strong>Abmessungen (L\u00d7B\u00d7H):<\/strong> 80x50x45 cm<br \/><strong>Bruttogewicht:<\/strong> 30kg\/Satz<\/p>\n<h2>Anpassung &amp; Dienstleistungen:<\/h2>\n<p><strong>OEM &amp; ODM<\/strong>: Unterst\u00fctzt<br \/><strong>Gestaltung<\/strong>: Frei<br \/><strong>Zubeh\u00f6r<\/strong>: Waschbecken, Spiegel, Armaturen und anderes Badzubeh\u00f6r<br \/><strong>Verpacken<\/strong>: Einbaufertig<\/p>","protected":false},"featured_media":2242,"comment_status":"closed","ping_status":"closed","template":"","meta":{"_acf_changed":true},"product_brand":[],"product_cat":[20],"product_tag":[],"class_list":{"0":"post-2234","1":"product","2":"type-product","3":"status-publish","4":"has-post-thumbnail","6":"product_cat-wholesale-plywood-bathroom-vanity-cabinets","8":"first","9":"instock","10":"shipping-taxable","11":"product-type-simple"},"acf":[],"_links":{"self":[{"href":"https:\/\/www.shouyasanitary.com\/de\/wp-json\/wp\/v2\/product\/2234","targetHints":{"allow":["GET"]}}],"collection":[{"href":"https:\/\/www.shouyasanitary.com\/de\/wp-json\/wp\/v2\/product"}],"about":[{"href":"https:\/\/www.shouyasanitary.com\/de\/wp-json\/wp\/v2\/types\/product"}],"replies":[{"embeddable":true,"href":"https:\/\/www.shouyasanitary.com\/de\/wp-json\/wp\/v2\/comments?post=2234"}],"wp:featuredmedia":[{"embeddable":true,"href":"https:\/\/www.shouyasanitary.com\/de\/wp-json\/wp\/v2\/media\/2242"}],"wp:attachment":[{"href":"https:\/\/www.shouyasanitary.com\/de\/wp-json\/wp\/v2\/media?parent=2234"}],"wp:term":[{"taxonomy":"product_brand","embeddable":true,"href":"https:\/\/www.shouyasanitary.com\/de\/wp-json\/wp\/v2\/product_brand?post=2234"},{"taxonomy":"product_cat","embeddable":true,"href":"https:\/\/www.shouyasanitary.com\/de\/wp-json\/wp\/v2\/product_cat?post=2234"},{"taxonomy":"product_tag","embeddable":true,"href":"https:\/\/www.shouyasanitary.com\/de\/wp-json\/wp\/v2\/product_tag?post=2234"}],"curies":[{"name":"wp","href":"https:\/\/api.w.org\/{rel}","templated":true}]}}