{"id":2235,"date":"2025-10-20T08:17:48","date_gmt":"2025-10-20T08:17:48","guid":{"rendered":"https:\/\/www.shouyasanitary.com\/?post_type=product&#038;p=2235"},"modified":"2025-10-20T08:17:51","modified_gmt":"2025-10-20T08:17:51","slug":"custom-bathroom-vanity-top-with-sink","status":"publish","type":"product","link":"https:\/\/www.shouyasanitary.com\/de\/produkt\/custom-bathroom-vanity-top-with-sink\/","title":{"rendered":"Benutzerdefinierte Badezimmer Eitelkeit Top mit Waschbecken, Sperrholz Spiegel Schrank Badezimmer Lieferant"},"content":{"rendered":"<div class=\"wp-block-columns is-layout-flex wp-container-core-columns-is-layout-9d6595d7 wp-block-columns-is-layout-flex\">\n<div class=\"wp-block-column is-layout-flow wp-block-column-is-layout-flow\">\n<h2 class=\"wp-block-heading\">Eigenschaften von Badezimmer Waschtischplatte mit Waschbecken\uff1a<\/h2>\n\n\n\n<p><strong>Moderne wandh\u00e4ngende Installation: <\/strong>Dieser Badezimmerschrank aus Sperrholz hat ein wandh\u00e4ngendes Design, das nicht nur \u00e4sthetisch ansprechend ist, sondern auch eine einfache Reinigung darunter erm\u00f6glicht. Er eignet sich f\u00fcr verschiedene Badezimmereinrichtungen, insbesondere f\u00fcr diejenigen, die einen minimalistischen und modernen Stil verfolgen.<\/p>\n\n\n\n<p><strong>Multifunktionale Aufbewahrungsl\u00f6sungen: <\/strong>Der Schrank besteht aus einem geschlossenen Aufbewahrungsschrank und einem LED-Spiegelschrank mit versteckten und offenen Ablagefl\u00e4chen. Er bietet Platz f\u00fcr alle wichtigen Badutensilien, von Pflegeprodukten bis hin zu Reinigungsmitteln, und h\u00e4lt alles in Reichweite und dennoch \u00fcbersichtlich.<\/p>\n\n\n\n<p><strong>Dauerhaftes Sperrholz Material: <\/strong>Der aus hochwertigem Sperrholz gefertigte Schrank ist verzugs- und feuchtigkeitsbest\u00e4ndig und gew\u00e4hrleistet so seine strukturelle Integrit\u00e4t und Langlebigkeit auch in feuchten Badezimmern. Er ist eine zuverl\u00e4ssige Wahl f\u00fcr den langfristigen Gebrauch.<\/p>\n\n\n\n<p><strong>Stilvolle Kombination aus LED-Spiegel und Keramik-Waschbecken:<\/strong>&nbsp;Der LED-Spiegel ist sanft beleuchtet und bietet eine hervorragende Sichtbarkeit bei der t\u00e4glichen K\u00f6rperpflege. Das Keramikbecken ist schmutzabweisend und pflegeleicht und bietet sowohl Funktionalit\u00e4t als auch Eleganz.<\/p>\n\n\n\n<p><strong>Anpassbare Optionen:<\/strong> Unterst\u00fctzung von OEM\/ODM-Anpassungen f\u00fcr Gr\u00f6\u00dfe, Beleuchtungsart und Spiegeldesign zur Anpassung an verschiedene Projektanforderungen.<\/p>\n<\/div>\n\n\n\n<div class=\"wp-block-column is-layout-flow wp-block-column-is-layout-flow\"><div class=\"wp-block-image\">\n<figure class=\"aligncenter size-full\"><img decoding=\"async\" width=\"700\" height=\"700\" src=\"https:\/\/www.shouyasanitary.com\/wp-content\/uploads\/2025\/10\/bathroom-cabinet-with-ceramic-basin.webp\" alt=\"Badezimmerschrank mit Keramikwaschbecken\" class=\"wp-image-2239\" style=\"object-fit:cover\" srcset=\"https:\/\/www.shouyasanitary.com\/wp-content\/uploads\/2025\/10\/bathroom-cabinet-with-ceramic-basin.webp 700w, https:\/\/www.shouyasanitary.com\/wp-content\/uploads\/2025\/10\/bathroom-cabinet-with-ceramic-basin-300x300.webp 300w, https:\/\/www.shouyasanitary.com\/wp-content\/uploads\/2025\/10\/bathroom-cabinet-with-ceramic-basin-150x150.webp 150w, https:\/\/www.shouyasanitary.com\/wp-content\/uploads\/2025\/10\/bathroom-cabinet-with-ceramic-basin-12x12.webp 12w, https:\/\/www.shouyasanitary.com\/wp-content\/uploads\/2025\/10\/bathroom-cabinet-with-ceramic-basin-600x600.webp 600w, https:\/\/www.shouyasanitary.com\/wp-content\/uploads\/2025\/10\/bathroom-cabinet-with-ceramic-basin-100x100.webp 100w\" sizes=\"(max-width: 700px) 100vw, 700px\" \/><\/figure>\n<\/div><\/div>\n<\/div>","protected":false},"excerpt":{"rendered":"<p>Benutzerdefinierte Badezimmer Waschtischplatte mit Waschbecken. Shouya Gro\u00dfhandel stilvolle wei\u00dfe Wand Sperrholz Bad Spiegelschrank mit intelligenten Lagerung, einfache Reinigung und volle OEM \/ ODM Anpassungsm\u00f6glichkeiten. Fabrik direkt liefern, neue Ankunft 2025. Bitte kontaktieren Sie uns f\u00fcr ein Angebot und Produktkatalog.<\/p>\n<h2>Badezimmer Waschtischplatte mit Waschbecken Attribute\uff1a<\/h2>\n<p><strong>Artikel Nr.:<\/strong>J3232-80<strong><br \/>Material des Geh\u00e4uses:<\/strong>\u00a0Sperrholz<br \/><strong>Farbe des Geh\u00e4uses:<\/strong> Wei\u00df<br \/><strong>Spiegel:<\/strong> LED-Spiegel (3,5 mm\/3,8 mm), dreifarbige Beleuchtung, One-Touch-Entfogging, gesichert mit mehrlagiger Schaumstoffverpackung<br \/><strong>Installationsart:<\/strong> Wandbefestigung<br \/><strong>Abmessungen (L\u00d7B\u00d7H):<\/strong> 80x50x48 cm<br \/><strong>Bruttogewicht:<\/strong> 35kg\/Satz<\/p>\n<h2>Anpassung &amp; Dienstleistungen:<\/h2>\n<p><strong>OEM &amp; ODM<\/strong>: Unterst\u00fctzt<br \/><strong>Gestaltung<\/strong>: Frei<br \/><strong>Zubeh\u00f6r<\/strong>: Waschbecken, Spiegel, Armaturen und anderes Badzubeh\u00f6r<br \/><strong>Verpacken<\/strong>: Einbaufertig<\/p>","protected":false},"featured_media":2239,"comment_status":"closed","ping_status":"closed","template":"","meta":{"_acf_changed":true},"product_brand":[],"product_cat":[20],"product_tag":[],"class_list":{"0":"post-2235","1":"product","2":"type-product","3":"status-publish","4":"has-post-thumbnail","6":"product_cat-wholesale-plywood-bathroom-vanity-cabinets","8":"first","9":"instock","10":"shipping-taxable","11":"product-type-simple"},"acf":[],"_links":{"self":[{"href":"https:\/\/www.shouyasanitary.com\/de\/wp-json\/wp\/v2\/product\/2235","targetHints":{"allow":["GET"]}}],"collection":[{"href":"https:\/\/www.shouyasanitary.com\/de\/wp-json\/wp\/v2\/product"}],"about":[{"href":"https:\/\/www.shouyasanitary.com\/de\/wp-json\/wp\/v2\/types\/product"}],"replies":[{"embeddable":true,"href":"https:\/\/www.shouyasanitary.com\/de\/wp-json\/wp\/v2\/comments?post=2235"}],"wp:featuredmedia":[{"embeddable":true,"href":"https:\/\/www.shouyasanitary.com\/de\/wp-json\/wp\/v2\/media\/2239"}],"wp:attachment":[{"href":"https:\/\/www.shouyasanitary.com\/de\/wp-json\/wp\/v2\/media?parent=2235"}],"wp:term":[{"taxonomy":"product_brand","embeddable":true,"href":"https:\/\/www.shouyasanitary.com\/de\/wp-json\/wp\/v2\/product_brand?post=2235"},{"taxonomy":"product_cat","embeddable":true,"href":"https:\/\/www.shouyasanitary.com\/de\/wp-json\/wp\/v2\/product_cat?post=2235"},{"taxonomy":"product_tag","embeddable":true,"href":"https:\/\/www.shouyasanitary.com\/de\/wp-json\/wp\/v2\/product_tag?post=2235"}],"curies":[{"name":"wp","href":"https:\/\/api.w.org\/{rel}","templated":true}]}}