{"id":2317,"date":"2025-11-21T08:23:56","date_gmt":"2025-11-21T08:23:56","guid":{"rendered":"https:\/\/www.shouyasanitary.com\/?post_type=product&#038;p=2317"},"modified":"2025-11-21T08:24:03","modified_gmt":"2025-11-21T08:24:03","slug":"wholesale-bathroom-sink-vanity","status":"publish","type":"product","link":"https:\/\/www.shouyasanitary.com\/de\/produkt\/wholesale-bathroom-sink-vanity\/","title":{"rendered":"Gro\u00dfhandel Badezimmer Waschbecken Eitelkeit, schwimmende Badezimmer Spiegel Schrank mit Seite Schrank Custom"},"content":{"rendered":"<div class=\"wp-block-columns is-layout-flex wp-container-core-columns-is-layout-9d6595d7 wp-block-columns-is-layout-flex\">\n<div class=\"wp-block-column is-layout-flow wp-block-column-is-layout-flow\">\n<h2 class=\"wp-block-heading\">Badezimmer Waschbecken Eitelkeit Merkmale\uff1a<\/h2>\n\n\n\n<p><strong>Langlebiges Material<\/strong>: Es wird aus hochwertigem PVC-Material hergestellt, das sich durch seine feuchtigkeits- und wasserfesten sowie korrosionsbest\u00e4ndigen Eigenschaften auszeichnet und f\u00fcr den langfristigen Einsatz im Badezimmer geeignet ist.<\/p>\n\n\n\n<p><strong>Moderner Stil:<\/strong> Ausgestattet mit modernem, minimalistischem Design und kreisf\u00f6rmigen, hinterleuchteten Spiegeln, schaffen sie ein modisches und zugleich gem\u00fctliches Ambiente. Die schlichte Linie und der schwarze vertikale Streifenstil des Schranks passen zu einer Vielzahl von Einrichtungsstilen im Badezimmer.<\/p>\n\n\n\n<p><strong>Einstellung der Funktion<\/strong>: Die kreisrunden Spiegel mit Hintergrundbeleuchtung bieten gen\u00fcgend Licht f\u00fcr das Gesicht, um die t\u00e4glichen Bed\u00fcrfnisse beim Schminken oder Rasieren zu erf\u00fcllen. Das Design des Waschbeckens ist einfach und praktisch, leicht zu bedienen und platzsparend.<\/p>\n\n\n\n<p><strong>Einfache Installation<\/strong>: Die schwimmende Waschtischkombination ist einfach zu montieren, da alle Teile auf einer standardisierten Basis aufgebaut sind, die eine schnelle Montage erm\u00f6glicht.<\/p>\n\n\n\n<p><strong>Geringe Wartung<\/strong>: Die glatte Oberfl\u00e4che des PVC-Materials ist schmutzunempfindlich; f\u00fcr die regelm\u00e4\u00dfige Reinigung gen\u00fcgt ein feuchtes Handtuch, die Kosten sind gering.<\/p>\n<\/div>\n\n\n\n<div class=\"wp-block-column is-layout-flow wp-block-column-is-layout-flow\"><div class=\"wp-block-image\">\n<figure class=\"aligncenter size-full\"><img decoding=\"async\" width=\"700\" height=\"700\" src=\"https:\/\/www.shouyasanitary.com\/wp-content\/uploads\/2025\/11\/OEM-available-modern-minimalist-PVC-bathroom-cabinet-vanity.webp\" alt=\"OEM-Badezimmerschrank\" class=\"wp-image-2319\" style=\"object-fit:cover\" srcset=\"https:\/\/www.shouyasanitary.com\/wp-content\/uploads\/2025\/11\/OEM-available-modern-minimalist-PVC-bathroom-cabinet-vanity.webp 700w, https:\/\/www.shouyasanitary.com\/wp-content\/uploads\/2025\/11\/OEM-available-modern-minimalist-PVC-bathroom-cabinet-vanity-300x300.webp 300w, https:\/\/www.shouyasanitary.com\/wp-content\/uploads\/2025\/11\/OEM-available-modern-minimalist-PVC-bathroom-cabinet-vanity-150x150.webp 150w, https:\/\/www.shouyasanitary.com\/wp-content\/uploads\/2025\/11\/OEM-available-modern-minimalist-PVC-bathroom-cabinet-vanity-12x12.webp 12w, https:\/\/www.shouyasanitary.com\/wp-content\/uploads\/2025\/11\/OEM-available-modern-minimalist-PVC-bathroom-cabinet-vanity-600x600.webp 600w, https:\/\/www.shouyasanitary.com\/wp-content\/uploads\/2025\/11\/OEM-available-modern-minimalist-PVC-bathroom-cabinet-vanity-100x100.webp 100w\" sizes=\"(max-width: 700px) 100vw, 700px\" \/><\/figure>\n<\/div><\/div>\n<\/div>","protected":false},"excerpt":{"rendered":"<p>Gro\u00dfhandel Badezimmer Waschbecken Eitelkeit verf\u00fcgt \u00fcber feuchtigkeitsbest\u00e4ndige PVC, ein modernes Design an der Wand montiert, integrierte Beleuchtung, einen Spiegel und einen Seitenschrank, perfekt f\u00fcr verschiedene Badstile. Fabrik direkt liefern, Anpassungsdienste zur Verf\u00fcgung. Kontaktieren Sie uns noch heute f\u00fcr Badezimmerl\u00f6sungen!<\/p>\n<h2>Badezimmer Waschbecken Eitelkeit Attribute\uff1a<\/h2>\n<p><strong>Artikel Nr.:\u00a0<\/strong>6094-80B<strong><br \/>Material des Geh\u00e4uses:<\/strong> PVC<br \/><strong>Farbe des Geh\u00e4uses: <\/strong>Schwarz<br \/><strong>Spiegel:<\/strong> LED-Spiegel (3,5 mm\/3,8 mm), dreifarbige Beleuchtung, One-Touch-Entfogging, gesichert mit mehrlagiger Schaumstoffverpackung<br \/><strong>Installationsart:<\/strong>\u00a0Wandbefestigung<br \/><strong>Abmessungen (L\u00d7B\u00d7H):<\/strong> 80*50*55 cm<br \/><strong>Bruttogewicht:<\/strong> 30kg\/Satz<\/p>\n<h2>Anpassung &amp; Dienstleistungen:<\/h2>\n<p><strong>OEM &amp; ODM<\/strong>: Unterst\u00fctzt<br \/><strong>Gestaltung<\/strong>: Frei<br \/><strong>Zubeh\u00f6r<\/strong>: Waschbecken, Spiegel, Armaturen und anderes Badzubeh\u00f6r<br \/><strong>Verpacken<\/strong>: Einbaufertig<\/p>","protected":false},"featured_media":2319,"comment_status":"closed","ping_status":"closed","template":"","meta":{"_acf_changed":true},"product_brand":[],"product_cat":[24],"product_tag":[],"class_list":{"0":"post-2317","1":"product","2":"type-product","3":"status-publish","4":"has-post-thumbnail","6":"product_cat-wholesale-pvc-bathroom-vanity-cabinets","8":"first","9":"instock","10":"shipping-taxable","11":"product-type-simple"},"acf":[],"_links":{"self":[{"href":"https:\/\/www.shouyasanitary.com\/de\/wp-json\/wp\/v2\/product\/2317","targetHints":{"allow":["GET"]}}],"collection":[{"href":"https:\/\/www.shouyasanitary.com\/de\/wp-json\/wp\/v2\/product"}],"about":[{"href":"https:\/\/www.shouyasanitary.com\/de\/wp-json\/wp\/v2\/types\/product"}],"replies":[{"embeddable":true,"href":"https:\/\/www.shouyasanitary.com\/de\/wp-json\/wp\/v2\/comments?post=2317"}],"wp:featuredmedia":[{"embeddable":true,"href":"https:\/\/www.shouyasanitary.com\/de\/wp-json\/wp\/v2\/media\/2319"}],"wp:attachment":[{"href":"https:\/\/www.shouyasanitary.com\/de\/wp-json\/wp\/v2\/media?parent=2317"}],"wp:term":[{"taxonomy":"product_brand","embeddable":true,"href":"https:\/\/www.shouyasanitary.com\/de\/wp-json\/wp\/v2\/product_brand?post=2317"},{"taxonomy":"product_cat","embeddable":true,"href":"https:\/\/www.shouyasanitary.com\/de\/wp-json\/wp\/v2\/product_cat?post=2317"},{"taxonomy":"product_tag","embeddable":true,"href":"https:\/\/www.shouyasanitary.com\/de\/wp-json\/wp\/v2\/product_tag?post=2317"}],"curies":[{"name":"wp","href":"https:\/\/api.w.org\/{rel}","templated":true}]}}