{"id":2318,"date":"2025-11-22T02:13:34","date_gmt":"2025-11-22T02:13:34","guid":{"rendered":"https:\/\/www.shouyasanitary.com\/?post_type=product&#038;p=2318"},"modified":"2025-11-22T02:13:40","modified_gmt":"2025-11-22T02:13:40","slug":"custom-grey-bathroom-vanity-cabinet","status":"publish","type":"product","link":"https:\/\/www.shouyasanitary.com\/de\/produkt\/custom-grey-bathroom-vanity-cabinet\/","title":{"rendered":"Benutzerdefinierte grau Badezimmer Eitelkeit Schrank, schwimmende Bad Spiegel Cabiner in Bulk"},"content":{"rendered":"<div class=\"wp-block-columns is-layout-flex wp-container-core-columns-is-layout-9d6595d7 wp-block-columns-is-layout-flex\">\n<div class=\"wp-block-column is-layout-flow wp-block-column-is-layout-flow\">\n<h2 class=\"wp-block-heading\">Eigenschaften des grauen Badezimmerunterschranks\uff1a<\/h2>\n\n\n\n<p><strong>PVC Werkstoff:<\/strong> Sie ist robust, wasserfest und ideal f\u00fcr dampfende Badezimmer. Seine glatte und leicht zu reinigende Oberfl\u00e4che macht es resistent gegen Kratzer, Verformung und Schimmel, um eine lange Lebensdauer bei minimalem Wartungsaufwand zu gew\u00e4hrleisten.<\/p>\n\n\n\n<p><strong>Zwei-Schubladen-Schrank-Design<\/strong>: Der schwebende Sockel mit zwei Schubladen bietet reichlich organisierten Stauraum; elegante, grifflose Griffe mit integrierten Vertiefungen sorgen f\u00fcr einen modernen, aufger\u00e4umten Look; und die kompakte Grundfl\u00e4che maximiert den Platz auf dem Boden - perfekt f\u00fcr kleine B\u00e4der.<\/p>\n\n\n\n<p><strong>Funktionsweise des LED-Spiegelkabinetts: <\/strong>Der wandmontierte Spiegelschrank verf\u00fcgt \u00fcber einen vollfl\u00e4chigen Spiegel mit integrierter LED-Beleuchtung und interne Ablagef\u00e4cher mit offenen Nischen f\u00fcr die t\u00e4glichen Toilettenartikel. Au\u00dferdem verf\u00fcgt er \u00fcber ein dezentes Touch-Control-Panel f\u00fcr die Lichteinstellung.<\/p>\n\n\n\n<p><strong>Integration von Keramiksp\u00fclen<\/strong>: Diese fugenlose, hochgl\u00e4nzende Keramiksp\u00fcle ist resistent gegen Verf\u00e4rbungen und f\u00fcgt sich nahtlos in den PVC-Schrank ein. Da die Oberfl\u00e4che so glatt und porenfrei ist, kann sich kein Wasser ansammeln. Au\u00dferdem ist es fl\u00e4chenb\u00fcndig eingebaut, wodurch das integrierte, nahtlose Design mit dem stromlinienf\u00f6rmigen Look des Waschtischs harmoniert.<\/p>\n\n\n\n<p><strong>Fabrikdirektlieferung:<\/strong> Als Lieferant von Sanit\u00e4rprodukten f\u00fcr Badezimmer mit eigener Fabrik und jahrelanger Erfahrung im Au\u00dfenhandel haben wir eine unabh\u00e4ngige Kontrolle \u00fcber den gesamten Prozess von der Produktion bis zur Qualit\u00e4tskontrolle, um eine stabile Qualit\u00e4t zu gew\u00e4hrleisten; au\u00dferdem bieten wir Gro\u00dfabnehmerpreise und ma\u00dfgeschneiderte Dienstleistungen.<\/p>\n<\/div>\n\n\n\n<div class=\"wp-block-column is-layout-flow wp-block-column-is-layout-flow\"><div class=\"wp-block-image\">\n<figure class=\"aligncenter size-full\"><img decoding=\"async\" width=\"700\" height=\"700\" src=\"https:\/\/www.shouyasanitary.com\/wp-content\/uploads\/2025\/11\/Custom-Vanity-with-Wash-Basin-for-Hotel-Bathroom.webp\" alt=\"\" class=\"wp-image-2326\" style=\"object-fit:cover\" srcset=\"https:\/\/www.shouyasanitary.com\/wp-content\/uploads\/2025\/11\/Custom-Vanity-with-Wash-Basin-for-Hotel-Bathroom.webp 700w, https:\/\/www.shouyasanitary.com\/wp-content\/uploads\/2025\/11\/Custom-Vanity-with-Wash-Basin-for-Hotel-Bathroom-300x300.webp 300w, https:\/\/www.shouyasanitary.com\/wp-content\/uploads\/2025\/11\/Custom-Vanity-with-Wash-Basin-for-Hotel-Bathroom-150x150.webp 150w, https:\/\/www.shouyasanitary.com\/wp-content\/uploads\/2025\/11\/Custom-Vanity-with-Wash-Basin-for-Hotel-Bathroom-12x12.webp 12w, https:\/\/www.shouyasanitary.com\/wp-content\/uploads\/2025\/11\/Custom-Vanity-with-Wash-Basin-for-Hotel-Bathroom-600x600.webp 600w, https:\/\/www.shouyasanitary.com\/wp-content\/uploads\/2025\/11\/Custom-Vanity-with-Wash-Basin-for-Hotel-Bathroom-100x100.webp 100w\" sizes=\"(max-width: 700px) 100vw, 700px\" \/><\/figure>\n<\/div><\/div>\n<\/div>","protected":false},"excerpt":{"rendered":"<p>Kundenspezifischer grauer Badezimmerschrank aus wasserfestem PVC-Material mit einem schwebenden Sockel mit zwei Schubladen, einem LED-Spiegelschrank und einem integrierten Keramikwaschbecken, der sich perfekt f\u00fcr ein modernes Badezimmer eignet. Wir liefern direkt ab Werk und bieten Gro\u00dfhandelspreise und Anpassungsdienste. F\u00fcr weitere Informationen oder ein Angebot, kontaktieren Sie uns bitte!<\/p>\n<h2>Grauer Badezimmerunterschrank Attribute\uff1a<\/h2>\n<p><strong>Artikel Nr.: <\/strong>7742-60<strong><br \/>Material des Geh\u00e4uses:<\/strong> PVC<br \/><strong>Farbe des Geh\u00e4uses: <\/strong>Gray<br \/><strong>Spiegel:<\/strong> LED-Spiegel (3,5 mm\/3,8 mm), dreifarbige Beleuchtung, One-Touch-Entfogging, gesichert mit mehrlagiger Schaumstoffverpackung<br \/><strong>Installationsart:<\/strong>\u00a0Wandbefestigung<br \/><strong>Abmessungen (L\u00d7B\u00d7H):<\/strong> 60*47*45 cm<br \/><strong>Bruttogewicht:<\/strong> 28kg\/Satz<\/p>\n<h2>Anpassung &amp; Dienstleistungen:<\/h2>\n<p><strong>OEM &amp; ODM<\/strong>: Unterst\u00fctzt<br \/><strong>Gestaltung<\/strong>: Frei<br \/><strong>Zubeh\u00f6r<\/strong>: Waschbecken, Spiegel, Armaturen und anderes Badzubeh\u00f6r<br \/><strong>Verpacken<\/strong>: Einbaufertig<\/p>","protected":false},"featured_media":2326,"comment_status":"closed","ping_status":"closed","template":"","meta":{"_acf_changed":true},"product_brand":[],"product_cat":[24],"product_tag":[],"class_list":{"0":"post-2318","1":"product","2":"type-product","3":"status-publish","4":"has-post-thumbnail","6":"product_cat-wholesale-pvc-bathroom-vanity-cabinets","8":"first","9":"instock","10":"shipping-taxable","11":"product-type-simple"},"acf":[],"_links":{"self":[{"href":"https:\/\/www.shouyasanitary.com\/de\/wp-json\/wp\/v2\/product\/2318","targetHints":{"allow":["GET"]}}],"collection":[{"href":"https:\/\/www.shouyasanitary.com\/de\/wp-json\/wp\/v2\/product"}],"about":[{"href":"https:\/\/www.shouyasanitary.com\/de\/wp-json\/wp\/v2\/types\/product"}],"replies":[{"embeddable":true,"href":"https:\/\/www.shouyasanitary.com\/de\/wp-json\/wp\/v2\/comments?post=2318"}],"wp:featuredmedia":[{"embeddable":true,"href":"https:\/\/www.shouyasanitary.com\/de\/wp-json\/wp\/v2\/media\/2326"}],"wp:attachment":[{"href":"https:\/\/www.shouyasanitary.com\/de\/wp-json\/wp\/v2\/media?parent=2318"}],"wp:term":[{"taxonomy":"product_brand","embeddable":true,"href":"https:\/\/www.shouyasanitary.com\/de\/wp-json\/wp\/v2\/product_brand?post=2318"},{"taxonomy":"product_cat","embeddable":true,"href":"https:\/\/www.shouyasanitary.com\/de\/wp-json\/wp\/v2\/product_cat?post=2318"},{"taxonomy":"product_tag","embeddable":true,"href":"https:\/\/www.shouyasanitary.com\/de\/wp-json\/wp\/v2\/product_tag?post=2318"}],"curies":[{"name":"wp","href":"https:\/\/api.w.org\/{rel}","templated":true}]}}