{"id":2322,"date":"2025-11-21T08:58:19","date_gmt":"2025-11-21T08:58:19","guid":{"rendered":"https:\/\/www.shouyasanitary.com\/?post_type=product&#038;p=2322"},"modified":"2025-11-21T08:58:25","modified_gmt":"2025-11-21T08:58:25","slug":"custom-bathroom-vanities-with-mirror","status":"publish","type":"product","link":"https:\/\/www.shouyasanitary.com\/de\/produkt\/custom-bathroom-vanities-with-mirror\/","title":{"rendered":"Benutzerdefinierte Badezimmer Eitelkeiten mit Spiegel, PVC Wandschrank Set in Bulk"},"content":{"rendered":"<div class=\"wp-block-columns is-layout-flex wp-container-core-columns-is-layout-9d6595d7 wp-block-columns-is-layout-flex\">\n<div class=\"wp-block-column is-layout-flow wp-block-column-is-layout-flow\">\n<h2 class=\"wp-block-heading\">Eigenschaften von Badezimmer-Eitelkeiten mit Spiegel\uff1a<\/h2>\n\n\n\n<p><strong>Dauerhaftes PVC-Material: <\/strong>Er besteht aus hochwertigem, umweltfreundlichem PVC und zeichnet sich durch seine hervorragenden Eigenschaften aus: Er ist feuchtigkeitsbest\u00e4ndig, wasserdicht und verformungsbest\u00e4ndig. Es ist auch unter feuchten Bedingungen haltbar und sicher f\u00fcr den t\u00e4glichen Gebrauch.<\/p>\n\n\n\n<p><strong>Platzsparend<\/strong>: Das h\u00e4ngende Design spart Bodenfl\u00e4che und verleiht Ihrem Badezimmer einen ordentlichen und ger\u00e4umigen Effekt. Kombiniert mit einem Spiegel und einem Hauptschrank, der gen\u00fcgend Stauraum bietet, um all Ihre Badutensilien zu ordnen.<\/p>\n\n\n\n<p><strong>Benutzerfreundlich: <\/strong>Der Spiegelschrank verf\u00fcgt \u00fcber eine sanfte LED-Beleuchtung f\u00fcr die t\u00e4gliche K\u00f6rperpflege und ein ger\u00e4uscharmes Pufferscharnier, das ein leises Schlie\u00dfen erm\u00f6glicht. Eine Bel\u00fcftungs\u00f6ffnung an der Unterseite des Hauptschranks verringert die Bildung von Feuchtigkeit.<\/p>\n\n\n\n<p><strong>Einfache Installation und Wartung:<\/strong> Ausf\u00fchrliche Anleitungen und Zubeh\u00f6r f\u00fcr eine einfache Installation werden mitgeliefert. Die PVC-Oberfl\u00e4che und das Keramikbecken sind leicht zu reinigen; ein einfaches Abwischen gen\u00fcgt, um sie wie neu aussehen zu lassen.<\/p>\n\n\n\n<p><strong>Werksdirekte Lieferung: <\/strong>Kaufen Sie direkt beim Shouya-Hersteller und profitieren Sie von gro\u00dfartigen Preisnachl\u00e4ssen ohne Zwischenh\u00e4ndleraufschlag. Anpassungsoptionen wie Gr\u00f6\u00dfen und Farben sind ebenfalls verf\u00fcgbar, um Ihre spezifischen Anforderungen zu erf\u00fcllen.<\/p>\n<\/div>\n\n\n\n<div class=\"wp-block-column is-layout-flow wp-block-column-is-layout-flow\"><div class=\"wp-block-image\">\n<figure class=\"aligncenter size-full\"><img decoding=\"async\" width=\"700\" height=\"700\" src=\"https:\/\/www.shouyasanitary.com\/wp-content\/uploads\/2025\/11\/wholesale-customization-PVC-bathroom-cabinet-vanity.webp\" alt=\"Gro\u00dfhandel Anpassung PVC Bad Schrank Eitelkeit\" class=\"wp-image-2323\" style=\"object-fit:cover\" srcset=\"https:\/\/www.shouyasanitary.com\/wp-content\/uploads\/2025\/11\/wholesale-customization-PVC-bathroom-cabinet-vanity.webp 700w, https:\/\/www.shouyasanitary.com\/wp-content\/uploads\/2025\/11\/wholesale-customization-PVC-bathroom-cabinet-vanity-300x300.webp 300w, https:\/\/www.shouyasanitary.com\/wp-content\/uploads\/2025\/11\/wholesale-customization-PVC-bathroom-cabinet-vanity-150x150.webp 150w, https:\/\/www.shouyasanitary.com\/wp-content\/uploads\/2025\/11\/wholesale-customization-PVC-bathroom-cabinet-vanity-12x12.webp 12w, https:\/\/www.shouyasanitary.com\/wp-content\/uploads\/2025\/11\/wholesale-customization-PVC-bathroom-cabinet-vanity-600x600.webp 600w, https:\/\/www.shouyasanitary.com\/wp-content\/uploads\/2025\/11\/wholesale-customization-PVC-bathroom-cabinet-vanity-100x100.webp 100w\" sizes=\"(max-width: 700px) 100vw, 700px\" \/><\/figure>\n<\/div><\/div>\n<\/div>","protected":false},"excerpt":{"rendered":"<p>Benutzerdefinierte Bad Eitelkeiten mit Spiegel, verwenden langlebige PVC-Material, ist einfach zu installieren, verf\u00fcgen \u00fcber eine Wand-Struktur montiert, und ein Spiegelschrank mit reichlich Stauraum.  Perfekt f\u00fcr moderne B\u00e4der. Kontaktieren Sie uns f\u00fcr individuelle Angebote!<\/p>\n<h2>Badezimmer Eitelkeiten mit Spiegel Attribute\uff1a<\/h2>\n<p><strong>Artikel Nr.: <\/strong>7713-60<strong><br \/>Material des Geh\u00e4uses:<\/strong> PVC<br \/><strong>Farbe des Geh\u00e4uses:\u00a0<\/strong>Hellgrau<br \/><strong>Spiegel:<\/strong> LED-Spiegel (3,5 mm\/3,8 mm), dreifarbige Beleuchtung, One-Touch-Entfogging, gesichert mit mehrlagiger Schaumstoffverpackung<br \/><strong>Installationsart:<\/strong>\u00a0Wandbefestigung<br \/><strong>Abmessungen (L\u00d7B\u00d7H):<\/strong> 60*47*49 cm<br \/><strong>Bruttogewicht:<\/strong> 28kg\/Satz<\/p>\n<h2>Anpassung &amp; Dienstleistungen:<\/h2>\n<p><strong>OEM &amp; ODM<\/strong>: Unterst\u00fctzt<br \/><strong>Gestaltung<\/strong>: Frei<br \/><strong>Zubeh\u00f6r<\/strong>: Waschbecken, Spiegel, Armaturen und anderes Badzubeh\u00f6r<br \/><strong>Verpacken<\/strong>: Einbaufertig<\/p>","protected":false},"featured_media":2323,"comment_status":"closed","ping_status":"closed","template":"","meta":{"_acf_changed":false},"product_brand":[],"product_cat":[24],"product_tag":[],"class_list":{"0":"post-2322","1":"product","2":"type-product","3":"status-publish","4":"has-post-thumbnail","6":"product_cat-wholesale-pvc-bathroom-vanity-cabinets","8":"first","9":"instock","10":"shipping-taxable","11":"product-type-simple"},"acf":[],"_links":{"self":[{"href":"https:\/\/www.shouyasanitary.com\/de\/wp-json\/wp\/v2\/product\/2322","targetHints":{"allow":["GET"]}}],"collection":[{"href":"https:\/\/www.shouyasanitary.com\/de\/wp-json\/wp\/v2\/product"}],"about":[{"href":"https:\/\/www.shouyasanitary.com\/de\/wp-json\/wp\/v2\/types\/product"}],"replies":[{"embeddable":true,"href":"https:\/\/www.shouyasanitary.com\/de\/wp-json\/wp\/v2\/comments?post=2322"}],"wp:featuredmedia":[{"embeddable":true,"href":"https:\/\/www.shouyasanitary.com\/de\/wp-json\/wp\/v2\/media\/2323"}],"wp:attachment":[{"href":"https:\/\/www.shouyasanitary.com\/de\/wp-json\/wp\/v2\/media?parent=2322"}],"wp:term":[{"taxonomy":"product_brand","embeddable":true,"href":"https:\/\/www.shouyasanitary.com\/de\/wp-json\/wp\/v2\/product_brand?post=2322"},{"taxonomy":"product_cat","embeddable":true,"href":"https:\/\/www.shouyasanitary.com\/de\/wp-json\/wp\/v2\/product_cat?post=2322"},{"taxonomy":"product_tag","embeddable":true,"href":"https:\/\/www.shouyasanitary.com\/de\/wp-json\/wp\/v2\/product_tag?post=2322"}],"curies":[{"name":"wp","href":"https:\/\/api.w.org\/{rel}","templated":true}]}}