{"id":2329,"date":"2025-11-21T09:35:18","date_gmt":"2025-11-21T09:35:18","guid":{"rendered":"https:\/\/www.shouyasanitary.com\/?post_type=product&#038;p=2329"},"modified":"2025-11-21T09:35:24","modified_gmt":"2025-11-21T09:35:24","slug":"wholesale-bathroom-cabinet-wall-mounted","status":"publish","type":"product","link":"https:\/\/www.shouyasanitary.com\/de\/produkt\/wholesale-bathroom-cabinet-wall-mounted\/","title":{"rendered":"Gro\u00dfhandel Badezimmer Schrank Wand montiert, wei\u00df Badezimmer Eitelkeit mit Schubladen Lieferant"},"content":{"rendered":"<div class=\"wp-block-columns is-layout-flex wp-container-core-columns-is-layout-9d6595d7 wp-block-columns-is-layout-flex\">\n<div class=\"wp-block-column is-layout-flow wp-block-column-is-layout-flow\">\n<h2 class=\"wp-block-heading\">Badezimmerschrank wandmontiert Eigenschaften\uff1a<\/h2>\n\n\n\n<p><strong>Wasserdicht und langlebig<\/strong>: Aus hochwertigem PVC-Material hergestellt, verf\u00fcgt es \u00fcber ausgezeichnete wasserdichte, feuchtigkeitsbest\u00e4ndige und korrosionsbest\u00e4ndige Eigenschaften, die es in feuchten Umgebungen unempfindlich machen und eine lange Lebensdauer gew\u00e4hrleisten.<\/p>\n\n\n\n<p><strong>Soft Light Spiegelkabinett:<\/strong> Der integrierte Spiegelschrank ist mit einer eingebauten LED-Hintergrundbeleuchtung ausgestattet, die eine gleichm\u00e4\u00dfige, weiche Beleuchtung f\u00fcr die t\u00e4gliche K\u00f6rperpflege und Rasur ohne Schattenwurf bietet.<\/p>\n\n\n\n<p><strong>Schwebendes Design<\/strong>: Die Wandmontage spart Platz auf dem Boden. Kombiniert mit Doppelschubladen und einer gut gestalteten Arbeitsplatte k\u00f6nnen Sie eine Vielzahl von Toilettenartikeln leicht organisieren und gleichzeitig die Arbeitsplatte sauber halten.<\/p>\n\n\n\n<p><strong>Einfach und vielseitig:<\/strong> Es ist in einem neutralen Grau und reinem Wei\u00df gehalten und zeichnet sich durch klare, scharfe Linien aus. Dieses moderne, minimalistische Design passt perfekt zu einer Vielzahl von Einrichtungsstilen, von industriell bis skandinavisch, und bildet ein optisches Highlight im Badezimmer.<\/p>\n\n\n\n<p><strong>Anpassungen verf\u00fcgbar<\/strong>: Shouya, ein professioneller Hersteller von Badezimmerschr\u00e4nken, bietet OEM\/ODM-Sanit\u00e4rprodukte an, um die flexible Anpassung von Gr\u00f6\u00dfe, Farbe und Materialien zu unterst\u00fctzen, eine stabile Produktqualit\u00e4t zu gew\u00e4hrleisten und den Bedarf von Hotels, Wohnungen und Einzelhandelsmarken an Gro\u00dfabnahmen zu decken.<\/p>\n<\/div>\n\n\n\n<div class=\"wp-block-column is-layout-flow wp-block-column-is-layout-flow\"><div class=\"wp-block-image\">\n<figure class=\"aligncenter size-full\"><img decoding=\"async\" width=\"700\" height=\"700\" src=\"https:\/\/www.shouyasanitary.com\/wp-content\/uploads\/2025\/11\/wholesale-focus-80CM-white-PVC-bathroom-cabinet-vanity.webp\" alt=\"Gro\u00dfhandel Fokus 80CM wei\u00df PVC Bad Schrank Eitelkeit\" class=\"wp-image-2331\" style=\"object-fit:cover\" srcset=\"https:\/\/www.shouyasanitary.com\/wp-content\/uploads\/2025\/11\/wholesale-focus-80CM-white-PVC-bathroom-cabinet-vanity.webp 700w, https:\/\/www.shouyasanitary.com\/wp-content\/uploads\/2025\/11\/wholesale-focus-80CM-white-PVC-bathroom-cabinet-vanity-300x300.webp 300w, https:\/\/www.shouyasanitary.com\/wp-content\/uploads\/2025\/11\/wholesale-focus-80CM-white-PVC-bathroom-cabinet-vanity-150x150.webp 150w, https:\/\/www.shouyasanitary.com\/wp-content\/uploads\/2025\/11\/wholesale-focus-80CM-white-PVC-bathroom-cabinet-vanity-12x12.webp 12w, https:\/\/www.shouyasanitary.com\/wp-content\/uploads\/2025\/11\/wholesale-focus-80CM-white-PVC-bathroom-cabinet-vanity-600x600.webp 600w, https:\/\/www.shouyasanitary.com\/wp-content\/uploads\/2025\/11\/wholesale-focus-80CM-white-PVC-bathroom-cabinet-vanity-100x100.webp 100w\" sizes=\"(max-width: 700px) 100vw, 700px\" \/><\/figure>\n<\/div><\/div>\n<\/div>","protected":false},"excerpt":{"rendered":"<p>Gro\u00dfhandel Badezimmer Schrank an der Wand montiert, wasserdicht PVC Badezimmer Eitelkeit Einheit mit LED Soft-Licht Spiegel. Kundenspezifische Gr\u00f6\u00dfen und Farben sind verf\u00fcgbar, und OEM \/ ODM-Dienstleistungen werden angeboten. Geeignet f\u00fcr Hotels, Wohnungen und H\u00e4user. Kontaktieren Sie uns f\u00fcr Gro\u00dfhandelspreise und Produktkatalog!<\/p>\n<h2>Badezimmerschrank Wandmontiert Attribute\uff1a<\/h2>\n<p><strong>Artikel Nr.: <\/strong>7755-80<strong><br \/>Material des Geh\u00e4uses:<\/strong> PVC<br \/><strong>Farbe des Geh\u00e4uses:\u00a0<\/strong>Wei\u00df<br \/><strong>Spiegel:<\/strong> LED-Spiegel (3,5 mm\/3,8 mm), dreifarbige Beleuchtung, One-Touch-Entfogging, gesichert mit mehrlagiger Schaumstoffverpackung<br \/><strong>Installationsart:<\/strong>\u00a0Wandbefestigung<br \/><strong>Abmessungen (L\u00d7B\u00d7H):<\/strong> 80*50*57 cm<br \/><strong>Bruttogewicht:<\/strong> 30kg\/Satz<\/p>\n<h2>Anpassung &amp; Dienstleistungen:<\/h2>\n<p><strong>OEM &amp; ODM<\/strong>: Unterst\u00fctzt<br \/><strong>Gestaltung<\/strong>: Frei<br \/><strong>Zubeh\u00f6r<\/strong>: Waschbecken, Spiegel, Armaturen und anderes Badzubeh\u00f6r<br \/><strong>Verpacken<\/strong>: Einbaufertig<\/p>","protected":false},"featured_media":2331,"comment_status":"closed","ping_status":"closed","template":"","meta":{"_acf_changed":true},"product_brand":[],"product_cat":[24],"product_tag":[],"class_list":{"0":"post-2329","1":"product","2":"type-product","3":"status-publish","4":"has-post-thumbnail","6":"product_cat-wholesale-pvc-bathroom-vanity-cabinets","8":"first","9":"instock","10":"shipping-taxable","11":"product-type-simple"},"acf":[],"_links":{"self":[{"href":"https:\/\/www.shouyasanitary.com\/de\/wp-json\/wp\/v2\/product\/2329","targetHints":{"allow":["GET"]}}],"collection":[{"href":"https:\/\/www.shouyasanitary.com\/de\/wp-json\/wp\/v2\/product"}],"about":[{"href":"https:\/\/www.shouyasanitary.com\/de\/wp-json\/wp\/v2\/types\/product"}],"replies":[{"embeddable":true,"href":"https:\/\/www.shouyasanitary.com\/de\/wp-json\/wp\/v2\/comments?post=2329"}],"wp:featuredmedia":[{"embeddable":true,"href":"https:\/\/www.shouyasanitary.com\/de\/wp-json\/wp\/v2\/media\/2331"}],"wp:attachment":[{"href":"https:\/\/www.shouyasanitary.com\/de\/wp-json\/wp\/v2\/media?parent=2329"}],"wp:term":[{"taxonomy":"product_brand","embeddable":true,"href":"https:\/\/www.shouyasanitary.com\/de\/wp-json\/wp\/v2\/product_brand?post=2329"},{"taxonomy":"product_cat","embeddable":true,"href":"https:\/\/www.shouyasanitary.com\/de\/wp-json\/wp\/v2\/product_cat?post=2329"},{"taxonomy":"product_tag","embeddable":true,"href":"https:\/\/www.shouyasanitary.com\/de\/wp-json\/wp\/v2\/product_tag?post=2329"}],"curies":[{"name":"wp","href":"https:\/\/api.w.org\/{rel}","templated":true}]}}