{"id":2330,"date":"2025-11-22T03:04:40","date_gmt":"2025-11-22T03:04:40","guid":{"rendered":"https:\/\/www.shouyasanitary.com\/?post_type=product&#038;p=2330"},"modified":"2025-11-22T03:04:46","modified_gmt":"2025-11-22T03:04:46","slug":"custom-bathroom-cabinet-and-vanity","status":"publish","type":"product","link":"https:\/\/www.shouyasanitary.com\/de\/produkt\/custom-bathroom-cabinet-and-vanity\/","title":{"rendered":"Kundenspezifische Badezimmerschr\u00e4nke und Eitelkeiten, PVC-Badezimmer-Eitelkeit mit Schubladen Khaki in Bulk"},"content":{"rendered":"<div class=\"wp-block-columns is-layout-flex wp-container-core-columns-is-layout-9d6595d7 wp-block-columns-is-layout-flex\">\n<div class=\"wp-block-column is-layout-flow wp-block-column-is-layout-flow\">\n<h2 class=\"wp-block-heading\">Eigenschaften von Badezimmerschr\u00e4nken und Eitelkeiten\uff1a<\/h2>\n\n\n\n<p><strong>PVC-Bauweise<\/strong>: Es ist aus hochwertigem PVC gefertigt und bietet eine gute Leistung unter feuchten Bedingungen; es hat eine porenfreie, wasserdichte Oberfl\u00e4che, die Feuchtigkeit abweist und Schimmelbildung vermeidet, w\u00e4hrend sie bei t\u00e4glichem Wassergebrauch intakt bleibt. Die matte Oberfl\u00e4che verleiht ihm ein elegantes, modernes Aussehen und ist leicht abzuwischen.<\/p>\n\n\n\n<p><strong>Basis mit zwei Schubladen<\/strong>: Schwebende Doppelschubladen mit subtilen, hochgezogenen Griffen, die eine versteckte, geordnete Aufbewahrung erm\u00f6glichen; jede Schublade fasst Toilettenartikel mit Leichtigkeit, w\u00e4hrend die Wandmontage den Boden frei h\u00e4lt. Der Soft-Close-Mechanismus sorgt f\u00fcr einen leisen, reibungslosen Betrieb der Schubladen.<\/p>\n\n\n\n<p><strong>LED-Spiegelkabinett: <\/strong>Ein paar Spiegelschr\u00e4nke mit einem gro\u00dfen Spiegel und integrierter LED-Beleuchtung werden durch einen zus\u00e4tzlichen runden Vergr\u00f6\u00dferungsspiegel erg\u00e4nzt, w\u00e4hrend Touch-Bedienelemente die Einstellung der Lichtst\u00e4rke erm\u00f6glichen und eine geschlossene Aufbewahrung die Utensilien staubfrei h\u00e4lt.<\/p>\n\n\n\n<p><strong>Keramisches Waschbecken:<\/strong> Die integrierte Keramiksp\u00fcle passt perfekt zum PVC-Schrank, dessen glatte und schmutzabweisende Oberfl\u00e4che f\u00fcr Kratzfestigkeit sorgt. Durch die nahtlose Bauweise werden auch Fugen vermieden. Die schlanke Form im Design sorgt bei diesem Schrank f\u00fcr perfekten Minimalismus.<\/p>\n\n\n\n<p><strong>Schnelle Lieferung: <\/strong>Die ausgereifte Lieferkette und der Produktionsprozess von Shouya verk\u00fcrzen den Anpassungszyklus und helfen Kunden, wie z. B. Dekorationsfirmen und H\u00e4ndlern, die Projektumsetzung zu beschleunigen.<\/p>\n<\/div>\n\n\n\n<div class=\"wp-block-column is-layout-flow wp-block-column-is-layout-flow\"><div class=\"wp-block-image\">\n<figure class=\"aligncenter size-full\"><img decoding=\"async\" width=\"700\" height=\"700\" src=\"https:\/\/www.shouyasanitary.com\/wp-content\/uploads\/2025\/11\/Custom-Bathroom-Cabinets-with-Mirror.webp\" alt=\"Individuelle Badezimmerschr\u00e4nke mit Spiegel\" class=\"wp-image-2334\" style=\"object-fit:cover\" srcset=\"https:\/\/www.shouyasanitary.com\/wp-content\/uploads\/2025\/11\/Custom-Bathroom-Cabinets-with-Mirror.webp 700w, https:\/\/www.shouyasanitary.com\/wp-content\/uploads\/2025\/11\/Custom-Bathroom-Cabinets-with-Mirror-300x300.webp 300w, https:\/\/www.shouyasanitary.com\/wp-content\/uploads\/2025\/11\/Custom-Bathroom-Cabinets-with-Mirror-150x150.webp 150w, https:\/\/www.shouyasanitary.com\/wp-content\/uploads\/2025\/11\/Custom-Bathroom-Cabinets-with-Mirror-12x12.webp 12w, https:\/\/www.shouyasanitary.com\/wp-content\/uploads\/2025\/11\/Custom-Bathroom-Cabinets-with-Mirror-600x600.webp 600w, https:\/\/www.shouyasanitary.com\/wp-content\/uploads\/2025\/11\/Custom-Bathroom-Cabinets-with-Mirror-100x100.webp 100w\" sizes=\"(max-width: 700px) 100vw, 700px\" \/><\/figure>\n<\/div><\/div>\n<\/div>","protected":false},"excerpt":{"rendered":"<p>Benutzerdefinierte Bad Schrank und Eitelkeit, feuchtigkeitsbest\u00e4ndig, langlebig PVC. Es verf\u00fcgt \u00fcber eine schwimmende Doppel-Schublade Design mit einem LED-Spiegelschrank. Fabrik direkt liefern, ma\u00dfgeschneiderte schnelle Lieferung, ideal f\u00fcr verschiedene Bad-Szenarien. Bitte kontaktieren Sie uns f\u00fcr ein Angebot und Produktkatalog!<\/p>\n<h2>Eigenschaften von Badezimmerschr\u00e4nken und Eitelkeiten\uff1a<\/h2>\n<p><strong>Artikel Nr.: <\/strong>7757-80<strong><br \/>Material des Geh\u00e4uses:<\/strong> PVC<br \/><strong>Farbe des Geh\u00e4uses:\u00a0<\/strong>Khaki<br \/><strong>Spiegel:<\/strong> LED-Spiegel (3,5 mm\/3,8 mm), dreifarbige Beleuchtung, One-Touch-Entfogging, gesichert mit mehrlagiger Schaumstoffverpackung<br \/><strong>Installationsart:<\/strong>\u00a0Wandbefestigung<br \/><strong>Abmessungen (L\u00d7B\u00d7H):<\/strong> 80*50*57 cm<br \/><strong>Bruttogewicht:<\/strong> 30kg\/Satz<\/p>\n<h2>Anpassung &amp; Dienstleistungen:<\/h2>\n<p><strong>OEM &amp; ODM<\/strong>: Unterst\u00fctzt<br \/><strong>Gestaltung<\/strong>: Frei<br \/><strong>Zubeh\u00f6r<\/strong>: Waschbecken, Spiegel, Armaturen und anderes Badzubeh\u00f6r<br \/><strong>Verpacken<\/strong>: Einbaufertig<\/p>","protected":false},"featured_media":2334,"comment_status":"closed","ping_status":"closed","template":"","meta":{"_acf_changed":false},"product_brand":[],"product_cat":[24],"product_tag":[],"class_list":{"0":"post-2330","1":"product","2":"type-product","3":"status-publish","4":"has-post-thumbnail","6":"product_cat-wholesale-pvc-bathroom-vanity-cabinets","8":"first","9":"instock","10":"shipping-taxable","11":"product-type-simple"},"acf":[],"_links":{"self":[{"href":"https:\/\/www.shouyasanitary.com\/de\/wp-json\/wp\/v2\/product\/2330","targetHints":{"allow":["GET"]}}],"collection":[{"href":"https:\/\/www.shouyasanitary.com\/de\/wp-json\/wp\/v2\/product"}],"about":[{"href":"https:\/\/www.shouyasanitary.com\/de\/wp-json\/wp\/v2\/types\/product"}],"replies":[{"embeddable":true,"href":"https:\/\/www.shouyasanitary.com\/de\/wp-json\/wp\/v2\/comments?post=2330"}],"wp:featuredmedia":[{"embeddable":true,"href":"https:\/\/www.shouyasanitary.com\/de\/wp-json\/wp\/v2\/media\/2334"}],"wp:attachment":[{"href":"https:\/\/www.shouyasanitary.com\/de\/wp-json\/wp\/v2\/media?parent=2330"}],"wp:term":[{"taxonomy":"product_brand","embeddable":true,"href":"https:\/\/www.shouyasanitary.com\/de\/wp-json\/wp\/v2\/product_brand?post=2330"},{"taxonomy":"product_cat","embeddable":true,"href":"https:\/\/www.shouyasanitary.com\/de\/wp-json\/wp\/v2\/product_cat?post=2330"},{"taxonomy":"product_tag","embeddable":true,"href":"https:\/\/www.shouyasanitary.com\/de\/wp-json\/wp\/v2\/product_tag?post=2330"}],"curies":[{"name":"wp","href":"https:\/\/api.w.org\/{rel}","templated":true}]}}