{"id":2337,"date":"2025-11-22T03:42:23","date_gmt":"2025-11-22T03:42:23","guid":{"rendered":"https:\/\/www.shouyasanitary.com\/?post_type=product&#038;p=2337"},"modified":"2025-11-22T03:42:41","modified_gmt":"2025-11-22T03:42:41","slug":"wholesale-bathroom-vanity-with-cabinet","status":"publish","type":"product","link":"https:\/\/www.shouyasanitary.com\/de\/produkt\/wholesale-bathroom-vanity-with-cabinet\/","title":{"rendered":"Gro\u00dfhandel Badezimmer Eitelkeit mit Kabinett, moderne Wand montiert Badezimmer Kabinett Lieferant"},"content":{"rendered":"<div class=\"wp-block-columns is-layout-flex wp-container-core-columns-is-layout-9d6595d7 wp-block-columns-is-layout-flex\">\n<div class=\"wp-block-column is-layout-flow wp-block-column-is-layout-flow\">\n<h2 class=\"wp-block-heading\">Eigenschaften von Badezimmer-Waschtisch mit Unterschrank\uff1a<\/h2>\n\n\n\n<p><strong>Gro\u00dfhandelstaugliche PVC-Konstruktion:<\/strong> Strapazierf\u00e4higes, kratzfestes PVC, das leicht und einfach zu versenden ist - perfekt f\u00fcr stark frequentierte Badezimmer. Ideal f\u00fcr Gro\u00dfauftr\u00e4ge.<\/p>\n\n\n\n<p><strong>Reichlich Stauraum: <\/strong>Platzsparender, schwebender Schrank f\u00fcr reichlich Stauraum. Ideal f\u00fcr kleine B\u00e4der und moderne Renovierungen.<\/p>\n\n\n\n<p><strong>LED-Spiegelkabinett:<\/strong> Spiegel in voller Gr\u00f6\u00dfe mit LED-Hintergrundbeleuchtung und Touch-Bedienung f\u00fcr eine bessere K\u00f6rperpflege. Schlankes, rahmenloses Design mit starker Anziehungskraft f\u00fcr moderne Badprojekte.<\/p>\n\n\n\n<p><strong>Integrierte Keramiksp\u00fcle:<\/strong> Nahtlose, schmutzabweisende Sp\u00fcle f\u00fcr einfache Wartung. Perfekt f\u00fcr Hausverwaltungen und Bauunternehmer.<\/p>\n\n\n\n<p><strong>OEM\/ODM-Dienstleistung<\/strong>: Wir bieten ma\u00dfgeschneiderte Design- und Gro\u00dfbestellungsl\u00f6sungen, die eine gleichbleibende Qualit\u00e4t und Flexibilit\u00e4t f\u00fcr Gro\u00dfhandelskunden gew\u00e4hrleisten.<\/p>\n<\/div>\n\n\n\n<div class=\"wp-block-column is-layout-flow wp-block-column-is-layout-flow\"><div class=\"wp-block-image\">\n<figure class=\"aligncenter size-full\"><img decoding=\"async\" width=\"700\" height=\"700\" src=\"https:\/\/www.shouyasanitary.com\/wp-content\/uploads\/2025\/11\/OEM-Vanity-with-Mirror-Wash-Basin-for-Hotel-Bathroom.webp\" alt=\"OEM Eitelkeit mit Spiegel Waschbecken f\u00fcr Hotel-Badezimmer\" class=\"wp-image-2340\" style=\"object-fit:cover\" srcset=\"https:\/\/www.shouyasanitary.com\/wp-content\/uploads\/2025\/11\/OEM-Vanity-with-Mirror-Wash-Basin-for-Hotel-Bathroom.webp 700w, https:\/\/www.shouyasanitary.com\/wp-content\/uploads\/2025\/11\/OEM-Vanity-with-Mirror-Wash-Basin-for-Hotel-Bathroom-300x300.webp 300w, https:\/\/www.shouyasanitary.com\/wp-content\/uploads\/2025\/11\/OEM-Vanity-with-Mirror-Wash-Basin-for-Hotel-Bathroom-150x150.webp 150w, https:\/\/www.shouyasanitary.com\/wp-content\/uploads\/2025\/11\/OEM-Vanity-with-Mirror-Wash-Basin-for-Hotel-Bathroom-12x12.webp 12w, https:\/\/www.shouyasanitary.com\/wp-content\/uploads\/2025\/11\/OEM-Vanity-with-Mirror-Wash-Basin-for-Hotel-Bathroom-600x600.webp 600w, https:\/\/www.shouyasanitary.com\/wp-content\/uploads\/2025\/11\/OEM-Vanity-with-Mirror-Wash-Basin-for-Hotel-Bathroom-100x100.webp 100w\" sizes=\"(max-width: 700px) 100vw, 700px\" \/><\/figure>\n<\/div><\/div>\n<\/div>","protected":false},"excerpt":{"rendered":"<p>Willkommen im Gro\u00dfhandel Badezimmer Eitelkeit mit Schrank, Wandmontage Struktur, eine moderne LED-Spiegel und schmutzabweisende Keramik Waschbecken. Ideal f\u00fcr Gro\u00dfhandel Bestellungen, die dauerhafte Leistung f\u00fcr Wohn-und Gewerbefl\u00e4chen. F\u00fchlen Sie sich frei, uns zu kontaktieren!<\/p>\n<h2>Bad Waschtisch mit Schrank Attribute\uff1a<\/h2>\n<p><strong>Artikel Nr.: <\/strong>JD2019-60WV<strong><br \/>Material des Geh\u00e4uses:<\/strong> PVC<br \/><strong>Farbe des Geh\u00e4uses: <\/strong>Wei\u00df<br \/><strong>Spiegel:<\/strong> LED-Spiegel (3,5 mm\/3,8 mm), dreifarbige Beleuchtung, One-Touch-Entfogging, gesichert mit mehrlagiger Schaumstoffverpackung<br \/><strong>Installationsart:<\/strong>\u00a0Wandbefestigung<br \/><strong>Abmessungen (L\u00d7B\u00d7H):<\/strong> 60*50*48 cm<br \/><strong>Bruttogewicht:<\/strong> 30kg\/Satz<\/p>\n<h2>Anpassung &amp; Dienstleistungen:<\/h2>\n<p><strong>OEM &amp; ODM<\/strong>: Unterst\u00fctzt<br \/><strong>Gestaltung<\/strong>: Frei<br \/><strong>Zubeh\u00f6r<\/strong>: Waschbecken, Spiegel, Armaturen und anderes Badzubeh\u00f6r<br \/><strong>Verpacken<\/strong>: Einbaufertig<\/p>","protected":false},"featured_media":2340,"comment_status":"closed","ping_status":"closed","template":"","meta":{"_acf_changed":false},"product_brand":[],"product_cat":[24],"product_tag":[],"class_list":{"0":"post-2337","1":"product","2":"type-product","3":"status-publish","4":"has-post-thumbnail","6":"product_cat-wholesale-pvc-bathroom-vanity-cabinets","8":"first","9":"instock","10":"shipping-taxable","11":"product-type-simple"},"acf":[],"_links":{"self":[{"href":"https:\/\/www.shouyasanitary.com\/de\/wp-json\/wp\/v2\/product\/2337","targetHints":{"allow":["GET"]}}],"collection":[{"href":"https:\/\/www.shouyasanitary.com\/de\/wp-json\/wp\/v2\/product"}],"about":[{"href":"https:\/\/www.shouyasanitary.com\/de\/wp-json\/wp\/v2\/types\/product"}],"replies":[{"embeddable":true,"href":"https:\/\/www.shouyasanitary.com\/de\/wp-json\/wp\/v2\/comments?post=2337"}],"wp:featuredmedia":[{"embeddable":true,"href":"https:\/\/www.shouyasanitary.com\/de\/wp-json\/wp\/v2\/media\/2340"}],"wp:attachment":[{"href":"https:\/\/www.shouyasanitary.com\/de\/wp-json\/wp\/v2\/media?parent=2337"}],"wp:term":[{"taxonomy":"product_brand","embeddable":true,"href":"https:\/\/www.shouyasanitary.com\/de\/wp-json\/wp\/v2\/product_brand?post=2337"},{"taxonomy":"product_cat","embeddable":true,"href":"https:\/\/www.shouyasanitary.com\/de\/wp-json\/wp\/v2\/product_cat?post=2337"},{"taxonomy":"product_tag","embeddable":true,"href":"https:\/\/www.shouyasanitary.com\/de\/wp-json\/wp\/v2\/product_tag?post=2337"}],"curies":[{"name":"wp","href":"https:\/\/api.w.org\/{rel}","templated":true}]}}