{"id":2339,"date":"2025-11-28T02:29:31","date_gmt":"2025-11-28T02:29:31","guid":{"rendered":"https:\/\/www.shouyasanitary.com\/?post_type=product&#038;p=2339"},"modified":"2025-11-28T02:29:33","modified_gmt":"2025-11-28T02:29:33","slug":"custom-white-bathroom-cabinets","status":"publish","type":"product","link":"https:\/\/www.shouyasanitary.com\/de\/produkt\/custom-white-bathroom-cabinets\/","title":{"rendered":"Custom White Badezimmer Schr\u00e4nke, Badezimmer Eitelkeit mit Schubladen Runde Spiegel in Bulk"},"content":{"rendered":"<div class=\"wp-block-columns is-layout-flex wp-container-core-columns-is-layout-9d6595d7 wp-block-columns-is-layout-flex\">\n<div class=\"wp-block-column is-layout-flow wp-block-column-is-layout-flow\">\n<h2 class=\"wp-block-heading\">Wei\u00dfe Badezimmerschr\u00e4nke Merkmale\uff1a<\/h2>\n\n\n\n<p><strong>PVC Konstruktion:<\/strong> Er ist aus robustem, kosteng\u00fcnstigem PVC gefertigt und f\u00fcr Gro\u00dfbestellungen konzipiert. Seine wasserdichte, lichtechte Oberfl\u00e4che ist f\u00fcr feuchte Badezimmer geeignet. Die gleichbleibende Haltbarkeit von Einheit zu Einheit macht es zu einer gro\u00dfartigen Option f\u00fcr Einzelh\u00e4ndler oder Bauunternehmer, die nach zuverl\u00e4ssigen, wartungsarmen Armaturen in gro\u00dfen Mengen suchen. Das leichte PVC senkt auch die Versandkosten und ist damit ein gro\u00dfes Plus f\u00fcr Gro\u00dfhandelskunden.<\/p>\n\n\n\n<p><strong>Design mit zwei Schubladen<\/strong>: Der schwebende Sockel mit zwei Schubladen verf\u00fcgt \u00fcber geschwungene, grifflose Fronten, die moderne \u00c4sthetik mit funktionaler Aufbewahrung verbinden. In jeder Schublade lassen sich die t\u00e4glichen Toilettenartikel m\u00fchelos unterbringen, und die Wandmontage optimiert die Stellfl\u00e4che - ein wichtiges Verkaufsargument f\u00fcr Kunden, die kleine B\u00e4der renovieren. Die Schubladen mit Soft-Close-Funktion bieten einen hochwertigen Eindruck, ohne die Kosten in die H\u00f6he zu treiben.<\/p>\n\n\n\n<p><strong>LED-Spiegel:<\/strong> Zusammen mit einem runden Spiegel mit LED-Hintergrundbeleuchtung und gleichm\u00e4\u00dfigem, dimmbarem Licht steigert dieser Badezimmerschrank seinen Gro\u00dfhandelswert weiter. Das schlichte, moderne Design dieses Spiegels erm\u00f6glicht eine bessere Sicht bei der K\u00f6rperpflege, w\u00e4hrend die Plug-and-Play-Installation ihn f\u00fcr Gro\u00dfprojekte, bei denen es auf Effizienz ankommt, besonders geeignet macht. Sein minimalistisches Design folgt den neuesten Badtrends und tr\u00e4gt so zur Verbesserung der Verkaufszahlen bei.<\/p>\n\n\n\n<p><strong>Integrierte Keramiksp\u00fcle:<\/strong> Mit ihrer porenfreien und schmutzabweisenden Oberfl\u00e4che ist die fugenlose Keramiksp\u00fcle eine praktische L\u00f6sung f\u00fcr den Reinigungsaufwand in einer Mietwohnung oder einem stark frequentierten Haushalt. Au\u00dferdem sorgt sie f\u00fcr ein poliertes und einheitliches Erscheinungsbild. <\/p>\n\n\n\n<p><strong>Shouya Factory Supply:<\/strong> Wir garantieren eine Qualit\u00e4tskontrolle, bieten Rabatte f\u00fcr Gro\u00dfbestellungen und bieten Anpassungsdienste an.<\/p>\n<\/div>\n\n\n\n<div class=\"wp-block-column is-layout-flow wp-block-column-is-layout-flow\"><div class=\"wp-block-image\">\n<figure class=\"aligncenter size-full\"><img decoding=\"async\" width=\"700\" height=\"700\" src=\"https:\/\/www.shouyasanitary.com\/wp-content\/uploads\/2025\/11\/Custom-Vanity-with-Mirror-Wash-Basin-for-Hotel-Bathroom.webp\" alt=\"Individueller Waschtisch mit Spiegelwaschbecken f\u00fcr Hotelbadezimmer\" class=\"wp-image-2346\" style=\"object-fit:cover\" srcset=\"https:\/\/www.shouyasanitary.com\/wp-content\/uploads\/2025\/11\/Custom-Vanity-with-Mirror-Wash-Basin-for-Hotel-Bathroom.webp 700w, https:\/\/www.shouyasanitary.com\/wp-content\/uploads\/2025\/11\/Custom-Vanity-with-Mirror-Wash-Basin-for-Hotel-Bathroom-300x300.webp 300w, https:\/\/www.shouyasanitary.com\/wp-content\/uploads\/2025\/11\/Custom-Vanity-with-Mirror-Wash-Basin-for-Hotel-Bathroom-150x150.webp 150w, https:\/\/www.shouyasanitary.com\/wp-content\/uploads\/2025\/11\/Custom-Vanity-with-Mirror-Wash-Basin-for-Hotel-Bathroom-12x12.webp 12w, https:\/\/www.shouyasanitary.com\/wp-content\/uploads\/2025\/11\/Custom-Vanity-with-Mirror-Wash-Basin-for-Hotel-Bathroom-600x600.webp 600w, https:\/\/www.shouyasanitary.com\/wp-content\/uploads\/2025\/11\/Custom-Vanity-with-Mirror-Wash-Basin-for-Hotel-Bathroom-100x100.webp 100w\" sizes=\"(max-width: 700px) 100vw, 700px\" \/><\/figure>\n<\/div><\/div>\n<\/div>","protected":false},"excerpt":{"rendered":"<p>Dieser PVC-Waschtisch mit Keramikunterschrank ist die ideale Wahl, um ein komfortables und funktionales Badezimmer zu schaffen. Bitte kontaktieren Sie uns f\u00fcr ein Angebot und einen Produktkatalog.<\/p>\n<h2>Kabinett Wei\u00df Badezimmer Attribute\uff1a<\/h2>\n<p><strong>Artikel Nr.: <\/strong>LT-5080-80<strong><br \/>Material des Geh\u00e4uses:<\/strong> PVC<br \/><strong>Farbe des Geh\u00e4uses: <\/strong>Wei\u00df<br \/><strong>Spiegel:<\/strong> LED-Spiegel (3,5 mm\/3,8 mm), dreifarbige Beleuchtung, One-Touch-Entfogging, gesichert mit mehrlagiger Schaumstoffverpackung<br \/><strong>Installationsart:<\/strong>\u00a0Wandbefestigung<br \/><strong>Abmessungen (L\u00d7B\u00d7H):<\/strong> 80*47*50 cm<br \/><strong>Bruttogewicht:<\/strong> 32kg\/Satz<\/p>\n<h2>Anpassung &amp; Dienstleistungen:<\/h2>\n<p><strong>OEM &amp; ODM<\/strong>: Unterst\u00fctzt<br \/><strong>Gestaltung<\/strong>: Frei<br \/><strong>Zubeh\u00f6r<\/strong>: Waschbecken, Spiegel, Armaturen und anderes Badzubeh\u00f6r<br \/><strong>Verpacken<\/strong>: Einbaufertig<\/p>","protected":false},"featured_media":2346,"comment_status":"closed","ping_status":"closed","template":"","meta":{"_acf_changed":true},"product_brand":[],"product_cat":[24],"product_tag":[],"class_list":{"0":"post-2339","1":"product","2":"type-product","3":"status-publish","4":"has-post-thumbnail","6":"product_cat-wholesale-pvc-bathroom-vanity-cabinets","8":"first","9":"instock","10":"shipping-taxable","11":"product-type-simple"},"acf":[],"_links":{"self":[{"href":"https:\/\/www.shouyasanitary.com\/de\/wp-json\/wp\/v2\/product\/2339","targetHints":{"allow":["GET"]}}],"collection":[{"href":"https:\/\/www.shouyasanitary.com\/de\/wp-json\/wp\/v2\/product"}],"about":[{"href":"https:\/\/www.shouyasanitary.com\/de\/wp-json\/wp\/v2\/types\/product"}],"replies":[{"embeddable":true,"href":"https:\/\/www.shouyasanitary.com\/de\/wp-json\/wp\/v2\/comments?post=2339"}],"wp:featuredmedia":[{"embeddable":true,"href":"https:\/\/www.shouyasanitary.com\/de\/wp-json\/wp\/v2\/media\/2346"}],"wp:attachment":[{"href":"https:\/\/www.shouyasanitary.com\/de\/wp-json\/wp\/v2\/media?parent=2339"}],"wp:term":[{"taxonomy":"product_brand","embeddable":true,"href":"https:\/\/www.shouyasanitary.com\/de\/wp-json\/wp\/v2\/product_brand?post=2339"},{"taxonomy":"product_cat","embeddable":true,"href":"https:\/\/www.shouyasanitary.com\/de\/wp-json\/wp\/v2\/product_cat?post=2339"},{"taxonomy":"product_tag","embeddable":true,"href":"https:\/\/www.shouyasanitary.com\/de\/wp-json\/wp\/v2\/product_tag?post=2339"}],"curies":[{"name":"wp","href":"https:\/\/api.w.org\/{rel}","templated":true}]}}