{"id":2349,"date":"2025-11-28T02:27:23","date_gmt":"2025-11-28T02:27:23","guid":{"rendered":"https:\/\/www.shouyasanitary.com\/?post_type=product&#038;p=2349"},"modified":"2025-11-28T02:27:29","modified_gmt":"2025-11-28T02:27:29","slug":"wholesale-bathroom-vanities-with-sink","status":"publish","type":"product","link":"https:\/\/www.shouyasanitary.com\/de\/produkt\/wholesale-bathroom-vanities-with-sink\/","title":{"rendered":"Gro\u00dfhandel Badezimmer Eitelkeiten mit Waschbecken, Wand geh\u00e4ngt Badezimmer Schrank gepr\u00e4gte Welle Muster"},"content":{"rendered":"<div class=\"wp-block-columns is-layout-flex wp-container-core-columns-is-layout-9d6595d7 wp-block-columns-is-layout-flex\">\n<div class=\"wp-block-column is-layout-flow wp-block-column-is-layout-flow\">\n<h2 class=\"wp-block-heading\">Eigenschaften von Badezimmer-Eitelkeiten mit Waschbecken\uff1a<\/h2>\n\n\n\n<p><strong>Hochwertiges PVC-Material<\/strong>: Er ist aus hochwertigem PVC gefertigt, das eine au\u00dfergew\u00f6hnliche Best\u00e4ndigkeit gegen Wasser, Feuchtigkeit und Korrosion aufweist. Es bietet lange Haltbarkeit und Zuverl\u00e4ssigkeit in den feuchtesten Badezimmern. Die Reinigung und Pflege des Materials ist ebenfalls einfach, wodurch die Gesamtbetriebskosten minimiert werden.<\/p>\n\n\n\n<p><strong>Schlankes und funktionales Design:<\/strong> Er besticht durch sein minimalistisches Design mit klaren Linien und einer glatten Oberfl\u00e4che. Der integrierte Spiegelschrank bietet nicht nur einen Spiegel in voller L\u00e4nge, sondern auch zus\u00e4tzlichen Stauraum f\u00fcr Badutensilien. Die wei\u00dfe, gewellte Front des Schranks verleiht dem Gesamtdesign einen Hauch von moderner Eleganz.<\/p>\n\n\n\n<p><strong>Ausreichend Stauraum und Organisation:<\/strong> Mit einer ger\u00e4umigen Arbeitsplatte und einem gro\u00dfen Schrank mit einzigartigem Wellenmuster bietet dieser Waschtisch reichlich Platz f\u00fcr Handt\u00fccher, Toilettenartikel und andere Badutensilien. Der Spiegelschrank verf\u00fcgt \u00fcber ein praktisches Seitenfach f\u00fcr h\u00e4ufig ben\u00f6tigte Gegenst\u00e4nde, das f\u00fcr mehr Ordnung im Bad sorgt.<\/p>\n\n\n\n<p><strong>Einfache Installation und Vielseitigkeit: <\/strong>Das mitgelieferte Montagematerial und die ausf\u00fchrliche Anleitung erm\u00f6glichen eine schnelle und einfache Installation. Es ist einfach an fast jeder Art von Wand zu montieren und passt aufgrund der neutralen Farbe und des minimalistischen Stils zu einer Vielzahl von Badezimmerdekoren, von modern bis traditionell.<\/p>\n\n\n\n<p><strong>OEM\/ODM-Dienstleistungen<\/strong>: Wir bieten Branding-Dienstleistungen und unterst\u00fctzen die vollst\u00e4ndige Anpassung von Gr\u00f6\u00dfe, Farbe, Spiegelschrank, Beleuchtung, Waschbecken, Materialien usw.<\/p>\n<\/div>\n\n\n\n<div class=\"wp-block-column is-layout-flow wp-block-column-is-layout-flow\"><div class=\"wp-block-image\">\n<figure class=\"aligncenter size-full\"><img decoding=\"async\" width=\"700\" height=\"700\" src=\"https:\/\/www.shouyasanitary.com\/wp-content\/uploads\/2025\/11\/wholesale-supply-modern-minimalist-PVC-bathroom-cabinet-vanity.webp\" alt=\"Gro\u00dfhandel Versorgung modernen minimalistischen PVC Bad Schrank Eitelkeit\" class=\"wp-image-2351\" style=\"object-fit:cover\" srcset=\"https:\/\/www.shouyasanitary.com\/wp-content\/uploads\/2025\/11\/wholesale-supply-modern-minimalist-PVC-bathroom-cabinet-vanity.webp 700w, https:\/\/www.shouyasanitary.com\/wp-content\/uploads\/2025\/11\/wholesale-supply-modern-minimalist-PVC-bathroom-cabinet-vanity-300x300.webp 300w, https:\/\/www.shouyasanitary.com\/wp-content\/uploads\/2025\/11\/wholesale-supply-modern-minimalist-PVC-bathroom-cabinet-vanity-150x150.webp 150w, https:\/\/www.shouyasanitary.com\/wp-content\/uploads\/2025\/11\/wholesale-supply-modern-minimalist-PVC-bathroom-cabinet-vanity-12x12.webp 12w, https:\/\/www.shouyasanitary.com\/wp-content\/uploads\/2025\/11\/wholesale-supply-modern-minimalist-PVC-bathroom-cabinet-vanity-600x600.webp 600w, https:\/\/www.shouyasanitary.com\/wp-content\/uploads\/2025\/11\/wholesale-supply-modern-minimalist-PVC-bathroom-cabinet-vanity-100x100.webp 100w\" sizes=\"(max-width: 700px) 100vw, 700px\" \/><\/figure>\n<\/div><\/div>\n<\/div>","protected":false},"excerpt":{"rendered":"<p>Willkommen im Gro\u00dfhandel Badezimmer Eitelkeiten mit Waschbecken. Aus wasserdichtem und feuchtigkeitsbest\u00e4ndigem, wirtschaftlichem PVC, mit einem minimalistischen und stilvollen Design, sind sie einfach zu installieren und ideal f\u00fcr Gro\u00dfeink\u00e4ufe. Kontaktieren Sie uns f\u00fcr Gro\u00dfhandelspreise!<\/p>\n<h2>Badezimmer Waschtische mit Waschbecken Attribute\uff1a<\/h2>\n<p><strong>Artikel Nr.: <\/strong>SY303-80A<strong><br \/>Material des Geh\u00e4uses:<\/strong> PVC<br \/><strong>Farbe des Geh\u00e4uses:\u00a0<\/strong>Wei\u00df<br \/><strong>Spiegel:<\/strong> LED-Spiegel (3,5 mm\/3,8 mm), dreifarbige Beleuchtung, One-Touch-Entfogging, gesichert mit mehrlagiger Schaumstoffverpackung<br \/><strong>Installationsart:<\/strong>\u00a0Wandbefestigung<br \/><strong>Abmessungen (L\u00d7B\u00d7H):<\/strong> 80*47*47 cm<br \/><strong>Bruttogewicht:<\/strong> 32kg\/Satz<\/p>\n<h2>Anpassung &amp; Dienstleistungen:<\/h2>\n<p><strong>OEM &amp; ODM<\/strong>: Unterst\u00fctzt<br \/><strong>Gestaltung<\/strong>: Frei<br \/><strong>Zubeh\u00f6r<\/strong>: Waschbecken, Spiegel, Armaturen und anderes Badzubeh\u00f6r<br \/><strong>Verpacken<\/strong>: Einbaufertig<\/p>","protected":false},"featured_media":2351,"comment_status":"closed","ping_status":"closed","template":"","meta":{"_acf_changed":true},"product_brand":[],"product_cat":[24],"product_tag":[],"class_list":{"0":"post-2349","1":"product","2":"type-product","3":"status-publish","4":"has-post-thumbnail","6":"product_cat-wholesale-pvc-bathroom-vanity-cabinets","8":"first","9":"instock","10":"shipping-taxable","11":"product-type-simple"},"acf":[],"_links":{"self":[{"href":"https:\/\/www.shouyasanitary.com\/de\/wp-json\/wp\/v2\/product\/2349","targetHints":{"allow":["GET"]}}],"collection":[{"href":"https:\/\/www.shouyasanitary.com\/de\/wp-json\/wp\/v2\/product"}],"about":[{"href":"https:\/\/www.shouyasanitary.com\/de\/wp-json\/wp\/v2\/types\/product"}],"replies":[{"embeddable":true,"href":"https:\/\/www.shouyasanitary.com\/de\/wp-json\/wp\/v2\/comments?post=2349"}],"wp:featuredmedia":[{"embeddable":true,"href":"https:\/\/www.shouyasanitary.com\/de\/wp-json\/wp\/v2\/media\/2351"}],"wp:attachment":[{"href":"https:\/\/www.shouyasanitary.com\/de\/wp-json\/wp\/v2\/media?parent=2349"}],"wp:term":[{"taxonomy":"product_brand","embeddable":true,"href":"https:\/\/www.shouyasanitary.com\/de\/wp-json\/wp\/v2\/product_brand?post=2349"},{"taxonomy":"product_cat","embeddable":true,"href":"https:\/\/www.shouyasanitary.com\/de\/wp-json\/wp\/v2\/product_cat?post=2349"},{"taxonomy":"product_tag","embeddable":true,"href":"https:\/\/www.shouyasanitary.com\/de\/wp-json\/wp\/v2\/product_tag?post=2349"}],"curies":[{"name":"wp","href":"https:\/\/api.w.org\/{rel}","templated":true}]}}