{"id":2350,"date":"2025-11-28T10:26:04","date_gmt":"2025-11-28T10:26:04","guid":{"rendered":"https:\/\/www.shouyasanitary.com\/?post_type=product&#038;p=2350"},"modified":"2025-11-28T10:26:11","modified_gmt":"2025-11-28T10:26:11","slug":"wholesale-bathroom-cabinets-vanity","status":"publish","type":"product","link":"https:\/\/www.shouyasanitary.com\/de\/produkt\/wholesale-bathroom-cabinets-vanity\/","title":{"rendered":"Gro\u00dfhandel Bad Schr\u00e4nke Eitelkeit, schwimmende Badezimmer Eitelkeiten wei\u00df moderne benutzerdefinierte"},"content":{"rendered":"<div class=\"wp-block-columns is-layout-flex wp-container-core-columns-is-layout-9d6595d7 wp-block-columns-is-layout-flex\">\n<div class=\"wp-block-column is-layout-flow wp-block-column-is-layout-flow\">\n<h2 class=\"wp-block-heading\">Badezimmer Schr\u00e4nke Eitelkeit Eigenschaften\uff1a<\/h2>\n\n\n\n<p><strong>PVC-Bauweise:<\/strong> Dieser aus leichtem und dennoch robustem PVC gefertigte Waschtisch vereinfacht die schwimmende Installation. Seine kompakte, feuchtigkeitsbest\u00e4ndige Struktur l\u00e4sst sich leicht an der Wand montieren, w\u00e4hrend die Steifigkeit des Materials eine stabile, langfristige Wandunterst\u00fctzung gew\u00e4hrleistet, die f\u00fcr eine sichere schwimmende Installation entscheidend ist.<\/p>\n\n\n\n<p><strong>Schwebendes Kabinett Design<\/strong>: Er verf\u00fcgt \u00fcber vorgebohrte Befestigungspunkte f\u00fcr eine schnelle und problemlose Installation. Das wandh\u00e4ngende Design macht eine Anpassung an den Boden \u00fcberfl\u00fcssig und schafft Platz unter dem Waschtisch. Dieses Design ist perfekt f\u00fcr kleine B\u00e4der und entspricht den modernen Trends f\u00fcr schwimmende Waschtische.<\/p>\n\n\n\n<p><strong>LED-Spiegelkabinett<\/strong>: Das schlanke, rahmenlose Profil des Spiegels l\u00e4sst sich nahtlos \u00fcber dem schwebenden Schrank anbringen, so dass keine zus\u00e4tzlichen baulichen Ma\u00dfnahmen erforderlich sind, w\u00e4hrend die eingebaute Beleuchtung die Funktionalit\u00e4t erh\u00f6ht, ohne die Wandfl\u00e4che zu \u00fcberladen.<\/p>\n\n\n\n<p><strong>Keramik-Sp\u00fcle: Nahtlos<\/strong>: Das integrierte Keramikwaschbecken, das an die PVC-Badeschrankplatte angeformt ist. Seine leichte, porenfreie Oberfl\u00e4che ist fest mit dem Schrank verbunden.<\/p>\n<\/div>\n\n\n\n<div class=\"wp-block-column is-layout-flow wp-block-column-is-layout-flow\"><div class=\"wp-block-image\">\n<figure class=\"aligncenter size-full\"><img decoding=\"async\" width=\"700\" height=\"700\" src=\"https:\/\/www.shouyasanitary.com\/wp-content\/uploads\/2025\/11\/wholesale-Bathroom-Cabinet-with-Mirror.webp\" alt=\"Gro\u00dfhandel Badezimmerschrank mit Spiegel\" class=\"wp-image-2354\" style=\"object-fit:cover\" srcset=\"https:\/\/www.shouyasanitary.com\/wp-content\/uploads\/2025\/11\/wholesale-Bathroom-Cabinet-with-Mirror.webp 700w, https:\/\/www.shouyasanitary.com\/wp-content\/uploads\/2025\/11\/wholesale-Bathroom-Cabinet-with-Mirror-300x300.webp 300w, https:\/\/www.shouyasanitary.com\/wp-content\/uploads\/2025\/11\/wholesale-Bathroom-Cabinet-with-Mirror-150x150.webp 150w, https:\/\/www.shouyasanitary.com\/wp-content\/uploads\/2025\/11\/wholesale-Bathroom-Cabinet-with-Mirror-12x12.webp 12w, https:\/\/www.shouyasanitary.com\/wp-content\/uploads\/2025\/11\/wholesale-Bathroom-Cabinet-with-Mirror-600x600.webp 600w, https:\/\/www.shouyasanitary.com\/wp-content\/uploads\/2025\/11\/wholesale-Bathroom-Cabinet-with-Mirror-100x100.webp 100w\" sizes=\"(max-width: 700px) 100vw, 700px\" \/><\/figure>\n<\/div><\/div>\n<\/div>","protected":false},"excerpt":{"rendered":"<p>Willkommen im Gro\u00dfhandel Bad Schr\u00e4nke Eitelkeit, Fabrik direkte Versorgung, PVC-Material, Wand-Struktur, umfasst Spiegelschrank und Keramik-Waschbecken. Bulk-Anpassung und schnelle Lieferung werden unterst\u00fctzt. Kontaktieren Sie uns jetzt f\u00fcr Proben und Gro\u00dfhandel Angebote.<\/p>\n<h2>Badezimmerschr\u00e4nke Eitelkeit Attribute\uff1a<\/h2>\n<p><strong>Artikel Nr.:\u00a0<\/strong>SY8507-80<strong><br \/>Material des Geh\u00e4uses:<\/strong> PVC<br \/><strong>Farbe des Geh\u00e4uses: <\/strong>Wei\u00df<br \/><strong>Spiegel:<\/strong> LED-Spiegel (3,5 mm\/3,8 mm), dreifarbige Beleuchtung, One-Touch-Entfogging, gesichert mit mehrlagiger Schaumstoffverpackung<br \/><strong>Installationsart:<\/strong>\u00a0Wandbefestigung<br \/><strong>Abmessungen (L\u00d7B\u00d7H):<\/strong> 80*47*47 cm<br \/><strong>Bruttogewicht:<\/strong> 32kg\/Satz<\/p>\n<h2>Anpassung &amp; Dienstleistungen:<\/h2>\n<p><strong>OEM &amp; ODM<\/strong>: Unterst\u00fctzt<br \/><strong>Gestaltung<\/strong>: Frei<br \/><strong>Zubeh\u00f6r<\/strong>: Waschbecken, Spiegel, Armaturen und anderes Badzubeh\u00f6r<br \/><strong>Verpacken<\/strong>: Einbaufertig<\/p>","protected":false},"featured_media":2354,"comment_status":"closed","ping_status":"closed","template":"","meta":{"_acf_changed":false},"product_brand":[],"product_cat":[24],"product_tag":[],"class_list":{"0":"post-2350","1":"product","2":"type-product","3":"status-publish","4":"has-post-thumbnail","6":"product_cat-wholesale-pvc-bathroom-vanity-cabinets","8":"first","9":"instock","10":"shipping-taxable","11":"product-type-simple"},"acf":[],"_links":{"self":[{"href":"https:\/\/www.shouyasanitary.com\/de\/wp-json\/wp\/v2\/product\/2350","targetHints":{"allow":["GET"]}}],"collection":[{"href":"https:\/\/www.shouyasanitary.com\/de\/wp-json\/wp\/v2\/product"}],"about":[{"href":"https:\/\/www.shouyasanitary.com\/de\/wp-json\/wp\/v2\/types\/product"}],"replies":[{"embeddable":true,"href":"https:\/\/www.shouyasanitary.com\/de\/wp-json\/wp\/v2\/comments?post=2350"}],"wp:featuredmedia":[{"embeddable":true,"href":"https:\/\/www.shouyasanitary.com\/de\/wp-json\/wp\/v2\/media\/2354"}],"wp:attachment":[{"href":"https:\/\/www.shouyasanitary.com\/de\/wp-json\/wp\/v2\/media?parent=2350"}],"wp:term":[{"taxonomy":"product_brand","embeddable":true,"href":"https:\/\/www.shouyasanitary.com\/de\/wp-json\/wp\/v2\/product_brand?post=2350"},{"taxonomy":"product_cat","embeddable":true,"href":"https:\/\/www.shouyasanitary.com\/de\/wp-json\/wp\/v2\/product_cat?post=2350"},{"taxonomy":"product_tag","embeddable":true,"href":"https:\/\/www.shouyasanitary.com\/de\/wp-json\/wp\/v2\/product_tag?post=2350"}],"curies":[{"name":"wp","href":"https:\/\/api.w.org\/{rel}","templated":true}]}}