{"id":2370,"date":"2025-12-03T02:03:55","date_gmt":"2025-12-03T02:03:55","guid":{"rendered":"https:\/\/www.shouyasanitary.com\/?post_type=product&#038;p=2370"},"modified":"2025-12-03T02:04:02","modified_gmt":"2025-12-03T02:04:02","slug":"custom-small-bathroom-vanity-with-sink","status":"publish","type":"product","link":"https:\/\/www.shouyasanitary.com\/de\/produkt\/custom-small-bathroom-vanity-with-sink\/","title":{"rendered":"Individuelles kleines Badezimmerm\u00f6bel mit Waschbecken, helles Holz mit Textur, wandmontierter Badezimmerschrank in gro\u00dfen Mengen"},"content":{"rendered":"<div class=\"wp-block-columns is-layout-flex wp-container-core-columns-is-layout-9d6595d7 wp-block-columns-is-layout-flex\">\n<div class=\"wp-block-column is-layout-flow wp-block-column-is-layout-flow\">\n<h2 class=\"wp-block-heading\">Merkmale des kleinen Badezimmer-Waschtischs mit Waschbecken\uff1a<\/h2>\n\n\n\n<p><strong>Das hochwertige PVC-Material:<\/strong> Es ist sehr haltbar, wasserfest, schimmelresistent, verformungsbest\u00e4ndig und f\u00fcr feuchte Umgebungen besser geeignet als Holz. Die Oberfl\u00e4che ist dicht, nicht saugf\u00e4hig und wasserfest und l\u00e4sst sich leicht abwischen.<\/p>\n\n\n\n<p><strong>Holzmaserung Textur:<\/strong> Die zarte, helle Holzmaserung bietet einen nat\u00fcrlichen und warmen visuellen Effekt. Au\u00dferdem ist die Holzstruktur lichtecht; sie beh\u00e4lt ihre frische Farbe auch nach langem Kontakt mit Wasser und Reinigungsmitteln.<\/p>\n\n\n\n<p><strong>Wandmontierte Struktur:<\/strong> Spart Platz auf dem Boden und l\u00e4sst das Bad offener und ordentlicher wirken; in den versteckten Schr\u00e4nken lassen sich Dinge des t\u00e4glichen Bedarfs gut unterbringen, ohne die Arbeitsplatte zu \u00fcberladen. Es ist eine perfekte Option f\u00fcr kleine Wohnungen und gr\u00f6\u00dfere Projekte.<\/p>\n\n\n\n<p><strong>Praktisches Design des Spiegelschranks:<\/strong> Der Schrank hinter dem Spiegel verf\u00fcgt \u00fcber eingebaute F\u00e4cher, in denen gro\u00dfe Flaschen mit Toilettenartikeln und kleine Kosmetika flexibel untergebracht werden k\u00f6nnen. Zusammen mit einem minimalistischen LED-Spiegel verst\u00e4rkt er den Lichteffekt und macht ihn praktischer und sch\u00f6ner.<\/p>\n\n\n\n<p><strong>Leicht und einfach zu installieren:<\/strong> Die leichte PVC-Struktur kann auf verschiedenen Arten von W\u00e4nden installiert werden, was die Effizienz der Projektkonstruktion erh\u00f6ht; sie ist recycelbar, leicht zu pflegen und daher sehr kosteng\u00fcnstig. Aus diesem Grund bevorzugen Mietwohnungen, Hotels und Gro\u00dfm\u00e4rkte diese Art von Material.<\/p>\n<\/div>\n\n\n\n<div class=\"wp-block-column is-layout-flow wp-block-column-is-layout-flow\"><div class=\"wp-block-image\">\n<figure class=\"aligncenter size-full\"><img decoding=\"async\" width=\"700\" height=\"700\" src=\"https:\/\/www.shouyasanitary.com\/wp-content\/uploads\/2025\/11\/Custom-Bathroom-Cabinets-with-Mirror-1.webp\" alt=\"Individuelle Badezimmerschr\u00e4nke mit Spiegel\" class=\"wp-image-2372\" style=\"object-fit:cover\" srcset=\"https:\/\/www.shouyasanitary.com\/wp-content\/uploads\/2025\/11\/Custom-Bathroom-Cabinets-with-Mirror-1.webp 700w, https:\/\/www.shouyasanitary.com\/wp-content\/uploads\/2025\/11\/Custom-Bathroom-Cabinets-with-Mirror-1-300x300.webp 300w, https:\/\/www.shouyasanitary.com\/wp-content\/uploads\/2025\/11\/Custom-Bathroom-Cabinets-with-Mirror-1-150x150.webp 150w, https:\/\/www.shouyasanitary.com\/wp-content\/uploads\/2025\/11\/Custom-Bathroom-Cabinets-with-Mirror-1-12x12.webp 12w, https:\/\/www.shouyasanitary.com\/wp-content\/uploads\/2025\/11\/Custom-Bathroom-Cabinets-with-Mirror-1-600x600.webp 600w, https:\/\/www.shouyasanitary.com\/wp-content\/uploads\/2025\/11\/Custom-Bathroom-Cabinets-with-Mirror-1-100x100.webp 100w\" sizes=\"(max-width: 700px) 100vw, 700px\" \/><\/figure>\n<\/div><\/div>\n<\/div>","protected":false},"excerpt":{"rendered":"<p>Benutzerdefinierte kleine Bad Eitelkeit mit Waschbecken, PVC-Material, helles Holz Textur, Wand-Design, feuchtigkeitsbest\u00e4ndig, einfach zu installieren, ideal f\u00fcr kommerzielle Projekte. Factory Supply mit Bulk-Anpassung. Kontaktieren Sie uns f\u00fcr Kostenvoranschl\u00e4ge.<\/p>\n<h2 class=\"wp-block wp-block-post-title block-editor-block-list__block editor-post-title editor-post-title__input rich-text is-selected\" role=\"textbox\" contenteditable=\"true\" aria-label=\"Name des Produkts\" aria-multiline=\"true\">Kleiner Badezimmer-Waschtisch mit Waschbecken Attribute\uff1a<\/h2>\n<p><strong>Artikel Nr.: <\/strong>V66<strong><br \/>Material des Geh\u00e4uses:<\/strong> PVC<br \/><strong>Farbe des Geh\u00e4uses:\u00a0<\/strong>Gelb<br \/><strong>Spiegel:<\/strong> LED-Spiegel (3,5 mm\/3,8 mm), dreifarbige Beleuchtung, One-Touch-Entfogging, gesichert mit mehrlagiger Schaumstoffverpackung<br \/><strong>Installationsart:<\/strong>\u00a0Wandbefestigung<br \/><strong>Abmessungen (L\u00d7B\u00d7H):<\/strong> 46*26*51 cm<br \/><strong>Bruttogewicht:<\/strong> 21kg\/Satz<\/p>\n<h2>Anpassung &amp; Dienstleistungen:<\/h2>\n<p><strong>OEM &amp; ODM<\/strong>: Unterst\u00fctzt<br \/><strong>Gestaltung<\/strong>: Frei<br \/><strong>Zubeh\u00f6r<\/strong>: Waschbecken, Spiegel, Armaturen und anderes Badzubeh\u00f6r<br \/><strong>Verpacken<\/strong>: Einbaufertig<\/p>","protected":false},"featured_media":2372,"comment_status":"closed","ping_status":"closed","template":"","meta":{"_acf_changed":false},"product_brand":[],"product_cat":[24],"product_tag":[],"class_list":{"0":"post-2370","1":"product","2":"type-product","3":"status-publish","4":"has-post-thumbnail","6":"product_cat-wholesale-pvc-bathroom-vanity-cabinets","8":"first","9":"instock","10":"shipping-taxable","11":"product-type-simple"},"acf":[],"_links":{"self":[{"href":"https:\/\/www.shouyasanitary.com\/de\/wp-json\/wp\/v2\/product\/2370","targetHints":{"allow":["GET"]}}],"collection":[{"href":"https:\/\/www.shouyasanitary.com\/de\/wp-json\/wp\/v2\/product"}],"about":[{"href":"https:\/\/www.shouyasanitary.com\/de\/wp-json\/wp\/v2\/types\/product"}],"replies":[{"embeddable":true,"href":"https:\/\/www.shouyasanitary.com\/de\/wp-json\/wp\/v2\/comments?post=2370"}],"wp:featuredmedia":[{"embeddable":true,"href":"https:\/\/www.shouyasanitary.com\/de\/wp-json\/wp\/v2\/media\/2372"}],"wp:attachment":[{"href":"https:\/\/www.shouyasanitary.com\/de\/wp-json\/wp\/v2\/media?parent=2370"}],"wp:term":[{"taxonomy":"product_brand","embeddable":true,"href":"https:\/\/www.shouyasanitary.com\/de\/wp-json\/wp\/v2\/product_brand?post=2370"},{"taxonomy":"product_cat","embeddable":true,"href":"https:\/\/www.shouyasanitary.com\/de\/wp-json\/wp\/v2\/product_cat?post=2370"},{"taxonomy":"product_tag","embeddable":true,"href":"https:\/\/www.shouyasanitary.com\/de\/wp-json\/wp\/v2\/product_tag?post=2370"}],"curies":[{"name":"wp","href":"https:\/\/api.w.org\/{rel}","templated":true}]}}