{"id":2378,"date":"2025-12-03T03:07:31","date_gmt":"2025-12-03T03:07:31","guid":{"rendered":"https:\/\/www.shouyasanitary.com\/?post_type=product&#038;p=2378"},"modified":"2025-12-03T03:07:37","modified_gmt":"2025-12-03T03:07:37","slug":"wholesale-bathroom-cabinets-wall-mounted","status":"publish","type":"product","link":"https:\/\/www.shouyasanitary.com\/de\/produkt\/wholesale-bathroom-cabinets-wall-mounted\/","title":{"rendered":"Gro\u00dfhandel Badezimmer Schr\u00e4nke Wand montiert, Holz-Grain Badezimmer Eitelkeit Set mit Schubladen Custom"},"content":{"rendered":"<div class=\"wp-block-columns is-layout-flex wp-container-core-columns-is-layout-9d6595d7 wp-block-columns-is-layout-flex\">\n<div class=\"wp-block-column is-layout-flow wp-block-column-is-layout-flow\">\n<h2 class=\"wp-block-heading\">Eigenschaften von Badezimmerschr\u00e4nken zur Wandmontage\uff1a<\/h2>\n\n\n\n<p><strong>Moderne, qualitativ hochwertige Textur<\/strong>: Der Schrankk\u00f6rper besteht aus Walnussholzimitatplatten, die die nat\u00fcrliche Maserung von Massivholz mit ausgezeichneten wasser- und feuchtigkeitsbest\u00e4ndigen Eigenschaften kombinieren. Die dunkle Farbe verleiht dem Badezimmer einen luxuri\u00f6sen und anspruchsvollen Touch und eignet sich f\u00fcr die Positionierung von Badezimmern in gehobenen Wohnungen und Boutique-Hotels.<\/p>\n\n\n\n<p><strong>Intelligenz und Beleuchtung: <\/strong>\u00a0Er ist mit einem intelligenten Vollbild-LED-Spiegel ausgestattet. Die Helligkeit der Umgebungsbeleuchtung kann \u00fcber die Touch-Steuerung eingestellt werden. Drei Farben von Lichtern, eine klare und helle Spiegelfl\u00e4che beim Waschen und Make-up, verbessern die intelligente Erfahrung der Badnutzung.<\/p>\n\n\n\n<p><strong>Funktion und Lagerung: <\/strong>Das Design mit zwei Schubladen bietet reichlich Stauraum, in dem Toilettenartikel, Pflegeprodukte usw. kategorisch untergebracht werden k\u00f6nnen. Die h\u00e4ngende Struktur spart Bodenfl\u00e4che.<\/p>\n\n\n\n<p><strong>Integriertes Keramik-Becken: <\/strong>Die gro\u00dffl\u00e4chige Keramikarbeitsplatte ist leicht zu reinigen und erf\u00fcllt die t\u00e4glichen Wasch- und Pflegebed\u00fcrfnisse.<\/p>\n\n\n\n<p><strong>Shouya Gro\u00dfhandel Dienstleistungen:\u00a0<\/strong>Unterst\u00fctzung f\u00fcr Gro\u00dfeink\u00e4ufe. Die Preise k\u00f6nnen je nach Bestellmenge mit einem Rabatt angeboten werden. Wir verf\u00fcgen \u00fcber ein professionelles Logistikteam und ein After-Sales-System, um die Lieferzeit und die Qualit\u00e4t gro\u00dfer Mengen von Waren zu gew\u00e4hrleisten. Gleichzeitig bieten wir Vorschl\u00e4ge zur Stilauswahl.<\/p>\n<\/div>\n\n\n\n<div class=\"wp-block-column is-layout-flow wp-block-column-is-layout-flow\"><div class=\"wp-block-image\">\n<figure class=\"aligncenter size-full\"><img decoding=\"async\" width=\"700\" height=\"700\" src=\"https:\/\/www.shouyasanitary.com\/wp-content\/uploads\/2025\/11\/Wholesale-Walnut-Wood-Grain-Bathroom-Vanity-Set-with-LED-Smart-Mirror.webp\" alt=\"Gro\u00dfhandel Nussbaum Holzmaserung Badezimmer Eitelkeit Set mit LED Smart Mirror\" class=\"wp-image-2381\" style=\"object-fit:cover\" srcset=\"https:\/\/www.shouyasanitary.com\/wp-content\/uploads\/2025\/11\/Wholesale-Walnut-Wood-Grain-Bathroom-Vanity-Set-with-LED-Smart-Mirror.webp 700w, https:\/\/www.shouyasanitary.com\/wp-content\/uploads\/2025\/11\/Wholesale-Walnut-Wood-Grain-Bathroom-Vanity-Set-with-LED-Smart-Mirror-300x300.webp 300w, https:\/\/www.shouyasanitary.com\/wp-content\/uploads\/2025\/11\/Wholesale-Walnut-Wood-Grain-Bathroom-Vanity-Set-with-LED-Smart-Mirror-150x150.webp 150w, https:\/\/www.shouyasanitary.com\/wp-content\/uploads\/2025\/11\/Wholesale-Walnut-Wood-Grain-Bathroom-Vanity-Set-with-LED-Smart-Mirror-12x12.webp 12w, https:\/\/www.shouyasanitary.com\/wp-content\/uploads\/2025\/11\/Wholesale-Walnut-Wood-Grain-Bathroom-Vanity-Set-with-LED-Smart-Mirror-600x600.webp 600w, https:\/\/www.shouyasanitary.com\/wp-content\/uploads\/2025\/11\/Wholesale-Walnut-Wood-Grain-Bathroom-Vanity-Set-with-LED-Smart-Mirror-100x100.webp 100w\" sizes=\"(max-width: 700px) 100vw, 700px\" \/><\/figure>\n<\/div><\/div>\n<\/div>","protected":false},"excerpt":{"rendered":"<p data-start=\"106\" data-end=\"527\">Der Gro\u00dfhandels-Badschrank f\u00fcr die Wandmontage verf\u00fcgt \u00fcber Paneele in Walnussoptik mit wasserfester Haltbarkeit, Doppelschubladen f\u00fcr organisierte Aufbewahrung und eine gro\u00dfe Keramikarbeitsplatte. Der integrierte Vollbild-LED-Spiegel bietet eine einstellbare Beleuchtung mit drei Farbmodi, die den t\u00e4glichen Gebrauch erleichtern. Ideal f\u00fcr moderne Wohnungen, Boutique-Hotels und Gro\u00dfbestellungen. Kontaktieren Sie uns f\u00fcr Kostenvoranschl\u00e4ge und Anpassungen!<\/p>\n<p data-start=\"529\" data-end=\"750\"><strong data-start=\"529\" data-end=\"567\">Seite TD (160 Zeichen optimiert)<\/strong><\/p>\n<h2>Badezimmerschr\u00e4nke Wandmontiert Attribute\uff1a<\/h2>\n<p><strong>Artikel Nr.: <\/strong>6052-801V<strong><br \/>Material des Geh\u00e4uses:<\/strong> PVC<br \/><strong>Farbe des Geh\u00e4uses:\u00a0<\/strong>Braun<br \/><strong>Spiegel:<\/strong> LED-Spiegel (3,5 mm\/3,8 mm), dreifarbige Beleuchtung, One-Touch-Entfogging, gesichert mit mehrlagiger Schaumstoffverpackung<br \/><strong>Installationsart:<\/strong>\u00a0Wandbefestigung<br \/><strong>Abmessungen (L\u00d7B\u00d7H):<\/strong> 80*47*53 cm<br \/><strong>Bruttogewicht:<\/strong> 30kg\/Satz<\/p>\n<h2>Anpassung &amp; Dienstleistungen:<\/h2>\n<p><strong>OEM &amp; ODM<\/strong>: Unterst\u00fctzt<br \/><strong>Gestaltung<\/strong>: Frei<br \/><strong>Zubeh\u00f6r<\/strong>: Waschbecken, Spiegel, Armaturen und anderes Badzubeh\u00f6r<br \/><strong>Verpacken<\/strong>: Einbaufertig<\/p>","protected":false},"featured_media":2381,"comment_status":"closed","ping_status":"closed","template":"","meta":{"_acf_changed":false},"product_brand":[],"product_cat":[24],"product_tag":[],"class_list":{"0":"post-2378","1":"product","2":"type-product","3":"status-publish","4":"has-post-thumbnail","6":"product_cat-wholesale-pvc-bathroom-vanity-cabinets","8":"first","9":"instock","10":"shipping-taxable","11":"product-type-simple"},"acf":[],"_links":{"self":[{"href":"https:\/\/www.shouyasanitary.com\/de\/wp-json\/wp\/v2\/product\/2378","targetHints":{"allow":["GET"]}}],"collection":[{"href":"https:\/\/www.shouyasanitary.com\/de\/wp-json\/wp\/v2\/product"}],"about":[{"href":"https:\/\/www.shouyasanitary.com\/de\/wp-json\/wp\/v2\/types\/product"}],"replies":[{"embeddable":true,"href":"https:\/\/www.shouyasanitary.com\/de\/wp-json\/wp\/v2\/comments?post=2378"}],"wp:featuredmedia":[{"embeddable":true,"href":"https:\/\/www.shouyasanitary.com\/de\/wp-json\/wp\/v2\/media\/2381"}],"wp:attachment":[{"href":"https:\/\/www.shouyasanitary.com\/de\/wp-json\/wp\/v2\/media?parent=2378"}],"wp:term":[{"taxonomy":"product_brand","embeddable":true,"href":"https:\/\/www.shouyasanitary.com\/de\/wp-json\/wp\/v2\/product_brand?post=2378"},{"taxonomy":"product_cat","embeddable":true,"href":"https:\/\/www.shouyasanitary.com\/de\/wp-json\/wp\/v2\/product_cat?post=2378"},{"taxonomy":"product_tag","embeddable":true,"href":"https:\/\/www.shouyasanitary.com\/de\/wp-json\/wp\/v2\/product_tag?post=2378"}],"curies":[{"name":"wp","href":"https:\/\/api.w.org\/{rel}","templated":true}]}}