{"id":2379,"date":"2025-12-04T03:12:59","date_gmt":"2025-12-04T03:12:59","guid":{"rendered":"https:\/\/www.shouyasanitary.com\/?post_type=product&#038;p=2379"},"modified":"2025-12-04T03:13:05","modified_gmt":"2025-12-04T03:13:05","slug":"wholesale-small-bathroom-vanity","status":"publish","type":"product","link":"https:\/\/www.shouyasanitary.com\/de\/produkt\/wholesale-small-bathroom-vanity\/","title":{"rendered":"Gro\u00dfhandel kleine Badezimmer Eitelkeit, grau Badezimmer Schr\u00e4nke Wood-Grain Custom"},"content":{"rendered":"<div class=\"wp-block-columns is-layout-flex wp-container-core-columns-is-layout-9d6595d7 wp-block-columns-is-layout-flex\">\n<div class=\"wp-block-column is-layout-flow wp-block-column-is-layout-flow\">\n<h2 class=\"wp-block-heading\">Kleine Badezimmer-Eitelkeiten\uff1a<\/h2>\n\n\n\n<p><strong>Vielseitiger Stil: <\/strong>Der hellgraue Schrankkorpus mit Holzmaserung, kombiniert mit klassischen schwarzen Spiegelrahmen, pr\u00e4sentiert einen einfachen und vielseitigen Stil, der sich f\u00fcr verschiedene Badezimmerdekorationen wie moderne, minimalistische und nordische Stile eignet. Er kann in standardisierten Badprojekten wie Wohnungen und G\u00e4steh\u00e4usern eingesetzt werden.<\/p>\n\n\n\n<p><strong>Praktikabilit\u00e4t und Wirtschaftlichkeit<\/strong>: Das Design mit nur einer Schublade erf\u00fcllt die grundlegenden Aufbewahrungsanforderungen. Das Keramikbecken und die Arbeitsplatte sind leicht zu reinigen. Ein leichtes Abwischen gen\u00fcgt, um Flecken zu entfernen. Die Funktion ist praktisch und die Wartungskosten sind gering. Die h\u00e4ngende Struktur ist einfach zu installieren und verk\u00fcrzt die Bauzeit des Projekts erheblich.<\/p>\n\n\n\n<p><strong>Materialien und Langlebigkeit<\/strong>: Das Geh\u00e4use besteht aus feuchtigkeitsbest\u00e4ndigem PVC, das eine nat\u00fcrliche Oberfl\u00e4chenstruktur aufweist und verschlei\u00dffest ist. Es ist unwahrscheinlich, dass es sich \u00fcber einen langen Zeitraum hinweg verformt. Das klassische Spiegelmodell hat keine unn\u00f6tigen Funktionen, was die Produktkosten reduziert und einen deutlichen Preis-Leistungs-Vorteil bietet.<\/p>\n\n\n\n<p><strong>Produktion und Lieferung von Chargen<\/strong>: Unterst\u00fctzung von Gro\u00dfeink\u00e4ufen, mit stabiler Produktionskapazit\u00e4t und einem kurzen Lieferzyklus, der eine schnelle Reaktion auf gro\u00dfe technische Auftr\u00e4ge erm\u00f6glicht. Ein und dasselbe Modell ist in mehreren Gr\u00f6\u00dfen erh\u00e4ltlich und kann den Installationsanforderungen verschiedener R\u00e4ume gerecht werden, was es zu einer kosteneffizienten Wahl f\u00fcr die Seriendekoration macht.<\/p>\n<\/div>\n\n\n\n<div class=\"wp-block-column is-layout-flow wp-block-column-is-layout-flow\"><div class=\"wp-block-image\">\n<figure class=\"aligncenter size-full\"><img decoding=\"async\" width=\"700\" height=\"700\" src=\"https:\/\/www.shouyasanitary.com\/wp-content\/uploads\/2025\/11\/bulk-purchases-gray-wood-grain-bathroom-vanity.webp\" alt=\"Gro\u00dfeinkauf grauer holzk\u00f6rniger Badezimmer-Waschtisch\" class=\"wp-image-2388\" style=\"object-fit:cover\" srcset=\"https:\/\/www.shouyasanitary.com\/wp-content\/uploads\/2025\/11\/bulk-purchases-gray-wood-grain-bathroom-vanity.webp 700w, https:\/\/www.shouyasanitary.com\/wp-content\/uploads\/2025\/11\/bulk-purchases-gray-wood-grain-bathroom-vanity-300x300.webp 300w, https:\/\/www.shouyasanitary.com\/wp-content\/uploads\/2025\/11\/bulk-purchases-gray-wood-grain-bathroom-vanity-150x150.webp 150w, https:\/\/www.shouyasanitary.com\/wp-content\/uploads\/2025\/11\/bulk-purchases-gray-wood-grain-bathroom-vanity-12x12.webp 12w, https:\/\/www.shouyasanitary.com\/wp-content\/uploads\/2025\/11\/bulk-purchases-gray-wood-grain-bathroom-vanity-600x600.webp 600w, https:\/\/www.shouyasanitary.com\/wp-content\/uploads\/2025\/11\/bulk-purchases-gray-wood-grain-bathroom-vanity-100x100.webp 100w\" sizes=\"(max-width: 700px) 100vw, 700px\" \/><\/figure>\n<\/div><\/div>\n<\/div>","protected":false},"excerpt":{"rendered":"<p>Der kleine Badezimmer-Waschtisch aus hochwertigem PVC bietet Stauraum in einer einzigen Schublade, eine leicht zu reinigende Arbeitsplatte, eine Holzmaserung und ein schnell installierbares H\u00e4ngedesign, das sich f\u00fcr moderne, nordische und andere Stile eignet. Wir unterst\u00fctzen die individuelle Anpassung mehrerer Gr\u00f6\u00dfen in gro\u00dfen Mengen und bieten eine stabile Versorgung f\u00fcr Projektauftr\u00e4ge. Kontaktieren Sie uns f\u00fcr individuelle L\u00f6sungen.<\/p>\n<h2>Kleines Badezimmer Eitelkeit Attribute\uff1a<\/h2>\n<p><strong>Artikel Nr.: <\/strong>5030-5v<strong><br \/>Material des Geh\u00e4uses:<\/strong> PVC<br \/><strong>Farbe des Geh\u00e4uses:\u00a0<\/strong>Gray<br \/><strong>Spiegel:<\/strong> LED-Spiegel (3,5 mm\/3,8 mm), dreifarbige Beleuchtung, One-Touch-Entfogging, gesichert mit mehrlagiger Schaumstoffverpackung<br \/><strong>Installationsart:<\/strong>\u00a0Wandbefestigung<br \/><strong>Abmessungen (L\u00d7B\u00d7H):<\/strong> 50*30*42,5 cm<br \/><strong>Bruttogewicht:<\/strong> 25kg\/Satz<\/p>\n<h2>Anpassung &amp; Dienstleistungen:<\/h2>\n<p><strong>OEM &amp; ODM<\/strong>: Unterst\u00fctzt<br \/><strong>Gestaltung<\/strong>: Frei<br \/><strong>Zubeh\u00f6r<\/strong>: Waschbecken, Spiegel, Armaturen und anderes Badzubeh\u00f6r<br \/><strong>Verpacken<\/strong>: Einbaufertig<\/p>","protected":false},"featured_media":2388,"comment_status":"closed","ping_status":"closed","template":"","meta":{"_acf_changed":false},"product_brand":[],"product_cat":[24],"product_tag":[],"class_list":{"0":"post-2379","1":"product","2":"type-product","3":"status-publish","4":"has-post-thumbnail","6":"product_cat-wholesale-pvc-bathroom-vanity-cabinets","8":"first","9":"instock","10":"shipping-taxable","11":"product-type-simple"},"acf":[],"_links":{"self":[{"href":"https:\/\/www.shouyasanitary.com\/de\/wp-json\/wp\/v2\/product\/2379","targetHints":{"allow":["GET"]}}],"collection":[{"href":"https:\/\/www.shouyasanitary.com\/de\/wp-json\/wp\/v2\/product"}],"about":[{"href":"https:\/\/www.shouyasanitary.com\/de\/wp-json\/wp\/v2\/types\/product"}],"replies":[{"embeddable":true,"href":"https:\/\/www.shouyasanitary.com\/de\/wp-json\/wp\/v2\/comments?post=2379"}],"wp:featuredmedia":[{"embeddable":true,"href":"https:\/\/www.shouyasanitary.com\/de\/wp-json\/wp\/v2\/media\/2388"}],"wp:attachment":[{"href":"https:\/\/www.shouyasanitary.com\/de\/wp-json\/wp\/v2\/media?parent=2379"}],"wp:term":[{"taxonomy":"product_brand","embeddable":true,"href":"https:\/\/www.shouyasanitary.com\/de\/wp-json\/wp\/v2\/product_brand?post=2379"},{"taxonomy":"product_cat","embeddable":true,"href":"https:\/\/www.shouyasanitary.com\/de\/wp-json\/wp\/v2\/product_cat?post=2379"},{"taxonomy":"product_tag","embeddable":true,"href":"https:\/\/www.shouyasanitary.com\/de\/wp-json\/wp\/v2\/product_tag?post=2379"}],"curies":[{"name":"wp","href":"https:\/\/api.w.org\/{rel}","templated":true}]}}