{"id":2391,"date":"2025-12-04T03:31:25","date_gmt":"2025-12-04T03:31:25","guid":{"rendered":"https:\/\/www.shouyasanitary.com\/?post_type=product&#038;p=2391"},"modified":"2025-12-04T03:31:31","modified_gmt":"2025-12-04T03:31:31","slug":"wholesale-bathroom-cabinet-white","status":"publish","type":"product","link":"https:\/\/www.shouyasanitary.com\/de\/produkt\/wholesale-bathroom-cabinet-white\/","title":{"rendered":"Gro\u00dfhandel Bad Schrank wei\u00df, strukturierte Badezimmer Eitelkeit mit LED-Spiegel Lieferant"},"content":{"rendered":"<div class=\"wp-block-columns is-layout-flex wp-container-core-columns-is-layout-9d6595d7 wp-block-columns-is-layout-flex\">\n<div class=\"wp-block-column is-layout-flow wp-block-column-is-layout-flow\">\n<h2 class=\"wp-block-heading\">Badezimmerschrank Wei\u00df Eigenschaften\uff1a<\/h2>\n\n\n\n<p><strong>Praktisches und modisches Design: <\/strong>Das Kombinationsdesign aus wei\u00dfen, vertikal gestreiften Schr\u00e4nken und abgerundeten LED-Spiegeln ist sicher und hat glatte Kanten. Es ist f\u00fcr kleine Wohnungen und eckige Badezimmer geeignet. Es maximiert die Raumausnutzung in einem begrenzten Bereich, w\u00e4hrend es die W\u00e4rme und die Mode des Badezimmers verbessert.<\/p>\n\n\n\n<p><strong>Humanble Funktion und Details:<\/strong> Der Schrank ist mit gro\u00dfen Ablagef\u00e4chern und schwarzen Griffen ausgestattet. Er bietet reichlich Stauraum und einen bequemen Zugang. Der LED-Spiegel hat ein weiches, blendfreies Licht. Der Touch-Control-Schalter ist einfach zu bedienen und passt zu verschiedenen Badstilen.<\/p>\n\n\n\n<p><strong>Hohe Qualit\u00e4tssicherheit<\/strong>: Die PVC-Platte hat Umweltschutztests bestanden. Das Hardware-Zubeh\u00f6r ist fest mit dem PVC-Schrank verbunden. Das Produkt wurde einer strengen Wasserdichtigkeitspr\u00fcfung unterzogen und hat keine Probleme mit dem Kundendienst.<\/p>\n\n\n\n<p><strong>Ma\u00dfgeschneiderte Dienstleistungen<\/strong>: Wir bieten OEM\/ODM-Anpassung in einem vollst\u00e4ndigen Prozess. Sie k\u00f6nnen den Schrank Farbe, Textur, Spiegel Form (wie rund oder oval), und Hardware-Zubeh\u00f6r nach Ihren Bed\u00fcrfnissen anpassen.<\/p>\n<\/div>\n\n\n\n<div class=\"wp-block-column is-layout-flow wp-block-column-is-layout-flow\"><div class=\"wp-block-image\">\n<figure class=\"aligncenter size-full\"><img decoding=\"async\" width=\"700\" height=\"700\" src=\"https:\/\/www.shouyasanitary.com\/wp-content\/uploads\/2025\/11\/OEM-White-Textured-Bathroom-Vanity-with-Rounded-LED-Mirror.webp\" alt=\"OEM Wei\u00df texturiert Badezimmer Waschtisch mit abgerundeten LED-Spiegel\" class=\"wp-image-2392\" style=\"object-fit:cover\" srcset=\"https:\/\/www.shouyasanitary.com\/wp-content\/uploads\/2025\/11\/OEM-White-Textured-Bathroom-Vanity-with-Rounded-LED-Mirror.webp 700w, https:\/\/www.shouyasanitary.com\/wp-content\/uploads\/2025\/11\/OEM-White-Textured-Bathroom-Vanity-with-Rounded-LED-Mirror-300x300.webp 300w, https:\/\/www.shouyasanitary.com\/wp-content\/uploads\/2025\/11\/OEM-White-Textured-Bathroom-Vanity-with-Rounded-LED-Mirror-150x150.webp 150w, https:\/\/www.shouyasanitary.com\/wp-content\/uploads\/2025\/11\/OEM-White-Textured-Bathroom-Vanity-with-Rounded-LED-Mirror-12x12.webp 12w, https:\/\/www.shouyasanitary.com\/wp-content\/uploads\/2025\/11\/OEM-White-Textured-Bathroom-Vanity-with-Rounded-LED-Mirror-600x600.webp 600w, https:\/\/www.shouyasanitary.com\/wp-content\/uploads\/2025\/11\/OEM-White-Textured-Bathroom-Vanity-with-Rounded-LED-Mirror-100x100.webp 100w\" sizes=\"(max-width: 700px) 100vw, 700px\" \/><\/figure>\n<\/div><\/div>\n<\/div>\n\n\n\n<p><\/p>","protected":false},"excerpt":{"rendered":"<p>Gro\u00dfhandel Badezimmer Schrank wei\u00df, mit einem wei\u00dfen gestreiften PVC-Schrank mit abgerundeten LED-Spiegel, bietet sowohl Sicherheit und Stil. OEM\/ODM-Anpassung m\u00f6glich. Ideal f\u00fcr Wohnungsb\u00e4der! Anfragen willkommen.<\/p>\n<h2>Badezimmerschrank Wei\u00df Attribute\uff1a<\/h2>\n<p><strong>Artikel Nr.:<\/strong>3329-80<strong><br \/>Material des Geh\u00e4uses:<\/strong> PVC<br \/><strong>Farbe des Geh\u00e4uses:<\/strong> Wei\u00df<br \/><strong>Spiegel:<\/strong> LED-Spiegel (3,5 mm\/3,8 mm), dreifarbige Beleuchtung, One-Touch-Entfogging, gesichert mit mehrlagiger Schaumstoffverpackung<br \/><strong>Installationsart:<\/strong>\u00a0Wandbefestigung<br \/><strong>Abmessungen (L\u00d7B\u00d7H):<\/strong> 80*47*52 cm<br \/><strong>Bruttogewicht:<\/strong> 30kg\/Satz<\/p>\n<h2>Anpassung &amp; Dienstleistungen:<\/h2>\n<p><strong>OEM &amp; ODM<\/strong>: Unterst\u00fctzt<br \/><strong>Gestaltung<\/strong>: Frei<br \/><strong>Zubeh\u00f6r<\/strong>: Waschbecken, Spiegel, Armaturen und anderes Badzubeh\u00f6r<br \/><strong>Verpacken<\/strong>: Einbaufertig<\/p>","protected":false},"featured_media":2392,"comment_status":"closed","ping_status":"closed","template":"","meta":{"_acf_changed":false},"product_brand":[],"product_cat":[24],"product_tag":[],"class_list":{"0":"post-2391","1":"product","2":"type-product","3":"status-publish","4":"has-post-thumbnail","6":"product_cat-wholesale-pvc-bathroom-vanity-cabinets","8":"first","9":"instock","10":"shipping-taxable","11":"product-type-simple"},"acf":[],"_links":{"self":[{"href":"https:\/\/www.shouyasanitary.com\/de\/wp-json\/wp\/v2\/product\/2391","targetHints":{"allow":["GET"]}}],"collection":[{"href":"https:\/\/www.shouyasanitary.com\/de\/wp-json\/wp\/v2\/product"}],"about":[{"href":"https:\/\/www.shouyasanitary.com\/de\/wp-json\/wp\/v2\/types\/product"}],"replies":[{"embeddable":true,"href":"https:\/\/www.shouyasanitary.com\/de\/wp-json\/wp\/v2\/comments?post=2391"}],"wp:featuredmedia":[{"embeddable":true,"href":"https:\/\/www.shouyasanitary.com\/de\/wp-json\/wp\/v2\/media\/2392"}],"wp:attachment":[{"href":"https:\/\/www.shouyasanitary.com\/de\/wp-json\/wp\/v2\/media?parent=2391"}],"wp:term":[{"taxonomy":"product_brand","embeddable":true,"href":"https:\/\/www.shouyasanitary.com\/de\/wp-json\/wp\/v2\/product_brand?post=2391"},{"taxonomy":"product_cat","embeddable":true,"href":"https:\/\/www.shouyasanitary.com\/de\/wp-json\/wp\/v2\/product_cat?post=2391"},{"taxonomy":"product_tag","embeddable":true,"href":"https:\/\/www.shouyasanitary.com\/de\/wp-json\/wp\/v2\/product_tag?post=2391"}],"curies":[{"name":"wp","href":"https:\/\/api.w.org\/{rel}","templated":true}]}}