{"id":2426,"date":"2025-12-06T10:05:34","date_gmt":"2025-12-06T10:05:34","guid":{"rendered":"https:\/\/www.shouyasanitary.com\/?post_type=product&#038;p=2426"},"modified":"2025-12-06T10:05:40","modified_gmt":"2025-12-06T10:05:40","slug":"oem-bathroom-cabinet-on-vanity","status":"publish","type":"product","link":"https:\/\/www.shouyasanitary.com\/de\/produkt\/oem-bathroom-cabinet-on-vanity\/","title":{"rendered":"OEM-Badezimmerschrank auf Eitelkeit, Badezimmerschrank Spiegel Set Carbon Fiber Wall Hung Gro\u00dfhandel"},"content":{"rendered":"<div class=\"wp-block-columns is-layout-flex wp-container-core-columns-is-layout-9d6595d7 wp-block-columns-is-layout-flex\">\n<div class=\"wp-block-column is-layout-flow wp-block-column-is-layout-flow\">\n<h2 class=\"wp-block-heading\">Eigenschaften des Badezimmerschranks auf dem Waschtisch\uff1a<\/h2>\n\n\n\n<p><strong>Moderner und minimalistischer Stil:<\/strong> Es kann mit verschiedenen Stilen von Badezimmern abgestimmt werden. Das Design weist eine Holzmaserung mit klarer und feiner Textur auf. Das schlichte Design ist angenehm f\u00fcr das Auge und schafft einen harmonischen und einheitlichen visuellen Gesamteffekt.<\/p>\n\n\n\n<p><strong>Rostfreier Stahl und keramisches Material<\/strong>: Der Hauptschrank und der Spiegelschrank des Badezimmers sind aus Kohlefasermaterial gefertigt. Das Material hat eine geringe Dichte und eine stabile Struktur. In Kombination mit einem wei\u00dfen Keramikbecken wird die Keramik bei hohen Temperaturen gebrannt und ist dadurch stabil, verschlei\u00dffest und kratzfest und hat eine lange Lebensdauer. Au\u00dferdem ist das Keramikbecken leicht zu reinigen. Ob es sich um Flecken oder \u00d6lflecken handelt, ein sanftes Abwischen gen\u00fcgt, um sie zu entfernen. Die t\u00e4gliche Pflege ist sehr bequem.<\/p>\n\n\n\n<p><strong>Speicherfunktion:<\/strong>\u00a0Dieser Badezimmerschrank ist in den Gr\u00f6\u00dfen 60\/80\/100CM erh\u00e4ltlich und bietet Ihnen vielf\u00e4ltige M\u00f6glichkeiten. Der Spiegelschrank hat eine Doppelt\u00fcr, in der die t\u00e4glichen Kosmetik- und Pflegeprodukte aufbewahrt werden k\u00f6nnen.<\/p>\n\n\n\n<p><strong>Praktischer Spiegelschrank mit LED-Beleuchtung<\/strong>: In der rechten unteren Ecke des Spiegelschranks befindet sich auch eine Taschentuchschublade. Er ist einfach und \u00fcbersichtlich. Der Schrank verf\u00fcgt \u00fcber LED-Beleuchtung oben und unten, mit drei Farben. Die Spiegeloberfl\u00e4che hat auch eine Beschlagsschutzfunktion. Eine sanfte Ber\u00fchrung kann den Beschlag leicht entfernen und ein gem\u00fctliches Badezimmer schaffen.<\/p>\n\n\n\n<p><strong>Raumnutzung<\/strong>: Das Design ist an der Wand montiert, was Platz spart und uns die Reinigung des Badezimmers erleichtert. Es maximiert die Raumnutzung, so dass unsere kleinen B\u00e4der ausreichend Platz haben.<\/p>\n<\/div>\n\n\n\n<div class=\"wp-block-column is-layout-flow wp-block-column-is-layout-flow\"><div class=\"wp-block-image\">\n<figure class=\"aligncenter size-full\"><img decoding=\"async\" width=\"700\" height=\"700\" src=\"https:\/\/www.shouyasanitary.com\/wp-content\/uploads\/2025\/11\/bulk-purchases-wood-grain-color-bathroom-cabinet-vanity.webp\" alt=\"Gro\u00dfeinkauf Holzmaserung Farbe Badezimmerschrank Eitelkeit\" class=\"wp-image-2430\" style=\"object-fit:cover\" srcset=\"https:\/\/www.shouyasanitary.com\/wp-content\/uploads\/2025\/11\/bulk-purchases-wood-grain-color-bathroom-cabinet-vanity.webp 700w, https:\/\/www.shouyasanitary.com\/wp-content\/uploads\/2025\/11\/bulk-purchases-wood-grain-color-bathroom-cabinet-vanity-300x300.webp 300w, https:\/\/www.shouyasanitary.com\/wp-content\/uploads\/2025\/11\/bulk-purchases-wood-grain-color-bathroom-cabinet-vanity-150x150.webp 150w, https:\/\/www.shouyasanitary.com\/wp-content\/uploads\/2025\/11\/bulk-purchases-wood-grain-color-bathroom-cabinet-vanity-12x12.webp 12w, https:\/\/www.shouyasanitary.com\/wp-content\/uploads\/2025\/11\/bulk-purchases-wood-grain-color-bathroom-cabinet-vanity-600x600.webp 600w, https:\/\/www.shouyasanitary.com\/wp-content\/uploads\/2025\/11\/bulk-purchases-wood-grain-color-bathroom-cabinet-vanity-100x100.webp 100w\" sizes=\"(max-width: 700px) 100vw, 700px\" \/><\/figure>\n<\/div><\/div>\n<\/div>","protected":false},"excerpt":{"rendered":"<p>Shouya OEM Bad Schrank auf Eitelkeit, aus Kohlefaser-Material mit Holz-\u00e4hnliche Textur. Kombiniert mit LED-Anti-Beschlag-Spiegelschr\u00e4nke, die Wand-Design spart Platz im Bad, die Schaffung einer harmonischen und einheitlichen Umgebung, und die Schaffung eines gem\u00fctlichen Bad. Bitte kontaktieren Sie uns, um den Preis Priorit\u00e4t zu erhalten!<\/p>\n<h2>Badezimmerschrank auf Eitelkeit Attribute\uff1a<\/h2>\n<p><strong>Artikel Nr.:<\/strong> SY314-60<strong><br \/>Material des Geh\u00e4uses:<\/strong> Rostfreier Stahl+ABS<br \/><strong>Farbe des Geh\u00e4uses: <\/strong>Gelb<br \/><strong>Spiegel: <\/strong>LED-Spiegel (3,5 mm\/3,8 mm), dreifarbige Beleuchtung, One-Touch-Entfogging, gesichert mit mehrlagiger Schaumstoffverpackung<strong><br \/>Installationsart: <\/strong>Wandbefestigung<br \/><strong>Abmessungen (L\u00d7B\u00d7H): <\/strong>60*50*52 cm<br \/><strong>Bruttogewicht: <\/strong>29kg\/Satz<\/p>\n<h2>Anpassung &amp; Dienstleistungen:<\/h2>\n<p><strong>OEM &amp; ODM<\/strong>: Unterst\u00fctzt<br \/><strong>Gestaltung<\/strong>: Frei<br \/><strong>Zubeh\u00f6r<\/strong>: Waschbecken, Spiegel, Armaturen und anderes Badzubeh\u00f6r<br \/><strong>Verpacken<\/strong>: Einbaufertig<\/p>","protected":false},"featured_media":2430,"comment_status":"closed","ping_status":"closed","template":"","meta":{"_acf_changed":false},"product_brand":[],"product_cat":[27],"product_tag":[],"class_list":{"0":"post-2426","1":"product","2":"type-product","3":"status-publish","4":"has-post-thumbnail","6":"product_cat-wholesale-stainless-steel-bathroom-vanity-cabinets","8":"first","9":"instock","10":"shipping-taxable","11":"product-type-simple"},"acf":[],"_links":{"self":[{"href":"https:\/\/www.shouyasanitary.com\/de\/wp-json\/wp\/v2\/product\/2426","targetHints":{"allow":["GET"]}}],"collection":[{"href":"https:\/\/www.shouyasanitary.com\/de\/wp-json\/wp\/v2\/product"}],"about":[{"href":"https:\/\/www.shouyasanitary.com\/de\/wp-json\/wp\/v2\/types\/product"}],"replies":[{"embeddable":true,"href":"https:\/\/www.shouyasanitary.com\/de\/wp-json\/wp\/v2\/comments?post=2426"}],"wp:featuredmedia":[{"embeddable":true,"href":"https:\/\/www.shouyasanitary.com\/de\/wp-json\/wp\/v2\/media\/2430"}],"wp:attachment":[{"href":"https:\/\/www.shouyasanitary.com\/de\/wp-json\/wp\/v2\/media?parent=2426"}],"wp:term":[{"taxonomy":"product_brand","embeddable":true,"href":"https:\/\/www.shouyasanitary.com\/de\/wp-json\/wp\/v2\/product_brand?post=2426"},{"taxonomy":"product_cat","embeddable":true,"href":"https:\/\/www.shouyasanitary.com\/de\/wp-json\/wp\/v2\/product_cat?post=2426"},{"taxonomy":"product_tag","embeddable":true,"href":"https:\/\/www.shouyasanitary.com\/de\/wp-json\/wp\/v2\/product_tag?post=2426"}],"curies":[{"name":"wp","href":"https:\/\/api.w.org\/{rel}","templated":true}]}}