{"id":2427,"date":"2025-12-10T07:37:24","date_gmt":"2025-12-10T07:37:24","guid":{"rendered":"https:\/\/www.shouyasanitary.com\/?post_type=product&#038;p=2427"},"modified":"2025-12-10T07:38:00","modified_gmt":"2025-12-10T07:38:00","slug":"custom-wall-hanging-bathroom-cabinet","status":"publish","type":"product","link":"https:\/\/www.shouyasanitary.com\/de\/produkt\/custom-wall-hanging-bathroom-cabinet\/","title":{"rendered":"Benutzerdefinierte Wand h\u00e4ngende Badezimmerschrank, Edelstahl Bathrrom Eitelkeit in Bulk"},"content":{"rendered":"<div class=\"wp-block-columns is-layout-flex wp-container-core-columns-is-layout-9d6595d7 wp-block-columns-is-layout-flex\">\n<div class=\"wp-block-column is-layout-flow wp-block-column-is-layout-flow\">\n<h2 class=\"wp-block-heading\">Eigenschaften\uff1a des wandh\u00e4ngenden Badezimmerschranks<\/h2>\n\n\n\n<p><strong>Langlebiger rostfreier Stahl:<\/strong> Es ist von Natur aus wasser- und korrosionsbest\u00e4ndig und rostet oder verformt sich nicht in der feuchten Umgebung des Badezimmers. Gepaart mit der Z\u00e4higkeit der Kohlefaser erfordert dies keine vorsichtige Handhabung bei den t\u00e4glichen St\u00f6\u00dfen und der Reinigung, und seine Lebensdauer kann vollst\u00e4ndig verl\u00e4ngert werden.<\/p>\n\n\n\n<p><strong>Minimalistisches Design:<\/strong> Tiefbraune Holzmaserung + grau-silberne Metallfarbe veredelt die Zur\u00fcckhaltung, die kalte Textur des Edelstahls neutralisiert die W\u00e4rme, die die Kohlefaser mitbringt. Ob es ein modernes minimalistisches oder leichtes Luxus-Stil Bad ist, kann es nahtlos zu integrieren.<\/p>\n\n\n\n<p><strong>Leicht zu reinigen und zu pflegen<\/strong>Die Oberfl\u00e4che des Edelstahls ist glatt und schmutzfrei. Daher k\u00f6nnen Wasserflecken und Waschr\u00fcckst\u00e4nde sofort abgewischt werden; das Kohlefasergeh\u00e4use ist wasserdicht und feuchtigkeitsbest\u00e4ndig, so dass man sich keine Sorgen \u00fcber das Eindringen von Wasser und Schimmel w\u00e4hrend der Reinigung machen muss.<\/p>\n\n\n\n<p><strong>Leicht und standfest<\/strong>: Die Mischung aus rostfreiem Stahl und Kohlefaser macht den Schrank leicht und sorgt gleichzeitig f\u00fcr eine stabile Tragf\u00e4higkeit. Daher braucht er auch keine extreme Verst\u00e4rkung der W\u00e4nde beim Aufh\u00e4ngen. Gleichzeitig ist er auch ideal f\u00fcr kleine oder alte B\u00e4der, spart Platz und gew\u00e4hrleistet Sicherheit und Zuverl\u00e4ssigkeit.<\/p>\n\n\n\n<p><strong>L\u00f6sung zur Markenanpassung<\/strong>: Shouya bietet LOGO-Druck, Verpackungen und exklusives Zubeh\u00f6r an, um Kunden beim Aufbau ihrer eigenen Marke zu unterst\u00fctzen.<\/p>\n<\/div>\n\n\n\n<div class=\"wp-block-column is-layout-flow wp-block-column-is-layout-flow\"><div class=\"wp-block-image\">\n<figure class=\"aligncenter size-full\"><img decoding=\"async\" width=\"700\" height=\"700\" src=\"https:\/\/www.shouyasanitary.com\/wp-content\/uploads\/2025\/11\/custom-wall-mount-cabinet.webp\" alt=\"Kundenspezifischer Schrank zur Wandmontage\" class=\"wp-image-2433\" style=\"object-fit:cover\" srcset=\"https:\/\/www.shouyasanitary.com\/wp-content\/uploads\/2025\/11\/custom-wall-mount-cabinet.webp 700w, https:\/\/www.shouyasanitary.com\/wp-content\/uploads\/2025\/11\/custom-wall-mount-cabinet-300x300.webp 300w, https:\/\/www.shouyasanitary.com\/wp-content\/uploads\/2025\/11\/custom-wall-mount-cabinet-150x150.webp 150w, https:\/\/www.shouyasanitary.com\/wp-content\/uploads\/2025\/11\/custom-wall-mount-cabinet-12x12.webp 12w, https:\/\/www.shouyasanitary.com\/wp-content\/uploads\/2025\/11\/custom-wall-mount-cabinet-600x600.webp 600w, https:\/\/www.shouyasanitary.com\/wp-content\/uploads\/2025\/11\/custom-wall-mount-cabinet-100x100.webp 100w\" sizes=\"(max-width: 700px) 100vw, 700px\" \/><\/figure>\n<\/div><\/div>\n<\/div>","protected":false},"excerpt":{"rendered":"<p>Kundenspezifischer wandh\u00e4ngender Badezimmerschrank in dunkelbrauner Holzmaserung mit einem Spiegelschrank und einem Keramikwaschbecken. Hergestellt aus rostfreiem Stahl, langlebig, feuchtigkeitsbest\u00e4ndig und geeignet f\u00fcr jedes moderne Badezimmer. Kontaktieren Sie uns f\u00fcr Gro\u00dfhandelspreise und individuelle Gestaltungsm\u00f6glichkeiten.<\/p>\n<h2>Wandh\u00e4ngende Badezimmerschr\u00e4nke Attribute\uff1a<\/h2>\n<p><strong>Artikel Nr.:<\/strong> SY315-60<strong><br \/>Material des Geh\u00e4uses:<\/strong> Rostfreier Stahl+ABS<br \/><strong>Farbe des Geh\u00e4uses: <\/strong>Braun<br \/><strong>Spiegel: <\/strong>LED-Spiegel (3,5 mm\/3,8 mm), dreifarbige Beleuchtung, One-Touch-Entfogging, gesichert mit mehrlagiger Schaumstoffverpackung<strong><br \/>Installationsart: <\/strong>Wandbefestigung<br \/><strong>Abmessungen (L\u00d7B\u00d7H): <\/strong>60*50*52 cm<br \/><strong>Bruttogewicht: <\/strong>28kg\/Satz<\/p>\n<h2>Anpassung &amp; Dienstleistungen:<\/h2>\n<p><strong>OEM &amp; ODM<\/strong>: Unterst\u00fctzt<br \/><strong>Gestaltung<\/strong>: Frei<br \/><strong>Zubeh\u00f6r<\/strong>: Waschbecken, Spiegel, Armaturen und anderes Badzubeh\u00f6r<br \/><strong>Verpacken<\/strong>: Einbaufertig<\/p>","protected":false},"featured_media":2433,"comment_status":"closed","ping_status":"closed","template":"","meta":{"_acf_changed":true},"product_brand":[],"product_cat":[27],"product_tag":[],"class_list":{"0":"post-2427","1":"product","2":"type-product","3":"status-publish","4":"has-post-thumbnail","6":"product_cat-wholesale-stainless-steel-bathroom-vanity-cabinets","8":"first","9":"instock","10":"shipping-taxable","11":"product-type-simple"},"acf":[],"_links":{"self":[{"href":"https:\/\/www.shouyasanitary.com\/de\/wp-json\/wp\/v2\/product\/2427","targetHints":{"allow":["GET"]}}],"collection":[{"href":"https:\/\/www.shouyasanitary.com\/de\/wp-json\/wp\/v2\/product"}],"about":[{"href":"https:\/\/www.shouyasanitary.com\/de\/wp-json\/wp\/v2\/types\/product"}],"replies":[{"embeddable":true,"href":"https:\/\/www.shouyasanitary.com\/de\/wp-json\/wp\/v2\/comments?post=2427"}],"wp:featuredmedia":[{"embeddable":true,"href":"https:\/\/www.shouyasanitary.com\/de\/wp-json\/wp\/v2\/media\/2433"}],"wp:attachment":[{"href":"https:\/\/www.shouyasanitary.com\/de\/wp-json\/wp\/v2\/media?parent=2427"}],"wp:term":[{"taxonomy":"product_brand","embeddable":true,"href":"https:\/\/www.shouyasanitary.com\/de\/wp-json\/wp\/v2\/product_brand?post=2427"},{"taxonomy":"product_cat","embeddable":true,"href":"https:\/\/www.shouyasanitary.com\/de\/wp-json\/wp\/v2\/product_cat?post=2427"},{"taxonomy":"product_tag","embeddable":true,"href":"https:\/\/www.shouyasanitary.com\/de\/wp-json\/wp\/v2\/product_tag?post=2427"}],"curies":[{"name":"wp","href":"https:\/\/api.w.org\/{rel}","templated":true}]}}