{"id":2428,"date":"2025-12-10T08:22:52","date_gmt":"2025-12-10T08:22:52","guid":{"rendered":"https:\/\/www.shouyasanitary.com\/?post_type=product&#038;p=2428"},"modified":"2025-12-10T08:22:58","modified_gmt":"2025-12-10T08:22:58","slug":"wholesale-white-bathroom-vanities","status":"publish","type":"product","link":"https:\/\/www.shouyasanitary.com\/de\/produkt\/wholesale-white-bathroom-vanities\/","title":{"rendered":"Gro\u00dfhandel Wei\u00df Badezimmer Eitelkeiten mit Rock Slate Handtuchhalter"},"content":{"rendered":"<div class=\"wp-block-columns is-layout-flex wp-container-core-columns-is-layout-9d6595d7 wp-block-columns-is-layout-flex\">\n<div class=\"wp-block-column is-layout-flow wp-block-column-is-layout-flow\">\n<h2 class=\"wp-block-heading\">Wei\u00dfe Badezimmer-Eitelkeiten Merkmale\uff1a<\/h2>\n\n\n\n<p><strong>Nahtlose Integration:\u00a0<\/strong>Das nahtlose Keramikbecken ist pr\u00e4zise mit der Tischplatte aus Steinplatten verbunden, und es gibt keinen Spalt, in dem sich Schmutz verbergen k\u00f6nnte. Wasserflecken und Schaum beim Waschen k\u00f6nnen m\u00fchelos abgewischt werden, ohne dass die R\u00fcckst\u00e4nde im Spalt aufgenommen werden m\u00fcssen. Das ist \u00e4u\u00dferst praktisch f\u00fcr die t\u00e4gliche Pflege.<\/p>\n\n\n\n<p><strong>Langlebige Felsplatten<\/strong>: Die Steinplatten selbst sind kratzfest, verschlei\u00dffest und hitzebest\u00e4ndig. Sie hinterlassen keine Abdr\u00fccke, wenn sie f\u00fcr die K\u00f6rperpflege verwendet oder in eine W\u00e4rmflasche gelegt werden. Gepaart mit Keramikgef\u00e4\u00dfen f\u00fcr Fleckenbest\u00e4ndigkeit, kann es seine Frische auch nach l\u00e4ngerem Gebrauch beibehalten und eignet sich f\u00fcr hochfrequentierte Bad-Szenarien.<\/p>\n\n\n\n<p><strong>Leichtes, luxuri\u00f6ses Aussehen<\/strong>: Steinplatten mit Marmorstruktur vermitteln ein Gef\u00fchl von Luxus, gepaart mit eingebetteten Lichtspiegeln; die kalte Textur strahlt eine weiche Atmosph\u00e4re aus. Ob es sich um ein modernes, leichtes Luxusbad oder ein minimalistisches Bad handelt, es kann zum visuellen Mittelpunkt werden und den r\u00e4umlichen Stil verbessern.<\/p>\n\n\n\n<p><strong>Aufgeh\u00e4ngte Konstruktion<\/strong>: Die h\u00e4ngende Installation spart nicht nur Bodenfl\u00e4che, sondern vermeidet auch das Problem der Feuchtigkeit am Boden herk\u00f6mmlicher Bodenschr\u00e4nke.<\/p>\n\n\n\n<p><strong>Wasserdichtes Material<\/strong>: Die Eigenschaften von Steinplatten und Keramik erm\u00f6glichen es, dass das Bad auch in feuchten Umgebungen trocken und sauber bleibt, und selbst kleine Einheiten k\u00f6nnen ein sauberes Bad erzielen.<\/p>\n<\/div>\n\n\n\n<div class=\"wp-block-column is-layout-flow wp-block-column-is-layout-flow\"><div class=\"wp-block-image\">\n<figure class=\"aligncenter size-full\"><img decoding=\"async\" width=\"700\" height=\"700\" src=\"https:\/\/www.shouyasanitary.com\/wp-content\/uploads\/2025\/11\/OEM-rock-slate-basin-with-mirror.webp\" alt=\"OEM Felsenschieferbecken mit Spiegel\" class=\"wp-image-2439\" style=\"object-fit:cover\" srcset=\"https:\/\/www.shouyasanitary.com\/wp-content\/uploads\/2025\/11\/OEM-rock-slate-basin-with-mirror.webp 700w, https:\/\/www.shouyasanitary.com\/wp-content\/uploads\/2025\/11\/OEM-rock-slate-basin-with-mirror-300x300.webp 300w, https:\/\/www.shouyasanitary.com\/wp-content\/uploads\/2025\/11\/OEM-rock-slate-basin-with-mirror-150x150.webp 150w, https:\/\/www.shouyasanitary.com\/wp-content\/uploads\/2025\/11\/OEM-rock-slate-basin-with-mirror-12x12.webp 12w, https:\/\/www.shouyasanitary.com\/wp-content\/uploads\/2025\/11\/OEM-rock-slate-basin-with-mirror-600x600.webp 600w, https:\/\/www.shouyasanitary.com\/wp-content\/uploads\/2025\/11\/OEM-rock-slate-basin-with-mirror-100x100.webp 100w\" sizes=\"(max-width: 700px) 100vw, 700px\" \/><\/figure>\n<\/div><\/div>\n<\/div>","protected":false},"excerpt":{"rendered":"<p>Wei\u00dfe Badezimmer-Eitelkeiten aus dem Gro\u00dfhandel mit Felsenschieferpaneel, einem wandmontierten Design, einem Handtuchhalter, einem Handtuchhalter, einem LED-Spiegelschrank und einem Keramik-Waschbecken. Bietet ein luxuri\u00f6ses Gef\u00fchl, ideal f\u00fcr Hotels und Wohnungen. Shouya Fabrik bietet OEM\/ODM und Bulk-Lieferung. Kontaktieren Sie uns f\u00fcr ein Angebot!<\/p>\n<h2>Badezimmer-Eitelkeiten Attribute\uff1a<\/h2>\n<p><strong>Artikel Nr.<\/strong>: SYY20251101<br \/><strong>Material des Geh\u00e4uses<\/strong>: Marmor <br \/><strong>Farbe des Geh\u00e4uses<\/strong>: Wei\u00df<br \/><strong>Spiegel<\/strong>: LED-Spiegel (3,5 mm \/ 3,8 mm), dreifarbige Beleuchtung, One-Touch-Enteisung, mit mehrschichtiger Schaumstoffverpackung gesichert <br \/><strong>Einbauart<\/strong>: Wandbefestigung <br \/><strong>Abmessungen (L \u00d7 B \u00d7 H)<\/strong>: 80 \u00d7 50 \u00d7 15 cm <br \/><strong>Bruttogewicht<\/strong>: 35 kg\/Satz<\/p>\n<h2>Anpassung &amp; Dienstleistungen:<\/h2>\n<p><strong>OEM &amp; ODM<\/strong>: Unterst\u00fctzt<br \/><strong>Gestaltung<\/strong>: Frei<br \/><strong>Zubeh\u00f6r<\/strong>: Waschbecken, Spiegel, Armaturen und anderes Badzubeh\u00f6r<br \/><strong>Verpacken<\/strong>: Einbaufertig<\/p>","protected":false},"featured_media":2439,"comment_status":"closed","ping_status":"closed","template":"","meta":{"_acf_changed":false},"product_brand":[],"product_cat":[22],"product_tag":[],"class_list":{"0":"post-2428","1":"product","2":"type-product","3":"status-publish","4":"has-post-thumbnail","6":"product_cat-wholesale-marble-bathroom-vanity-cabinets","8":"first","9":"instock","10":"shipping-taxable","11":"product-type-simple"},"acf":[],"_links":{"self":[{"href":"https:\/\/www.shouyasanitary.com\/de\/wp-json\/wp\/v2\/product\/2428","targetHints":{"allow":["GET"]}}],"collection":[{"href":"https:\/\/www.shouyasanitary.com\/de\/wp-json\/wp\/v2\/product"}],"about":[{"href":"https:\/\/www.shouyasanitary.com\/de\/wp-json\/wp\/v2\/types\/product"}],"replies":[{"embeddable":true,"href":"https:\/\/www.shouyasanitary.com\/de\/wp-json\/wp\/v2\/comments?post=2428"}],"wp:featuredmedia":[{"embeddable":true,"href":"https:\/\/www.shouyasanitary.com\/de\/wp-json\/wp\/v2\/media\/2439"}],"wp:attachment":[{"href":"https:\/\/www.shouyasanitary.com\/de\/wp-json\/wp\/v2\/media?parent=2428"}],"wp:term":[{"taxonomy":"product_brand","embeddable":true,"href":"https:\/\/www.shouyasanitary.com\/de\/wp-json\/wp\/v2\/product_brand?post=2428"},{"taxonomy":"product_cat","embeddable":true,"href":"https:\/\/www.shouyasanitary.com\/de\/wp-json\/wp\/v2\/product_cat?post=2428"},{"taxonomy":"product_tag","embeddable":true,"href":"https:\/\/www.shouyasanitary.com\/de\/wp-json\/wp\/v2\/product_tag?post=2428"}],"curies":[{"name":"wp","href":"https:\/\/api.w.org\/{rel}","templated":true}]}}