{"id":2429,"date":"2025-12-10T07:56:14","date_gmt":"2025-12-10T07:56:14","guid":{"rendered":"https:\/\/www.shouyasanitary.com\/?post_type=product&#038;p=2429"},"modified":"2025-12-10T07:56:20","modified_gmt":"2025-12-10T07:56:20","slug":"oem-sink-bathroom-vanity","status":"publish","type":"product","link":"https:\/\/www.shouyasanitary.com\/de\/produkt\/oem-sink-bathroom-vanity\/","title":{"rendered":"OEM Waschbecken Badezimmer Eitelkeit, Marmor Badezimmer Eitelkeit Rock Schiefer gl\u00e4nzend Finishing mit Top Gro\u00dfhandel"},"content":{"rendered":"<div class=\"wp-block-columns is-layout-flex wp-container-core-columns-is-layout-9d6595d7 wp-block-columns-is-layout-flex\">\n<div class=\"wp-block-column is-layout-flow wp-block-column-is-layout-flow\">\n<h2 class=\"wp-block-heading\">Eigenschaften von OEM Waschbecken Badezimmer Eitelkeit:<\/h2>\n\n\n\n<p><strong>Elegantes Design: <\/strong>Die Arbeitsplatte besteht aus Marmorplatten mit einer nat\u00fcrlichen und feinen Textur. Die helle Cremefarbe verleiht dem Gesamterscheinungsbild einen raffinierten Look und macht es sauber und hell.<\/p>\n\n\n\n<p><strong>Multifunktions-Spiegel: <\/strong>Der ovale LED-Spiegel hat eine Hintergrundbeleuchtung auf der R\u00fcckseite und verf\u00fcgt \u00fcber drei Farben: wei\u00dfes Licht, warmes Licht und nat\u00fcrliches Licht. Er kann nach Belieben zwischen ihnen umschalten, um eine bestimmte Atmosph\u00e4re zu schaffen.<\/p>\n\n\n\n<p><strong>Hochwertiges Material: <\/strong>Das verwendete Material sind Marmorplatten, gepaart mit Keramikbecken. Die Arbeitsplatte ist ger\u00e4umig und bietet Platz f\u00fcr Toilettenartikel, Kosmetika usw.<\/p>\n\n\n\n<p><strong>Schwimmende Struktur: <\/strong>Das wandmontierte Design spart Platz im Bad und macht es bequem f\u00fcr die t\u00e4gliche Reinigung.<\/p>\n\n\n\n<p><strong>Speicherl\u00f6sung:<\/strong> Auf der linken Seite des Hauptschranks ist ein Griff f\u00fcr die Ablage angebracht. Dieses Design l\u00f6st das Problem, wie wir Handt\u00fccher in unserem Badezimmer platzieren. Nach dem Bad k\u00f6nnen die Benutzer die Handt\u00fccher leicht finden, und nach dem Gebrauch k\u00f6nnen sie sie zum Trocknen aufh\u00e4ngen. Dieses Design erm\u00f6glicht es uns auch, die rechte Seite offenes Fach Editor ordentlich zu halten.<\/p>\n\n\n\n<p><strong>Anpassbare Optionen:<\/strong>\u00a0Wir bieten einen OEM\/ODM-Service an, der die Anpassung von Gr\u00f6\u00dfe, Beleuchtungsart und Spiegeldesign an verschiedene Projektanforderungen erm\u00f6glicht.<\/p>\n<\/div>\n\n\n\n<div class=\"wp-block-column is-layout-flow wp-block-column-is-layout-flow\"><div class=\"wp-block-image\">\n<figure class=\"aligncenter size-full\"><img decoding=\"async\" width=\"700\" height=\"700\" src=\"https:\/\/www.shouyasanitary.com\/wp-content\/uploads\/2025\/11\/OEM-bathroom-vanity-rock-slate-glossy-finishing-combination.webp\" alt=\"OEM Badezimmer Waschtisch Felsen Schiefer gl\u00e4nzende Verarbeitung Kombination\" class=\"wp-image-2436\" style=\"object-fit:cover\" srcset=\"https:\/\/www.shouyasanitary.com\/wp-content\/uploads\/2025\/11\/OEM-bathroom-vanity-rock-slate-glossy-finishing-combination.webp 700w, https:\/\/www.shouyasanitary.com\/wp-content\/uploads\/2025\/11\/OEM-bathroom-vanity-rock-slate-glossy-finishing-combination-300x300.webp 300w, https:\/\/www.shouyasanitary.com\/wp-content\/uploads\/2025\/11\/OEM-bathroom-vanity-rock-slate-glossy-finishing-combination-150x150.webp 150w, https:\/\/www.shouyasanitary.com\/wp-content\/uploads\/2025\/11\/OEM-bathroom-vanity-rock-slate-glossy-finishing-combination-12x12.webp 12w, https:\/\/www.shouyasanitary.com\/wp-content\/uploads\/2025\/11\/OEM-bathroom-vanity-rock-slate-glossy-finishing-combination-600x600.webp 600w, https:\/\/www.shouyasanitary.com\/wp-content\/uploads\/2025\/11\/OEM-bathroom-vanity-rock-slate-glossy-finishing-combination-100x100.webp 100w\" sizes=\"(max-width: 700px) 100vw, 700px\" \/><\/figure>\n<\/div><\/div>\n<\/div>","protected":false},"excerpt":{"rendered":"<p>OEM Waschbecken Bad Eitelkeit mit Felsen Schiefer, eine LED dreifarbigen intelligenten Spiegel, ein Keramik-Becken mit Arbeitsplatte, leicht zu reinigen, Wand-Design, spart Platz im Bad.  Perfekt f\u00fcr Hotels und Wohnungen. Shouya Fabrik liefert, kontaktieren Sie uns f\u00fcr Bulk-Lieferung und Anpassung.<\/p>\n<h2>OEM Waschbecken Badezimmer Eitelkeit Attribute\uff1a<\/h2>\n<p><strong>Artikel Nr.<\/strong>: SYR10018-80<br \/><strong>Material des Geh\u00e4uses<\/strong>: Marmor <br \/><strong>Farbe des Geh\u00e4uses<\/strong>: Schwarz und Wei\u00df <br \/><strong>Spiegel<\/strong>: LED-Spiegel (3,5 mm \/ 3,8 mm), dreifarbige Beleuchtung, One-Touch-Enteisung, mit mehrschichtiger Schaumstoffverpackung gesichert <br \/><strong>Einbauart<\/strong>: Wandbefestigung <br \/><strong>Abmessungen (L \u00d7 B \u00d7 H)<\/strong>: 80 \u00d7 50 \u00d7 30 cm <br \/><strong>Bruttogewicht<\/strong>: 31 kg\/Satz<\/p>\n<h2>Anpassung &amp; Dienstleistungen:<\/h2>\n<p><strong>OEM &amp; ODM<\/strong>: Unterst\u00fctzt<br \/><strong>Gestaltung<\/strong>: Frei<br \/><strong>Zubeh\u00f6r<\/strong>: Waschbecken, Spiegel, Armaturen und anderes Badzubeh\u00f6r<br \/><strong>Verpacken<\/strong>: Einbaufertig<\/p>","protected":false},"featured_media":2436,"comment_status":"closed","ping_status":"closed","template":"","meta":{"_acf_changed":false},"product_brand":[],"product_cat":[22],"product_tag":[],"class_list":{"0":"post-2429","1":"product","2":"type-product","3":"status-publish","4":"has-post-thumbnail","6":"product_cat-wholesale-marble-bathroom-vanity-cabinets","8":"first","9":"instock","10":"shipping-taxable","11":"product-type-simple"},"acf":[],"_links":{"self":[{"href":"https:\/\/www.shouyasanitary.com\/de\/wp-json\/wp\/v2\/product\/2429","targetHints":{"allow":["GET"]}}],"collection":[{"href":"https:\/\/www.shouyasanitary.com\/de\/wp-json\/wp\/v2\/product"}],"about":[{"href":"https:\/\/www.shouyasanitary.com\/de\/wp-json\/wp\/v2\/types\/product"}],"replies":[{"embeddable":true,"href":"https:\/\/www.shouyasanitary.com\/de\/wp-json\/wp\/v2\/comments?post=2429"}],"wp:featuredmedia":[{"embeddable":true,"href":"https:\/\/www.shouyasanitary.com\/de\/wp-json\/wp\/v2\/media\/2436"}],"wp:attachment":[{"href":"https:\/\/www.shouyasanitary.com\/de\/wp-json\/wp\/v2\/media?parent=2429"}],"wp:term":[{"taxonomy":"product_brand","embeddable":true,"href":"https:\/\/www.shouyasanitary.com\/de\/wp-json\/wp\/v2\/product_brand?post=2429"},{"taxonomy":"product_cat","embeddable":true,"href":"https:\/\/www.shouyasanitary.com\/de\/wp-json\/wp\/v2\/product_cat?post=2429"},{"taxonomy":"product_tag","embeddable":true,"href":"https:\/\/www.shouyasanitary.com\/de\/wp-json\/wp\/v2\/product_tag?post=2429"}],"curies":[{"name":"wp","href":"https:\/\/api.w.org\/{rel}","templated":true}]}}