{"id":2449,"date":"2025-12-11T08:42:35","date_gmt":"2025-12-11T08:42:35","guid":{"rendered":"https:\/\/www.shouyasanitary.com\/?post_type=product&#038;p=2449"},"modified":"2025-12-11T08:42:42","modified_gmt":"2025-12-11T08:42:42","slug":"wholesale-floating-vanity-for-bathroom","status":"publish","type":"product","link":"https:\/\/www.shouyasanitary.com\/de\/produkt\/wholesale-floating-vanity-for-bathroom\/","title":{"rendered":"Gro\u00dfhandel schwimmende Eitelkeit f\u00fcr Badezimmer, wei\u00dfes Badezimmer Kabinett mit doppelten Schubladen LED Spiegel Cutsom"},"content":{"rendered":"<div class=\"wp-block-columns is-layout-flex wp-container-core-columns-is-layout-9d6595d7 wp-block-columns-is-layout-flex\">\n<div class=\"wp-block-column is-layout-flow wp-block-column-is-layout-flow\">\n<h2 class=\"wp-block-heading\">Merkmale des schwimmenden Waschbeckens f\u00fcr das Badezimmer\uff1a<\/h2>\n\n\n\n<p><strong>Minimalismus Erscheinungsbild:<\/strong> Der Korpus des Badezimmerschranks ist in einem sanften Cremewei\u00df gehalten, elegant und schlicht, im Einklang mit der zeitgen\u00f6ssischen \u00c4sthetik, passend f\u00fcr verschiedene Badezimmerstile und mit einem beruhigenden Gef\u00fchl.<\/p>\n\n\n\n<p><strong>Hochwertige Textur:<\/strong> Sie ist aus hochwertigem PVC gefertigt, hat eine glatte Textur und ist \u00e4u\u00dferst wasserdicht und feuchtigkeitsbest\u00e4ndig. Sie wird mit einem wei\u00dfen Keramikbecken kombiniert, das bei hoher Temperatur gebrannt wird und mit einer wasserabweisenden Platte ausgestattet ist, um Spritzer zu vermeiden.<\/p>\n\n\n\n<p><strong>Leicht zu reinigen:<\/strong> Es gen\u00fcgt ein sanftes Abwischen mit einem Tuch, um Flecken zu entfernen und die urspr\u00fcngliche Wei\u00dfe und Sauberkeit wiederherzustellen.<\/p>\n\n\n\n<p><strong>Intelligenter LED-Spiegel:<\/strong> Die rechteckige, abgerundete LED-Smart-Mirror-Linse ist schlicht und elegant. Auf der R\u00fcckseite stehen drei Farben f\u00fcr die Hintergrundbeleuchtung zur Verf\u00fcgung, darunter Wei\u00df, Warmton und Naturton, die sich leicht an den gew\u00fcnschten Beleuchtungseffekt anpassen lassen und eine Atmosph\u00e4re schaffen.<\/p>\n\n\n\n<p><strong>Reichlich Speicherkapazit\u00e4t:<\/strong> Er verf\u00fcgt \u00fcber Schubladen mit F\u00e4chern an der Ober- und Unterseite, die es uns erm\u00f6glichen, die Gegenst\u00e4nde zu kategorisieren und Artikel wie Zahnb\u00fcrsten und Hautpflegeprodukte getrennt aufzubewahren. Au\u00dferdem hilft uns die Wandmontage, effektiv Platz zu sparen.<\/p>\n<\/div>\n\n\n\n<div class=\"wp-block-column is-layout-flow wp-block-column-is-layout-flow\"><div class=\"wp-block-image\">\n<figure class=\"aligncenter size-full\"><img decoding=\"async\" width=\"700\" height=\"700\" src=\"https:\/\/www.shouyasanitary.com\/wp-content\/uploads\/2025\/11\/wholesale-custom-cream-white-bathroom-cabinet-vanity.webp\" alt=\"Gro\u00dfhandel benutzerdefinierte creme-wei\u00df Bad Schrank Eitelkeit\" class=\"wp-image-2451\" style=\"object-fit:cover\" srcset=\"https:\/\/www.shouyasanitary.com\/wp-content\/uploads\/2025\/11\/wholesale-custom-cream-white-bathroom-cabinet-vanity.webp 700w, https:\/\/www.shouyasanitary.com\/wp-content\/uploads\/2025\/11\/wholesale-custom-cream-white-bathroom-cabinet-vanity-300x300.webp 300w, https:\/\/www.shouyasanitary.com\/wp-content\/uploads\/2025\/11\/wholesale-custom-cream-white-bathroom-cabinet-vanity-150x150.webp 150w, https:\/\/www.shouyasanitary.com\/wp-content\/uploads\/2025\/11\/wholesale-custom-cream-white-bathroom-cabinet-vanity-12x12.webp 12w, https:\/\/www.shouyasanitary.com\/wp-content\/uploads\/2025\/11\/wholesale-custom-cream-white-bathroom-cabinet-vanity-600x600.webp 600w, https:\/\/www.shouyasanitary.com\/wp-content\/uploads\/2025\/11\/wholesale-custom-cream-white-bathroom-cabinet-vanity-100x100.webp 100w\" sizes=\"(max-width: 700px) 100vw, 700px\" \/><\/figure>\n<\/div><\/div>\n<\/div>","protected":false},"excerpt":{"rendered":"<p>Gro\u00dfhandel schwimmende Eitelkeit f\u00fcr Bad, PVC-Material mit Keramik-Becken kombiniert, k\u00f6nnen Flecken mit einem sanften Wisch entfernt werden, die LED-Spiegel mit drei Farben der Hintergrundbeleuchtung, die Schaffung einer Atmosph\u00e4re im Bad.  Die Doppelschubladen bieten reichlich Stauraum. Wir unterst\u00fctzen OEM-Anpassung. Willkommen zu erkundigen \u00fcber Gro\u00dfhandelspreise und kundenspezifische L\u00f6sungen!<\/p>\n<h2>Schwimmende Eitelkeit f\u00fcr Badezimmer Attribute\uff1a<\/h2>\n<p><strong><br \/>Material des Geh\u00e4uses:<\/strong> PVC<br \/><strong>Farbe des Geh\u00e4uses: <\/strong>Wei\u00df<br \/><strong>Spiegel:<\/strong> LED-Spiegel (3,5 mm\/3,8 mm), dreifarbige Beleuchtung, One-Touch-Entfogging, gesichert mit mehrlagiger Schaumstoffverpackung<br \/><strong>Installationsart:<\/strong>\u00a0Wandbefestigung<br \/><strong>Abmessungen (L\u00d7B\u00d7H):<\/strong> 60*47*47 cm<br \/><strong>Bruttogewicht:<\/strong> 32kg\/Satz<\/p>\n<h2>Anpassung &amp; Dienstleistungen:<\/h2>\n<p><strong>OEM &amp; ODM<\/strong>: Unterst\u00fctzt<br \/><strong>Gestaltung<\/strong>: Frei<br \/><strong>Zubeh\u00f6r<\/strong>: Waschbecken, Spiegel, Armaturen und anderes Badzubeh\u00f6r<br \/><strong>Verpacken<\/strong>: Einbaufertig<\/p>","protected":false},"featured_media":2451,"comment_status":"closed","ping_status":"closed","template":"","meta":{"_acf_changed":false},"product_brand":[],"product_cat":[24],"product_tag":[],"class_list":{"0":"post-2449","1":"product","2":"type-product","3":"status-publish","4":"has-post-thumbnail","6":"product_cat-wholesale-pvc-bathroom-vanity-cabinets","8":"first","9":"instock","10":"shipping-taxable","11":"product-type-simple"},"acf":[],"_links":{"self":[{"href":"https:\/\/www.shouyasanitary.com\/de\/wp-json\/wp\/v2\/product\/2449","targetHints":{"allow":["GET"]}}],"collection":[{"href":"https:\/\/www.shouyasanitary.com\/de\/wp-json\/wp\/v2\/product"}],"about":[{"href":"https:\/\/www.shouyasanitary.com\/de\/wp-json\/wp\/v2\/types\/product"}],"replies":[{"embeddable":true,"href":"https:\/\/www.shouyasanitary.com\/de\/wp-json\/wp\/v2\/comments?post=2449"}],"wp:featuredmedia":[{"embeddable":true,"href":"https:\/\/www.shouyasanitary.com\/de\/wp-json\/wp\/v2\/media\/2451"}],"wp:attachment":[{"href":"https:\/\/www.shouyasanitary.com\/de\/wp-json\/wp\/v2\/media?parent=2449"}],"wp:term":[{"taxonomy":"product_brand","embeddable":true,"href":"https:\/\/www.shouyasanitary.com\/de\/wp-json\/wp\/v2\/product_brand?post=2449"},{"taxonomy":"product_cat","embeddable":true,"href":"https:\/\/www.shouyasanitary.com\/de\/wp-json\/wp\/v2\/product_cat?post=2449"},{"taxonomy":"product_tag","embeddable":true,"href":"https:\/\/www.shouyasanitary.com\/de\/wp-json\/wp\/v2\/product_tag?post=2449"}],"curies":[{"name":"wp","href":"https:\/\/api.w.org\/{rel}","templated":true}]}}