{"id":2450,"date":"2025-12-15T08:47:52","date_gmt":"2025-12-15T08:47:52","guid":{"rendered":"https:\/\/www.shouyasanitary.com\/?post_type=product&#038;p=2450"},"modified":"2025-12-15T08:47:55","modified_gmt":"2025-12-15T08:47:55","slug":"wholesale-bathroom-vanity-with-top","status":"publish","type":"product","link":"https:\/\/www.shouyasanitary.com\/de\/produkt\/wholesale-bathroom-vanity-with-top\/","title":{"rendered":"Gro\u00dfhandel Badezimmer Eitelkeit mit Top, Luxus schwarz Kabinett Badezimmer gro\u00dfe Gr\u00f6\u00dfe PVC Custom"},"content":{"rendered":"<div class=\"wp-block-columns is-layout-flex wp-container-core-columns-is-layout-9d6595d7 wp-block-columns-is-layout-flex\">\n<div class=\"wp-block-column is-layout-flow wp-block-column-is-layout-flow\">\n<h2 class=\"wp-block-heading\">Eigenschaften von Badezimmer Waschtisch mit Platte:<\/h2>\n\n\n\n<p><strong>Moderner und minimalistischer Stil<\/strong>: Die Arbeitsplatte ist aus schwarzem Granit mit wei\u00dfen Mustern, und der Hauptschrank ist mit einem beigen Gitter und intelligenten Lampen in unregelm\u00e4\u00dfiger Form ausgestattet. Das Gesamtbild vermittelt ein Gef\u00fchl von Raffinesse, geeignet f\u00fcr gro\u00dfe B\u00e4der.<\/p>\n\n\n\n<p><strong>Hochwertiges Material:<\/strong> Die Arbeitsplatte besteht aus Marmor und Schiefer mit schwarzem Grundton und wei\u00dfen Mustern. Der Hauptschrank besteht aus PVC-Platten, die feuchtigkeitsbest\u00e4ndig, wasserfest, schmutzabweisend und verformungsbest\u00e4ndig sind.<\/p>\n\n\n\n<p><strong>Wandmontierte Ausf\u00fchrung:<\/strong> Er hilft, den Platz im Badezimmer zu reduzieren und macht es uns bequem, die versteckten Ecken des Badezimmers zu reinigen.<\/p>\n\n\n\n<p><strong>LED-Spiegel:<\/strong>\u00a0Er ist mit einem gro\u00dfformatigen, unregelm\u00e4\u00dfig geformten intelligenten LED-Spiegel ausgestattet, der eine dreifarbige Hintergrundbeleuchtung und eine Anti-Beschlag-Funktion bietet. Er kann mit einem Klick entfeuchten und ein perfektes Badezimmerdesign schaffen.<\/p>\n\n\n\n<p><strong>Speicherfunktion:<\/strong>\u00a0Der Hauptschrank ist mit einer Gittert\u00fcr und Fl\u00fcgelt\u00fcren ausgestattet. Der Innenraum verf\u00fcgt \u00fcber einen gro\u00dfen Stauraum, in dem allt\u00e4gliche Badutensilien wie Toilettenartikel und Handt\u00fccher aufbewahrt werden k\u00f6nnen, wobei Privatsph\u00e4re und Ordnung in Einklang gebracht werden.<\/p>\n\n\n\n<p><strong>OEM\/ODM-Dienstleistung<\/strong>: Shouya bietet OEM\/ODM-Dienstleistungen an, um die Anforderungen der Kunden zu erf\u00fcllen. Die Gr\u00f6\u00dfe, die Farbe, das Material, das LOGO und die Verpackung k\u00f6nnen flexibel angepasst werden, um den verschiedenen Marktanforderungen weltweit gerecht zu werden.<\/p>\n<\/div>\n\n\n\n<div class=\"wp-block-column is-layout-flow wp-block-column-is-layout-flow\"><div class=\"wp-block-image\">\n<figure class=\"aligncenter size-full\"><img decoding=\"async\" width=\"700\" height=\"700\" src=\"https:\/\/www.shouyasanitary.com\/wp-content\/uploads\/2025\/11\/bulk-purchases-vanity-bathroom-in-luxury-black-with-sink.webp\" alt=\"\" class=\"wp-image-2454\" style=\"object-fit:cover\" srcset=\"https:\/\/www.shouyasanitary.com\/wp-content\/uploads\/2025\/11\/bulk-purchases-vanity-bathroom-in-luxury-black-with-sink.webp 700w, https:\/\/www.shouyasanitary.com\/wp-content\/uploads\/2025\/11\/bulk-purchases-vanity-bathroom-in-luxury-black-with-sink-300x300.webp 300w, https:\/\/www.shouyasanitary.com\/wp-content\/uploads\/2025\/11\/bulk-purchases-vanity-bathroom-in-luxury-black-with-sink-150x150.webp 150w, https:\/\/www.shouyasanitary.com\/wp-content\/uploads\/2025\/11\/bulk-purchases-vanity-bathroom-in-luxury-black-with-sink-12x12.webp 12w, https:\/\/www.shouyasanitary.com\/wp-content\/uploads\/2025\/11\/bulk-purchases-vanity-bathroom-in-luxury-black-with-sink-600x600.webp 600w, https:\/\/www.shouyasanitary.com\/wp-content\/uploads\/2025\/11\/bulk-purchases-vanity-bathroom-in-luxury-black-with-sink-100x100.webp 100w\" sizes=\"(max-width: 700px) 100vw, 700px\" \/><\/figure>\n<\/div><\/div>\n<\/div>","protected":false},"excerpt":{"rendered":"<p>Dieser PVC-Waschtisch mit Keramikunterschrank ist die ideale Wahl, um ein komfortables und funktionales Badezimmer zu schaffen. Bitte kontaktieren Sie uns f\u00fcr ein Angebot und einen Produktkatalog.<\/p>\n<h2>Kabinett Wei\u00df Badezimmer Attribute\uff1a<\/h2>\n<p><strong><br \/>Material des Geh\u00e4uses:<\/strong> PVC<br \/><strong>Farbe des Geh\u00e4uses: <\/strong>Braun und Schwarz<br \/><strong>Spiegel:<\/strong> LED-Spiegel (3,5 mm\/3,8 mm), dreifarbige Beleuchtung, One-Touch-Entfogging, gesichert mit mehrlagiger Schaumstoffverpackung<br \/><strong>Installationsart:<\/strong>\u00a0Wandbefestigung<br \/><strong>Abmessungen (L\u00d7B\u00d7H):<\/strong> 100*47*50 cm<br \/><strong>Bruttogewicht:<\/strong> 35kg\/Satz<\/p>\n<h2>Anpassung &amp; Dienstleistungen:<\/h2>\n<p><strong>OEM &amp; ODM<\/strong>: Unterst\u00fctzt<br \/><strong>Gestaltung<\/strong>: Frei<br \/><strong>Zubeh\u00f6r<\/strong>: Waschbecken, Spiegel, Armaturen und anderes Badzubeh\u00f6r<br \/><strong>Verpacken<\/strong>: Einbaufertig<\/p>","protected":false},"featured_media":2454,"comment_status":"closed","ping_status":"closed","template":"","meta":{"_acf_changed":true},"product_brand":[],"product_cat":[24],"product_tag":[],"class_list":{"0":"post-2450","1":"product","2":"type-product","3":"status-publish","4":"has-post-thumbnail","6":"product_cat-wholesale-pvc-bathroom-vanity-cabinets","8":"first","9":"instock","10":"shipping-taxable","11":"product-type-simple"},"acf":[],"_links":{"self":[{"href":"https:\/\/www.shouyasanitary.com\/de\/wp-json\/wp\/v2\/product\/2450","targetHints":{"allow":["GET"]}}],"collection":[{"href":"https:\/\/www.shouyasanitary.com\/de\/wp-json\/wp\/v2\/product"}],"about":[{"href":"https:\/\/www.shouyasanitary.com\/de\/wp-json\/wp\/v2\/types\/product"}],"replies":[{"embeddable":true,"href":"https:\/\/www.shouyasanitary.com\/de\/wp-json\/wp\/v2\/comments?post=2450"}],"wp:featuredmedia":[{"embeddable":true,"href":"https:\/\/www.shouyasanitary.com\/de\/wp-json\/wp\/v2\/media\/2454"}],"wp:attachment":[{"href":"https:\/\/www.shouyasanitary.com\/de\/wp-json\/wp\/v2\/media?parent=2450"}],"wp:term":[{"taxonomy":"product_brand","embeddable":true,"href":"https:\/\/www.shouyasanitary.com\/de\/wp-json\/wp\/v2\/product_brand?post=2450"},{"taxonomy":"product_cat","embeddable":true,"href":"https:\/\/www.shouyasanitary.com\/de\/wp-json\/wp\/v2\/product_cat?post=2450"},{"taxonomy":"product_tag","embeddable":true,"href":"https:\/\/www.shouyasanitary.com\/de\/wp-json\/wp\/v2\/product_tag?post=2450"}],"curies":[{"name":"wp","href":"https:\/\/api.w.org\/{rel}","templated":true}]}}