{"id":2477,"date":"2025-12-15T08:47:15","date_gmt":"2025-12-15T08:47:15","guid":{"rendered":"https:\/\/www.shouyasanitary.com\/?post_type=product&#038;p=2477"},"modified":"2025-12-15T08:47:21","modified_gmt":"2025-12-15T08:47:21","slug":"wholesale-bathroom-floating-vanity","status":"publish","type":"product","link":"https:\/\/www.shouyasanitary.com\/de\/produkt\/wholesale-bathroom-floating-vanity\/","title":{"rendered":"Gro\u00dfhandel Badezimmer schwimmende Eitelkeit, PVC-Badezimmer Spiegel Cabniet vertikale Textur"},"content":{"rendered":"<div class=\"wp-block-columns is-layout-flex wp-container-core-columns-is-layout-9d6595d7 wp-block-columns-is-layout-flex\">\n<div class=\"wp-block-column is-layout-flow wp-block-column-is-layout-flow\">\n<h2 class=\"wp-block-heading\">Eigenschaften der schwimmenden Eitelkeit im Badezimmer\uff1a<\/h2>\n\n\n\n<p><strong>Keine Angst vor feuchten Umgebungen:<\/strong> PVC-Badezimmerschr\u00e4nke sind von Natur aus wasserdicht, und selbst eine langfristige Bedampfung des Badezimmers f\u00fchrt nicht zum Aufquellen oder Abbl\u00e4ttern. Nach dem Abspritzen von Wasser in der Dusche muss es nicht trocken gewischt werden, und auch feuchte Badezimmer k\u00f6nnen lange Zeit konserviert werden.<\/p>\n\n\n\n<p><strong>Leichter Luxus-Stil: <\/strong>Die vertikale Struktur der wei\u00dfen PVC-Schrankt\u00fcr verst\u00e4rkt das Gef\u00fchl von Luxus, gepaart mit einem Keramikwaschbecken, und die minimalistische Farbgebung eignet sich f\u00fcr Wabi Sabi und moderne B\u00e4der und schafft eine hochwertige Badatmosph\u00e4re.<\/p>\n\n\n\n<p><strong>Leicht zu reinigen und zu pflegen:<\/strong> Die PVC-Oberfl\u00e4che bleibt sauber, und Zahnpastaflecken und Duschgelreste k\u00f6nnen sofort weggewischt werden. Die Edelstahlbeschl\u00e4ge weisen keine Rillen oder Staubansammlungen auf, und der h\u00e4ngende Schrank erm\u00f6glicht es dem Kehrroboter, den Boden zu erreichen, wodurch der t\u00e4gliche Reinigungsaufwand um die H\u00e4lfte reduziert wird.<\/p>\n\n\n\n<p><strong>Kleinger\u00e4tefreundliches Design: <\/strong>Leichtes PVC, kombiniert mit einer verst\u00e4rkten Struktur aus Edelstahl, die h\u00e4ngende Installation zerdr\u00fcckt die Wand nicht; sie schafft nicht nur Platz auf dem Boden, sondern verhindert auch die Ansammlung von Feuchtigkeit am Boden des Schranks, so dass sie auch von Mietern und kleinen B\u00e4dern sicher genutzt werden kann.<\/p>\n\n\n\n<p><strong>Shouya Fabrik liefern:<\/strong> Als f\u00fchrender Hersteller von Badezimmer-Waschtischen unterst\u00fctzt Shouya die Produktion von Kleinserien und Gro\u00dfserien, um verschiedenen Projektgr\u00f6\u00dfen gerecht zu werden.<\/p>\n<\/div>\n\n\n\n<div class=\"wp-block-column is-layout-flow wp-block-column-is-layout-flow\"><div class=\"wp-block-image\">\n<figure class=\"aligncenter size-full\"><img decoding=\"async\" width=\"700\" height=\"700\" src=\"https:\/\/www.shouyasanitary.com\/wp-content\/uploads\/2025\/12\/wholesale-bathroom-vanity-cabinet.webp\" alt=\"Gro\u00dfhandel Bad Eitelkeit Schrank\" class=\"wp-image-2479\" style=\"object-fit:cover\" srcset=\"https:\/\/www.shouyasanitary.com\/wp-content\/uploads\/2025\/12\/wholesale-bathroom-vanity-cabinet.webp 700w, https:\/\/www.shouyasanitary.com\/wp-content\/uploads\/2025\/12\/wholesale-bathroom-vanity-cabinet-300x300.webp 300w, https:\/\/www.shouyasanitary.com\/wp-content\/uploads\/2025\/12\/wholesale-bathroom-vanity-cabinet-150x150.webp 150w, https:\/\/www.shouyasanitary.com\/wp-content\/uploads\/2025\/12\/wholesale-bathroom-vanity-cabinet-12x12.webp 12w, https:\/\/www.shouyasanitary.com\/wp-content\/uploads\/2025\/12\/wholesale-bathroom-vanity-cabinet-600x600.webp 600w, https:\/\/www.shouyasanitary.com\/wp-content\/uploads\/2025\/12\/wholesale-bathroom-vanity-cabinet-100x100.webp 100w\" sizes=\"(max-width: 700px) 100vw, 700px\" \/><\/figure>\n<\/div><\/div>\n<\/div>\n\n\n\n<p><\/p>","protected":false},"excerpt":{"rendered":"<p>Gro\u00dfhandel Badezimmer schwimmende Eitelkeit mit vertikalen Textur, Wand-Design, Stauraum, wasserdicht und feuchtigkeitsbest\u00e4ndig, leicht zu reinigen, perfekt f\u00fcr kleine, feuchte Badezimmer. Shouya bietet Anpassungsdienste f\u00fcr Gr\u00f6\u00dfe, Farbe, etc. Willkommen zu erkundigen!<\/p>\n<h2>Badezimmer schwimmende Eitelkeit Attribute\uff1a<\/h2>\n<p><strong><br \/>Material des Geh\u00e4uses:<\/strong> PVC<br \/><strong>Farbe des Geh\u00e4uses:<\/strong> Khaki<br \/><strong>Spiegel:<\/strong> LED-Spiegel (3,5 mm\/3,8 mm), dreifarbige Beleuchtung, One-Touch-Entfogging, gesichert mit mehrlagiger Schaumstoffverpackung<br \/><strong>Installationsart:<\/strong>\u00a0Wandbefestigung<br \/><strong>Abmessungen (L\u00d7B\u00d7H):<\/strong> 80x47x45 cm<br \/><strong>Bruttogewicht:<\/strong> 30kg\/Satz<\/p>\n<h2>Anpassung &amp; Dienstleistungen:<\/h2>\n<p><strong>OEM &amp; ODM<\/strong>: Unterst\u00fctzt<br \/><strong>Gestaltung<\/strong>: Frei<br \/><strong>Zubeh\u00f6r<\/strong>: Waschbecken, Spiegel, Armaturen und anderes Badzubeh\u00f6r<br \/><strong>Verpacken<\/strong>: Einbaufertig<\/p>","protected":false},"featured_media":2479,"comment_status":"closed","ping_status":"closed","template":"","meta":{"_acf_changed":false},"product_brand":[],"product_cat":[24],"product_tag":[],"class_list":{"0":"post-2477","1":"product","2":"type-product","3":"status-publish","4":"has-post-thumbnail","6":"product_cat-wholesale-pvc-bathroom-vanity-cabinets","8":"first","9":"instock","10":"shipping-taxable","11":"product-type-simple"},"acf":[],"_links":{"self":[{"href":"https:\/\/www.shouyasanitary.com\/de\/wp-json\/wp\/v2\/product\/2477","targetHints":{"allow":["GET"]}}],"collection":[{"href":"https:\/\/www.shouyasanitary.com\/de\/wp-json\/wp\/v2\/product"}],"about":[{"href":"https:\/\/www.shouyasanitary.com\/de\/wp-json\/wp\/v2\/types\/product"}],"replies":[{"embeddable":true,"href":"https:\/\/www.shouyasanitary.com\/de\/wp-json\/wp\/v2\/comments?post=2477"}],"wp:featuredmedia":[{"embeddable":true,"href":"https:\/\/www.shouyasanitary.com\/de\/wp-json\/wp\/v2\/media\/2479"}],"wp:attachment":[{"href":"https:\/\/www.shouyasanitary.com\/de\/wp-json\/wp\/v2\/media?parent=2477"}],"wp:term":[{"taxonomy":"product_brand","embeddable":true,"href":"https:\/\/www.shouyasanitary.com\/de\/wp-json\/wp\/v2\/product_brand?post=2477"},{"taxonomy":"product_cat","embeddable":true,"href":"https:\/\/www.shouyasanitary.com\/de\/wp-json\/wp\/v2\/product_cat?post=2477"},{"taxonomy":"product_tag","embeddable":true,"href":"https:\/\/www.shouyasanitary.com\/de\/wp-json\/wp\/v2\/product_tag?post=2477"}],"curies":[{"name":"wp","href":"https:\/\/api.w.org\/{rel}","templated":true}]}}