{"id":2478,"date":"2025-12-15T09:20:56","date_gmt":"2025-12-15T09:20:56","guid":{"rendered":"https:\/\/www.shouyasanitary.com\/?post_type=product&#038;p=2478"},"modified":"2025-12-15T09:21:04","modified_gmt":"2025-12-15T09:21:04","slug":"custom-bathroom-sink-and-vanity","status":"publish","type":"product","link":"https:\/\/www.shouyasanitary.com\/de\/produkt\/custom-bathroom-sink-and-vanity\/","title":{"rendered":"Benutzerdefinierte Badezimmer Waschbecken und Eitelkeit, PVC-Badezimmer Schr\u00e4nke mit Spiegel Keramikbecken in Bulk"},"content":{"rendered":"<div class=\"wp-block-columns is-layout-flex wp-container-core-columns-is-layout-9d6595d7 wp-block-columns-is-layout-flex\">\n<div class=\"wp-block-column is-layout-flow wp-block-column-is-layout-flow\">\n<h2 class=\"wp-block-heading\">Merkmale von Waschbecken und Waschtisch\uff1a<\/h2>\n\n\n\n<p><strong>Feuchtigkeitsresistent<\/strong> und langlebig: Der PVC-Badschrank verf\u00fcgt \u00fcber wasserdichte Eigenschaften und schimmelt oder verformt sich nicht in feuchten Badumgebungen; Edelstahl-Hardware ist korrosionsbest\u00e4ndig und rostet nicht leicht, selbst wenn sie lange Zeit Wasserdampf ausgesetzt ist. Seine Haltbarkeit kann vollst\u00e4ndig verl\u00e4ngert werden.<\/p>\n\n\n\n<p><strong>Gute Textur: <\/strong>Die vertikale Textur der wei\u00dfen PVC-Schrankt\u00fcr mildert den Plastikcharakter, gepaart mit einem schwarzen Edelstahl-Spiegelschrankrahmen. Das minimalistische Farbschema eignet sich f\u00fcr verschiedene Einrichtungsstile, wie z. B. leichten Luxus und Moderne, und die sanfte Beleuchtung schafft eine luxuri\u00f6se Atmosph\u00e4re.<\/p>\n\n\n\n<p><strong>Leicht zu reinigen: <\/strong>Die PVC-Oberfl\u00e4che ist glatt und f\u00e4rbt nicht ab, und die Wasserflecken und der Schaum, die beim t\u00e4glichen Waschen entstehen, k\u00f6nnen mit einem feuchten Lappen gereinigt werden.<strong><\/strong><\/p>\n\n\n\n<p><strong>Leicht und sicher: <\/strong>Das PVC-Material ist leicht und wird mit einer tragenden Struktur aus rostfreiem Stahl gepaart. Die h\u00e4ngende Installation spart nicht nur Bodenfl\u00e4che, sondern vermeidet auch tote Winkel bei der Hygiene. Selbst kleine B\u00e4der lassen sich leicht kontrollieren und verbinden so Sicherheit und Zweckm\u00e4\u00dfigkeit.<\/p>\n\n\n\n<p><strong>Batch-Anpassungsdienst:\u00a0<\/strong>Wir bieten eine flexible, intelligente Fertigung vom Entwurf bis zur Produktion, einschlie\u00dflich der Herstellung von Prototypen in Kleinserien und der Lieferung von Gro\u00dfserien, und entwickeln f\u00fcr unsere Kunden ma\u00dfgeschneiderte L\u00f6sungen f\u00fcr Badezimmer-Eitelkeiten.<\/p>\n<\/div>\n\n\n\n<div class=\"wp-block-column is-layout-flow wp-block-column-is-layout-flow\"><div class=\"wp-block-image\">\n<figure class=\"aligncenter size-full\"><img decoding=\"async\" width=\"700\" height=\"700\" src=\"https:\/\/www.shouyasanitary.com\/wp-content\/uploads\/2025\/12\/wholesale-of-bathroom-cabinet.webp\" alt=\"Gro\u00dfhandel mit Badezimmerschr\u00e4nken\" class=\"wp-image-2482\" style=\"object-fit:cover\" srcset=\"https:\/\/www.shouyasanitary.com\/wp-content\/uploads\/2025\/12\/wholesale-of-bathroom-cabinet.webp 700w, https:\/\/www.shouyasanitary.com\/wp-content\/uploads\/2025\/12\/wholesale-of-bathroom-cabinet-300x300.webp 300w, https:\/\/www.shouyasanitary.com\/wp-content\/uploads\/2025\/12\/wholesale-of-bathroom-cabinet-150x150.webp 150w, https:\/\/www.shouyasanitary.com\/wp-content\/uploads\/2025\/12\/wholesale-of-bathroom-cabinet-12x12.webp 12w, https:\/\/www.shouyasanitary.com\/wp-content\/uploads\/2025\/12\/wholesale-of-bathroom-cabinet-600x600.webp 600w, https:\/\/www.shouyasanitary.com\/wp-content\/uploads\/2025\/12\/wholesale-of-bathroom-cabinet-100x100.webp 100w\" sizes=\"(max-width: 700px) 100vw, 700px\" \/><\/figure>\n<\/div><\/div>\n<\/div>","protected":false},"excerpt":{"rendered":"<p>Ma\u00dfgefertigtes Waschbecken und Waschtisch aus haltbarem PVC und Edelstahl, mit einer wandmontierten Struktur, vertikal strukturierten Schrankt\u00fcren und einem minimalistischen Design, perfekt f\u00fcr moderne B\u00e4der. Ma\u00dfanfertigung in gro\u00dfen Mengen m\u00f6glich. Bitte kontaktieren Sie uns f\u00fcr ein Angebot!<\/p>\n<h2>Bad Waschbecken und Eitelkeit Attribute\uff1a<\/h2>\n<p><strong><br \/>Material des Geh\u00e4uses:<\/strong> PVC<br \/><strong>Farbe des Geh\u00e4uses: <\/strong>Wei\u00df<br \/><strong>Spiegel:<\/strong> LED-Spiegel (3,5 mm\/3,8 mm), dreifarbige Beleuchtung, One-Touch-Entfogging, gesichert mit mehrlagiger Schaumstoffverpackung<br \/><strong>Installationsart:<\/strong>\u00a0Wandbefestigung<br \/><strong>Abmessungen (L\u00d7B\u00d7H):<\/strong> 100*47*50 cm<br \/><strong>Bruttogewicht:<\/strong> 35kg\/Satz<\/p>\n<h2>Anpassung &amp; Dienstleistungen:<\/h2>\n<p><strong>OEM &amp; ODM<\/strong>: Unterst\u00fctzt<br \/><strong>Gestaltung<\/strong>: Frei<br \/><strong>Zubeh\u00f6r<\/strong>: Waschbecken, Spiegel, Armaturen und anderes Badzubeh\u00f6r<br \/><strong>Verpacken<\/strong>: Einbaufertig<\/p>","protected":false},"featured_media":2482,"comment_status":"closed","ping_status":"closed","template":"","meta":{"_acf_changed":false},"product_brand":[],"product_cat":[24],"product_tag":[],"class_list":{"0":"post-2478","1":"product","2":"type-product","3":"status-publish","4":"has-post-thumbnail","6":"product_cat-wholesale-pvc-bathroom-vanity-cabinets","8":"first","9":"instock","10":"shipping-taxable","11":"product-type-simple"},"acf":[],"_links":{"self":[{"href":"https:\/\/www.shouyasanitary.com\/de\/wp-json\/wp\/v2\/product\/2478","targetHints":{"allow":["GET"]}}],"collection":[{"href":"https:\/\/www.shouyasanitary.com\/de\/wp-json\/wp\/v2\/product"}],"about":[{"href":"https:\/\/www.shouyasanitary.com\/de\/wp-json\/wp\/v2\/types\/product"}],"replies":[{"embeddable":true,"href":"https:\/\/www.shouyasanitary.com\/de\/wp-json\/wp\/v2\/comments?post=2478"}],"wp:featuredmedia":[{"embeddable":true,"href":"https:\/\/www.shouyasanitary.com\/de\/wp-json\/wp\/v2\/media\/2482"}],"wp:attachment":[{"href":"https:\/\/www.shouyasanitary.com\/de\/wp-json\/wp\/v2\/media?parent=2478"}],"wp:term":[{"taxonomy":"product_brand","embeddable":true,"href":"https:\/\/www.shouyasanitary.com\/de\/wp-json\/wp\/v2\/product_brand?post=2478"},{"taxonomy":"product_cat","embeddable":true,"href":"https:\/\/www.shouyasanitary.com\/de\/wp-json\/wp\/v2\/product_cat?post=2478"},{"taxonomy":"product_tag","embeddable":true,"href":"https:\/\/www.shouyasanitary.com\/de\/wp-json\/wp\/v2\/product_tag?post=2478"}],"curies":[{"name":"wp","href":"https:\/\/api.w.org\/{rel}","templated":true}]}}