{"id":2510,"date":"2025-12-24T02:29:31","date_gmt":"2025-12-24T02:29:31","guid":{"rendered":"https:\/\/www.shouyasanitary.com\/?post_type=product&#038;p=2510"},"modified":"2025-12-24T02:29:38","modified_gmt":"2025-12-24T02:29:38","slug":"custom-floating-vanity-bathroom","status":"publish","type":"product","link":"https:\/\/www.shouyasanitary.com\/de\/produkt\/custom-floating-vanity-bathroom\/","title":{"rendered":"Custom Floating Vanity Badezimmer, schwarze Schr\u00e4nke Badezimmer mit Spiegel Curve Design in Bulk"},"content":{"rendered":"<div class=\"wp-block-columns is-layout-flex wp-container-core-columns-is-layout-9d6595d7 wp-block-columns-is-layout-flex\">\n<div class=\"wp-block-column is-layout-flow wp-block-column-is-layout-flow\">\n<h2 class=\"wp-block-heading\">Schwebende Eitelkeit Badezimmer Eigenschaften\uff1a<\/h2>\n\n\n\n<p><strong>Neuartiges Design:<\/strong> Der leichte, luxuri\u00f6se PVC-Badschrank im italienischen Stil zeichnet sich durch ein dunkelgraues Farbschema mit stromlinienf\u00f6rmigen Strukturen aus, kombiniert mit dem Licht- und Schattendesign der intelligenten LED-Spiegel, die Mode und Zweckm\u00e4\u00dfigkeit perfekt vereinen und so zur \u00e4sthetischen und funktionalen Verantwortung f\u00fcr den Badezimmerbereich werden.<\/p>\n\n\n\n<p><strong>Best\u00e4ndigkeit gegen Feuchtigkeit und Schimmel: <\/strong>PVC-Material ist von Natur aus wasserdicht und feuchtigkeitsbest\u00e4ndig, so dass es auch feuchten Umgebungen im Badezimmer standh\u00e4lt. Es verformt sich nicht leicht und schimmelt auch nicht nach l\u00e4ngerem Gebrauch. Im Vergleich zu Schr\u00e4nken aus Massivholz hat es eine l\u00e4ngere Lebensdauer in feuchten Umgebungen. Die t\u00e4gliche Pflege erfordert nur einfaches Abwischen, um es sauber zu halten.<\/p>\n\n\n\n<p><strong>Einfach zu installieren: <\/strong>Das PVC-Material hat ein geringeres Gewicht, was die Installation dieses H\u00e4ngeschranks im Badezimmer erleichtert. Gleichzeitig ist die Schrankstruktur stabil und hat eine ausgezeichnete Tragf\u00e4higkeit. <\/p>\n\n\n\n<p><strong>An der Wand montierte Struktur: <\/strong>Die Aufh\u00e4ngung spart nicht nur Platz, sondern verhindert auch, dass sich Feuchtigkeit auf dem Boden niederschl\u00e4gt, was die Reinigung des Badezimmers erleichtert.<\/p>\n\n\n\n<p><strong>Hohe Praktikabilit\u00e4t: <\/strong>Der PVC-Badschrank verf\u00fcgt \u00fcber mehrere Schubladenschichten zur Aufbewahrung, und darunter k\u00f6nnen intelligente Reinigungsger\u00e4te integriert werden, die ein Gleichgewicht zwischen \u00c4sthetik und t\u00e4glichen Aufbewahrungs- und Nutzungsanforderungen herstellen. Er ist die bevorzugte Wahl f\u00fcr helle Luxusb\u00e4der.<\/p>\n<\/div>\n\n\n\n<div class=\"wp-block-column is-layout-flow wp-block-column-is-layout-flow\"><div class=\"wp-block-image\">\n<figure class=\"aligncenter size-full\"><img decoding=\"async\" width=\"700\" height=\"700\" src=\"https:\/\/www.shouyasanitary.com\/wp-content\/uploads\/2025\/12\/custom-vanity-with-wash-basin-for-hotel-bathroom.webp\" alt=\"ma\u00dfgeschneiderter Waschtisch mit Waschbecken f\u00fcr ein Hotelbad\" class=\"wp-image-2511\" style=\"object-fit:cover\" srcset=\"https:\/\/www.shouyasanitary.com\/wp-content\/uploads\/2025\/12\/custom-vanity-with-wash-basin-for-hotel-bathroom.webp 700w, https:\/\/www.shouyasanitary.com\/wp-content\/uploads\/2025\/12\/custom-vanity-with-wash-basin-for-hotel-bathroom-300x300.webp 300w, https:\/\/www.shouyasanitary.com\/wp-content\/uploads\/2025\/12\/custom-vanity-with-wash-basin-for-hotel-bathroom-150x150.webp 150w, https:\/\/www.shouyasanitary.com\/wp-content\/uploads\/2025\/12\/custom-vanity-with-wash-basin-for-hotel-bathroom-12x12.webp 12w, https:\/\/www.shouyasanitary.com\/wp-content\/uploads\/2025\/12\/custom-vanity-with-wash-basin-for-hotel-bathroom-600x600.webp 600w, https:\/\/www.shouyasanitary.com\/wp-content\/uploads\/2025\/12\/custom-vanity-with-wash-basin-for-hotel-bathroom-100x100.webp 100w\" sizes=\"(max-width: 700px) 100vw, 700px\" \/><\/figure>\n<\/div><\/div>\n<\/div>","protected":false},"excerpt":{"rendered":"<p>Der ma\u00dfgefertigte, schwimmende Waschtisch bietet ein schlankes, italienisch inspiriertes Design in elegantem Dunkelgrau, das durch eine LED-Spiegelbeleuchtung erg\u00e4nzt wird. Er ist aus wasserfestem PVC gefertigt und bietet praktischen Stauraum und modernen Stil. Shouya Fabrik liefern. Kontaktieren Sie uns, um eine dauerhafte, platzsparende Badezimmerl\u00f6sung zu erhalten.<\/p>\n<h2>Schwebende Eitelkeit Badezimmer Attribute\uff1a<\/h2>\n<p><strong>Material des Geh\u00e4uses:<\/strong> PVC<br \/><strong>Farbe des Geh\u00e4uses: <\/strong>Schwarz<br \/><strong>Spiegel:<\/strong> LED-Spiegel (3,5 mm\/3,8 mm), dreifarbige Beleuchtung, One-Touch-Entfogging, gesichert mit mehrlagiger Schaumstoffverpackung<br \/><strong>Installationsart:<\/strong>\u00a0Wandbefestigung<br \/><strong>Abmessungen (L\u00d7B\u00d7H):<\/strong> 100*47*50 cm<br \/><strong>Bruttogewicht:<\/strong> 34kg\/Satz<\/p>\n<h2>Anpassung &amp; Dienstleistungen:<\/h2>\n<p><strong>OEM &amp; ODM<\/strong>: Unterst\u00fctzt<br \/><strong>Gestaltung<\/strong>: Frei<br \/><strong>Zubeh\u00f6r<\/strong>: Waschbecken, Spiegel, Armaturen und anderes Badzubeh\u00f6r<br \/><strong>Verpacken<\/strong>: Einbaufertig<\/p>","protected":false},"featured_media":2511,"comment_status":"closed","ping_status":"closed","template":"","meta":{"_acf_changed":false},"product_brand":[],"product_cat":[24],"product_tag":[],"class_list":{"0":"post-2510","1":"product","2":"type-product","3":"status-publish","4":"has-post-thumbnail","6":"product_cat-wholesale-pvc-bathroom-vanity-cabinets","8":"first","9":"instock","10":"shipping-taxable","11":"product-type-simple"},"acf":[],"_links":{"self":[{"href":"https:\/\/www.shouyasanitary.com\/de\/wp-json\/wp\/v2\/product\/2510","targetHints":{"allow":["GET"]}}],"collection":[{"href":"https:\/\/www.shouyasanitary.com\/de\/wp-json\/wp\/v2\/product"}],"about":[{"href":"https:\/\/www.shouyasanitary.com\/de\/wp-json\/wp\/v2\/types\/product"}],"replies":[{"embeddable":true,"href":"https:\/\/www.shouyasanitary.com\/de\/wp-json\/wp\/v2\/comments?post=2510"}],"wp:featuredmedia":[{"embeddable":true,"href":"https:\/\/www.shouyasanitary.com\/de\/wp-json\/wp\/v2\/media\/2511"}],"wp:attachment":[{"href":"https:\/\/www.shouyasanitary.com\/de\/wp-json\/wp\/v2\/media?parent=2510"}],"wp:term":[{"taxonomy":"product_brand","embeddable":true,"href":"https:\/\/www.shouyasanitary.com\/de\/wp-json\/wp\/v2\/product_brand?post=2510"},{"taxonomy":"product_cat","embeddable":true,"href":"https:\/\/www.shouyasanitary.com\/de\/wp-json\/wp\/v2\/product_cat?post=2510"},{"taxonomy":"product_tag","embeddable":true,"href":"https:\/\/www.shouyasanitary.com\/de\/wp-json\/wp\/v2\/product_tag?post=2510"}],"curies":[{"name":"wp","href":"https:\/\/api.w.org\/{rel}","templated":true}]}}